{"id":2035757,"date":"2025-03-05T15:29:45","date_gmt":"2025-03-05T13:29:45","guid":{"rendered":"https:\/\/romfilatelia.ro\/magazin\/?post_type=product&#038;p=2035757"},"modified":"2025-03-07T12:27:29","modified_gmt":"2025-03-07T10:27:29","slug":"magnolii","status":"publish","type":"product","link":"https:\/\/romfilatelia.ro\/magazin\/produs\/colectii-anuale\/2025\/magnolii\/","title":{"rendered":"MAGNOLII"},"content":{"rendered":"<p><a href=\"https:\/\/romfilatelia.ro\/magazin\/wp-content\/uploads\/2025\/03\/SITE_mc_Magnolii.jpg\"><img decoding=\"async\" loading=\"lazy\" class=\"wp-image-2035758 size-medium alignleft\" src=\"https:\/\/romfilatelia.ro\/magazin\/wp-content\/uploads\/2025\/03\/SITE_mc_Magnolii-228x300.jpg\" alt=\"\" width=\"228\" height=\"300\" srcset=\"https:\/\/romfilatelia.ro\/magazin\/wp-content\/uploads\/2025\/03\/SITE_mc_Magnolii-228x300.jpg 228w, https:\/\/romfilatelia.ro\/magazin\/wp-content\/uploads\/2025\/03\/SITE_mc_Magnolii-768x1009.jpg 768w, https:\/\/romfilatelia.ro\/magazin\/wp-content\/uploads\/2025\/03\/SITE_mc_Magnolii-500x657.jpg 500w, https:\/\/romfilatelia.ro\/magazin\/wp-content\/uploads\/2025\/03\/SITE_mc_Magnolii-64x84.jpg 64w, https:\/\/romfilatelia.ro\/magazin\/wp-content\/uploads\/2025\/03\/SITE_mc_Magnolii.jpg 1157w\" sizes=\"(max-width: 228px) 100vw, 228px\" \/><\/a>O interesant\u0103 emisiune, av\u00e2nd ca tematic\u0103 <em>Flora,<\/em> va fi introdus\u0103 \u00een circula\u021bie de <strong>Romfilatelia<\/strong> \u00een ziua de <em>joi, 06 martie a.c.<\/em> sub titulatura <strong><em>Magnolii<\/em><\/strong>, compus\u0103 din patru m\u0103rci po\u0219tale, un set de 4 c\u0103r\u021bi maxime pentru pasiona\u021bii de maximafilie, un bloc de 4 timbre inclus \u00eentr-un carnet filatelic \u0219i un plic \u201eprima zi\u201d.<\/p>\n<p>Magnoliile sunt specii care apar\u021bin familiei <strong>Magnoliaceae<\/strong>. Numele este dedicat botanistului francez Pierre Magnol, fost director al Gr\u0103dinii Botanice din Montpellier, care a avut contribu\u021bii importante \u00een clasificarea lor. Sunt plante, ale c\u0103ror flori au evoluat pentru a \u00eencuraja polenizarea de c\u0103tre coleoptere.<\/p>\n<p>M\u0103rcile po\u0219tale ale emisiunii reproduc imaginile speciilor: <em>Magnolia grandiflora<\/em> (marca po\u0219tal\u0103 cu valoarea nominal\u0103 de <strong>4 Lei<\/strong>), <em>Magnolia \u00d7 soulangeana<\/em> (marca po\u0219tal\u0103 cu valoarea nominal\u0103 de <strong>5 Lei<\/strong>), <em>Magnolia acuminata <\/em>(marca po\u0219tal\u0103 cu valoarea nominal\u0103 de <strong>9 Lei<\/strong>), <em>Magnolia liliiflora<\/em> (marca po\u0219tal\u0103 cu valoarea nominal\u0103 de <strong>25 Lei<\/strong>).<\/p>\n<p>Tulpinile ramificate ale magnoliei poart\u0103 flori mari, solitare, hermafrodite, av\u00e2nd un num\u0103r variabil de petale albe sau divers colorate. Fructele sunt de diferite tipuri (folicul\u0103, capsul\u0103, nucul\u0103, bac\u0103). S\u0103m\u00e2n\u021ba este dicotiledonat\u0103. Se \u00eenmul\u021be\u0219te prin semin\u021be \u0219i pe cale asexuat\u0103 (altoire, but\u0103\u0219ire), \u00een soluri fertile. Polenizarea este facilitat\u0103 \u0219i de insecte (albine, fluturi etc.).<\/p>\n<p>Magnoliile sunt arbori ornamentali cu flori, care \u00eenfrumuse\u021beaz\u0103 gr\u0103dinile \u0219i parcurile, \u00eemp\u0103r\u021bind emo\u021bie \u0219i optimism. Speciile genului Magnolia sunt originare din Asia, America Central\u0103 \u0219i de Nord. Acesta cuprinde aproximativ 200 de specii. Durata lor de via\u021b\u0103 poate acoperi un secol. \u00cen China \u0219i Japonia, florile de magnolii au unele semnifica\u021bii cum ar fi dragostea pentru natur\u0103 sau un simbol al for\u021bei vie\u021bii. Magnolia verde simbolizeaz\u0103 entuziasmul, bucuria, \u0219i norocul, magnolia de culoare mov transmite persoanei c\u0103reia i se ofer\u0103, \u00eencuraj\u0103ri \u0219i un g\u00e2nd bun de \u00eens\u0103n\u0103to\u0219ire. Magnolia este floarea oficial\u0103 a unor state cum ar fi Coreea de Nord sau Mississippi, arborele fiind numit \u0219i \u201eThe Magnolia State\u201d.<\/p>\n<p>\u00centre speciile r\u0103sp\u00e2ndite cel mai mult \u00eent\u00e2lnim:<\/p>\n<p><em>Magnolia grandiflora<\/em>, o specie care are mereu frunzele verzi. Are o cre\u0219tere lent\u0103. Florile, parfumate, au culoarea alb-crem. Este rezistent\u0103 la ger.<\/p>\n<p><em>Magnolia \u00d7 soulangeana<\/em>, cea mai cultivat\u0103, cre\u0219te p\u00e2n\u0103 la 5-7 metri, \u00eenflore\u0219te \u00een aprilie. Are flori mari cu un diamentru de p\u00e2n\u0103 la 10 cm. Se adapteaz\u0103 u\u0219or la orice climat.<\/p>\n<p><em>Magnolia acuminata<\/em> este o specie cunoscut\u0103 \u0219i sub denumirea de \u201earborele castravete\u201d, datorit\u0103 formei fructelor. Este foarte rezistent\u0103 la frig \u0219i se remarc\u0103 prin florile mari, cu aspect de cup\u0103.<\/p>\n<p><em>Magnolia liliiflora<\/em> este un arbust originar din China. \u00cenflore\u0219te prim\u0103vara devreme, \u00eenainte de deschiderea mugurilor foliari. Florile sunt mari, \u00een nuan\u021be roz-violete, mai \u00eenchise \u00een cazul soiului \u201eNigra\u201d, cu petale \u00eenguste \u0219i lungi ceea ce le ofer\u0103 o elegan\u021b\u0103 deosebit\u0103.<\/p>\n<p><em>Romfilatelia mul\u021bume\u0219te Dnei Prof. dr. Paulina Anastasiu, Directorul Gr\u0103dinii Botanice \u201eDimitrie Brandza\u201d a Universit\u0103\u021bii din Bucure\u0219ti pentru sprijinul documentar acordat la realizarea acestei emisiuni de m\u0103rci po\u0219tale.<\/em><\/p>\n<p><a href=\"https:\/\/romfilatelia.ro\/magazin\/wp-content\/uploads\/2025\/03\/caract_Magnolii.jpg\"><img decoding=\"async\" loading=\"lazy\" class=\"aligncenter size-full wp-image-2035759\" src=\"https:\/\/romfilatelia.ro\/magazin\/wp-content\/uploads\/2025\/03\/caract_Magnolii.jpg\" alt=\"\" width=\"1731\" height=\"1406\" srcset=\"https:\/\/romfilatelia.ro\/magazin\/wp-content\/uploads\/2025\/03\/caract_Magnolii.jpg 1731w, https:\/\/romfilatelia.ro\/magazin\/wp-content\/uploads\/2025\/03\/caract_Magnolii-300x244.jpg 300w, https:\/\/romfilatelia.ro\/magazin\/wp-content\/uploads\/2025\/03\/caract_Magnolii-768x624.jpg 768w, https:\/\/romfilatelia.ro\/magazin\/wp-content\/uploads\/2025\/03\/caract_Magnolii-1536x1248.jpg 1536w, https:\/\/romfilatelia.ro\/magazin\/wp-content\/uploads\/2025\/03\/caract_Magnolii-500x406.jpg 500w, https:\/\/romfilatelia.ro\/magazin\/wp-content\/uploads\/2025\/03\/caract_Magnolii-64x52.jpg 64w\" sizes=\"(max-width: 1731px) 100vw, 1731px\" \/><\/a><\/p>\n","protected":false},"excerpt":{"rendered":"<p>O interesant\u0103 emisiune, av\u00e2nd ca tematic\u0103 Flora, va fi introdus\u0103 \u00een circula\u021bie de Romfilatelia \u00een ziua de joi, 06 martie a.c. sub titulatura Magnolii, compus\u0103 din patru m\u0103rci po\u0219tale, un set de 4 c\u0103r\u021bi maxime pentru pasiona\u021bii de maximafilie, un bloc de 4 timbre inclus \u00eentr-un carnet filatelic \u0219i un plic \u201eprima zi\u201d. Magnoliile sunt&hellip;&nbsp;<a href=\"https:\/\/romfilatelia.ro\/magazin\/produs\/colectii-anuale\/2025\/magnolii\/\" class=\"\" rel=\"bookmark\">Cite\u0219te mai mult &raquo;<span class=\"screen-reader-text\">MAGNOLII<\/span><\/a><\/p>\n","protected":false},"featured_media":2035760,"template":"","meta":{"neve_meta_sidebar":"","neve_meta_container":"","neve_meta_enable_content_width":"off","neve_meta_content_width":100,"neve_meta_title_alignment":"","neve_meta_author_avatar":"","neve_post_elements_order":"","neve_meta_disable_header":"","neve_meta_disable_footer":"","neve_meta_disable_title":""},"product_cat":[340,6],"product_tag":[],"_links":{"self":[{"href":"https:\/\/romfilatelia.ro\/magazin\/wp-json\/wp\/v2\/product\/2035757"}],"collection":[{"href":"https:\/\/romfilatelia.ro\/magazin\/wp-json\/wp\/v2\/product"}],"about":[{"href":"https:\/\/romfilatelia.ro\/magazin\/wp-json\/wp\/v2\/types\/product"}],"wp:featuredmedia":[{"embeddable":true,"href":"https:\/\/romfilatelia.ro\/magazin\/wp-json\/wp\/v2\/media\/2035760"}],"wp:attachment":[{"href":"https:\/\/romfilatelia.ro\/magazin\/wp-json\/wp\/v2\/media?parent=2035757"}],"wp:term":[{"taxonomy":"product_cat","embeddable":true,"href":"https:\/\/romfilatelia.ro\/magazin\/wp-json\/wp\/v2\/product_cat?post=2035757"},{"taxonomy":"product_tag","embeddable":true,"href":"https:\/\/romfilatelia.ro\/magazin\/wp-json\/wp\/v2\/product_tag?post=2035757"}],"curies":[{"name":"wp","href":"https:\/\/api.w.org\/{rel}","templated":true}]}}