{"id":2035705,"date":"2025-02-20T11:16:43","date_gmt":"2025-02-20T09:16:43","guid":{"rendered":"https:\/\/romfilatelia.ro\/magazin\/?post_type=product&#038;p=2035705"},"modified":"2025-02-20T11:18:52","modified_gmt":"2025-02-20T09:18:52","slug":"michelangelo-buonarroti-550-de-ani-de-la-nastere","status":"publish","type":"product","link":"https:\/\/romfilatelia.ro\/magazin\/produs\/colectii-anuale\/2025\/michelangelo-buonarroti-550-de-ani-de-la-nastere\/","title":{"rendered":"Michelangelo Buonarroti, 550 de ani de la na\u0219tere"},"content":{"rendered":"<p><a href=\"https:\/\/romfilatelia.ro\/magazin\/wp-content\/uploads\/2025\/02\/site_colita_Michelangelo-Buonarroti-500-ani-nastere.jpg\"><img decoding=\"async\" loading=\"lazy\" class=\"wp-image-2035706 size-medium alignleft\" src=\"https:\/\/romfilatelia.ro\/magazin\/wp-content\/uploads\/2025\/02\/site_colita_Michelangelo-Buonarroti-500-ani-nastere-287x300.jpg\" alt=\"\" width=\"287\" height=\"300\" srcset=\"https:\/\/romfilatelia.ro\/magazin\/wp-content\/uploads\/2025\/02\/site_colita_Michelangelo-Buonarroti-500-ani-nastere-287x300.jpg 287w, https:\/\/romfilatelia.ro\/magazin\/wp-content\/uploads\/2025\/02\/site_colita_Michelangelo-Buonarroti-500-ani-nastere-768x802.jpg 768w, https:\/\/romfilatelia.ro\/magazin\/wp-content\/uploads\/2025\/02\/site_colita_Michelangelo-Buonarroti-500-ani-nastere-500x522.jpg 500w, https:\/\/romfilatelia.ro\/magazin\/wp-content\/uploads\/2025\/02\/site_colita_Michelangelo-Buonarroti-500-ani-nastere-64x67.jpg 64w, https:\/\/romfilatelia.ro\/magazin\/wp-content\/uploads\/2025\/02\/site_colita_Michelangelo-Buonarroti-500-ani-nastere.jpg 1142w\" sizes=\"(max-width: 287px) 100vw, 287px\" \/><\/a>Cu prilejul anivers\u0103rii unei mari personalit\u0103\u021bi a Rena\u0219terii Italiene, <strong>Romfilatelia<\/strong> introduce \u00een circula\u021bie <em>joi, 20 februarie a.c<\/em>. emisiunea filatelic\u0103 <strong><em>\u201eMichelangelo Buonarroti, 550 de ani de la na\u0219tere\u201d<\/em><\/strong> care are \u00een componen\u021ba sa o coli\u021b\u0103 filatelic\u0103 dantelat\u0103 \u0219i un plic \u201eprima zi\u201d.<\/p>\n<p>Al\u0103turi de Leonardo da Vinci, Michelangelo Buonarroti a fost una din personalit\u0103\u021bile remarcabile din cea mai \u00eenfloritoare perioad\u0103 a Rena\u0219terii Italiene. Genialitatea sa este reflectat\u0103 de opere de inestimabil\u0103 valoare din universul picturii, desenului \u0219i arhitecturii.<\/p>\n<p>S-a n\u0103scut la 6 martie 1475, fiind al doilea din cei cinci fii ai lui Lodovico di Buonarroti Simoni \u0219i ai Francesc\u0103i di Neri del Miniato Siena.<\/p>\n<p>La 13 ani, pasionat de pictur\u0103 devine ucenic al celui mai vestit atelier de pictur\u0103 din Floren\u021ba apar\u021bin\u00e2nd lui Domenico Ghirlandaio. Interesat \u0219i de operele sculptate, dup\u0103 un an \u00eencepe s\u0103 studieze arta \u201emodel\u0103rii\u201d pietrei av\u00e2nd drept modele statuile aflate \u00een gr\u0103dina lui Lorenzo de Medici, conduc\u0103torul politic al Floren\u021bei. Are ocazia s\u0103 cunoasc\u0103 arti\u0219ti de seam\u0103 care frecventau domeniul acestuia, care devenise un important centru al culturii umaniste.<\/p>\n<p>Dup\u0103 o \u0219edere de 3 ani, la familia de Medici, Floren\u021ba trece printr-o perioad\u0103 de instabilitate politic\u0103 \u0219i social\u0103, ceea ce \u00eel determin\u0103 pe Michelangelo s\u0103 se stabilizeze la Bologna, unde realizeaz\u0103 trei sculpturi pentru catedrala San Petronio.<\/p>\n<p>Dup\u0103 o perioad\u0103 petrecut\u0103 la Vene\u021bia, \u00een anul 1496 (avea 21 de ani), viitorul mare artist, ajunge la Roma unde sculpteaz\u0103 pentru Bazilica Sf\u00e2ntul Petru, celebra <em>Piet\u00e0<\/em>, a c\u0103rei prezentare \u00eei face pe contemporanii s\u0103i s\u0103 \u00eel considere ca un poten\u021bial geniu al artei. Sculptura care \u00eentruchipeaz\u0103 pe Fecioara Maria, \u021bin\u00e2nd \u00een bra\u021be trupul ne\u00eensufle\u021bit al lui Iisus, se afl\u0103 \u00een Bazilica Sf\u00e2ntul Petru din Vatican.<\/p>\n<p>\u00cen anul 1501, revenit la Floren\u021ba, Michelangelo realizeaz\u0103 din marmur\u0103 alb\u0103 de Carrara, sculptura personajului biblic <em>David<\/em>, \u00eenalt\u0103 de peste 4 m, reg\u0103sit\u0103 ast\u0103zi la Galleria dell\u2019Accademia din Floren\u021ba.<\/p>\n<p>\u00cen anul 1505, Papa Iulius al II-lea l-a chemat la Roma pentru realizarea unui mausoleu, iar \u00een 1508 i-a \u00eencredin\u021bat pictura plafonului Capelei Sixtine (capel\u0103 construit\u0103 \u00een vremea pontificatului papei Sixtus al IV-lea, de la care a \u00eemprumutat numele). Timp de 4 ani, lucr\u00e2nd singur, a realizat o lucrare magnific\u0103 pe o suprafa\u021b\u0103 de circa 500 de metri p\u0103tra\u021bi. Eforturile depuse i-au \u0219ubrezit s\u0103n\u0103tatea. O perioad\u0103, artistul se va dedica sculpturii.<\/p>\n<p>\u00cen timpul papei Paul al III-lea, \u00een anul 1535, Michelangelo este solicitat s\u0103 picteze peretele estic al Capelei Sixtine, abord\u00e2nd ca tem\u0103 \u201eJudecata de Apoi\u201d, acoperind o suprafa\u021b\u0103 cu 17 m l\u0103\u021bime \u0219i 13 m \u00een\u0103l\u021bime \u0219i a c\u0103rei realizare s-a \u00eencheiat \u00een anul 1541, dup\u0103 cinci ani de munc\u0103.<\/p>\n<p>Din statuile sale monumentale, realizate pentru Floren\u021ba sau la solicitarea suveranilor Vaticanului, enumer\u0103m c\u00e2teva crea\u021bii care provoac\u0103 \u0219i ast\u0103zi uimire \u0219i \u00eenalt\u0103 apreciere: <em>Piet\u00e0<\/em> (Vatican), <em>David<\/em> (Floren\u021ba), <em>Morm\u00e2ntul familiei de Medici<\/em> (Floren\u021ba), <em>Statuia lui Moise<\/em> (Biserica San Pietro in Vincoli din Roma), <em>Bacchus<\/em> (Floren\u021ba), <em>Madonna<\/em> (Bruges, Belgia).<\/p>\n<p>Michelangelo Buonarroti a murit la Roma la 18 februarie 1564 (89 ani) \u0219i este \u00eenmorm\u00e2ntat \u00eentr-o cript\u0103 a bisericii <em>Santa Croce<\/em> din Floren\u021ba.<\/p>\n<p>Crezul care a c\u0103l\u0103uzit via\u021ba artistului este definit chiar de g\u00e2ndurile lui: \u201eVia\u021ba este darul lui Dumnezeu pentru noi. Modul \u00een care o tr\u0103im este darul pe care noi \u00eel facem lui Dumnezeu\u201d.<\/p>\n<p>Coli\u021ba filatelic\u0103 dantelat\u0103 reproduce dou\u0103 gravuri ale renumitului artist Octavian Ion Penda: Michelangelo, portret al m\u0103rcii po\u0219tale cu valoarea de <strong>30 Lei<\/strong> \u0219i sculptura Piet\u00e0, al\u0103turat\u0103 m\u0103rcii po\u0219tale.<\/p>\n<p>Plicul \u201eprima zi\u201d, realizat ca o valoroas\u0103 pies\u0103 de colec\u021bie, are aplicat\u0103 perechea marc\u0103 po\u0219tal\u0103-viniet\u0103 din coli\u021ba filatelic\u0103. \u0218tampila \u201eprima zi\u201d \u0219i desenul-detaliu al plicului \u201eprima zi\u201d se asociaz\u0103 \u00eentr-un ansamblu grafic care define\u0219te valoarea universal\u0103 a unui artist, maestru al sculpturii, picturii \u0219i arhitecturii.<\/p>\n<p><a href=\"https:\/\/www.romfilatelia.ro\/wp-content\/uploads\/2025\/02\/caract_Michelangelor-Buonarroti-550-ani.jpg\"><img decoding=\"async\" loading=\"lazy\" class=\"size-full wp-image-2047849 aligncenter\" src=\"https:\/\/www.romfilatelia.ro\/wp-content\/uploads\/2025\/02\/caract_Michelangelor-Buonarroti-550-ani.jpg\" alt=\"\" width=\"1681\" height=\"966\" \/><\/a><\/p>\n<p>&nbsp;<\/p>\n","protected":false},"excerpt":{"rendered":"<p>Cu prilejul anivers\u0103rii unei mari personalit\u0103\u021bi a Rena\u0219terii Italiene, Romfilatelia introduce \u00een circula\u021bie joi, 20 februarie a.c. emisiunea filatelic\u0103 \u201eMichelangelo Buonarroti, 550 de ani de la na\u0219tere\u201d care are \u00een componen\u021ba sa o coli\u021b\u0103 filatelic\u0103 dantelat\u0103 \u0219i un plic \u201eprima zi\u201d. Al\u0103turi de Leonardo da Vinci, Michelangelo Buonarroti a fost una din personalit\u0103\u021bile remarcabile din&hellip;&nbsp;<a href=\"https:\/\/romfilatelia.ro\/magazin\/produs\/colectii-anuale\/2025\/michelangelo-buonarroti-550-de-ani-de-la-nastere\/\" class=\"\" rel=\"bookmark\">Cite\u0219te mai mult &raquo;<span class=\"screen-reader-text\">Michelangelo Buonarroti, 550 de ani de la na\u0219tere<\/span><\/a><\/p>\n","protected":false},"featured_media":2035706,"template":"","meta":{"neve_meta_sidebar":"","neve_meta_container":"","neve_meta_enable_content_width":"off","neve_meta_content_width":100,"neve_meta_title_alignment":"","neve_meta_author_avatar":"","neve_post_elements_order":"","neve_meta_disable_header":"","neve_meta_disable_footer":"","neve_meta_disable_title":""},"product_cat":[340,6],"product_tag":[],"_links":{"self":[{"href":"https:\/\/romfilatelia.ro\/magazin\/wp-json\/wp\/v2\/product\/2035705"}],"collection":[{"href":"https:\/\/romfilatelia.ro\/magazin\/wp-json\/wp\/v2\/product"}],"about":[{"href":"https:\/\/romfilatelia.ro\/magazin\/wp-json\/wp\/v2\/types\/product"}],"wp:featuredmedia":[{"embeddable":true,"href":"https:\/\/romfilatelia.ro\/magazin\/wp-json\/wp\/v2\/media\/2035706"}],"wp:attachment":[{"href":"https:\/\/romfilatelia.ro\/magazin\/wp-json\/wp\/v2\/media?parent=2035705"}],"wp:term":[{"taxonomy":"product_cat","embeddable":true,"href":"https:\/\/romfilatelia.ro\/magazin\/wp-json\/wp\/v2\/product_cat?post=2035705"},{"taxonomy":"product_tag","embeddable":true,"href":"https:\/\/romfilatelia.ro\/magazin\/wp-json\/wp\/v2\/product_tag?post=2035705"}],"curies":[{"name":"wp","href":"https:\/\/api.w.org\/{rel}","templated":true}]}}