{"id":2035654,"date":"2025-02-11T15:12:18","date_gmt":"2025-02-11T13:12:18","guid":{"rendered":"https:\/\/romfilatelia.ro\/magazin\/?post_type=product&#038;p=2035654"},"modified":"2025-02-14T10:52:11","modified_gmt":"2025-02-14T08:52:11","slug":"muzeul-national-peles-vitralii","status":"publish","type":"product","link":"https:\/\/romfilatelia.ro\/magazin\/produs\/colectii-anuale\/2025\/muzeul-national-peles-vitralii\/","title":{"rendered":"Muzeul Na\u021bional Pele\u0219, Vitralii"},"content":{"rendered":"<p><strong><a href=\"https:\/\/www.romfilatelia.ro\/wp-content\/uploads\/2025\/02\/SITE_mc_VITRALII_PELES-1.jpg\"><img decoding=\"async\" loading=\"lazy\" class=\"wp-image-2047801 alignleft\" src=\"https:\/\/www.romfilatelia.ro\/wp-content\/uploads\/2025\/02\/SITE_mc_VITRALII_PELES-1.jpg\" alt=\"\" width=\"275\" height=\"329\" \/><\/a>Romfilatelia<\/strong> introduce \u00een circula\u021bie <em>miercuri, 12 februarie a.c.<\/em> o nou\u0103 emisiune filatelic\u0103 sub titlul <strong><em>Muzeul Na\u021bional Pele\u0219, Vitralii<\/em><\/strong>, \u00een care sunt prezentate crea\u021bii artistice dintr-o colec\u021bie valoroas\u0103 de vitralii, patrimoniu al Castelului Pele\u0219. Emisiunea este compus\u0103 din patru m\u0103rci po\u0219tale \u0219i un plic \u201eprima zi\u201d.<\/p>\n<p>Colec\u021bia de vitralii a Castelului Pele\u0219 se prezint\u0103 practic ca un unicat \u00een Rom\u00e2nia \u0219i \u00een sud-estul Europei. Comandate de regele Carol I la atelierele Zettler din M\u00fcnchen, vitraliile au fost realizate \u00eentr-o prim\u0103 etap\u0103, \u00eentre 1881 \u0219i 1882. \u00cen concep\u021bia artistic\u0103 a vitraliilor sunt incluse steaguri, scuturi, \u00eensemne heraldice, steme ale unor ora\u0219e germane, portrete ale unor personalit\u0103\u021bi apar\u021bin\u00e2nd familiei regale, turnire, scene de v\u00e2n\u0103toare etc.<\/p>\n<p>Subiectele religioase \u00ee\u0219i g\u0103sesc \u0219i ele un loc al lor, cu compozi\u021bii care prezint\u0103 pe Sf. Gheorghe, Sf. Arhanghel Mihail, Sf. Nicolae, Adam \u0219i Eva. Sunt \u00eent\u00e2lnite de asemenea, compozi\u021bii care redau scene din basme europene ca <em>Alb\u0103 ca z\u0103pada, Frumoasa M\u00e9lusinne,<\/em> \u00een cabinetul de lucru al Reginei Elisabeta, la care se mai adaug\u0103 scene ale basmelor rom\u00e2ne\u0219ti <em>Ana Doamna, \u00cen\u0219ir-te m\u0103rg\u0103rite, Cioc\u00e2rlia<\/em>, ale lui Alecsandri, reg\u0103site \u00een Sala veche de muzic\u0103. Ultimele vitralii sunt realizate pentru decorarea S\u0103lii noi de audien\u021be a Castelului, amenajat\u0103 \u00eentre anii 1911 \u0219i 1914.<\/p>\n<p>O nou\u0103 comand\u0103 pentru vitralii, realizate \u00een concept modern, a fost \u00eencredin\u021bat\u0103 de regele Carol I lui August Zw\u00f6lfer din Viena. Prin intermediul filialei din Bucure\u0219ti, acesta a realizat \u00een intervalul 1887-1890 vitraliile Salonului maur, cu arabescuri, iar \u00eentre 1900 \u0219i 1910 a continuat cu vitraliile specifice stilului Art Nouveau, \u00eentre care se reg\u0103sesc cele destinate apartamentului Marelui Voievod Mihai \u0219i Camerei de Aur a Reginei Maria.<\/p>\n<p>Tehnicile de execu\u021bie ale perioadei, p\u0103str\u00e2nd tradi\u021bia producerii sticlei \u0219i a folosirii culorilor, preluate din arta secolului al XVI-lea sunt completate benefic cu noile descoperiri din domeniul fabric\u0103rii sticlei \u0219i chimiei culorilor.<\/p>\n<p>Aplicate \u0219i temeinic tratate termic, culorile au r\u0103mas vii \u0219i str\u0103lucitoare, dup\u0103 mai bine de un secol \u0219i jum\u0103tate de la realizarea operelor.<\/p>\n<p>Merit\u0103 men\u021bionat faptul c\u0103 Franz Xaver Zettler a ini\u021biat elaborarea unui catalog care include toate lucr\u0103rile realizate \u00een tehnica vitraliilor, p\u00e2n\u0103 la anul 1883. Litografiile reproduse se constituie ca o expozi\u021bie original\u0103 a imaginilor \u0219i subiectelor vitraliilor.<\/p>\n<p>M\u0103rcile po\u0219tale reproduc imaginile care au ca subiect ilustrarea unor scene din basmul <em>Alb\u0103 ca z\u0103pada<\/em> (timbrele cu valorile nominale de <strong>4 Lei<\/strong> \u0219i <strong>6 Lei<\/strong>), a unui ceremonial de nunt\u0103, <em>Cortegiu nup\u021bial<\/em> (timbrul cu valoarea nominal\u0103 de <strong>5 Lei<\/strong>) \u0219i a arhitecturii de ansamblu a Castelului Hohenzollern apa\u021bin\u00e2nd familiei Regelui Carol I (timbrul cu valoarea nominal\u0103 de <strong>14 Lei<\/strong>).<\/p>\n<p>Grafica plicului \u201eprima zi\u201d reproduce o scen\u0103 interesant\u0103 a domeniului comercial sub o denumire bine g\u00e2ndit\u0103: <em>Negustorul de bijuterii<\/em>.<\/p>\n<p><em>Romfilatelia mul\u021bume\u0219te domnului director Narcis-Dorin Ion \u0219i echipei de documentare a Muzeului Na\u021bional Pele\u0219 pentru sprijinul oferit la realizarea acestei emisiuni de m\u0103rci po\u0219tale.<\/em><\/p>\n<p><a href=\"https:\/\/www.romfilatelia.ro\/wp-content\/uploads\/2025\/02\/Untitled.jpg\"><img decoding=\"async\" loading=\"lazy\" class=\"size-full wp-image-2047669 aligncenter\" src=\"https:\/\/www.romfilatelia.ro\/wp-content\/uploads\/2025\/02\/Untitled.jpg\" alt=\"\" width=\"1439\" height=\"894\" \/><\/a><\/p>\n","protected":false},"excerpt":{"rendered":"<p>Romfilatelia introduce \u00een circula\u021bie miercuri, 12 februarie a.c. o nou\u0103 emisiune filatelic\u0103 sub titlul Muzeul Na\u021bional Pele\u0219, Vitralii, \u00een care sunt prezentate crea\u021bii artistice dintr-o colec\u021bie valoroas\u0103 de vitralii, patrimoniu al Castelului Pele\u0219. Emisiunea este compus\u0103 din patru m\u0103rci po\u0219tale \u0219i un plic \u201eprima zi\u201d. Colec\u021bia de vitralii a Castelului Pele\u0219 se prezint\u0103 practic ca&hellip;&nbsp;<a href=\"https:\/\/romfilatelia.ro\/magazin\/produs\/colectii-anuale\/2025\/muzeul-national-peles-vitralii\/\" class=\"\" rel=\"bookmark\">Cite\u0219te mai mult &raquo;<span class=\"screen-reader-text\">Muzeul Na\u021bional Pele\u0219, Vitralii<\/span><\/a><\/p>\n","protected":false},"featured_media":2035655,"template":"","meta":{"neve_meta_sidebar":"","neve_meta_container":"","neve_meta_enable_content_width":"off","neve_meta_content_width":100,"neve_meta_title_alignment":"","neve_meta_author_avatar":"","neve_post_elements_order":"","neve_meta_disable_header":"","neve_meta_disable_footer":"","neve_meta_disable_title":""},"product_cat":[340,6],"product_tag":[],"_links":{"self":[{"href":"https:\/\/romfilatelia.ro\/magazin\/wp-json\/wp\/v2\/product\/2035654"}],"collection":[{"href":"https:\/\/romfilatelia.ro\/magazin\/wp-json\/wp\/v2\/product"}],"about":[{"href":"https:\/\/romfilatelia.ro\/magazin\/wp-json\/wp\/v2\/types\/product"}],"wp:featuredmedia":[{"embeddable":true,"href":"https:\/\/romfilatelia.ro\/magazin\/wp-json\/wp\/v2\/media\/2035655"}],"wp:attachment":[{"href":"https:\/\/romfilatelia.ro\/magazin\/wp-json\/wp\/v2\/media?parent=2035654"}],"wp:term":[{"taxonomy":"product_cat","embeddable":true,"href":"https:\/\/romfilatelia.ro\/magazin\/wp-json\/wp\/v2\/product_cat?post=2035654"},{"taxonomy":"product_tag","embeddable":true,"href":"https:\/\/romfilatelia.ro\/magazin\/wp-json\/wp\/v2\/product_tag?post=2035654"}],"curies":[{"name":"wp","href":"https:\/\/api.w.org\/{rel}","templated":true}]}}