{"id":2035566,"date":"2025-02-03T16:06:46","date_gmt":"2025-02-03T14:06:46","guid":{"rendered":"https:\/\/romfilatelia.ro\/magazin\/?post_type=product&#038;p=2035566"},"modified":"2025-02-03T16:15:05","modified_gmt":"2025-02-03T14:15:05","slug":"anul-centenar-al-patriarhiei-romane","status":"publish","type":"product","link":"https:\/\/romfilatelia.ro\/magazin\/produs\/colectii-anuale\/2025\/anul-centenar-al-patriarhiei-romane\/","title":{"rendered":"Anul Centenar al Patriarhiei Rom\u00e2ne"},"content":{"rendered":"<p><a href=\"https:\/\/romfilatelia.ro\/magazin\/wp-content\/uploads\/2025\/02\/SITE_mc_Centenar-Patriarhia-Romana.jpg\"><img decoding=\"async\" loading=\"lazy\" class=\"wp-image-2035567 size-medium alignleft\" src=\"https:\/\/romfilatelia.ro\/magazin\/wp-content\/uploads\/2025\/02\/SITE_mc_Centenar-Patriarhia-Romana-201x300.jpg\" alt=\"\" width=\"201\" height=\"300\" srcset=\"https:\/\/romfilatelia.ro\/magazin\/wp-content\/uploads\/2025\/02\/SITE_mc_Centenar-Patriarhia-Romana-201x300.jpg 201w, https:\/\/romfilatelia.ro\/magazin\/wp-content\/uploads\/2025\/02\/SITE_mc_Centenar-Patriarhia-Romana-768x1149.jpg 768w, https:\/\/romfilatelia.ro\/magazin\/wp-content\/uploads\/2025\/02\/SITE_mc_Centenar-Patriarhia-Romana-1027x1536.jpg 1027w, https:\/\/romfilatelia.ro\/magazin\/wp-content\/uploads\/2025\/02\/SITE_mc_Centenar-Patriarhia-Romana-500x748.jpg 500w, https:\/\/romfilatelia.ro\/magazin\/wp-content\/uploads\/2025\/02\/SITE_mc_Centenar-Patriarhia-Romana-64x96.jpg 64w, https:\/\/romfilatelia.ro\/magazin\/wp-content\/uploads\/2025\/02\/SITE_mc_Centenar-Patriarhia-Romana.jpg 1158w\" sizes=\"(max-width: 201px) 100vw, 201px\" \/><\/a><strong>Romfilatelia<\/strong> introduce \u00een circula\u021bie <em>mar\u021bi, 4 februarie a.c.<\/em> o emisiune aniversar\u0103 dedicat\u0103 unui eveniment de importan\u021b\u0103 major\u0103 al istoriei Bisericii Ortodoxe Rom\u00e2ne: ridicarea Bisericii Ortodoxe Rom\u00e2ne la rang de Patriarhie. Sub denumirea <strong><em>Anul Centenar al Patriarhiei Rom\u00e2ne<\/em><\/strong>, emisiunea are \u00een componen\u021ba sa o marc\u0103 po\u0219tal\u0103, o coli\u021b\u0103 dantelat\u0103, un plic \u201eprima zi\u201d \u0219i o map\u0103 filatelic\u0103 special\u0103 cu produs special \u00een tiraj limitat.<\/p>\n<p>\u00centre evenimentele \u00eenscrise \u00een programul aniversar dedicat Centenarului se reg\u0103sesc proclamarea canoniz\u0103rii mai multor sfin\u021bi rom\u00e2ni contemporani \u0219i sfin\u021birea mare a Catedralei Na\u021bionale.<\/p>\n<p>Anul 2025 marcheaz\u0103 dou\u0103 momente deosebite din via\u021ba Bisericii Ortodoxe Rom\u00e2ne: 100 de ani de la ridicarea sa la rangul de Patriarhie (4 februarie 1925) \u0219i 140 de ani de la recunoa\u0219terea Autocefaliei sale (25 aprilie 1885).<\/p>\n<p>\u00cen vederea promov\u0103rii Centenarului, Patriarhia Rom\u00e2n\u0103 a stabilit un Logo Aniversar cu o identitate vizual\u0103 special\u0103 a evenimentului istoric, cu o simbolistic\u0103 deosebit\u0103. Logoul, prezentat \u0219i ca <em>Sigiliul Centenar<\/em>, este semnul principal al identit\u0103\u021bii Centenarului Patriarhiei Rom\u00e2ne. Antetul Centenar \u0219i Crucea Patriarhal\u0103 Centenar\u0103 completeaz\u0103 identitatea vizual\u0103 a evenimentului.<\/p>\n<p>Icoana \u201eSoborul Sfin\u021bilor Rom\u00e2ni\u201d este icoana Anului omagial \u0219i a Anului comemorativ 2025. Sfin\u021bii canoniza\u021bi, \u00een num\u0103r de 16, sunt mari duhovnici \u0219i preo\u021bi m\u0103rturisitori din secolul al XX-lea.<\/p>\n<p>Este vorba de: Sf\u00e2ntul Cuvios M\u0103rturisitor Sofian de la Antim, Sf\u00e2ntul Preot M\u0103rturisitor Dumitru St\u0103niloae, Sf\u00e2ntul Preot Mucenic Constantin S\u00e2rbu, Sf\u00e2ntul Cuvios M\u0103rturisitor Arsenie de la Prislop, Sf\u00e2ntul Preot M\u0103rturisitor Ilie L\u0103c\u0103tu\u0219u, Sf\u00e2ntul Cuvios Paisie de la Sih\u0103stria, Sf\u00e2ntul Cuvios Cleopa de la Sih\u0103stria, Sf\u00e2ntul Cuvios Dometie cel Milostiv de la R\u00e2me\u021b, Sf\u00e2ntul Cuvios Serafim cel R\u0103bd\u0103tor de la S\u00e2mb\u0103ta de Sus, Sf\u00e2ntul Preot Mucenic Liviu Galaction de la Cluj, Sf\u00e2ntul Cuvios Mucenic Gherasim de la Tismana, Sf\u00e2ntul Cuvios Mucenic Visarion de la Lainici, Sf\u00e2ntul Cuvios Calistrat de la Timi\u0219eni \u0219i Vasiova, Sf\u00e2ntul Preot Mucenic Ilarion Felea, Sf\u00e2ntul Cuvios Iraclie din Basarabia, Sf\u00e2ntul Preot Mucenic Alexandru din Basarabia.<\/p>\n<p>Importan\u021ba momentului aniversar este astfel prezentat\u0103 de Preafericitul P\u0103rinte Daniel: \u201eAceast\u0103 aniversare nu este doar o celebrare a trecutului, ci \u0219i o chemare la recuno\u0219tin\u0163\u0103 fa\u0163\u0103 de \u00eenainta\u0219ii no\u0219tri \u0219i o reflec\u0163ie asupra rolului Bisericii noastre \u00een via\u0163a poporului rom\u00e2n. Patriarhia Rom\u00e2n\u0103 a fost, de-a lungul celor 100 de ani de existen\u0163\u0103, o f\u0103clie nestins\u0103 a credin\u0163ei \u0219i a unit\u0103\u0163ii na\u0163ionale, iar duhovnicii \u0219i m\u0103rturisitorii ortodoc\u0219i rom\u00e2ni din secolul al XX-lea au fost adev\u0103ra\u0163i ap\u0103r\u0103tori ai credin\u0163ei ortodoxe \u00een fa\u0163a \u00eencerc\u0103rilor \u0219i prigoanelor\u201d&#8230; Patriarhia Rom\u00e2n\u0103 a luat na\u0219tere la 4 februarie 1925, \u00eentr-un context istoric marcat de Marea Unire din anul 1918, care a adunat \u00eentr-un singur Stat unitar toate provinciile istorice rom\u00e2ne\u0219ti. Unitatea na\u021bional\u0103 realizat\u0103 prin Marea Unire din 1918 cerea, \u00een mod firesc, o reorganizare a Bisericii Ortodoxe Rom\u00e2ne, pentru a reflecta noua realitate politic\u0103 \u0219i teritorial\u0103 a Rom\u00e2niei Mari.<\/p>\n<p>Marca po\u0219tal\u0103 a emisiunii cu valoarea nominal\u0103 de <strong>25 Lei <\/strong>reproduce un portret aflat \u00een patrimoniul Patriarhiei Rom\u00e2ne, care \u00eel prezint\u0103 pe Mitropolitul-primat Nifon Rusail\u0103 aflat la c\u00e2rma Bisericii Ortodoxe Rom\u00e2ne \u00eencep\u00e2nd din anul 1865, apar\u021bin\u00e2nd unei perioade de intens\u0103 str\u0103danie a Bisericii pentru ob\u021binerea Autocefaliei.<\/p>\n<p>Coli\u021ba filatelic\u0103 reproduce \u00een imaginea m\u0103rcii po\u0219tale (valoarea nominal\u0103 de <strong>25 Lei<\/strong>) portretul primului Patriarh al Rom\u00e2niei Miron Cristea (aflat ca \u00eent\u00e2i st\u0103t\u0103tor \u00eentre anii 1925-1939).<\/p>\n<p>Simbolurile Anului Centenar, fa\u021bada Catedralei Patriarhale la care se adaug\u0103 6 medalioane-portret ale tuturor patriarhilor rom\u00e2ni din 1925 p\u00e2n\u0103 \u00een prezent \u00eentregesc grafica de ansamblu a produsului filatelic.<\/p>\n<p>Plicul \u201eprima zi\u201d red\u0103, al\u0103turi de imaginea Icoanei Anului Omagial, sigiliul simbol al Anului Centenar al Patriarhiei Rom\u00e2ne \u0219i o vedere par\u021bial\u0103 a fa\u021badei Catedralei Patriarhale.<\/p>\n<p><em>Romfilatelia mul\u021bume\u0219te Preafericitului P\u0103rinte Patriarh Daniel pentru \u00cenalta Rezolu\u021bie \u0219i binecuv\u00e2ntare, precum \u0219i domnului R\u0103zvan Clipici, Consilier patriarhal \u0219i Director al Sectorului Cultur\u0103, Pictur\u0103 \u0219i Restaurare al Administra\u021biei Patriarhale, pentru sprijinul documentar acordat la realizarea acestei emisiuni de m\u0103rci po\u0219tale. <\/em><\/p>\n<p><strong><em>Mapa filatelic\u0103 special\u0103 <\/em><\/strong><em>este realizat\u0103 \u00een tiraj limitat de <strong>185 <\/strong>exemplare \u0219i este echipat\u0103 cu blocul special de 2 timbre nedantelate al emisiunii, numerotat de la <strong>001<\/strong> la <strong>185 <\/strong>\u0219i o carte po\u0219tal\u0103. <\/em><\/p>\n<p><a href=\"https:\/\/www.romfilatelia.ro\/wp-content\/uploads\/2025\/02\/caract_Anul-Centenar-al-Patriarhiei-Romane.jpg\"><img decoding=\"async\" loading=\"lazy\" class=\"size-full wp-image-2047656 aligncenter\" src=\"https:\/\/www.romfilatelia.ro\/wp-content\/uploads\/2025\/02\/caract_Anul-Centenar-al-Patriarhiei-Romane.jpg\" alt=\"\" width=\"1717\" height=\"1819\" \/><\/a><\/p>\n","protected":false},"excerpt":{"rendered":"<p>Romfilatelia introduce \u00een circula\u021bie mar\u021bi, 4 februarie a.c. o emisiune aniversar\u0103 dedicat\u0103 unui eveniment de importan\u021b\u0103 major\u0103 al istoriei Bisericii Ortodoxe Rom\u00e2ne: ridicarea Bisericii Ortodoxe Rom\u00e2ne la rang de Patriarhie. Sub denumirea Anul Centenar al Patriarhiei Rom\u00e2ne, emisiunea are \u00een componen\u021ba sa o marc\u0103 po\u0219tal\u0103, o coli\u021b\u0103 dantelat\u0103, un plic \u201eprima zi\u201d \u0219i o map\u0103&hellip;&nbsp;<a href=\"https:\/\/romfilatelia.ro\/magazin\/produs\/colectii-anuale\/2025\/anul-centenar-al-patriarhiei-romane\/\" class=\"\" rel=\"bookmark\">Cite\u0219te mai mult &raquo;<span class=\"screen-reader-text\">Anul Centenar al Patriarhiei Rom\u00e2ne<\/span><\/a><\/p>\n","protected":false},"featured_media":2035568,"template":"","meta":{"neve_meta_sidebar":"","neve_meta_container":"","neve_meta_enable_content_width":"off","neve_meta_content_width":100,"neve_meta_title_alignment":"","neve_meta_author_avatar":"","neve_post_elements_order":"","neve_meta_disable_header":"","neve_meta_disable_footer":"","neve_meta_disable_title":""},"product_cat":[340,6],"product_tag":[],"_links":{"self":[{"href":"https:\/\/romfilatelia.ro\/magazin\/wp-json\/wp\/v2\/product\/2035566"}],"collection":[{"href":"https:\/\/romfilatelia.ro\/magazin\/wp-json\/wp\/v2\/product"}],"about":[{"href":"https:\/\/romfilatelia.ro\/magazin\/wp-json\/wp\/v2\/types\/product"}],"wp:featuredmedia":[{"embeddable":true,"href":"https:\/\/romfilatelia.ro\/magazin\/wp-json\/wp\/v2\/media\/2035568"}],"wp:attachment":[{"href":"https:\/\/romfilatelia.ro\/magazin\/wp-json\/wp\/v2\/media?parent=2035566"}],"wp:term":[{"taxonomy":"product_cat","embeddable":true,"href":"https:\/\/romfilatelia.ro\/magazin\/wp-json\/wp\/v2\/product_cat?post=2035566"},{"taxonomy":"product_tag","embeddable":true,"href":"https:\/\/romfilatelia.ro\/magazin\/wp-json\/wp\/v2\/product_tag?post=2035566"}],"curies":[{"name":"wp","href":"https:\/\/api.w.org\/{rel}","templated":true}]}}