{"id":2035496,"date":"2025-01-21T13:10:27","date_gmt":"2025-01-21T11:10:27","guid":{"rendered":"https:\/\/romfilatelia.ro\/magazin\/?post_type=product&#038;p=2035496"},"modified":"2025-01-21T13:10:27","modified_gmt":"2025-01-21T11:10:27","slug":"anul-sarpelui-de-lemn","status":"publish","type":"product","link":"https:\/\/romfilatelia.ro\/magazin\/produs\/colectii-anuale\/2025\/anul-sarpelui-de-lemn\/","title":{"rendered":"Anul \u0218arpelui de Lemn"},"content":{"rendered":"<p><strong><a href=\"https:\/\/www.romfilatelia.ro\/wp-content\/uploads\/2025\/01\/SITE_mc__Anul-Sarpelui-de-lemn.jpg\"><img decoding=\"async\" loading=\"lazy\" class=\"alignleft wp-image-2047532\" src=\"https:\/\/www.romfilatelia.ro\/wp-content\/uploads\/2025\/01\/SITE_mc__Anul-Sarpelui-de-lemn.jpg\" alt=\"\" width=\"600\" height=\"700\" \/><\/a>Romfilatelia<\/strong> introduce \u00een circula\u021bie <em>miercuri, 22 ianuarie 2025<\/em>, o emisiune dedicat\u0103 Zodiacului \u0219i Anului Nou chinezesc sub denumirea generic\u0103: <strong><em>Anul \u0218arpelui de Lemn<\/em><\/strong>, compus\u0103 din o marc\u0103 po\u0219tal\u0103, un plic \u201eprima zi\u201d \u0219i o carte po\u0219tal\u0103 maxim\u0103 pentru pasiona\u021bii de maximafilie.<\/p>\n<p>Utilizat, \u00eencep\u00e2nd cu mai bine de trei mii de ani \u00een urm\u0103, Zodiacul Chinezesc devanseaz\u0103 astrologia european\u0103. Conceptul acestui sistem zodiacal a devenit un cocept redutabil fa\u021b\u0103 de cel al occidentului, privitor la definirea caracterului oamenilor. Spre deosebire de astrologie, ale c\u0103rei predic\u021bii au la baz\u0103 pozi\u021bia Soarelui, a stelelor \u0219i a planetelor, calendarul chinezesc bazat pe fazele lunii, \u00eenscrie \u00een fiecare an al unui ciclu de 12 ani, denumirea unui animal. Se accept\u0103 ideea c\u0103 fiecare dintre cele 12 animale are capacitatea de a \u00eenzestra cu anumite calit\u0103\u021bi persoana n\u0103scut\u0103 \u00een zodia respectiv\u0103.<\/p>\n<p>Anul 2025 este asociat \u201e\u0218arpelui de Lemn\u201d, Noul An chinezesc debut\u00e2nd cu 29 ianuarie \u0219i \u00eencheindu-se pe 16 februarie 2026. De remarcat c\u0103 elementul \u201elemn\u201d este asociat cu flexibilitatea \u0219i \u00eennoirea. Aflat la jum\u0103tatea Zodiacului Chinezesc, (al \u0219aselea semn din zodiac), \u0219arpele este evaluat ca manifestare a inteligen\u021bei, misterului \u0219i introspectivei. El este, nu numai un simbol al rena\u0219terii \u0219i \u00eennoirii, ci \u0219i c\u0103ut\u0103tor de noi \u00eenceputuri \u0219i noi drumuri, l\u0103s\u00e2nd \u00een urm\u0103 trecutul.<\/p>\n<p>\u0218arpele, care este un animal fascinant datorit\u0103 caracteristicii sale manifestate de schimbarea pielii, sugeraz\u0103 \u00een mod simbolic abilitatea de a se regenera \u0219i transforma, nativii acestui semn zodiacal av\u00e2nd o capacitate extraordinar\u0103 de rezisten\u021b\u0103, adaptabilitate \u0219i capacitate de a se reinventa \u0219i transforma de-a lungul vie\u021bii. \u00cen folclorul \u0219i tradi\u021bia mitologic\u0103, este perceput ca o manifestare a \u00een\u021belepciunii, a cunoa\u0219terii profunde \u0219i a for\u021bei subtile. Nativii zodiei \u0218arpele de Lemn sunt cei care au ca an de na\u0219tere: 1917, 1929, 1941, 1953, 1965, 1977, 1989, 2001, 2013 \u0219i bine\u00een\u021beles nativii anului 2025.<\/p>\n<p>Noul An Chinezesc care debuteaz\u0103 cu prima zi odat\u0103 cu \u0218arpele de Lemn, denumit \u0219i Anul \u0218arpelui Verde, av\u00e2nd ca principal\u0103 atrac\u021bie Festivalul Lampioanelor Colorate, reprezint\u0103 un eveniment de mare importan\u021b\u0103 \u0219i emo\u021bie. Ferestrele \u0219i u\u0219ile caselor decorate cu elemente stilizate din h\u00e2rtie ro\u0219ie, afi\u0219eaz\u0103 texte ce apar\u021bin tematicilor populare cum ar fi: <em>fericire, bog\u0103\u021bie<\/em> sau <em>via\u021b\u0103 lung\u0103<\/em>. Cina, servit\u0103 \u00een ajunul Anului Nou, include, de obicei, carne de porc, ra\u021b\u0103 sau pui \u0219i desert dulce. Seara se \u00eencheie cu focuri de artificii.<\/p>\n<p>Astrologii Zodiacului Chinezesc fac, pentru nativii \u0218arpelui, c\u00e2teva predic\u021bii: numere norocoase: 2,8,9 sau combina\u021bii, culori norocoase: negru, ro\u0219u, galben, flori norocoase: orhidee \u0219i cactu\u0219i.<\/p>\n<p>\u00centre 29 ianuarie 2025 \u0219i 16 februarie 2026 comform predic\u021biilor, to\u021bi oamenii vor \u00eemprumuta din \u00een\u021belepciunea \u0218arpelui de Lemn \u0219i se vor axa pe dezvoltarea personal\u0103. Este un an al cre\u0219terii, al evolu\u021biei \u0219i al rezolu\u021biilor majore.<\/p>\n<p>Trebuie s\u0103 \u021binem seama \u00eens\u0103 \u0219i de faptul c\u0103, de\u0219i \u0218arpele afi\u0219eaz\u0103 \u00een\u021belepciune, inteligen\u021b\u0103, creativitate \u0219i intui\u021bie, fiind asociat cu norocul, prosperitatea \u0219i rena\u0219terea, poate s\u0103 prezine \u0219i o latur\u0103 \u00eentunecat\u0103 care s\u0103 dezv\u0103luie \u00een\u0219el\u0103ciune, gelozie \u0219i ispite.<\/p>\n<p>\u00cencheind, optimist, prezentarea, s\u0103 avem \u00een vedere esen\u021ba predic\u021biilor: de\u0219i pot fi prin\u0219i \u00een mijlocul unor schimb\u0103ri neprev\u0103zute, nativii \u0218arpelui vor reu\u0219i s\u0103 \u00eenainteze \u00een\u021belept, dep\u0103\u0219ind situa\u021bii nedorite, flexibilitatea lor \u0219i abilit\u0103\u021bile de negociere, reu\u0219ind s\u0103-i ajute s\u0103-\u0219i consolideze pozi\u021bia.<\/p>\n<p>Marca po\u0219tal\u0103 cu valoarea nominal\u0103 de <strong>20 lei<\/strong>, prezint\u0103, \u00eentr-o grafic\u0103, anume g\u00e2ndit\u0103, un \u0219arpe contur\u00e2nd cifrele care indic\u0103 anul 2025, \u00eentr-o nuan\u021b\u0103 verde (justificat\u0103 de denumirea \u0218arpele Verde). Ramurile lemnoase ascund \u00een compozi\u021bie un m\u0103r, aluzie la faptul c\u0103 \u00een conceptul cre\u0219tin, \u0219arpele este \u0219i un element al r\u0103ului (cel care a ispitit-o pe Eva s\u0103 m\u0103n\u00e2nce fructul din pomul interzis).<\/p>\n<p>Grafica plicului \u201eprima zi\u201d prezint\u0103 imagistic simbolul zodiei \u0218arpelui de lemn, asociind trunchiul unui copac \u00eempodobit cu verdele frunzelor pe care este \u00eencol\u0103cit un \u0219arpe cu \u021bes\u0103tura solzilor care etaleaz\u0103 modele diverse, reg\u0103site la costumele populare sau la \u021bes\u0103turi folosite pentru elemente de decor casnic.<\/p>\n<p><a href=\"https:\/\/www.romfilatelia.ro\/wp-content\/uploads\/2025\/01\/caract_Anul-Sarpelui-de-lemn.jpg\"><img decoding=\"async\" loading=\"lazy\" class=\"size-full wp-image-2047533 aligncenter\" src=\"https:\/\/www.romfilatelia.ro\/wp-content\/uploads\/2025\/01\/caract_Anul-Sarpelui-de-lemn.jpg\" alt=\"\" width=\"1702\" height=\"1074\" \/><\/a><\/p>\n","protected":false},"excerpt":{"rendered":"<p>Romfilatelia introduce \u00een circula\u021bie miercuri, 22 ianuarie 2025, o emisiune dedicat\u0103 Zodiacului \u0219i Anului Nou chinezesc sub denumirea generic\u0103: Anul \u0218arpelui de Lemn, compus\u0103 din o marc\u0103 po\u0219tal\u0103, un plic \u201eprima zi\u201d \u0219i o carte po\u0219tal\u0103 maxim\u0103 pentru pasiona\u021bii de maximafilie. Utilizat, \u00eencep\u00e2nd cu mai bine de trei mii de ani \u00een urm\u0103, Zodiacul Chinezesc&hellip;&nbsp;<a href=\"https:\/\/romfilatelia.ro\/magazin\/produs\/colectii-anuale\/2025\/anul-sarpelui-de-lemn\/\" class=\"\" rel=\"bookmark\">Cite\u0219te mai mult &raquo;<span class=\"screen-reader-text\">Anul \u0218arpelui de Lemn<\/span><\/a><\/p>\n","protected":false},"featured_media":2035497,"template":"","meta":{"neve_meta_sidebar":"","neve_meta_container":"","neve_meta_enable_content_width":"off","neve_meta_content_width":100,"neve_meta_title_alignment":"","neve_meta_author_avatar":"","neve_post_elements_order":"","neve_meta_disable_header":"","neve_meta_disable_footer":"","neve_meta_disable_title":""},"product_cat":[340,6],"product_tag":[],"_links":{"self":[{"href":"https:\/\/romfilatelia.ro\/magazin\/wp-json\/wp\/v2\/product\/2035496"}],"collection":[{"href":"https:\/\/romfilatelia.ro\/magazin\/wp-json\/wp\/v2\/product"}],"about":[{"href":"https:\/\/romfilatelia.ro\/magazin\/wp-json\/wp\/v2\/types\/product"}],"wp:featuredmedia":[{"embeddable":true,"href":"https:\/\/romfilatelia.ro\/magazin\/wp-json\/wp\/v2\/media\/2035497"}],"wp:attachment":[{"href":"https:\/\/romfilatelia.ro\/magazin\/wp-json\/wp\/v2\/media?parent=2035496"}],"wp:term":[{"taxonomy":"product_cat","embeddable":true,"href":"https:\/\/romfilatelia.ro\/magazin\/wp-json\/wp\/v2\/product_cat?post=2035496"},{"taxonomy":"product_tag","embeddable":true,"href":"https:\/\/romfilatelia.ro\/magazin\/wp-json\/wp\/v2\/product_tag?post=2035496"}],"curies":[{"name":"wp","href":"https:\/\/api.w.org\/{rel}","templated":true}]}}