{"id":2035437,"date":"2025-01-14T12:50:30","date_gmt":"2025-01-14T10:50:30","guid":{"rendered":"https:\/\/romfilatelia.ro\/magazin\/?post_type=product&#038;p=2035437"},"modified":"2025-01-28T11:42:49","modified_gmt":"2025-01-28T09:42:49","slug":"set-minicoala-de-5-timbre-1-vinieta-mii-luceafarul-poeziei-romanesti-mihai-eminescu","status":"publish","type":"product","link":"https:\/\/romfilatelia.ro\/magazin\/produs\/set-minicoli\/set-minicoala-de-5-timbre-1-vinieta-mii-luceafarul-poeziei-romanesti-mihai-eminescu\/","title":{"rendered":"Set minicoal\u0103 de 5 timbre + 1 viniet\u0103 MII Luceaf\u0103rul poeziei rom\u00e2ne\u0219ti, Mihai Eminescu"},"content":{"rendered":"","protected":false},"excerpt":{"rendered":"","protected":false},"featured_media":2035439,"template":"","meta":{"neve_meta_sidebar":"","neve_meta_container":"","neve_meta_enable_content_width":"off","neve_meta_content_width":100,"neve_meta_title_alignment":"","neve_meta_author_avatar":"","neve_post_elements_order":"","neve_meta_disable_header":"","neve_meta_disable_footer":"","neve_meta_disable_title":""},"product_cat":[18],"product_tag":[],"_links":{"self":[{"href":"https:\/\/romfilatelia.ro\/magazin\/wp-json\/wp\/v2\/product\/2035437"}],"collection":[{"href":"https:\/\/romfilatelia.ro\/magazin\/wp-json\/wp\/v2\/product"}],"about":[{"href":"https:\/\/romfilatelia.ro\/magazin\/wp-json\/wp\/v2\/types\/product"}],"wp:featuredmedia":[{"embeddable":true,"href":"https:\/\/romfilatelia.ro\/magazin\/wp-json\/wp\/v2\/media\/2035439"}],"wp:attachment":[{"href":"https:\/\/romfilatelia.ro\/magazin\/wp-json\/wp\/v2\/media?parent=2035437"}],"wp:term":[{"taxonomy":"product_cat","embeddable":true,"href":"https:\/\/romfilatelia.ro\/magazin\/wp-json\/wp\/v2\/product_cat?post=2035437"},{"taxonomy":"product_tag","embeddable":true,"href":"https:\/\/romfilatelia.ro\/magazin\/wp-json\/wp\/v2\/product_tag?post=2035437"}],"curies":[{"name":"wp","href":"https:\/\/api.w.org\/{rel}","templated":true}]}}