{"id":2035431,"date":"2025-01-14T12:55:30","date_gmt":"2025-01-14T10:55:30","guid":{"rendered":"https:\/\/romfilatelia.ro\/magazin\/?post_type=product&#038;p=2035431"},"modified":"2025-01-14T12:55:30","modified_gmt":"2025-01-14T10:55:30","slug":"luceafarul-poeziei-romanesti-mihai-eminescu","status":"publish","type":"product","link":"https:\/\/romfilatelia.ro\/magazin\/produs\/colectii-anuale\/2025\/luceafarul-poeziei-romanesti-mihai-eminescu\/","title":{"rendered":"Luceaf\u0103rul poeziei rom\u00e2ne\u0219ti, Mihai Eminescu"},"content":{"rendered":"<p><strong><a href=\"https:\/\/www.romfilatelia.ro\/wp-content\/uploads\/2025\/01\/SITE_mc_Luceafarul-poezioei-romanesti.jpg\"><img decoding=\"async\" loading=\"lazy\" class=\"alignleft wp-image-2047485\" src=\"https:\/\/www.romfilatelia.ro\/wp-content\/uploads\/2025\/01\/SITE_mc_Luceafarul-poezioei-romanesti.jpg\" alt=\"\" width=\"600\" height=\"355\" \/><\/a>Romfilatelia<\/strong> introduce \u00een circula\u021bie, <em>miercuri, 15 ianuarie a.c.<\/em> o emisiune filatelic\u0103 dedicat\u0103 anivers\u0103rii a 175 de ani de la na\u0219terea lui Mihai Eminescu, sub titulatura<strong><em> Luceaf\u0103rul poeziei rom\u00e2ne\u0219ti, Mihai Eminescu<\/em><\/strong>. Emisiunea are \u00een componen\u021ba sa o marc\u0103 po\u0219tal\u0103, o coli\u021b\u0103 dantelat\u0103, dou\u0103 minicoli, un plic \u201eprima zi\u201d precum \u0219i o map\u0103 filatelic\u0103 cu produs special \u00een tiraj limitat.<\/p>\n<p>Ziua de na\u0219tere a celui mai mare poet na\u021bional,15 ianuarie 1850, a devenit de un deceniu \u0219i jum\u0103tate, <em>Ziua culturii na\u021bionale<\/em>, instituit\u0103 cu scopul de a promova <em>cultura, arta \u0219i efortul academic. <\/em><\/p>\n<p>Poet, prozator, dramaturg \u0219i jurnalist, Mihai Eminescu este socotit de critica literar\u0103 postum\u0103, \u201epoetul nepereche\u201d, a c\u0103rui oper\u0103 \u00eenvinge timpul. Prin scrierile lui Eminescu, limba rom\u00e2n\u0103 literar\u0103 a atins apogeul.<\/p>\n<p>Opera lui Eminescu este o sintez\u0103 istoric\u0103 de tradi\u021bie popular\u0103 cu elemente ale tr\u0103irii poporului rom\u00e2n \u0219i ale culturii na\u021bionale. Universul de idei \u0219i sentimente \u00eenalte ale crea\u021biei eminesciene \u00eembog\u0103\u021be\u0219te \u0219i ast\u0103zi g\u00e2ndirea \u0219i sim\u021birea noastr\u0103.<\/p>\n<p>Pomenindu-l pe marele \u0219i neasemuitul poet, Constantin Noica scria: \u201ePrin Eminescu \u0219i mo\u0219tenirea miraculos r\u0103mas\u0103 de la el, ni s-a f\u0103cut un dar de care n-au avut parte alte culturi, fie \u0219i cele mari. La scara culturii noastre, func\u021bia lui Eminescu poate fi mai vie dec\u00e2t cea a lui Shakespeare \u00een Anglia, sau a lui Goethe \u00een Germania, c\u0103ci el nu e un simplu poet, nici un suflet nenorocit, ci o con\u0219tiin\u021b\u0103 de cultur\u0103 complet\u0103, de la deschiderea c\u0103tre matematici, pe care abia le cuno\u0219tea, p\u00e2n\u0103 la aceea c\u0103tre istorie\u201d.<\/p>\n<p>Mihai Eminescu este cel dint\u00e2i rom\u00e2n s\u0103rb\u0103torit pe plan mondial, odat\u0103 cu intrarea \u00een mileniul trei, c\u00e2nd zeci de comunit\u0103\u021bi \u0219i admiratori au elaborat \u00een comun o oper\u0103 \u00een zece volume cu o valoare de excep\u021bie: CORPUS EMINESCU. Poetul se dovede\u0219te a fi un mit na\u021bional, un geniu absolut, cel mai de seam\u0103 reprezentant al culturii rom\u00e2nilor. Se cuvine s\u0103 amintim titlurile celor zece volume<em>: Pururi t\u00e2n\u0103r. Dedica\u021bii Lirice; \u00cenf\u0103\u0219urat \u00een manta-mi&#8230; Memorialistic\u0103. M<\/em><em>\u0103<\/em><em>rturiile Contemporanilor; Steaua singur\u0103t\u0103\u021bii. Efigii \u0219i secven\u021be literare; Propriul vis&#8230; Prefe\u021be definitorii; Pe mine mie red\u0103-m\u0103. Contribu\u021bii istorico-literare p\u00e2n\u0103 la 1939; Pe mine mie red\u0103-m\u0103. Contribu\u021bii istorico-literare \u00eentre anii 1940-1999; Focul meu. Imaginea poetului \u00een arte; M\u0103 topesc \u00een fl\u0103c\u0103ri. Dialoguri cu eminescologi din lume; Peste nem\u0103rginirea timpului. Propagarea operei \u00een 64 de limbi \u0219i literaturi; Eminescu &#8211; Pas\u0103rea Phoenix. Capodopere \u0219i texte fundamentale. <\/em><\/p>\n<p>Academicianul Mihai Cimpoi, din cadrul\u00a0 Academiei de \u015etiin\u0163e a Moldovei \u0219i membru de onoare din str\u0103in\u0103tate al Academiei Rom\u00e2ne,\u00a0 a spus: \u201eEminescu lucreaz\u0103 spornic \u0219i \u00eentru fiin\u021ba noastr\u0103 na\u021bional\u0103, opera sa fiind Biblia zilnic lucr\u0103toare, a rom\u00e2nilor, de la Nistru p\u00e2n\u0103 la Tisa \u0219i \u00een alt\u0103 lume\u201d.<\/p>\n<p>Boala \u0219i moartea sa prematur\u0103 au \u00eentrerupt ascenden\u021ba unui talent care abia se preg\u0103tea s\u0103-\u0219i fac\u0103 sim\u021bit\u0103 prezen\u021ba maturit\u0103\u021bii crea\u021biei sale \u0219i care avea poten\u021bialul de a deveni cu adev\u0103rat un poet de talie mondial\u0103.<\/p>\n<p>Filatelia rom\u00e2neasc\u0103 l-a omagiat pe Eminescu \u00een numeroase emisiuni, \u00eencep\u00e2nd cu anul 1939 c\u00e2nd au fost introduse \u00een circula\u021bie cele dou\u0103 m\u0103rci po\u0219tale ale emisiunii comemorative, intitulat\u0103 <strong>50 de ani de la moartea lui Eminescu<\/strong>.<\/p>\n<p>Marca po\u0219tal\u0103 a emisiunii prezente (valoarea nominal\u0103 <strong>14 Lei<\/strong>) ilustreaz\u0103 un portret al poetului asociat cu un facsimil al versurilor apar\u021bin\u00e2nd manuscrisului poeziei <em>Rug\u0103ciunea unui dac<\/em>, iar coli\u021ba filatelic\u0103 red\u0103 \u00een imaginea m\u0103rcii po\u0219tale (valoarea nominal\u0103 <strong>30 Lei<\/strong>), un portret reprodus dup\u0103 o gravur\u0103 a marelui artist Ion Octavian Penda, \u00eencadrat de o grafic\u0103 compozi\u021bional\u0103 \u00een care se reg\u0103sesc simbolurile poetului \u0219i poeziei (pana \u0219i c\u0103limara) \u0219i un portret al Raluc\u0103i Eminovici, mama poetului.<\/p>\n<p>Plicul \u201eprima zi\u201d ilustreaz\u0103 al\u0103turi, de primul portret, cunoscut, al lui Eminescu, o imagine de epoc\u0103 a bisericii Uspenia din Boto\u0219ani, unde nou-n\u0103scutul Mihai a primit Taina Sf\u00e2ntului Botez \u0219i unde s-a scris actul care astest\u0103 ziua de 15 ianuarie 1850 ca dat\u0103 a na<em>\u0219<\/em>terii. Compozi\u021bia este \u00eentregit\u0103 de portretele al\u0103turate ale lui Gheorghe \u0219i Raluca Eminovici, p\u0103rin\u021bii poetului.<\/p>\n<p><em>Romfilatelia mul\u021bume\u0219te conducerii Muzeului Memorialul Ipote\u0219ti, Centrul Na\u021bional de Studii \u201eMihai Eminescu\u201d \u0219i Bibliotecii Academiei Rom\u00e2ne pentru sprijinul documentar acordat la realizarea acestei emisiuni de m\u0103rci po\u0219tale. <\/em><\/p>\n<p><a href=\"https:\/\/www.romfilatelia.ro\/wp-content\/uploads\/2025\/01\/Untitled.png\"><img decoding=\"async\" loading=\"lazy\" class=\"size-full wp-image-2047486 aligncenter\" src=\"https:\/\/www.romfilatelia.ro\/wp-content\/uploads\/2025\/01\/Untitled.png\" alt=\"\" width=\"1297\" height=\"894\" \/><\/a><\/p>\n","protected":false},"excerpt":{"rendered":"<p>Romfilatelia introduce \u00een circula\u021bie, miercuri, 15 ianuarie a.c. o emisiune filatelic\u0103 dedicat\u0103 anivers\u0103rii a 175 de ani de la na\u0219terea lui Mihai Eminescu, sub titulatura Luceaf\u0103rul poeziei rom\u00e2ne\u0219ti, Mihai Eminescu. Emisiunea are \u00een componen\u021ba sa o marc\u0103 po\u0219tal\u0103, o coli\u021b\u0103 dantelat\u0103, dou\u0103 minicoli, un plic \u201eprima zi\u201d precum \u0219i o map\u0103 filatelic\u0103 cu produs special&hellip;&nbsp;<a href=\"https:\/\/romfilatelia.ro\/magazin\/produs\/colectii-anuale\/2025\/luceafarul-poeziei-romanesti-mihai-eminescu\/\" class=\"\" rel=\"bookmark\">Cite\u0219te mai mult &raquo;<span class=\"screen-reader-text\">Luceaf\u0103rul poeziei rom\u00e2ne\u0219ti, Mihai Eminescu<\/span><\/a><\/p>\n","protected":false},"featured_media":2035433,"template":"","meta":{"neve_meta_sidebar":"","neve_meta_container":"","neve_meta_enable_content_width":"off","neve_meta_content_width":100,"neve_meta_title_alignment":"","neve_meta_author_avatar":"","neve_post_elements_order":"","neve_meta_disable_header":"","neve_meta_disable_footer":"","neve_meta_disable_title":""},"product_cat":[340,6],"product_tag":[],"_links":{"self":[{"href":"https:\/\/romfilatelia.ro\/magazin\/wp-json\/wp\/v2\/product\/2035431"}],"collection":[{"href":"https:\/\/romfilatelia.ro\/magazin\/wp-json\/wp\/v2\/product"}],"about":[{"href":"https:\/\/romfilatelia.ro\/magazin\/wp-json\/wp\/v2\/types\/product"}],"wp:featuredmedia":[{"embeddable":true,"href":"https:\/\/romfilatelia.ro\/magazin\/wp-json\/wp\/v2\/media\/2035433"}],"wp:attachment":[{"href":"https:\/\/romfilatelia.ro\/magazin\/wp-json\/wp\/v2\/media?parent=2035431"}],"wp:term":[{"taxonomy":"product_cat","embeddable":true,"href":"https:\/\/romfilatelia.ro\/magazin\/wp-json\/wp\/v2\/product_cat?post=2035431"},{"taxonomy":"product_tag","embeddable":true,"href":"https:\/\/romfilatelia.ro\/magazin\/wp-json\/wp\/v2\/product_tag?post=2035431"}],"curies":[{"name":"wp","href":"https:\/\/api.w.org\/{rel}","templated":true}]}}