{"id":2035349,"date":"2024-12-12T15:50:55","date_gmt":"2024-12-12T13:50:55","guid":{"rendered":"https:\/\/romfilatelia.ro\/magazin\/?post_type=product&#038;p=2035349"},"modified":"2024-12-12T16:01:35","modified_gmt":"2024-12-12T14:01:35","slug":"fauna-celesta-constelatii","status":"publish","type":"product","link":"https:\/\/romfilatelia.ro\/magazin\/produs\/colectii-anuale\/2024\/fauna-celesta-constelatii\/","title":{"rendered":"FAUN\u0102 CELEST\u0102. CONSTELA\u021aII"},"content":{"rendered":"<p><a href=\"https:\/\/romfilatelia.ro\/magazin\/wp-content\/uploads\/2024\/12\/SITE_Bloc_Fauna-celesta.jpg\"><img decoding=\"async\" loading=\"lazy\" class=\"wp-image-2035350 size-medium alignleft\" src=\"https:\/\/romfilatelia.ro\/magazin\/wp-content\/uploads\/2024\/12\/SITE_Bloc_Fauna-celesta-264x300.jpg\" alt=\"\" width=\"264\" height=\"300\" srcset=\"https:\/\/romfilatelia.ro\/magazin\/wp-content\/uploads\/2024\/12\/SITE_Bloc_Fauna-celesta-264x300.jpg 264w, https:\/\/romfilatelia.ro\/magazin\/wp-content\/uploads\/2024\/12\/SITE_Bloc_Fauna-celesta-500x568.jpg 500w, https:\/\/romfilatelia.ro\/magazin\/wp-content\/uploads\/2024\/12\/SITE_Bloc_Fauna-celesta-64x73.jpg 64w, https:\/\/romfilatelia.ro\/magazin\/wp-content\/uploads\/2024\/12\/SITE_Bloc_Fauna-celesta.jpg 693w\" sizes=\"(max-width: 264px) 100vw, 264px\" \/><\/a><strong>\u201eUn timbru \u0219i un petic de cer deasupra ta\u201d<\/strong><\/p>\n<p><strong>Romfilatelia<\/strong> adaug\u0103 la tematicile filatelice de colec\u021bie o nou\u0103 emisiune intitulat\u0103 <strong><em>FAUN\u0102 CELEST\u0102. CONSTELA\u021aII<\/em><\/strong> <em>\u2013<\/em> \u00een care astronomia \u0219i imaginile m\u0103rcilor po\u0219tale se \u00eent\u00e2lnesc pentru a ilustra leg\u0103tura profund\u0103 dintre cer \u0219i p\u0103m\u00e2nt. Proiectul exploreaz\u0103 intersec\u021bia dintre astronomie, mitologie \u0219i ciclurile naturale, prin intermediul a patru m\u0103rci po\u0219tale, a unui bloc filatelic de patru timbre dantelate \u0219i a unui plic \u201eprima zi\u201d, care prezint\u0103 o parte din constela\u021bii cu denumiri de animale emblematice. Emisiunea va fi introdus\u0103 \u00een circula\u021bie <em>joi, 12 decembrie 2024<\/em>.<\/p>\n<p>O constela\u021bie este una dintre cele 88 de zone \u00een care este \u00eemp\u0103r\u021bit\u0103 bolta cereasc\u0103, fiind o grupare aparent\u0103 de stele, care, unite printr-o linie imaginar\u0103, se aseam\u0103n\u0103 cu un anumit obiect, animal sau personaj mitologic. Pentru majoritatea constela\u021biilor vizibile din emisfera nordic\u0103 a P\u0103m\u00e2ntului, denumirile exist\u0103 deja din Antichitate. Pentru cele din emisfera sudic\u0103, denumirile provin de la navigatori \u0219i astronomi din epoca marilor descoperiri geografice, \u0219i de aceea, aceste constela\u021bii poart\u0103 denumiri tehnice. \u00cen astronomia modern\u0103, constela\u021bia este o anumit\u0103 por\u021biune din sfera cereasc\u0103 precis delimitat\u0103, \u00een jurul figurii imaginare ini\u021biale, astfel \u00eenc\u00e2t fiecare obiect ceresc fix (chiar invizibil ochiului omenesc) poate fi atribuit unei constela\u021bii.<\/p>\n<p><strong>CONSTELA\u021aIA LEU <\/strong><em>(Leo)<\/em>, ilustrat\u0103 pe timbrul cu valoarea nominal\u0103 de <strong>5 lei<\/strong>, este una dintre remarcabilele constela\u021bii ale emisferei nordice, fiind vizibil\u0103 pe cerul nop\u021bilor de iarn\u0103 \u0219i de prim\u0103var\u0103. \u00cen mitologia greac\u0103, el reprezint\u0103 leul din Nemeea, ucis de Hercule \u00een prima sa munc\u0103 eroic\u0103. Steaua sa principal\u0103, Regulus, marcheaz\u0103 \u201einima\u201d Leului, fiind o parte important\u0103 a acestei constela\u021bii str\u0103lucitoare. Nativii zodiei sunt creativi \u0219i au un sim\u021b puternic al m\u00e2ndriei personale \u0219i infatuare.<\/p>\n<p><strong>CONSTELA\u021aIA BERBEC <\/strong><em>(Aries)<\/em> este redat\u0103 pe timbrul cu valoarea nominal\u0103 de <strong>6 lei<\/strong>. \u00cen antichitate, echinoc\u021biul de prim\u0103var\u0103 se afla \u00een Berbec, motiv pentru care aceast\u0103 constela\u021bie semnific\u0103 rena\u0219terea naturii \u0219i echilibru. \u00cen mitologia greac\u0103, aceast\u0103 constela\u021bie reprezenta berbecul a c\u0103rui L\u00e2n\u0103 de Aur a inspirat povestea faimoasei expedi\u021bii a argonau\u021bilor condu\u0219i de Iason, \u00een Colchida. Steaua Hamal situat\u0103 la 66 de ani lumin\u0103 distan\u021b\u0103, este cea mai str\u0103lucitoare din constela\u021bie. Berbecul este asociat cu energia, \u00eencrederea \u0219i independen\u021ba la care se adaug\u0103 uneori manifest\u0103ri de domina\u021bie.<\/p>\n<p><strong>CONSTELA\u021aIA TAUR <\/strong><em>(Taurus)<\/em>, reprezentat\u0103 pe timbrul cu valoarea nominal\u0103 de <strong>10 lei<\/strong>, vizibil\u0103 \u00een nop\u021bile de toamn\u0103 \u0219i de iarn\u0103 este remarcat\u0103 prin Hiade, un roi de stele dispuse \u00een form\u0103 de \u201eV\u201d \u0219i steaua Aldebaran, un gigant portocaliu aflat la 65 de ani-lumin\u0103. Deasupra Hiadelor se afl\u0103 Pleiadele, un roi stelar t\u00e2n\u0103r, ale c\u0103rui stele albastre str\u0103lucesc intens. \u00cen mitologie, Taurul este asociat cu transformarea lui Zeus \u0219i cu simboluri de fertilitate \u0219i abunden\u021b\u0103. Nativii zodiei prezint\u0103 uneori al\u0103turi de manifest\u0103ri sociale normale, comoditatea, preocuparea pentru lux \u0219i spirit posesiv.<\/p>\n<p><strong>CONSTELA\u021aIA CAPRICORN <\/strong><em>(Capricornus)<\/em> este redat\u0103 pe timbrul cu valoarea nominal\u0103 de <strong>13 lei<\/strong>. Constela\u021bia Capricornul, denumit\u0103 \u0219i Capra de Ap\u0103, are forma unei p\u0103l\u0103rii de mod\u0103 veche cu susul \u00een jos, fiind vizibil\u0103 pe cerul sudic. \u00cen\u00a0epoca bronzului, solsti\u021biul de iarn\u0103 a avut loc \u00een aceast\u0103 constela\u021bie, dar datorit\u0103 precesiei echinoc\u021biilor, solsti\u021biul de iarn\u0103 are loc acum \u00een constela\u021bia\u00a0S\u0103get\u0103tor. Constela\u021bia include numeroase stele mai pu\u021bin str\u0103lucitoare \u0219i o stea dubl\u0103. \u00cen Rom\u00e2nia constela\u021bia este vizibil\u0103 \u0219i are denumirea popular\u0103 de Cornul Caprei. Nativii sunt cunoscu\u021bi pentru devotamentul \u0219i loialitatea lor.<\/p>\n<p><strong>CONSTELA\u021aIA LEB\u0102DA <\/strong><em>(Cygnus)<\/em> este ilustrat\u0103 \u00een grafica plicului \u201eprima zi\u201d. Leb\u0103da str\u0103luce\u0219te \u00een planul C\u0103ii Lactee, domin\u00e2nd cerul de var\u0103 \u0219i toamn\u0103 cu asterismul s\u0103u distinctiv, Crucea Nordului. Asociat\u0103 cu pove\u0219ti mitologice despre Zeus \u0219i Orfeu, constela\u021bia simbolizeaz\u0103 elegan\u021ba \u0219i misterul cerului nocturn. Str\u0103b\u0103tut\u0103 de Calea Lactee, Leb\u0103da include stele remarcabile \u0219i alte corpuri cere\u0219ti fascinante.<\/p>\n<p>Constela\u021biile au o relevan\u021b\u0103, astronomic\u0103 oferind un cadru de referin\u021b\u0103 pentru monitorizarea mi\u0219c\u0103rilor stelelor, Lunii \u0219i planetelor, fiind necesare pentru identificarea stelelor utilizate \u00een naviga\u021bie \u0219i orientare, la care se adaug\u0103 cea cultural\u0103 reprezent\u00e2nd un simbol al conexiunii dintre cosmos \u0219i existen\u021ba uman\u0103, marc\u00e2nd ciclurile naturale \u0219i trecerea timpului.<\/p>\n<p><em>Romfilatelia mul\u021bume\u0219te reprezentan\u021bilor Muzeului Na\u021bional de Istorie Natural\u0103 \u201eGrigore Antipa\u201d pentru sprijinul documentar acordat la realizarea emisiunii de m\u0103rci po\u0219tale. <\/em><\/p>\n<p><a href=\"https:\/\/romfilatelia.ro\/magazin\/wp-content\/uploads\/2024\/12\/caract_Fauna-celesta.jpg\"><img decoding=\"async\" loading=\"lazy\" class=\"aligncenter size-full wp-image-2035351\" src=\"https:\/\/romfilatelia.ro\/magazin\/wp-content\/uploads\/2024\/12\/caract_Fauna-celesta.jpg\" alt=\"\" width=\"1678\" height=\"1017\" srcset=\"https:\/\/romfilatelia.ro\/magazin\/wp-content\/uploads\/2024\/12\/caract_Fauna-celesta.jpg 1678w, https:\/\/romfilatelia.ro\/magazin\/wp-content\/uploads\/2024\/12\/caract_Fauna-celesta-300x182.jpg 300w, https:\/\/romfilatelia.ro\/magazin\/wp-content\/uploads\/2024\/12\/caract_Fauna-celesta-768x465.jpg 768w, https:\/\/romfilatelia.ro\/magazin\/wp-content\/uploads\/2024\/12\/caract_Fauna-celesta-1536x931.jpg 1536w, https:\/\/romfilatelia.ro\/magazin\/wp-content\/uploads\/2024\/12\/caract_Fauna-celesta-500x303.jpg 500w, https:\/\/romfilatelia.ro\/magazin\/wp-content\/uploads\/2024\/12\/caract_Fauna-celesta-64x39.jpg 64w\" sizes=\"(max-width: 1678px) 100vw, 1678px\" \/><\/a><\/p>\n","protected":false},"excerpt":{"rendered":"<p>\u201eUn timbru \u0219i un petic de cer deasupra ta\u201d Romfilatelia adaug\u0103 la tematicile filatelice de colec\u021bie o nou\u0103 emisiune intitulat\u0103 FAUN\u0102 CELEST\u0102. CONSTELA\u021aII \u2013 \u00een care astronomia \u0219i imaginile m\u0103rcilor po\u0219tale se \u00eent\u00e2lnesc pentru a ilustra leg\u0103tura profund\u0103 dintre cer \u0219i p\u0103m\u00e2nt. Proiectul exploreaz\u0103 intersec\u021bia dintre astronomie, mitologie \u0219i ciclurile naturale, prin intermediul a patru&hellip;&nbsp;<a href=\"https:\/\/romfilatelia.ro\/magazin\/produs\/colectii-anuale\/2024\/fauna-celesta-constelatii\/\" class=\"\" rel=\"bookmark\">Cite\u0219te mai mult &raquo;<span class=\"screen-reader-text\">FAUN\u0102 CELEST\u0102. CONSTELA\u021aII<\/span><\/a><\/p>\n","protected":false},"featured_media":2035352,"template":"","meta":{"neve_meta_sidebar":"","neve_meta_container":"","neve_meta_enable_content_width":"off","neve_meta_content_width":100,"neve_meta_title_alignment":"","neve_meta_author_avatar":"","neve_post_elements_order":"","neve_meta_disable_header":"","neve_meta_disable_footer":"","neve_meta_disable_title":""},"product_cat":[333,6],"product_tag":[],"_links":{"self":[{"href":"https:\/\/romfilatelia.ro\/magazin\/wp-json\/wp\/v2\/product\/2035349"}],"collection":[{"href":"https:\/\/romfilatelia.ro\/magazin\/wp-json\/wp\/v2\/product"}],"about":[{"href":"https:\/\/romfilatelia.ro\/magazin\/wp-json\/wp\/v2\/types\/product"}],"wp:featuredmedia":[{"embeddable":true,"href":"https:\/\/romfilatelia.ro\/magazin\/wp-json\/wp\/v2\/media\/2035352"}],"wp:attachment":[{"href":"https:\/\/romfilatelia.ro\/magazin\/wp-json\/wp\/v2\/media?parent=2035349"}],"wp:term":[{"taxonomy":"product_cat","embeddable":true,"href":"https:\/\/romfilatelia.ro\/magazin\/wp-json\/wp\/v2\/product_cat?post=2035349"},{"taxonomy":"product_tag","embeddable":true,"href":"https:\/\/romfilatelia.ro\/magazin\/wp-json\/wp\/v2\/product_tag?post=2035349"}],"curies":[{"name":"wp","href":"https:\/\/api.w.org\/{rel}","templated":true}]}}