{"id":2035283,"date":"2024-12-03T15:47:31","date_gmt":"2024-12-03T13:47:31","guid":{"rendered":"https:\/\/romfilatelia.ro\/magazin\/?post_type=product&#038;p=2035283"},"modified":"2024-12-03T15:47:32","modified_gmt":"2024-12-03T13:47:32","slug":"pasiunile-reginelor-romaniei","status":"publish","type":"product","link":"https:\/\/romfilatelia.ro\/magazin\/produs\/colectii-anuale\/2024\/pasiunile-reginelor-romaniei\/","title":{"rendered":"Pasiunile Reginelor Rom\u00e2niei"},"content":{"rendered":"<p><strong><a href=\"https:\/\/www.romfilatelia.ro\/wp-content\/uploads\/2024\/12\/SITE_mc_Pasiunile-Reginelor-Romaniei.jpg\"><img decoding=\"async\" loading=\"lazy\" class=\"alignleft wp-image-2047294\" src=\"https:\/\/www.romfilatelia.ro\/wp-content\/uploads\/2024\/12\/SITE_mc_Pasiunile-Reginelor-Romaniei.jpg\" alt=\"\" width=\"650\" height=\"995\" \/><\/a>Romfilatelia<\/strong> introduce circula\u021bie <em>miercuri, 4 decembrie a.c.<\/em> o emisiune filatelic\u0103 cu un subiect tematic, de colec\u021bie, legat de Regalitatea din Rom\u00e2nia: <strong><em>Pasiunile Reginelor Rom\u00e2niei<\/em><\/strong>.<\/p>\n<p>Emisiunea este compus\u0103 din patru m\u0103rci po\u0219tale care reproduc portretele reginelor, Elisabeta, Maria, Regina Mam\u0103 Elena \u0219i Ana, al\u0103turi de imagini care ilustreaz\u0103 pasiunile lor pentru literatur\u0103, pictur\u0103 \u0219i tradi\u021biile costumelor populare, dou\u0103 plicuri \u201eprima zi\u201d, o map\u0103 filatelic\u0103 cu produs special \u00een tiraj limitat \u0219i un set de 4 c\u0103r\u021bi maxime pentru pasiona\u021bii de maximafilie.<\/p>\n<p><strong><em>Regina Ana<\/em><\/strong>, (timbrul cu valoarea nominal\u0103 de <strong>5 lei)<\/strong>, prezent\u0103 din tinere\u021be timpurie \u00een r\u00e2ndul voluntarilor Armatei de Eliberare aflat\u0103 sub comanda generalului de Gaulle, a lucrat ca \u0219oferi\u021b\u0103 pe un mini-jeep militar folosit pe c\u00e2mpul de lupt\u0103 pentru \u00eengrijirea r\u0103ni\u021bilor. Afi\u0219\u00e2nd modest o fire romantic\u0103, Regina Ana este autoarea a mai multor picturi apreciate de cunosc\u0103tori, av\u00e2nd ca tematic\u0103 general\u0103 peisagistica. Marca po\u0219tal\u0103 reproduce un portret din tinere\u021be av\u00e2nd drept fundal un tablou cu un \u021b\u0103rm al m\u0103rii \u0219i un cer albastru pe care zboar\u0103 pesc\u0103ru\u0219ii.<\/p>\n<p><strong><em>Regina Mam\u0103 Elena<\/em><\/strong> (timbrul cu valoarea nominal\u0103 de <strong>6 lei<\/strong>) r\u0103m\u00e2ne \u00een memoria contemporanilor ca o fire bl\u00e2nd\u0103 \u0219i atent\u0103 cu oamenii afla\u021bi la str\u00e2mtoare \u0219i ca o regin\u0103 iubitoare a tradi\u021biilor costumelor populare, promov\u00e2nd \u00een apari\u021biile sale, chiar oficiale, frumuse\u021bea neasemuit\u0103 a Iei \u021b\u0103r\u0103ne\u0219ti. Ca \u0219i Regina Maria, a \u00eendr\u0103git echita\u021bia, fiind prezent\u0103 \u00een postura de c\u0103l\u0103re\u021b, la unele parade oficiale.<\/p>\n<p><strong><em>Regina Maria<\/em><\/strong>, o adev\u0103rat\u0103 \u201eregin\u0103\u201d a florilor (timbrul cu valoarea nominal\u0103 de <strong>12 lei<\/strong>), \u00eendr\u0103gostit\u0103 de crini, maci \u0219i violete (de la care a preluat culoarea regal\u0103 preferat\u0103 care \u00eei poart\u0103 numele), a avut ca pasiuni binecunoscute \u0219i afi\u0219ate, pictura \u0219i echita\u021bia. Portretul de principes\u0103, reprodus pe marca po\u0219tal\u0103 dedicat\u0103, este \u00eenso\u021bit de frumuse\u021bea florilor care apar\u021bin unui renumit tablou realizat \u00een acuarel\u0103, de Regina Maria av\u00e2nd ca subiect macii. Fire plin\u0103 de for\u021b\u0103 \u0219i de ambi\u021bii b\u0103rb\u0103te\u0219ti, Regina Maria a fost apreciat\u0103 \u0219i ca o valoroas\u0103 practicant\u0103 a echita\u021biei.<\/p>\n<p><strong><em>Regina Elisabeta<\/em><\/strong>, (timbrul cu valoarea nominal\u0103 de <strong>25 lei<\/strong>), prezentat\u0103 \u0219i sub numele s\u0103u de poet\u0103 Carmen Sylva, a fost o amfitrioan\u0103 generoas\u0103 a unor manifest\u0103ri culturale g\u0103zduite de Castelul Pele\u0219, unde au fost prezente \u0219i personalit\u0103\u021bi precum George Enescu, Mihai Eminescu, Elena V\u0103c\u0103rescu. Al\u0103turi de dragostea pentru muzic\u0103 \u0219i poezie, Elisabeta s-a reg\u0103sit adeseori \u00een fa\u021ba \u0219evaletului, ca pictori\u021b\u0103. Marca po\u0219tal\u0103 o prezint\u0103 la biroul regal \u00een postura unei poete care se preg\u0103te\u0219te s\u0103 a\u0219tearn\u0103 pe pagina unui caiet, versurile unei noi crea\u021bii.<\/p>\n<p>Emisiunea filatelic\u0103 <strong><em>Pasiunile Reginelor Rom\u00e2niei<\/em><\/strong> completeaz\u0103 benefic o tematic\u0103 general\u0103 dedicat\u0103 Regalit\u0103\u021bii Rom\u00e2niei, care a devenit tematic\u0103 de colec\u021bie recunoscut\u0103 \u0219i pe plan mondial, fiind premiat\u0103 de juriul interna\u021bional desemnat de Uniunea Po\u0219tal\u0103 Universal\u0103 (UPU), organism al ONU, cu o medalie de bronz la Expozi\u021bia Filatelic\u0103 Interna\u021bional\u0103 organizat\u0103 \u00een Bankgkok, Thailanda (2023).<\/p>\n<p><em>Romfilatelia mul\u021bume\u0219te reprezentan\u021bilor Casei Majest\u0103\u021bii Sale, Custodele Coroanei Rom\u00e2ne \u0219i ai Muzeului Na\u021bional Pele\u0219 pentru sprijinul documentar acordat la realizarea acestei emisiuni de m\u0103rci po\u0219tale.<br \/>\n<a href=\"https:\/\/www.romfilatelia.ro\/wp-content\/uploads\/2024\/12\/caract_Pasiunile-reginelor.jpg\"><img decoding=\"async\" loading=\"lazy\" class=\"aligncenter wp-image-2047295 size-full\" src=\"https:\/\/www.romfilatelia.ro\/wp-content\/uploads\/2024\/12\/caract_Pasiunile-reginelor.jpg\" alt=\"\" width=\"1677\" height=\"1440\" \/><\/a><br \/>\n<\/em><\/p>\n","protected":false},"excerpt":{"rendered":"<p>Romfilatelia introduce circula\u021bie miercuri, 4 decembrie a.c. o emisiune filatelic\u0103 cu un subiect tematic, de colec\u021bie, legat de Regalitatea din Rom\u00e2nia: Pasiunile Reginelor Rom\u00e2niei. Emisiunea este compus\u0103 din patru m\u0103rci po\u0219tale care reproduc portretele reginelor, Elisabeta, Maria, Regina Mam\u0103 Elena \u0219i Ana, al\u0103turi de imagini care ilustreaz\u0103 pasiunile lor pentru literatur\u0103, pictur\u0103 \u0219i tradi\u021biile costumelor&hellip;&nbsp;<a href=\"https:\/\/romfilatelia.ro\/magazin\/produs\/colectii-anuale\/2024\/pasiunile-reginelor-romaniei\/\" class=\"\" rel=\"bookmark\">Cite\u0219te mai mult &raquo;<span class=\"screen-reader-text\">Pasiunile Reginelor Rom\u00e2niei<\/span><\/a><\/p>\n","protected":false},"featured_media":2035284,"template":"","meta":{"neve_meta_sidebar":"","neve_meta_container":"","neve_meta_enable_content_width":"off","neve_meta_content_width":100,"neve_meta_title_alignment":"","neve_meta_author_avatar":"","neve_post_elements_order":"","neve_meta_disable_header":"","neve_meta_disable_footer":"","neve_meta_disable_title":""},"product_cat":[333,6],"product_tag":[],"_links":{"self":[{"href":"https:\/\/romfilatelia.ro\/magazin\/wp-json\/wp\/v2\/product\/2035283"}],"collection":[{"href":"https:\/\/romfilatelia.ro\/magazin\/wp-json\/wp\/v2\/product"}],"about":[{"href":"https:\/\/romfilatelia.ro\/magazin\/wp-json\/wp\/v2\/types\/product"}],"wp:featuredmedia":[{"embeddable":true,"href":"https:\/\/romfilatelia.ro\/magazin\/wp-json\/wp\/v2\/media\/2035284"}],"wp:attachment":[{"href":"https:\/\/romfilatelia.ro\/magazin\/wp-json\/wp\/v2\/media?parent=2035283"}],"wp:term":[{"taxonomy":"product_cat","embeddable":true,"href":"https:\/\/romfilatelia.ro\/magazin\/wp-json\/wp\/v2\/product_cat?post=2035283"},{"taxonomy":"product_tag","embeddable":true,"href":"https:\/\/romfilatelia.ro\/magazin\/wp-json\/wp\/v2\/product_tag?post=2035283"}],"curies":[{"name":"wp","href":"https:\/\/api.w.org\/{rel}","templated":true}]}}