{"id":2035227,"date":"2024-11-21T09:39:32","date_gmt":"2024-11-21T07:39:32","guid":{"rendered":"https:\/\/romfilatelia.ro\/magazin\/?post_type=product&#038;p=2035227"},"modified":"2024-11-21T09:45:32","modified_gmt":"2024-11-21T07:45:32","slug":"craciun-2024","status":"publish","type":"product","link":"https:\/\/romfilatelia.ro\/magazin\/produs\/colectii-anuale\/2024\/craciun-2024\/","title":{"rendered":"CR\u0102CIUN 2024"},"content":{"rendered":"<p><a href=\"https:\/\/romfilatelia.ro\/magazin\/wp-content\/uploads\/2024\/11\/SITE_mc_Craciun-2024_.jpg\"><img decoding=\"async\" loading=\"lazy\" class=\"wp-image-2035234 size-medium alignleft\" src=\"https:\/\/romfilatelia.ro\/magazin\/wp-content\/uploads\/2024\/11\/SITE_mc_Craciun-2024_-300x205.jpg\" alt=\"\" width=\"300\" height=\"205\" srcset=\"https:\/\/romfilatelia.ro\/magazin\/wp-content\/uploads\/2024\/11\/SITE_mc_Craciun-2024_-300x205.jpg 300w, https:\/\/romfilatelia.ro\/magazin\/wp-content\/uploads\/2024\/11\/SITE_mc_Craciun-2024_-768x524.jpg 768w, https:\/\/romfilatelia.ro\/magazin\/wp-content\/uploads\/2024\/11\/SITE_mc_Craciun-2024_-500x341.jpg 500w, https:\/\/romfilatelia.ro\/magazin\/wp-content\/uploads\/2024\/11\/SITE_mc_Craciun-2024_-64x44.jpg 64w, https:\/\/romfilatelia.ro\/magazin\/wp-content\/uploads\/2024\/11\/SITE_mc_Craciun-2024_.jpg 1501w\" sizes=\"(max-width: 300px) 100vw, 300px\" \/><\/a>Marea S\u0103rb\u0103toare a Na\u0219terii Domnului, prezentat\u0103 \u00een lumea m\u0103rcilor po\u0219tale, se reg\u0103se\u0219te \u00een emisiunea filatelic\u0103 <strong><em>Cr\u0103ciun 2024<\/em><\/strong> pe care <strong>Romfilatelia<\/strong> o va introduce \u00een circula\u021bie<em> vineri,<\/em> <em>22 noiembrie a.c.<\/em> Este alc\u0103tuit\u0103 din dou\u0103 timbre, o coli\u021b\u0103 dantelat\u0103, un plic \u201eprima zi\u201d \u0219i o map\u0103 filatelic\u0103 special\u0103, realizat\u0103 \u00een tiraj limitat.<\/p>\n<p>\u00cen urm\u0103 cu mai bine de dou\u0103 milenii, \u00een vecin\u0103tatea cet\u0103\u021bii lui David, cunoscut\u0103 sub numele de Betleem, p\u0103storii afla\u021bi, cu turmele lor, au primit vizita nea\u0219teptat\u0103 a unui \u00eenger care li s-a adresat astfel: \u201e\u2026 vi S-a n\u0103scut azi M\u00e2ntuitor, Care este Hristos Domnul, \u00een cetatea lui David. \u0218i acesta v\u0103 va fi semnul: Ve\u021bi g\u0103si un Prunc \u00eenf\u0103\u0219at, culcat \u00een iesle\u201d. (Luca 2:11, 12).<\/p>\n<p>\u00cen scrierile evangheli\u0219tilor nu este precizat\u0103, calendaristic, ziua Na\u0219terii lui Iisus, dar prin consens, aceast\u0103 mare S\u0103rb\u0103toare a cre\u0219tinilor este celebrat\u0103 la 25 decembrie (dup\u0103 calendarul gregorian) sau la 7 ianuarie (dup\u0103 calendarul Iulian).<\/p>\n<p>Cunoscut\u0103 \u0219i sub numele de <em>Cr\u0103ciun<\/em>, S\u0103rb\u0103toarea s-a generalizat \u0219i ca o s\u0103rb\u0103toare laic\u0103, adoptat\u0103 \u0219i ca \u201es\u0103rb\u0103toarea darurilor\u201d. Este o s\u0103rb\u0103toare a bucuriei, a inimilor deschise, o zi care pare c\u0103 adun\u0103 tot timpul la un loc. C\u00e2nd ninge \u00een ziua de <em>Cr\u0103ciun<\/em>, se zice c\u0103 \u201eninge cu iertare\u201d. Oamenii sunt convin\u0219i c\u0103, dac\u0103 s-ar p\u0103stra tot timpul <em>Spiritul Cr\u0103ciunului,<\/em> va fi lini\u0219te \u0219i pace.<\/p>\n<p>M\u0103rcile po\u0219tale ale emisiunii filatelice definesc imagistic Na\u0219terea Domnului: simbolul Sfintei familii \u0219i a Pruncului \u00een iesle (marca po\u0219tal\u0103 cu valoarea nominal\u0103 de <strong>4 Lei<\/strong>) \u0219i atmosfera biblic\u0103 a Na\u0219terii (marca po\u0219tal\u0103 cu valoarea nominal\u0103 de <strong>13 Lei<\/strong>), ce reproduce o lucrare a miniaturistului Picu P\u0103tru\u021b, care este definit\u0103 poetic de George Co\u0219buc: \u201eCum s-a n\u0103scut Hristos \u00een frig, \/ \u00cen ieslea cea s\u0103rac\u0103 \/ Cum boul peste el sufla \/ C\u0103ldur\u0103 ca s\u0103-i fac\u0103. \/ Cum au venit la ieslea lui \/ P\u0103storii de la st\u00e2n\u0103 \/ \u0218i \u00eengerii c\u00e2nt\u00e2nd din cer, \/ Cu flori de m\u0103r \u00een m\u00e2n\u0103\u201d.<\/p>\n<p>Marca po\u0219tal\u0103 a coli\u021bei filatelice, (cu valoarea nominal\u0103 de <strong>33 Lei<\/strong>), reproduce o miniatur\u0103 realizat\u0103 de acela\u0219i Picu P\u0103tru\u021b, trecut \u00een r\u00e2ndul sfin\u021bilor \u00een anul 1948. Scena cunoscut\u0103 ca <em>Adora\u021bia magilor<\/em>, prezint\u0103 trei personaje, cunoscute sub denumirea popular\u0103 \u201etrei crai de la r\u0103s\u0103rit\u201d, sosite, (c\u0103l\u0103uzite de o Stea), s\u0103 aduc\u0103 daruri \u00eemp\u0103r\u0103te\u0219ti: aur, smirn\u0103 \u0219i t\u0103m\u00e2ie. Semnifica\u021bia darurilor: aurul (viitorul \u00cemp\u0103rat al tuturor cre\u0219tinilor), t\u0103m\u00e2ia (lucrarea lui Iisus, de Mare Preot, de Arhiereu ve\u0219nic), smirna (folosit\u0103 la \u00eemb\u0103ls\u0103mare, ca simbol al vie\u021bii ve\u0219nice).<\/p>\n<p>Plicul \u201eprima zi\u201d prezint\u0103 \u00een grafica sa o imagine simbol a Na\u0219terii: Sf\u00e2nta familie \u0219i ieslea cu pruncul.<\/p>\n<p>Cu ocazia Cr\u0103ciunului, fie ca paharul vie\u021bii s\u0103 fie plin de binecuv\u00e2nt\u0103ri bogate \u0219i eterne, la care s\u0103 se adauge deschiderea unui drum la care s\u0103 descoperim pe parcursul lui concordia, armonia \u0219i pacea!<\/p>\n<p><em>Romfilatelia mul\u021bume\u0219te reprezentan\u021bilor Muzeului Na\u021bional al \u021a\u0103ranului Rom\u00e2n pentru sprijinul documentar acordat la realizarea acestei emisiuni de m\u0103rci po\u0219tale. <\/em><\/p>\n<p><em>\u00a0<\/em><strong><em>Mapa filatelic\u0103<\/em><\/strong><em> este realizat\u0103 \u00eentr-un tiraj de <strong>261<\/strong> exemplare \u0219i este echipat\u0103 cu un bloc filatelic de colec\u021bie av\u00e2nd cele dou\u0103 timbre nedantelate ale seriei \u0219i coli\u021ba nedantelat\u0103 a emisiunii <strong>Cr\u0103ciun 2024<\/strong> realizat\u0103 printr-un procedeu tipografic special (folio, tipar policrom \u0219i lac selectiv). Blocul filatelic \u0219i coli\u021ba sunt numerotate de la <strong>001<\/strong> la <strong>261<\/strong>. <\/em><\/p>\n<p><a href=\"https:\/\/romfilatelia.ro\/magazin\/wp-content\/uploads\/2024\/11\/caract_Craciun-2024.jpg\"><img decoding=\"async\" loading=\"lazy\" class=\"aligncenter size-full wp-image-2035235\" src=\"https:\/\/romfilatelia.ro\/magazin\/wp-content\/uploads\/2024\/11\/caract_Craciun-2024.jpg\" alt=\"\" width=\"1687\" height=\"1952\" srcset=\"https:\/\/romfilatelia.ro\/magazin\/wp-content\/uploads\/2024\/11\/caract_Craciun-2024.jpg 1687w, https:\/\/romfilatelia.ro\/magazin\/wp-content\/uploads\/2024\/11\/caract_Craciun-2024-259x300.jpg 259w, https:\/\/romfilatelia.ro\/magazin\/wp-content\/uploads\/2024\/11\/caract_Craciun-2024-768x889.jpg 768w, https:\/\/romfilatelia.ro\/magazin\/wp-content\/uploads\/2024\/11\/caract_Craciun-2024-1327x1536.jpg 1327w, https:\/\/romfilatelia.ro\/magazin\/wp-content\/uploads\/2024\/11\/caract_Craciun-2024-500x579.jpg 500w, https:\/\/romfilatelia.ro\/magazin\/wp-content\/uploads\/2024\/11\/caract_Craciun-2024-64x74.jpg 64w\" sizes=\"(max-width: 1687px) 100vw, 1687px\" \/><\/a><\/p>\n","protected":false},"excerpt":{"rendered":"<p>Marea S\u0103rb\u0103toare a Na\u0219terii Domnului, prezentat\u0103 \u00een lumea m\u0103rcilor po\u0219tale, se reg\u0103se\u0219te \u00een emisiunea filatelic\u0103 Cr\u0103ciun 2024 pe care Romfilatelia o va introduce \u00een circula\u021bie vineri, 22 noiembrie a.c. Este alc\u0103tuit\u0103 din dou\u0103 timbre, o coli\u021b\u0103 dantelat\u0103, un plic \u201eprima zi\u201d \u0219i o map\u0103 filatelic\u0103 special\u0103, realizat\u0103 \u00een tiraj limitat. \u00cen urm\u0103 cu mai bine&hellip;&nbsp;<a href=\"https:\/\/romfilatelia.ro\/magazin\/produs\/colectii-anuale\/2024\/craciun-2024\/\" class=\"\" rel=\"bookmark\">Cite\u0219te mai mult &raquo;<span class=\"screen-reader-text\">CR\u0102CIUN 2024<\/span><\/a><\/p>\n","protected":false},"featured_media":2035236,"template":"","meta":{"neve_meta_sidebar":"","neve_meta_container":"","neve_meta_enable_content_width":"off","neve_meta_content_width":100,"neve_meta_title_alignment":"","neve_meta_author_avatar":"","neve_post_elements_order":"","neve_meta_disable_header":"","neve_meta_disable_footer":"","neve_meta_disable_title":""},"product_cat":[333,6],"product_tag":[],"_links":{"self":[{"href":"https:\/\/romfilatelia.ro\/magazin\/wp-json\/wp\/v2\/product\/2035227"}],"collection":[{"href":"https:\/\/romfilatelia.ro\/magazin\/wp-json\/wp\/v2\/product"}],"about":[{"href":"https:\/\/romfilatelia.ro\/magazin\/wp-json\/wp\/v2\/types\/product"}],"wp:featuredmedia":[{"embeddable":true,"href":"https:\/\/romfilatelia.ro\/magazin\/wp-json\/wp\/v2\/media\/2035236"}],"wp:attachment":[{"href":"https:\/\/romfilatelia.ro\/magazin\/wp-json\/wp\/v2\/media?parent=2035227"}],"wp:term":[{"taxonomy":"product_cat","embeddable":true,"href":"https:\/\/romfilatelia.ro\/magazin\/wp-json\/wp\/v2\/product_cat?post=2035227"},{"taxonomy":"product_tag","embeddable":true,"href":"https:\/\/romfilatelia.ro\/magazin\/wp-json\/wp\/v2\/product_tag?post=2035227"}],"curies":[{"name":"wp","href":"https:\/\/api.w.org\/{rel}","templated":true}]}}