{"id":2035201,"date":"2024-11-18T14:14:53","date_gmt":"2024-11-18T12:14:53","guid":{"rendered":"https:\/\/romfilatelia.ro\/magazin\/?post_type=product&#038;p=2035201"},"modified":"2024-11-18T14:22:25","modified_gmt":"2024-11-18T12:22:25","slug":"george-emil-palade-premiul-nobel-50-de-ani","status":"publish","type":"product","link":"https:\/\/romfilatelia.ro\/magazin\/produs\/colectii-anuale\/2024\/george-emil-palade-premiul-nobel-50-de-ani\/","title":{"rendered":"George Emil Palade Premiul Nobel. 50 de ani"},"content":{"rendered":"<p><a href=\"https:\/\/romfilatelia.ro\/magazin\/wp-content\/uploads\/2024\/11\/SITE_Mc_George-Emil-Palade-Premiul-Nobel.jpg\"><img decoding=\"async\" loading=\"lazy\" class=\"wp-image-2035202 size-medium alignleft\" src=\"https:\/\/romfilatelia.ro\/magazin\/wp-content\/uploads\/2024\/11\/SITE_Mc_George-Emil-Palade-Premiul-Nobel-300x240.jpg\" alt=\"\" width=\"300\" height=\"240\" srcset=\"https:\/\/romfilatelia.ro\/magazin\/wp-content\/uploads\/2024\/11\/SITE_Mc_George-Emil-Palade-Premiul-Nobel-300x240.jpg 300w, https:\/\/romfilatelia.ro\/magazin\/wp-content\/uploads\/2024\/11\/SITE_Mc_George-Emil-Palade-Premiul-Nobel-768x614.jpg 768w, https:\/\/romfilatelia.ro\/magazin\/wp-content\/uploads\/2024\/11\/SITE_Mc_George-Emil-Palade-Premiul-Nobel-1536x1229.jpg 1536w, https:\/\/romfilatelia.ro\/magazin\/wp-content\/uploads\/2024\/11\/SITE_Mc_George-Emil-Palade-Premiul-Nobel-2048x1638.jpg 2048w, https:\/\/romfilatelia.ro\/magazin\/wp-content\/uploads\/2024\/11\/SITE_Mc_George-Emil-Palade-Premiul-Nobel-500x400.jpg 500w, https:\/\/romfilatelia.ro\/magazin\/wp-content\/uploads\/2024\/11\/SITE_Mc_George-Emil-Palade-Premiul-Nobel-64x51.jpg 64w\" sizes=\"(max-width: 300px) 100vw, 300px\" \/><\/a>Pentru a marca semicentenarul Premiului Nobel ob\u021binut de geniul biologiei celulare, <strong>Romfilatelia<\/strong> a inclus \u00een Planul editorial al anului 2024 emisiunea de m\u0103rci po\u0219tale <strong><em>George Emil Palade, Premiul Nobel. 50 de ani.<\/em><\/strong> Emisiunea, alc\u0103tuit\u0103 din 1 timbru, 1 coli\u021b\u0103 dantelat\u0103 \u0219i 1 plic \u201eprima zi\u201d, va intra \u00een circula\u021bie <em>mar\u021bi, 19 noiembrie<\/em>, data anivers\u0103rii savantului de origine rom\u00e2n\u0103.<\/p>\n<p>\u00cen cadrul emisiunii (timbrul cu valoarea nominal\u0103 de <strong>13 Lei<\/strong> \u0219i timbrul coli\u021bei dantelate cu valoarea nominal\u0103 de <strong>33 Lei<\/strong>) sunt redate urm\u0103toarele elemente: portretul savantului, medalia de laureat al Premiului Nobel, un instrument de lucru (microscop electronic), logo-ul semicentenarului Premiului Nobel ob\u021binut de George Emil Palade.<\/p>\n<p>Premiile Nobel au fost \u00eenfiin\u021bate, conform prevederilor testamentului suedezului Alfred Nobel (1833 \u2013 1896), inventatorul dinamitei (1867).<\/p>\n<p>Institu\u021biile care decerneaz\u0103 aceste premii sunt: Academia Regal\u0103 de \u0218tiin\u021b\u0103 din Suedia (Fizic\u0103, Chimie \u0219i Economie), Institutul Karolinska din Stockholm (Fiziologie sau medicin\u0103), Academia Suedez\u0103 (Literatur\u0103), Comitetul ales de Parlamentul Norvegiei (Premiul pentru Pace).<\/p>\n<p>Primele premii Nobel au fost acordate la 10 decembrie 1901. Ele constau din: o medalie, o diplom\u0103 \u0219i o sum\u0103 stabilit\u0103 ini\u021bial la 40.000 dolari S.U.A.<\/p>\n<p>Alfred Bernhard Nobel, a fost un chimist, inventator \u0219i om de afaceri. La 17 ani vorbea fluent suedeza, rusa, franceza, engleza \u0219i germana. La Paris, a lucrat \u00eentr-un laborator, \u00een care l-a \u00eent\u00e2lnit pe italianul Ascanio Sombrero, inventatorul nitroglicerinei. Pornind de la acest explozibil, cu mare periculorizate la manipulare, a creat \u00een anul 1867, dinamita (amestec de nitroglicerin\u0103 cu diatomit).<\/p>\n<p>Inven\u021bia devine o afacere profitabil\u0103, datorit\u0103 utiliz\u0103rii ei \u00een minerit \u0219i cariere de piatr\u0103. Folosirea explozibilului a fost \u00eens\u0103 repede extins\u0103 \u00een folosirea armelor militare (mine, grenade, obuze etc.), gener\u00e2nd \u00een conflicte r\u0103zboinice numeroase victime \u0219i distrugeri. Inventatorul devine cunoscut \u00een toat\u0103 lumea sub numele de \u201enegustorul mor\u021bii\u201d.<\/p>\n<p>Din dorin\u021ba de a atenua, moral, urm\u0103rile inven\u021biei lui g\u00e2ndit\u0103 ini\u021bial pentru activit\u0103\u021bi pa\u0219nice, las\u0103 prin dispozi\u021bie testamentar\u0103 214 milioane de dolari pentru funda\u021bia care s\u0103 administreze acordarea a cinci premii anual \u201ecelor care, \u00een anul precedent, vor fi adus cele mai mari beneficii omenirii\u201d.<\/p>\n<p>Printre laurea\u021bii Nobel se \u00eenscrie la loc de cinste \u0219i primul rom\u00e2n, savantul George Emil Palade, care, \u00een 1974, prime\u0219te premiul pentru Fiziologie sau Medicin\u0103, urmare a unor cercet\u0103ri de importan\u021b\u0103 major\u0103 privind organizarea func\u021bional\u0103 a celulei. \u00centre alte distinc\u021bii primite pentru activitatea sa \u0219tiin\u021bific\u0103 se \u00eenscriu titlurile de membru de onoare al Academiei Rom\u00e2ne \u0219i membru al Academiei de \u0218tiin\u021be a SUA. De men\u021bionat c\u0103 premiul Nobel a fost ob\u021binut \u00eempreun\u0103 cu Albert Claude \u0219i Christian de Duve.<\/p>\n<p>N\u0103scut la Ia\u0219i \u00een anul 1912, cu studiile universitare efectuate \u00een Rom\u00e2nia, dup\u0103 c\u0103s\u0103toria cu fiica industria\u0219ului Malaxa, \u00een anul 1941 a p\u0103r\u0103sit Rom\u00e2nia stabilindu-se \u00een S.U.A. A decedat \u00een anul 2008.<\/p>\n<p>A vizitat de mai multe ori Rom\u00e2nia, \u021bin\u00e2nd leg\u0103tura permanent\u0103 cu cei doi fondatori ai Institutului de Biologie \u0219i Patologie Celular\u0103 din Bucure\u0219ti, Maya \u0219i Nicolae Simionescu. Doamna Academician Maya Simionescu este biolog, membru titular \u015fi pre\u015fedintele Sec\u0163iei de \u015etiin\u0163e Biologice a Academiei Rom\u00e2ne. \u00centre 1970-1979, la invita\u0163ia profesorului George Emil Palade, a lucrat ca cercet\u0103tor \u015fi profesor asociat la Universitatea \u201eRockefeller\u201d &#8211; Departamentul de Biologie Celular\u0103, din New York, precum \u015fi la Universitatea Yale &#8211; Facultatea de Medicin\u0103 New Haven.<\/p>\n<p><em>Romfilatelia mul\u021bume\u0219te Doamnei Academician Maya Simionescu, Director al Institutului de Biologie \u0219i Patologie Celular\u0103 \u201eNicolae Simionescu\u201c din\u00a0 cadrul Academiei Rom\u00e2ne \u0219i reprezentan\u021bilor Universit\u0103\u021bii de Medicin\u0103 \u0219i Farmacie \u201eGrigore T. Popa\u201d din Ia\u0219i pentru sprijinul documentar acordat la realizarea acestei emisiuni de m\u0103rci po\u0219tale. <\/em><\/p>\n<p><a href=\"https:\/\/romfilatelia.ro\/magazin\/wp-content\/uploads\/2024\/11\/caract_George-Emil-Palade.jpg\"><img decoding=\"async\" loading=\"lazy\" class=\"aligncenter size-full wp-image-2035203\" src=\"https:\/\/romfilatelia.ro\/magazin\/wp-content\/uploads\/2024\/11\/caract_George-Emil-Palade.jpg\" alt=\"\" width=\"1667\" height=\"1059\" srcset=\"https:\/\/romfilatelia.ro\/magazin\/wp-content\/uploads\/2024\/11\/caract_George-Emil-Palade.jpg 1667w, https:\/\/romfilatelia.ro\/magazin\/wp-content\/uploads\/2024\/11\/caract_George-Emil-Palade-300x191.jpg 300w, https:\/\/romfilatelia.ro\/magazin\/wp-content\/uploads\/2024\/11\/caract_George-Emil-Palade-768x488.jpg 768w, https:\/\/romfilatelia.ro\/magazin\/wp-content\/uploads\/2024\/11\/caract_George-Emil-Palade-1536x976.jpg 1536w, https:\/\/romfilatelia.ro\/magazin\/wp-content\/uploads\/2024\/11\/caract_George-Emil-Palade-500x318.jpg 500w, https:\/\/romfilatelia.ro\/magazin\/wp-content\/uploads\/2024\/11\/caract_George-Emil-Palade-64x41.jpg 64w\" sizes=\"(max-width: 1667px) 100vw, 1667px\" \/><\/a><\/p>\n","protected":false},"excerpt":{"rendered":"<p>Pentru a marca semicentenarul Premiului Nobel ob\u021binut de geniul biologiei celulare, Romfilatelia a inclus \u00een Planul editorial al anului 2024 emisiunea de m\u0103rci po\u0219tale George Emil Palade, Premiul Nobel. 50 de ani. Emisiunea, alc\u0103tuit\u0103 din 1 timbru, 1 coli\u021b\u0103 dantelat\u0103 \u0219i 1 plic \u201eprima zi\u201d, va intra \u00een circula\u021bie mar\u021bi, 19 noiembrie, data anivers\u0103rii savantului&hellip;&nbsp;<a href=\"https:\/\/romfilatelia.ro\/magazin\/produs\/colectii-anuale\/2024\/george-emil-palade-premiul-nobel-50-de-ani\/\" class=\"\" rel=\"bookmark\">Cite\u0219te mai mult &raquo;<span class=\"screen-reader-text\">George Emil Palade Premiul Nobel. 50 de ani<\/span><\/a><\/p>\n","protected":false},"featured_media":2035204,"template":"","meta":{"neve_meta_sidebar":"","neve_meta_container":"","neve_meta_enable_content_width":"off","neve_meta_content_width":100,"neve_meta_title_alignment":"","neve_meta_author_avatar":"","neve_post_elements_order":"","neve_meta_disable_header":"","neve_meta_disable_footer":"","neve_meta_disable_title":""},"product_cat":[333,6],"product_tag":[],"_links":{"self":[{"href":"https:\/\/romfilatelia.ro\/magazin\/wp-json\/wp\/v2\/product\/2035201"}],"collection":[{"href":"https:\/\/romfilatelia.ro\/magazin\/wp-json\/wp\/v2\/product"}],"about":[{"href":"https:\/\/romfilatelia.ro\/magazin\/wp-json\/wp\/v2\/types\/product"}],"wp:featuredmedia":[{"embeddable":true,"href":"https:\/\/romfilatelia.ro\/magazin\/wp-json\/wp\/v2\/media\/2035204"}],"wp:attachment":[{"href":"https:\/\/romfilatelia.ro\/magazin\/wp-json\/wp\/v2\/media?parent=2035201"}],"wp:term":[{"taxonomy":"product_cat","embeddable":true,"href":"https:\/\/romfilatelia.ro\/magazin\/wp-json\/wp\/v2\/product_cat?post=2035201"},{"taxonomy":"product_tag","embeddable":true,"href":"https:\/\/romfilatelia.ro\/magazin\/wp-json\/wp\/v2\/product_tag?post=2035201"}],"curies":[{"name":"wp","href":"https:\/\/api.w.org\/{rel}","templated":true}]}}