{"id":2035168,"date":"2024-11-11T14:14:13","date_gmt":"2024-11-11T12:14:13","guid":{"rendered":"https:\/\/romfilatelia.ro\/magazin\/?post_type=product&#038;p=2035168"},"modified":"2024-11-11T22:16:37","modified_gmt":"2024-11-11T20:16:37","slug":"homocromie-si-mimetism","status":"publish","type":"product","link":"https:\/\/romfilatelia.ro\/magazin\/produs\/colectii-anuale\/2024\/homocromie-si-mimetism\/","title":{"rendered":"Homocromie \u0219i mimetism"},"content":{"rendered":"<p><a href=\"https:\/\/romfilatelia.ro\/magazin\/wp-content\/uploads\/2024\/11\/SITE_mc_Homocromie-si-mimetis.jpg\"><img decoding=\"async\" loading=\"lazy\" class=\"wp-image-2035174 size-medium alignleft\" src=\"https:\/\/romfilatelia.ro\/magazin\/wp-content\/uploads\/2024\/11\/SITE_mc_Homocromie-si-mimetis-227x300.jpg\" alt=\"\" width=\"227\" height=\"300\" srcset=\"https:\/\/romfilatelia.ro\/magazin\/wp-content\/uploads\/2024\/11\/SITE_mc_Homocromie-si-mimetis-227x300.jpg 227w, https:\/\/romfilatelia.ro\/magazin\/wp-content\/uploads\/2024\/11\/SITE_mc_Homocromie-si-mimetis-768x1014.jpg 768w, https:\/\/romfilatelia.ro\/magazin\/wp-content\/uploads\/2024\/11\/SITE_mc_Homocromie-si-mimetis-500x660.jpg 500w, https:\/\/romfilatelia.ro\/magazin\/wp-content\/uploads\/2024\/11\/SITE_mc_Homocromie-si-mimetis-64x84.jpg 64w, https:\/\/romfilatelia.ro\/magazin\/wp-content\/uploads\/2024\/11\/SITE_mc_Homocromie-si-mimetis.jpg 984w\" sizes=\"(max-width: 227px) 100vw, 227px\" \/><\/a><strong>Romfilatelia<\/strong> introduce \u00een circula\u021bie, <em>mar\u021bi, 12 noiembrie a.c.<\/em> o interesant\u0103 \u0219i inedit\u0103 emisiune filatelic\u0103 cu un subiect care define\u0219te o zon\u0103 a faunei: <strong><em>Homocromie \u0219i mimetism<\/em><\/strong>.<\/p>\n<p>Homocromia este fenomenul prin care o specie se camufleaz\u0103 av\u00e2nd permanent sau temporar o culoare ce se confund\u0103 cu mediul. Colora\u021bia homocrom\u0103 permanent\u0103 sau variabil\u0103, \u00een func\u021bie de mediul \u00een care se afl\u0103, ajut\u0103 exemplarele s\u0103 r\u0103m\u00e2n\u0103 nedetectate, ceea ce le spore\u0219te \u0219ansele de a supravie\u021bui.<\/p>\n<p>Exist\u0103 diferite situa\u021bii: colora\u021bie homocrom\u0103 permanent\u0103, pe tot parcursul vie\u021bii (l\u0103custe, cosa\u0219i din iarb\u0103, \u0219erpii de\u0219ertului), colora\u021bie sezonier\u0103 iarn\u0103-var\u0103 (hermina, nev\u0103stuica), colora\u021bie adaptabil\u0103, schimb\u0103toare (pe\u0219ti, cameleoni).<\/p>\n<p>Mimetismul are o defini\u021bie mai complex\u0103, fiind un fenomen similar, dar prin care o specie imit\u0103, \u00een scopul de a dob\u00e2ndi un avantaj (protec\u021bie, preda\u021bie etc.) culoarea \u0219i uneori forma unor elemente din natur\u0103. Astfel, unele specii imit\u0103 culoarea substratului (homocromia fiind un caz particular al mimetismului), altele \u2013 forma sau textura acestuia. Exist\u0103 \u0219i forme de mimetism \u00een care o specie animal\u0103 imit\u0103 alt\u0103 specie \u2013 eventual, una mai periculoas\u0103, toxic\u0103, veninoas\u0103 etc., spre a fi confundat cu aceea \u0219i evitat de poten\u021bialii pr\u0103d\u0103tori.<\/p>\n<p>M\u0103rcile po\u0219tale prezint\u0103 \u00een imaginile lor patru specii:<\/p>\n<p><strong>Brot\u0103celul<\/strong> (<em>Hyla arborea<\/em>), ilustrat pe timbrul cu valoarea nominal\u0103 de <strong>5 Lei<\/strong>, este cel mai adesea verde dar \u00ee\u0219i poate schimba culoarea \u00een brun, cenu\u0219iu etc., dup\u0103 culoarea substratului \u0219i al\u021bi factori. Este o broscu\u021b\u0103 cu mod de via\u021b\u0103 arboricol, ce tr\u0103ie\u0219te \u0219i \u00een Rom\u00e2nia, din zona de \u0219es p\u00e2n\u0103 la peste 1000 m altitudine, \u00een mun\u021bii Carpa\u021bi. Se ca\u021b\u0103r\u0103 pe arbori \u0219i se poate lipi de dosul frunzelor rezistente.<\/p>\n<p><strong>Caracati\u021ba imitatoare<\/strong> (<em>Thaumoctopus mimicus<\/em>) este redat\u0103 pe timbrul cu valoarea nominal\u0103 de <strong>6 Lei<\/strong>. \u00ce\u0219i schimb\u0103 culoarea, textura epidermei, postura \u0219i mi\u0219c\u0103rile, imit\u00e2nd activ mai multe specii periculoase. Apar\u021bine regiunii Indo-Pacific, renumit\u0103 nu numai prin u\u0219urin\u021ba de a se deghiza ci mai ales prin num\u0103rul de specii pe care le poate imita. Se hr\u0103ne\u0219te cu pe\u0219ti mici \u0219i crustacee.<\/p>\n<p><strong>Pe\u0219tele de zegras<\/strong> (<em>Acreichthys tomentosus<\/em>), reprezentat pe timbrul cu valoarea nominal\u0103 de <strong>13 Lei. <\/strong>Imit\u0103 culoarea \u0219i chiar textura plantelor subacvatice, av\u00e2nd protuberan\u021be care se pot retrage sau extinde, schimb\u00e2ndu-\u0219i astfel aspectul exterior. Colora\u021bia este \u0219i ea variabil\u0103, cel mai adesea marmorat\u0103 cu verde \u0219i brun. Tr\u0103ie\u0219te \u00een ape tropicale \u0219i se hr\u0103ne\u0219te cu mici nevertebrate.<\/p>\n<p><strong>Bufni\u021ba polar\u0103<\/strong> (<em>Bubo scandiacus<\/em>), ilustrat\u0103 pe timbrul cu valoarea nominal\u0103 de <strong>25 Lei,<\/strong> este r\u0103sp\u00e2ndit\u0103 \u00een \u021binuturile nordice de tundr\u0103. Are culoarea alb\u0103 \u0219i se camufleaz\u0103 \u00een z\u0103pad\u0103 u\u0219or \u0219i rapid. Este o pas\u0103re r\u0103pitoare. V\u00e2neaz\u0103 roz\u0103toare precum lemingii, dar \u0219i pot\u00e2rnichi \u0219i iepuri.<\/p>\n<p><strong>Gecko-scoar\u021b\u0103<\/strong> (<em>Uroplatus sameiti<\/em>), specia prezentat\u0103 \u00een grafica plicului \u201eprima zi\u201d, tr\u0103ie\u0219te numai \u00een Madagascar. Este un gen de \u0219op\u00e2rl\u0103 apreciat\u0103 \u0219i ca animal de companie. Imit\u0103 scoar\u021ba copacilor prin culoare, textur\u0103, protuberan\u021bele pielii \u0219i poate s\u0103-\u0219i schimbe culoarea. Se hr\u0103ne\u0219te cu insecte \u0219i alte mici nevertebrate, inclusiv melci\u0219ori.<\/p>\n<p><strong>C\u0103lug\u0103ri\u021ba european\u0103<\/strong> (<em>Mantis religiosa<\/em>), redat\u0103 pe blocul filatelic special, este larg r\u0103sp\u00e2ndit\u0103 \u00een Eurasia \u0219i Africa; este o insect\u0103 carnivor\u0103, a c\u0103rei culoare o ajut\u0103 s\u0103 se confunde cu vegeta\u021bia \u0219i s\u0103 p\u0103c\u0103leasc\u0103 at\u00e2t prada (mai ales alte insecte) c\u00e2t \u0219i poten\u021bialii pr\u0103d\u0103tori (p\u0103s\u0103ri, etc.).<\/p>\n<p><em>Romfilatelia mul\u021bume\u0219te Cercet. \u0218t. Gr. I Luis Popa, Directorul Muzeului Na\u021bional de Istorie Natural\u0103 \u201eGrigore Antipa\u201d \u0219i muzeografului Dr. Alexandru Iftime, pentru consultan\u021ba de specialitate acordat\u0103 la realizarea acestei emisiuni de m\u0103rci po\u0219tale. <\/em><\/p>\n<p><strong><em>Mapa filatelic\u0103 <\/em><\/strong><em>este realizat\u0103 \u00een tiraj limitat de <strong>218 <\/strong>exemplare \u0219i este echipat\u0103 cu blocul filatelic special de 4 timbre nedantelate al emisiunii, al\u0103turi de \u0219tampila \u201ePrima zi\u201d, aplicat\u0103 \u00een clar, \u00een folio. Blocul filatelic special este numerotat de la <strong>001<\/strong> la <strong>218<\/strong><\/em>.<\/p>\n<p><a href=\"https:\/\/romfilatelia.ro\/magazin\/wp-content\/uploads\/2024\/11\/caract_Homocromie-si-mimetism.jpg\"><img decoding=\"async\" loading=\"lazy\" class=\"aligncenter size-full wp-image-2035175\" src=\"https:\/\/romfilatelia.ro\/magazin\/wp-content\/uploads\/2024\/11\/caract_Homocromie-si-mimetism.jpg\" alt=\"\" width=\"1775\" height=\"1434\" srcset=\"https:\/\/romfilatelia.ro\/magazin\/wp-content\/uploads\/2024\/11\/caract_Homocromie-si-mimetism.jpg 1775w, https:\/\/romfilatelia.ro\/magazin\/wp-content\/uploads\/2024\/11\/caract_Homocromie-si-mimetism-300x242.jpg 300w, https:\/\/romfilatelia.ro\/magazin\/wp-content\/uploads\/2024\/11\/caract_Homocromie-si-mimetism-768x620.jpg 768w, https:\/\/romfilatelia.ro\/magazin\/wp-content\/uploads\/2024\/11\/caract_Homocromie-si-mimetism-1536x1241.jpg 1536w, https:\/\/romfilatelia.ro\/magazin\/wp-content\/uploads\/2024\/11\/caract_Homocromie-si-mimetism-500x404.jpg 500w, https:\/\/romfilatelia.ro\/magazin\/wp-content\/uploads\/2024\/11\/caract_Homocromie-si-mimetism-64x52.jpg 64w\" sizes=\"(max-width: 1775px) 100vw, 1775px\" \/><\/a><\/p>\n","protected":false},"excerpt":{"rendered":"<p>Romfilatelia introduce \u00een circula\u021bie, mar\u021bi, 12 noiembrie a.c. o interesant\u0103 \u0219i inedit\u0103 emisiune filatelic\u0103 cu un subiect care define\u0219te o zon\u0103 a faunei: Homocromie \u0219i mimetism. Homocromia este fenomenul prin care o specie se camufleaz\u0103 av\u00e2nd permanent sau temporar o culoare ce se confund\u0103 cu mediul. Colora\u021bia homocrom\u0103 permanent\u0103 sau variabil\u0103, \u00een func\u021bie de mediul&hellip;&nbsp;<a href=\"https:\/\/romfilatelia.ro\/magazin\/produs\/colectii-anuale\/2024\/homocromie-si-mimetism\/\" class=\"\" rel=\"bookmark\">Cite\u0219te mai mult &raquo;<span class=\"screen-reader-text\">Homocromie \u0219i mimetism<\/span><\/a><\/p>\n","protected":false},"featured_media":2035176,"template":"","meta":{"neve_meta_sidebar":"","neve_meta_container":"","neve_meta_enable_content_width":"off","neve_meta_content_width":100,"neve_meta_title_alignment":"","neve_meta_author_avatar":"","neve_post_elements_order":"","neve_meta_disable_header":"","neve_meta_disable_footer":"","neve_meta_disable_title":""},"product_cat":[333,6],"product_tag":[],"_links":{"self":[{"href":"https:\/\/romfilatelia.ro\/magazin\/wp-json\/wp\/v2\/product\/2035168"}],"collection":[{"href":"https:\/\/romfilatelia.ro\/magazin\/wp-json\/wp\/v2\/product"}],"about":[{"href":"https:\/\/romfilatelia.ro\/magazin\/wp-json\/wp\/v2\/types\/product"}],"wp:featuredmedia":[{"embeddable":true,"href":"https:\/\/romfilatelia.ro\/magazin\/wp-json\/wp\/v2\/media\/2035176"}],"wp:attachment":[{"href":"https:\/\/romfilatelia.ro\/magazin\/wp-json\/wp\/v2\/media?parent=2035168"}],"wp:term":[{"taxonomy":"product_cat","embeddable":true,"href":"https:\/\/romfilatelia.ro\/magazin\/wp-json\/wp\/v2\/product_cat?post=2035168"},{"taxonomy":"product_tag","embeddable":true,"href":"https:\/\/romfilatelia.ro\/magazin\/wp-json\/wp\/v2\/product_tag?post=2035168"}],"curies":[{"name":"wp","href":"https:\/\/api.w.org\/{rel}","templated":true}]}}