{"id":2035135,"date":"2024-11-06T14:21:02","date_gmt":"2024-11-06T12:21:02","guid":{"rendered":"https:\/\/romfilatelia.ro\/magazin\/?post_type=product&#038;p=2035135"},"modified":"2024-11-06T14:25:01","modified_gmt":"2024-11-06T12:25:01","slug":"aniversari-istorice","status":"publish","type":"product","link":"https:\/\/romfilatelia.ro\/magazin\/produs\/colectii-anuale\/2024\/aniversari-istorice\/","title":{"rendered":"Anivers\u0103ri istorice"},"content":{"rendered":"<p><a href=\"https:\/\/romfilatelia.ro\/magazin\/wp-content\/uploads\/2024\/11\/SITE_mc_aniversari-istorice.jpg\"><img decoding=\"async\" loading=\"lazy\" class=\"wp-image-2035140 size-medium alignleft\" src=\"https:\/\/romfilatelia.ro\/magazin\/wp-content\/uploads\/2024\/11\/SITE_mc_aniversari-istorice-300x300.jpg\" alt=\"\" width=\"300\" height=\"300\" srcset=\"https:\/\/romfilatelia.ro\/magazin\/wp-content\/uploads\/2024\/11\/SITE_mc_aniversari-istorice-300x300.jpg 300w, https:\/\/romfilatelia.ro\/magazin\/wp-content\/uploads\/2024\/11\/SITE_mc_aniversari-istorice-150x150.jpg 150w, https:\/\/romfilatelia.ro\/magazin\/wp-content\/uploads\/2024\/11\/SITE_mc_aniversari-istorice-768x768.jpg 768w, https:\/\/romfilatelia.ro\/magazin\/wp-content\/uploads\/2024\/11\/SITE_mc_aniversari-istorice-250x250.jpg 250w, https:\/\/romfilatelia.ro\/magazin\/wp-content\/uploads\/2024\/11\/SITE_mc_aniversari-istorice-500x500.jpg 500w, https:\/\/romfilatelia.ro\/magazin\/wp-content\/uploads\/2024\/11\/SITE_mc_aniversari-istorice-100x100.jpg 100w, https:\/\/romfilatelia.ro\/magazin\/wp-content\/uploads\/2024\/11\/SITE_mc_aniversari-istorice-64x64.jpg 64w, https:\/\/romfilatelia.ro\/magazin\/wp-content\/uploads\/2024\/11\/SITE_mc_aniversari-istorice.jpg 1260w\" sizes=\"(max-width: 300px) 100vw, 300px\" \/><\/a><strong>Romfilateli<\/strong>a introduce \u00een circula\u021bie <em>vineri, 8 noiembrie a.c.<\/em> emisiunea de m\u0103rci po\u0219tale <strong><em>\u201eAnivers\u0103ri istorice\u201d,<\/em><\/strong> dedicat\u0103 unor evenimente \u00een care se reg\u0103se\u0219te o personalitate marcant\u0103 a istoriei, domnitorul primei Uniri, Mihai Viteazul. Evenimentele au avut loc \u00een: Transilvania \u0219i Bucure\u0219ti.<\/p>\n<p>Anivers\u0103rile istorice, celebrate \u00een aceast\u0103 emisiune, sunt: 425 de ani de la intrarea lui Mihai Viteazul \u00een cetatea Alba Iulia, eveniment care va preg\u0103ti prima Unire a Ardealului cu \u021aara Rom\u00e2neasc\u0103 \u0219i Moldova \u0219i \u00eemplinirea a 150 de ani de la dezvelirea statuii marelui domnitor, la Bucure\u0219ti, \u00een prezen\u021ba domnitorului Carol I \u0219i a principesei Elisabeta.<\/p>\n<p>\u00cen \u00een\u021belegere cu monarhul habsburgic Rudolf al II-lea, Mihai Viteazul a intrat cu oastea \u00een Transilvania av\u00e2nd ca obiectiv cucerirea acesteia \u0219i scoaterea ei de sub vasalitatea Poloniei. Armata care i se va opune era condus\u0103 de Andrei B\u00e1thory. B\u0103t\u0103lia decisiv\u0103 a avut loc pe 28 octombrie 1599, \u00eencheindu-se cu victoria domnitorului \u021a\u0103rii Rom\u00e2ne\u0219ti. C\u0103zut \u00een m\u00e2inile unei cete de \u021b\u0103rani secui (lupt\u0103tori de partea lui Mihai Viteazul), Andrei B\u00e1thory este ucis la 31 octombrie.<\/p>\n<p>\u00cen fruntea o\u0219tirii sale de \u00eenving\u0103tori, la 1 noiembrie 1599 (\u00een urm\u0103 cu 425 de ani), Mihai Viteazul intr\u0103 triumf\u0103tor \u00een Alba Iulia, \u00eenregistr\u00e2nd apogeul s\u0103u politic \u0219i militar, urmat mai apoi de proclamarea Unirii Transilvaniei, Moldovei \u0219i \u021a\u0103rii Rom\u00e2ne\u0219ti sub conducerea unui singur domnitor, \u00een luna mai 1600, c\u00e2nd Mihai Viteazul se proclam\u0103 \u201eDomn al Munteniei, Ardealului \u0219i a toat\u0103 \u021bara Moldovei\u201d.<\/p>\n<p>Cinstind memoria \u00eenf\u0103ptuitorului primei Uniri, \u00een urm\u0103 cu 150 de ani, Bucure\u0219tiul, capitala Rom\u00e2niei, descoper\u0103 marelui public, la 8 noiembrie 1874, prima statuie ecvestr\u0103 a ora\u0219ului \u00eenf\u0103\u021bi\u0219\u00e2ndu-l pe Mihai Viteazul. Autorul lucr\u0103rii statuare, francezul Albert-Ernest Carrier-Belleuse, a avut ca ghid materialul documentar transmis de Alexandru Odobescu \u0219i pictorul Theodor Aman. La 11 septembrie 1877, din dispozi\u021bia domnitorului Carol I, de o parte \u0219i de alta a statuii, au fost amplasate dou\u0103 tunuri capturate dup\u0103 cucerirea redutei otomane Grivi\u021ba I, la 30 august 1877.<\/p>\n<p>Imaginile m\u0103rcilor po\u0219tale reproduc o pictur\u0103 de Stoica Dumitrescu intitulat\u0103 <strong><em>\u201eIntrarea triumfal\u0103 a lui Mihai Viteazul \u00een Alba Iulia\u201d<\/em><\/strong> (valoarea nominal\u0103 de <strong>25 Lei<\/strong>), o gravur\u0103 prezent\u00e2nd <strong><em>portretul lui Mihai Viteazul, <\/em><\/strong>realizat\u0103 la 1601 de Aegidius Sadeler, la Praga, l\u00e2ng\u0103 o stamp\u0103 de epoc\u0103 cu <strong><em>b\u0103t\u0103lia de la \u0218elimb\u0103r<\/em><\/strong> (valoarea nominal\u0103 de <strong>6 Lei<\/strong>) \u0219i <strong><em>statuia ecvestr\u0103 a lui Mihai Viteazul <\/em><\/strong>(valoarea nominal\u0103 de <strong>5 Lei<\/strong>).<\/p>\n<p>Plicul \u201eprima zi\u201d adaug\u0103 la un desen al lui Constantin Lecca, aversul unei medalii aniversare dedicat\u0103 lui \u201eMihai Vod\u0103 Viteazul\u201d.<\/p>\n<p><em>Romfilatelia mul\u021bume\u0219te reprezentan\u021bilor Muzeului Na\u021bional al Unirii din Alba Iulia pentru colaborarea \u0219i sprijinul documentar acordat la realizarea acestei emisiuni de m\u0103rci po\u0219tale.<\/em><\/p>\n<p><a href=\"https:\/\/romfilatelia.ro\/magazin\/wp-content\/uploads\/2024\/11\/caract_Aniversari-istorice.jpg\"><img decoding=\"async\" loading=\"lazy\" class=\"aligncenter size-full wp-image-2035141\" src=\"https:\/\/romfilatelia.ro\/magazin\/wp-content\/uploads\/2024\/11\/caract_Aniversari-istorice.jpg\" alt=\"\" width=\"1684\" height=\"1043\" srcset=\"https:\/\/romfilatelia.ro\/magazin\/wp-content\/uploads\/2024\/11\/caract_Aniversari-istorice.jpg 1684w, https:\/\/romfilatelia.ro\/magazin\/wp-content\/uploads\/2024\/11\/caract_Aniversari-istorice-300x186.jpg 300w, https:\/\/romfilatelia.ro\/magazin\/wp-content\/uploads\/2024\/11\/caract_Aniversari-istorice-768x476.jpg 768w, https:\/\/romfilatelia.ro\/magazin\/wp-content\/uploads\/2024\/11\/caract_Aniversari-istorice-1536x951.jpg 1536w, https:\/\/romfilatelia.ro\/magazin\/wp-content\/uploads\/2024\/11\/caract_Aniversari-istorice-500x310.jpg 500w, https:\/\/romfilatelia.ro\/magazin\/wp-content\/uploads\/2024\/11\/caract_Aniversari-istorice-64x40.jpg 64w\" sizes=\"(max-width: 1684px) 100vw, 1684px\" \/><\/a><\/p>\n","protected":false},"excerpt":{"rendered":"<p>Romfilatelia introduce \u00een circula\u021bie vineri, 8 noiembrie a.c. emisiunea de m\u0103rci po\u0219tale \u201eAnivers\u0103ri istorice\u201d, dedicat\u0103 unor evenimente \u00een care se reg\u0103se\u0219te o personalitate marcant\u0103 a istoriei, domnitorul primei Uniri, Mihai Viteazul. Evenimentele au avut loc \u00een: Transilvania \u0219i Bucure\u0219ti. Anivers\u0103rile istorice, celebrate \u00een aceast\u0103 emisiune, sunt: 425 de ani de la intrarea lui Mihai Viteazul&hellip;&nbsp;<a href=\"https:\/\/romfilatelia.ro\/magazin\/produs\/colectii-anuale\/2024\/aniversari-istorice\/\" class=\"\" rel=\"bookmark\">Cite\u0219te mai mult &raquo;<span class=\"screen-reader-text\">Anivers\u0103ri istorice<\/span><\/a><\/p>\n","protected":false},"featured_media":2035142,"template":"","meta":{"neve_meta_sidebar":"","neve_meta_container":"","neve_meta_enable_content_width":"off","neve_meta_content_width":100,"neve_meta_title_alignment":"","neve_meta_author_avatar":"","neve_post_elements_order":"","neve_meta_disable_header":"","neve_meta_disable_footer":"","neve_meta_disable_title":""},"product_cat":[333,6],"product_tag":[],"_links":{"self":[{"href":"https:\/\/romfilatelia.ro\/magazin\/wp-json\/wp\/v2\/product\/2035135"}],"collection":[{"href":"https:\/\/romfilatelia.ro\/magazin\/wp-json\/wp\/v2\/product"}],"about":[{"href":"https:\/\/romfilatelia.ro\/magazin\/wp-json\/wp\/v2\/types\/product"}],"wp:featuredmedia":[{"embeddable":true,"href":"https:\/\/romfilatelia.ro\/magazin\/wp-json\/wp\/v2\/media\/2035142"}],"wp:attachment":[{"href":"https:\/\/romfilatelia.ro\/magazin\/wp-json\/wp\/v2\/media?parent=2035135"}],"wp:term":[{"taxonomy":"product_cat","embeddable":true,"href":"https:\/\/romfilatelia.ro\/magazin\/wp-json\/wp\/v2\/product_cat?post=2035135"},{"taxonomy":"product_tag","embeddable":true,"href":"https:\/\/romfilatelia.ro\/magazin\/wp-json\/wp\/v2\/product_tag?post=2035135"}],"curies":[{"name":"wp","href":"https:\/\/api.w.org\/{rel}","templated":true}]}}