{"id":2035040,"date":"2024-10-08T09:48:03","date_gmt":"2024-10-08T07:48:03","guid":{"rendered":"https:\/\/romfilatelia.ro\/magazin\/?post_type=product&#038;p=2035040"},"modified":"2024-10-08T09:54:33","modified_gmt":"2024-10-08T07:54:33","slug":"uniunea-postala-universala-150-de-ani","status":"publish","type":"product","link":"https:\/\/romfilatelia.ro\/magazin\/produs\/colectii-anuale\/2024\/uniunea-postala-universala-150-de-ani\/","title":{"rendered":"Uniunea Po\u0219tal\u0103 Universal\u0103, 150 de ani"},"content":{"rendered":"<p><a href=\"https:\/\/romfilatelia.ro\/magazin\/wp-content\/uploads\/2024\/10\/SITE_minicoli__UPU-150-ani.jpg\"><img decoding=\"async\" loading=\"lazy\" class=\"wp-image-2035041 size-medium alignleft\" src=\"https:\/\/romfilatelia.ro\/magazin\/wp-content\/uploads\/2024\/10\/SITE_minicoli__UPU-150-ani-300x172.jpg\" alt=\"\" width=\"300\" height=\"172\" srcset=\"https:\/\/romfilatelia.ro\/magazin\/wp-content\/uploads\/2024\/10\/SITE_minicoli__UPU-150-ani-300x172.jpg 300w, https:\/\/romfilatelia.ro\/magazin\/wp-content\/uploads\/2024\/10\/SITE_minicoli__UPU-150-ani-768x439.jpg 768w, https:\/\/romfilatelia.ro\/magazin\/wp-content\/uploads\/2024\/10\/SITE_minicoli__UPU-150-ani-500x286.jpg 500w, https:\/\/romfilatelia.ro\/magazin\/wp-content\/uploads\/2024\/10\/SITE_minicoli__UPU-150-ani-64x37.jpg 64w, https:\/\/romfilatelia.ro\/magazin\/wp-content\/uploads\/2024\/10\/SITE_minicoli__UPU-150-ani.jpg 1102w\" sizes=\"(max-width: 300px) 100vw, 300px\" \/><\/a>Cu ocazia anivers\u0103rii agen\u021biei specializate a Organiza\u021biei Na\u021biunilor Unite, Uniunea Po\u0219tal\u0103 Universal\u0103, <strong>Romfilatelia<\/strong> introduce \u00een circula\u021bie <em>miercuri, 9 octombrie a.c.<\/em>, emisiunea <strong><em>Uniunea Po\u0219tal\u0103 Universal\u0103, 150 de ani,<\/em><\/strong> compus\u0103 din dou\u0103 m\u0103rci po\u0219tale, o coli\u021b\u0103 filatelic\u0103 dantelat\u0103, un plic \u201eprima zi\u201d \u0219i o map\u0103 filatelic\u0103 cu produse speciale \u00een tiraj limitat.<\/p>\n<p>Uniunea General\u0103 Po\u0219tal\u0103 a fost \u00eenfiin\u021bat\u0103 \u00een anul 1874, prin Tratatul de la Berna, sub \u00eengrijirea lui Heinrich von Stephen, \u00eenalt func\u021bionar po\u0219tal al Confedera\u021biei Germaniei de Nord.<\/p>\n<p>Actul de constituire a fost semnat de repezentan\u021bii a 22 de \u021b\u0103ri, printre care \u0219i Rom\u00e2nia, la 9 octombrie 1874, dat\u0103 s\u0103rb\u0103torit\u0103 ulterior \u0219i ca Ziua Mondial\u0103 a Po\u0219tei. Din partea Rom\u00e2niei, actul a fost semnat de o personalitate de seam\u0103, directorul general al Po\u0219telor \u0219i Telegrafului, George Lahovary. \u00cen 1878, Uniunea General\u0103 Po\u0219tal\u0103 \u0219i-a schimbat numele \u00een Uniunea Po\u0219tal\u0103 Universal\u0103, devenind din anul 1948, institu\u021bie \u00een cadrul ONU.<\/p>\n<p>\u00cen prezent, Uniunea Po\u0219tal\u0103 Universal\u0103 av\u00e2nd \u00een componen\u021b\u0103 192 de \u021b\u0103ri membre, are ca organ suprem, Congresul, convocat o dat\u0103 la patru ani, care are \u00een general, func\u021bia legislativ\u0103, asum\u00e2ndu-\u0219i \u00een principal chestiunile de politic\u0103 \u0219i strategie. Este o organiza\u021bie specializat\u0103 a ONU, cu sediul la Berna, principal forum de cooperare \u00eentre structurile \u0219i entit\u0103\u021bile interesate din sectorul po\u0219tal, cu scopul de a dezvolta comunicarea social\u0103, cultural\u0103 \u0219i comercial\u0103 prin utilizarea eficient\u0103 a serviciilor po\u0219tale \u2013 UPU nu intervine \u00een chestiuni care privesc domeniul intern al serviciilor po\u0219tale na\u021bionale, care sunt de competen\u021ba exclusiv\u0103 a statelor membre.<\/p>\n<p>\u00cen anul 2004, la 130 de ani de la \u00eenfiin\u021barea Uniunii Po\u0219tale Universale, Rom\u00e2nia a fost gazda celui de-al 23-lea Congres al acestei organiza\u021bii.<\/p>\n<p>Imaginile celor dou\u0103 m\u0103rci po\u0219tale ale emisiunii aniversare reproduc primele timbre rom\u00e2ne\u0219ti, cunoscutele \u201eCap de bour\u201d (valoarea nominal\u0103 de <strong>10 Lei<\/strong>) \u0219i o asociere a portretului lui George Lahovary la imaginea copertei mapei oficiale \u00een care se reg\u0103seau documentele Tratatului de \u00eenfiin\u021bare a Uniunii Generale Po\u0219tale (devenit\u0103 UPU), semnate de delega\u021bii participan\u021bi la Congresul de la Berna din 1874, printre care se reg\u0103se\u0219te \u0219i semn\u0103tura lui George Lahovary (valoarea nominal\u0103 de <strong>6 Lei<\/strong>). Emblema UPU \u0219i sigla aniversar\u0103, care marcheaz\u0103 \u00eemplinirea a 150 de ani de la \u00eenfiin\u021bare, completeaz\u0103 grafica celor dou\u0103 m\u0103rci po\u0219tale.<\/p>\n<p>Coli\u021ba filatelic\u0103 prezint\u0103 imaginea unei m\u0103rci po\u0219tale (valoarea nominal\u0103 de <strong>33 Lei<\/strong>) \u00een care steagul Rom\u00e2niei \u0219i sigla aniversar\u0103 a UPU formeaz\u0103 un ansamblu grafic care sugereaz\u0103 cu claritate evenimentul care constituie \u0219i subiect al emisiunii filatelice. Imaginea monumentului UPU de la Berna, asociat\u0103 cu cea a m\u0103rcii po\u0219tale \u0219i care red\u0103 statuar, purt\u0103torii de mesaje scrise reprezent\u00e2nd 5 continente ale globului p\u0103m\u00e2ntesc a\u0219a cum le g\u00e2ndise sculptorul Ren\u00e9 de St. Marceaux: Africa, Europa, Asia, America \u0219i Oceania, se constituie \u00eentr-un concept cu un mesaj u\u0219or de descifrat.<\/p>\n<p>Plicul \u201eprima zi\u201d reune\u0219te, \u00eentr-un concept grafic, imaginea unui desen-simbol al globului p\u0103m\u00e2ntesc cu sigla aniversar\u0103 (150 de ani UPU), cu elemente ale siglei oficiale, asociate cu un fundal cromatic recomandat de UPU pentru detalii grafice adiacente m\u0103rcilor po\u0219tale \u0219i produselor filatelice de colec\u021bie.<\/p>\n<p><em>Romfilatelia mul\u021bume\u0219te conducerii Uniunii Po\u0219tale Universale \u0219i colegilor de la Departamentul Comunicare din cadrul UPU pentru logo-urile furnizate precum \u0219i reprezentan\u021bilor Arhivelor Na\u021bionale ale Rom\u00e2niei pentru sprijinul documentar acordat la realizarea acestei emisiuni de m\u0103rci po\u0219tale.<\/em><\/p>\n<p><a href=\"https:\/\/romfilatelia.ro\/magazin\/wp-content\/uploads\/2024\/10\/caract_UPU-150-ani-Modificat.jpg\"><img decoding=\"async\" loading=\"lazy\" class=\"aligncenter size-full wp-image-2035042\" src=\"https:\/\/romfilatelia.ro\/magazin\/wp-content\/uploads\/2024\/10\/caract_UPU-150-ani-Modificat.jpg\" alt=\"\" width=\"1748\" height=\"1845\" srcset=\"https:\/\/romfilatelia.ro\/magazin\/wp-content\/uploads\/2024\/10\/caract_UPU-150-ani-Modificat.jpg 1748w, https:\/\/romfilatelia.ro\/magazin\/wp-content\/uploads\/2024\/10\/caract_UPU-150-ani-Modificat-284x300.jpg 284w, https:\/\/romfilatelia.ro\/magazin\/wp-content\/uploads\/2024\/10\/caract_UPU-150-ani-Modificat-768x811.jpg 768w, https:\/\/romfilatelia.ro\/magazin\/wp-content\/uploads\/2024\/10\/caract_UPU-150-ani-Modificat-1455x1536.jpg 1455w, https:\/\/romfilatelia.ro\/magazin\/wp-content\/uploads\/2024\/10\/caract_UPU-150-ani-Modificat-500x528.jpg 500w, https:\/\/romfilatelia.ro\/magazin\/wp-content\/uploads\/2024\/10\/caract_UPU-150-ani-Modificat-64x68.jpg 64w\" sizes=\"(max-width: 1748px) 100vw, 1748px\" \/><\/a><\/p>\n","protected":false},"excerpt":{"rendered":"<p>Cu ocazia anivers\u0103rii agen\u021biei specializate a Organiza\u021biei Na\u021biunilor Unite, Uniunea Po\u0219tal\u0103 Universal\u0103, Romfilatelia introduce \u00een circula\u021bie miercuri, 9 octombrie a.c., emisiunea Uniunea Po\u0219tal\u0103 Universal\u0103, 150 de ani, compus\u0103 din dou\u0103 m\u0103rci po\u0219tale, o coli\u021b\u0103 filatelic\u0103 dantelat\u0103, un plic \u201eprima zi\u201d \u0219i o map\u0103 filatelic\u0103 cu produse speciale \u00een tiraj limitat. Uniunea General\u0103 Po\u0219tal\u0103 a fost&hellip;&nbsp;<a href=\"https:\/\/romfilatelia.ro\/magazin\/produs\/colectii-anuale\/2024\/uniunea-postala-universala-150-de-ani\/\" class=\"\" rel=\"bookmark\">Cite\u0219te mai mult &raquo;<span class=\"screen-reader-text\">Uniunea Po\u0219tal\u0103 Universal\u0103, 150 de ani<\/span><\/a><\/p>\n","protected":false},"featured_media":2035043,"template":"","meta":{"neve_meta_sidebar":"","neve_meta_container":"","neve_meta_enable_content_width":"off","neve_meta_content_width":100,"neve_meta_title_alignment":"","neve_meta_author_avatar":"","neve_post_elements_order":"","neve_meta_disable_header":"","neve_meta_disable_footer":"","neve_meta_disable_title":""},"product_cat":[333,6],"product_tag":[],"_links":{"self":[{"href":"https:\/\/romfilatelia.ro\/magazin\/wp-json\/wp\/v2\/product\/2035040"}],"collection":[{"href":"https:\/\/romfilatelia.ro\/magazin\/wp-json\/wp\/v2\/product"}],"about":[{"href":"https:\/\/romfilatelia.ro\/magazin\/wp-json\/wp\/v2\/types\/product"}],"wp:featuredmedia":[{"embeddable":true,"href":"https:\/\/romfilatelia.ro\/magazin\/wp-json\/wp\/v2\/media\/2035043"}],"wp:attachment":[{"href":"https:\/\/romfilatelia.ro\/magazin\/wp-json\/wp\/v2\/media?parent=2035040"}],"wp:term":[{"taxonomy":"product_cat","embeddable":true,"href":"https:\/\/romfilatelia.ro\/magazin\/wp-json\/wp\/v2\/product_cat?post=2035040"},{"taxonomy":"product_tag","embeddable":true,"href":"https:\/\/romfilatelia.ro\/magazin\/wp-json\/wp\/v2\/product_tag?post=2035040"}],"curies":[{"name":"wp","href":"https:\/\/api.w.org\/{rel}","templated":true}]}}