{"id":2035010,"date":"2024-10-01T13:12:15","date_gmt":"2024-10-01T11:12:15","guid":{"rendered":"https:\/\/romfilatelia.ro\/magazin\/?post_type=product&#038;p=2035010"},"modified":"2024-10-01T13:20:14","modified_gmt":"2024-10-01T11:20:14","slug":"crizanteme","status":"publish","type":"product","link":"https:\/\/romfilatelia.ro\/magazin\/produs\/colectii-anuale\/2024\/crizanteme\/","title":{"rendered":"Crizanteme"},"content":{"rendered":"<p><a href=\"https:\/\/romfilatelia.ro\/magazin\/wp-content\/uploads\/2024\/10\/SITE_mc_Crizanteme.jpg\"><img decoding=\"async\" loading=\"lazy\" class=\"wp-image-2035011 size-medium alignleft\" src=\"https:\/\/romfilatelia.ro\/magazin\/wp-content\/uploads\/2024\/10\/SITE_mc_Crizanteme-210x300.jpg\" alt=\"\" width=\"210\" height=\"300\" srcset=\"https:\/\/romfilatelia.ro\/magazin\/wp-content\/uploads\/2024\/10\/SITE_mc_Crizanteme-210x300.jpg 210w, https:\/\/romfilatelia.ro\/magazin\/wp-content\/uploads\/2024\/10\/SITE_mc_Crizanteme-768x1096.jpg 768w, https:\/\/romfilatelia.ro\/magazin\/wp-content\/uploads\/2024\/10\/SITE_mc_Crizanteme-1077x1536.jpg 1077w, https:\/\/romfilatelia.ro\/magazin\/wp-content\/uploads\/2024\/10\/SITE_mc_Crizanteme-500x713.jpg 500w, https:\/\/romfilatelia.ro\/magazin\/wp-content\/uploads\/2024\/10\/SITE_mc_Crizanteme-64x91.jpg 64w, https:\/\/romfilatelia.ro\/magazin\/wp-content\/uploads\/2024\/10\/SITE_mc_Crizanteme.jpg 1181w\" sizes=\"(max-width: 210px) 100vw, 210px\" \/><\/a><strong>Romfilatelia<\/strong> introduce \u00een circula\u021bie <em>miercuri, 2 octombrie a.c.,<\/em> emisiunea de m\u0103rci po\u0219tale <strong><em>Crizanteme<\/em><\/strong>.<\/p>\n<p>Compus\u0103 din 4 m\u0103rci po\u0219tale cu valorile nominale de <strong>2 lei, 6 lei, 10 lei<\/strong> \u0219i <strong>25 lei<\/strong>, un plic \u201eprima zi\u201d, o map\u0103 filatelic\u0103 cu produs special \u00een tiraj limitat \u0219i un set de 4 c\u0103r\u021bi maxime pentru pasiona\u021bii de maximafilie.<\/p>\n<p>Emisiunea filatelic\u0103 prezint\u0103 iubitorilor de frumos imaginile unor flori cunoscute adesea sub numele de tuf\u0103nele, dumitri\u021be sau margarete de toamn\u0103, care, \u00een convingerea popular\u0103, simbolizeaz\u0103 frumuse\u021bea, longevitatea, \u0219i \u00eentinerirea. Este un simbol al optimismului \u0219i bucuriei. \u00cen Japonia, crizantemele sunt s\u0103rb\u0103torite anual cu ocazia Festivalului Fericirii. Crizantema a fost adoptat\u0103 \u0219i ca sigiliu al \u00cemp\u0103ratului Japoniei.<\/p>\n<p><strong>Crizantemele<\/strong> apar\u021bin genului botanic <em>Chrysanthemum<\/em> din familia Asteraceae (Compositae). Numele lor deriv\u0103 din cuvintele grece\u0219ti \u201echrysos\u201d care \u00eenseamn\u0103 aur \u0219i \u201eanthemon\u201d care \u00eenseamn\u0103 floare.<\/p>\n<p>Sunt cunoscute circa 200 de specii din genul <em>Chrysanthemum<\/em>, dar num\u0103rul exact este greu de precizat din cauza modific\u0103rilor taxonomice. Astfel, unele specii care au fost \u00eencadrate la genul <em>Chrysanthemum<\/em>, pot fi acum atribuite altor genuri cum ar fi <em>Leucanthemum<\/em>, <em>Leucanthemopsis<\/em>, <em>Argyranthemum<\/em>, <em>Tanacetum<\/em> etc. De exemplu, margareta era cunsocut\u0103 sub numele de <em>Chrysanthemum leucanthemum<\/em>. Acum, numele valid este <em>Leucanthemum vulgare<\/em>.<\/p>\n<p>Speciile genului <em>Chrysanthemum<\/em> sunt r\u0103sp\u00e2ndite \u00een estul Europei, Asia, Canada, America subarctic\u0103. \u00cen flora Rom\u00e2niei nu avem specii native de <em>Chrysanthemum<\/em>, dac\u0103 lu\u0103m \u00een calcul nomenclatura actual\u0103. \u00cen schimb, \u00een cultura ornamental\u0103 avem multe specii \u0219i nenum\u0103rate soiuri care provin de la acestea.<\/p>\n<p>Cele mai cunoscute sunt <em>Chrysanthemum indicum <\/em>(tuf\u0103nele sau dumitri\u021be), originare din China, Korea \u0219i Japonia, \u0219i <em>Chrysanthemum<\/em> \u00d7 <em>morifolium<\/em>, hibrid originar din China. Cele dou\u0103 specii sunt perene, cu \u00eenflorire anual\u0103, t\u00e2rzie (august \u2013 noiembrie). Inflorescen\u021bele sunt solitare sau numeroase, cu aspect foarte variat, de la cel asem\u0103n\u0103tor margaretelor, p\u00e2n\u0103 la forme globulare, cu flori ligulate drepte sau curbate, orientate spre exterior sau interior, mai \u00eenguste sau mai late, \u00eentr-o varietate mare de culori. Interesant este c\u0103 plantele de crizanteme pot fi conduse s\u0103 creasc\u0103 nu doar drept, ci \u0219i \u00een form\u0103 de cascad\u0103 sau bonsai.<\/p>\n<p>Crizantemele au fost introduse \u00een cultur\u0103 cu peste 2500 ani \u00een urm\u0103, \u00een China, unde, de altfel, sunt populare \u0219i \u00een prezent. De asemenea, crizantemele sunt foarte apreciate \u00een Japonia unde sunt folosite nu doar ca plante decorative, dar \u0219i pentru aromatizarea unor b\u0103uturi sau prepararea unor salate (florile proaspete).<\/p>\n<p>Cea mai bogat\u0103 \u0219i faimoas\u0103 colec\u021bie de crizanteme din \u021bara noastr\u0103 se afl\u0103 la Gr\u0103dina Botanic\u0103 \u201eAnastasie F\u0103tu\u201d a Universit\u0103\u021bii \u201eA. I. Cuza\u201d din Ia\u0219i. Aceast\u0103 colec\u021bie poate fi admirat\u0103 la sf\u00e2r\u0219it de octombrie \u2013 \u00eenceput de noiembrie \u00een cadrul expozi\u021biei \u201eFlori de toamn\u0103\u201d, organizat\u0103 anual \u00eencep\u00e2nd din 1976.<\/p>\n<p><em>Romfilatelia mul\u021bume\u0219te Dnei Prof. dr. Paulina Anastasiu, Directorul Gr\u0103dinii Botanice \u201eDimitrie Brandza\u201d a Universit\u0103\u021bii din Bucure\u0219ti pentru sprijinul documentar la realizarea acestei emisiuni de m\u0103rci po\u0219tale. <\/em><\/p>\n<p><a href=\"https:\/\/romfilatelia.ro\/magazin\/wp-content\/uploads\/2024\/10\/caract.jpg\"><img decoding=\"async\" loading=\"lazy\" class=\"aligncenter size-full wp-image-2035012\" src=\"https:\/\/romfilatelia.ro\/magazin\/wp-content\/uploads\/2024\/10\/caract.jpg\" alt=\"\" width=\"1712\" height=\"1147\" srcset=\"https:\/\/romfilatelia.ro\/magazin\/wp-content\/uploads\/2024\/10\/caract.jpg 1712w, https:\/\/romfilatelia.ro\/magazin\/wp-content\/uploads\/2024\/10\/caract-300x201.jpg 300w, https:\/\/romfilatelia.ro\/magazin\/wp-content\/uploads\/2024\/10\/caract-768x515.jpg 768w, https:\/\/romfilatelia.ro\/magazin\/wp-content\/uploads\/2024\/10\/caract-1536x1029.jpg 1536w, https:\/\/romfilatelia.ro\/magazin\/wp-content\/uploads\/2024\/10\/caract-500x335.jpg 500w, https:\/\/romfilatelia.ro\/magazin\/wp-content\/uploads\/2024\/10\/caract-64x43.jpg 64w\" sizes=\"(max-width: 1712px) 100vw, 1712px\" \/><\/a><\/p>\n","protected":false},"excerpt":{"rendered":"<p>Romfilatelia introduce \u00een circula\u021bie miercuri, 2 octombrie a.c., emisiunea de m\u0103rci po\u0219tale Crizanteme. Compus\u0103 din 4 m\u0103rci po\u0219tale cu valorile nominale de 2 lei, 6 lei, 10 lei \u0219i 25 lei, un plic \u201eprima zi\u201d, o map\u0103 filatelic\u0103 cu produs special \u00een tiraj limitat \u0219i un set de 4 c\u0103r\u021bi maxime pentru pasiona\u021bii de maximafilie.&hellip;&nbsp;<a href=\"https:\/\/romfilatelia.ro\/magazin\/produs\/colectii-anuale\/2024\/crizanteme\/\" class=\"\" rel=\"bookmark\">Cite\u0219te mai mult &raquo;<span class=\"screen-reader-text\">Crizanteme<\/span><\/a><\/p>\n","protected":false},"featured_media":2035013,"template":"","meta":{"neve_meta_sidebar":"","neve_meta_container":"","neve_meta_enable_content_width":"off","neve_meta_content_width":100,"neve_meta_title_alignment":"","neve_meta_author_avatar":"","neve_post_elements_order":"","neve_meta_disable_header":"","neve_meta_disable_footer":"","neve_meta_disable_title":""},"product_cat":[333,6],"product_tag":[],"_links":{"self":[{"href":"https:\/\/romfilatelia.ro\/magazin\/wp-json\/wp\/v2\/product\/2035010"}],"collection":[{"href":"https:\/\/romfilatelia.ro\/magazin\/wp-json\/wp\/v2\/product"}],"about":[{"href":"https:\/\/romfilatelia.ro\/magazin\/wp-json\/wp\/v2\/types\/product"}],"wp:featuredmedia":[{"embeddable":true,"href":"https:\/\/romfilatelia.ro\/magazin\/wp-json\/wp\/v2\/media\/2035013"}],"wp:attachment":[{"href":"https:\/\/romfilatelia.ro\/magazin\/wp-json\/wp\/v2\/media?parent=2035010"}],"wp:term":[{"taxonomy":"product_cat","embeddable":true,"href":"https:\/\/romfilatelia.ro\/magazin\/wp-json\/wp\/v2\/product_cat?post=2035010"},{"taxonomy":"product_tag","embeddable":true,"href":"https:\/\/romfilatelia.ro\/magazin\/wp-json\/wp\/v2\/product_tag?post=2035010"}],"curies":[{"name":"wp","href":"https:\/\/api.w.org\/{rel}","templated":true}]}}