{"id":2034975,"date":"2024-09-20T08:19:25","date_gmt":"2024-09-20T06:19:25","guid":{"rendered":"https:\/\/romfilatelia.ro\/magazin\/?post_type=product&#038;p=2034975"},"modified":"2024-09-20T08:28:06","modified_gmt":"2024-09-20T06:28:06","slug":"corali","status":"publish","type":"product","link":"https:\/\/romfilatelia.ro\/magazin\/produs\/colectii-anuale\/2024\/corali\/","title":{"rendered":"Corali"},"content":{"rendered":"<p><a href=\"https:\/\/romfilatelia.ro\/magazin\/wp-content\/uploads\/2024\/09\/SITE_mc_Corali.jpg\"><img decoding=\"async\" loading=\"lazy\" class=\"wp-image-2034976 size-medium alignleft\" src=\"https:\/\/romfilatelia.ro\/magazin\/wp-content\/uploads\/2024\/09\/SITE_mc_Corali-187x300.jpg\" alt=\"\" width=\"187\" height=\"300\" srcset=\"https:\/\/romfilatelia.ro\/magazin\/wp-content\/uploads\/2024\/09\/SITE_mc_Corali-187x300.jpg 187w, https:\/\/romfilatelia.ro\/magazin\/wp-content\/uploads\/2024\/09\/SITE_mc_Corali-768x1232.jpg 768w, https:\/\/romfilatelia.ro\/magazin\/wp-content\/uploads\/2024\/09\/SITE_mc_Corali-957x1536.jpg 957w, https:\/\/romfilatelia.ro\/magazin\/wp-content\/uploads\/2024\/09\/SITE_mc_Corali-500x802.jpg 500w, https:\/\/romfilatelia.ro\/magazin\/wp-content\/uploads\/2024\/09\/SITE_mc_Corali-64x103.jpg 64w, https:\/\/romfilatelia.ro\/magazin\/wp-content\/uploads\/2024\/09\/SITE_mc_Corali.jpg 1055w\" sizes=\"(max-width: 187px) 100vw, 187px\" \/><\/a>O emisiune filatelic\u0103 av\u00e2nd ca tematic\u0103 <em>Fauna<\/em>, va fi introdus\u0103 \u00een circula\u021bie de <strong>Romfilatelia<\/strong>, <em>vineri, 20 septembrie a.c.<\/em> sub titlul generic <strong><em>Corali<\/em><\/strong>. Elementele componente ale emisiunii includ 4 m\u0103rci po\u0219tale, un plic \u201eprima zi\u201d \u0219i 4 c\u0103r\u021bi maxime pentru pasiona\u021bii de maximafilie.<\/p>\n<p>Coralii apar\u021bin familiei nevertebratelor marine din clasa<em> Anthozoa<\/em>, \u00eencreng\u0103tura <em>Cnidaria<\/em>. Vie\u021buiesc \u00een colonii compacte care \u00eensumeaz\u0103 o mul\u021bime de polipi, uni\u021bi \u00eentre ei prin canale calcaroase.<br \/>\nDup\u0103 moartea polipilor, pe vechiul schelet se adaug\u0103 altul, form\u00e2nd ceea ce cunoa\u0219tem sub denumirea de recif coralier. Scheletul calcaros sau <em>m\u0103rgeanul<\/em>, este de obicei alb sau ro\u0219u \u0219i este folosit pentru realizarea unor obiecte de podoab\u0103.<\/p>\n<p>Coralii secret\u0103 carbonat de calciu, care materializat sub forma unei cupe scheletice, servesc ca baz\u0103 de ancorare a polipilor. Polipii conecta\u021bi lateral prin tuburile care reprezint\u0103 prelungiri ale cavit\u0103\u021bilor gastrovasculare ale polipilor se multiplic\u0103 prin \u00eenmul\u021bire asexuat\u0103.<\/p>\n<p>Coloniile de corali se reg\u0103sesc \u00een abisul apelor, dar recifurile se g\u0103sesc doar \u00een ape calde, limpezi \u0219i nepoluate, av\u00e2nd o limit\u0103 de ad\u00e2ncime egal\u0103 cu cea p\u00e2n\u0103 la care p\u0103trunde lumina, care asigur\u0103 fotosinteza algelor care tr\u0103iesc \u00een \u021besuturile polipilor \u0219i care asigur\u0103 energia acestora \u0219i par\u021bial hrana.<\/p>\n<p>Polipii de corali sunt, de regul\u0103, activi noaptea \u0219i se hr\u0103nesc cu plancton \u0219i materii organice plutitoare. Vie\u021buitoarele victime sunt capturate cu ajutorul celulelor urzic\u0103toare paralizante.<\/p>\n<p>Recifurile de corali (st\u00e2nci calcaroase formate din corali care tr\u0103iesc \u00een colonii \u00een apele m\u0103rilor calde), pot forma o barier\u0103 situat\u0103 paralel cu \u021b\u0103rmul, at\u00e2t la ad\u00e2ncimi de c\u00e2\u021biva metri, c\u00e2t \u0219i la ad\u00e2ncimi de peste 20 de metri. Ele reprezint\u0103 sisteme bio-ecologice, cu un rol deosebit de important \u00een procesul de formare \u00een m\u0103rile calde a unor <em>atoli<\/em> sau insule de origine coraligen\u0103.<\/p>\n<p>Coloniile de corali populeaz\u0103 zone de ad\u00e2ncimi diferite, ridic\u00e2ndu-se treptat prin sedimentarea scheletelor spre suprafa\u021ba m\u0103rii form\u00e2nd un ecosistem cu animale sau plante marine cu care tr\u0103iesc \u00eempreun\u0103.<\/p>\n<p>Cele patru m\u0103rci po\u0219tale ale emisiunii filatelice reproduc patru specii \u00eenscrise sub denumirile <em>Diploria labyrinthiformis, Acropora palmata, Acropora cervicornis, Zoanthus <\/em>sp.<\/p>\n<p><em>Diploria labyrinthiformis <\/em>(marca po\u0219tal\u0103 cu valoarea nominal\u0103 de <strong>5 Lei<\/strong>), se g\u0103se\u0219te \u00een vestul Oceanului Atlantic \u0219i Marea Caraibilor.<\/p>\n<p>Este singura specie a genului <em>Diploria<\/em>. De culoare maro, galben\u0103 sau gri, tr\u0103ie\u0219te la o ad\u00e2ncime de p\u00e2n\u0103 la cca 50 m. Poatre atinge 2 m \u00een diametru.<\/p>\n<p><em>Acropora palmata <\/em>(marca po\u0219tal\u0103 cu valoarea nominal\u0103 de <strong>10 Lei<\/strong>), denumit\u0103 datorit\u0103 formei \u0219i <em>coralul corn de elan<\/em> este r\u0103sp\u00e2ndit din sudul Floridei p\u00e2n\u0103 pe coastele de nord ale Venezuelei. Tr\u0103ie\u0219te la ad\u00e2ncime de cca 3,5 m, prezent\u00e2nd culorile galben \u0219i galben maroniu. Lungimea medie 0,75 m.<strong><em>\u00a0<\/em><\/strong><\/p>\n<p><em>Acropora cervicornis, <\/em>(marca po\u0219tal\u0103 cu valoarea nominal\u0103 de <strong>12 Lei<\/strong>), specie cunoscut\u0103 \u0219i sub numele de <em>coralul corn de cerb<\/em>, este reg\u0103sit\u0103 \u00een Marea Caraibilor, Mozambic, Mauritius, Oceanul Indian, Marea barier\u0103 de corali din Australia. Tr\u0103ie\u0219te p\u00e2n\u0103 la ad\u00e2ncimi de 20 m. Ramurile groase \u0219i drepte, dep\u0103\u0219esc 2 m. Se prezint\u0103 \u00een culorile maro deschis, bej, verde, albastru \u0219i violet.<\/p>\n<p><em>Zoanthus <\/em>sp, (marca po\u0219tal\u0103 cu valoarea nominal\u0103 de <strong>13 Lei<\/strong>), este genul reg\u0103sit \u00een multe zone printre care Golful Mexic, coastele estice ale Braziliei, Oceanul Indian, coastele Australiei. Este \u00eent\u00e2lnit \u0219i \u00een acvaristic\u0103 deoarece este u\u0219or de crescut \u0219i este apreciat pentru coloristica sa. Popular se nume\u0219te <em>polipi nasturi<\/em>. Culorile frecvente ro\u0219u, albastru, verde \u0219i violet.<\/p>\n<p><em>Romfilatelia mul\u021bume\u0219te Drd. Maxim-Jean B\u00e2lcu, cercet\u0103tor Sec\u021bia Cercetare Patrimoniu din cadrul Muzeului Na\u021bional de Istorie Natural\u0103 \u201eGrigore Antipa\u201d, pentru consultan\u021ba de specialitate acordat\u0103 la realizarea acestei emisiuni de m\u0103rci po\u0219tale.<\/em><\/p>\n<p><a href=\"https:\/\/romfilatelia.ro\/magazin\/wp-content\/uploads\/2024\/09\/caract-Corali.jpg\"><img decoding=\"async\" loading=\"lazy\" class=\"aligncenter size-full wp-image-2034977\" src=\"https:\/\/romfilatelia.ro\/magazin\/wp-content\/uploads\/2024\/09\/caract-Corali.jpg\" alt=\"\" width=\"1662\" height=\"1087\" srcset=\"https:\/\/romfilatelia.ro\/magazin\/wp-content\/uploads\/2024\/09\/caract-Corali.jpg 1662w, https:\/\/romfilatelia.ro\/magazin\/wp-content\/uploads\/2024\/09\/caract-Corali-300x196.jpg 300w, https:\/\/romfilatelia.ro\/magazin\/wp-content\/uploads\/2024\/09\/caract-Corali-768x502.jpg 768w, https:\/\/romfilatelia.ro\/magazin\/wp-content\/uploads\/2024\/09\/caract-Corali-1536x1005.jpg 1536w, https:\/\/romfilatelia.ro\/magazin\/wp-content\/uploads\/2024\/09\/caract-Corali-500x327.jpg 500w, https:\/\/romfilatelia.ro\/magazin\/wp-content\/uploads\/2024\/09\/caract-Corali-64x42.jpg 64w\" sizes=\"(max-width: 1662px) 100vw, 1662px\" \/><\/a><\/p>\n","protected":false},"excerpt":{"rendered":"<p>O emisiune filatelic\u0103 av\u00e2nd ca tematic\u0103 Fauna, va fi introdus\u0103 \u00een circula\u021bie de Romfilatelia, vineri, 20 septembrie a.c. sub titlul generic Corali. Elementele componente ale emisiunii includ 4 m\u0103rci po\u0219tale, un plic \u201eprima zi\u201d \u0219i 4 c\u0103r\u021bi maxime pentru pasiona\u021bii de maximafilie. Coralii apar\u021bin familiei nevertebratelor marine din clasa Anthozoa, \u00eencreng\u0103tura Cnidaria. Vie\u021buiesc \u00een colonii&hellip;&nbsp;<a href=\"https:\/\/romfilatelia.ro\/magazin\/produs\/colectii-anuale\/2024\/corali\/\" class=\"\" rel=\"bookmark\">Cite\u0219te mai mult &raquo;<span class=\"screen-reader-text\">Corali<\/span><\/a><\/p>\n","protected":false},"featured_media":2034978,"template":"","meta":{"neve_meta_sidebar":"","neve_meta_container":"","neve_meta_enable_content_width":"off","neve_meta_content_width":100,"neve_meta_title_alignment":"","neve_meta_author_avatar":"","neve_post_elements_order":"","neve_meta_disable_header":"","neve_meta_disable_footer":"","neve_meta_disable_title":""},"product_cat":[333,6],"product_tag":[],"_links":{"self":[{"href":"https:\/\/romfilatelia.ro\/magazin\/wp-json\/wp\/v2\/product\/2034975"}],"collection":[{"href":"https:\/\/romfilatelia.ro\/magazin\/wp-json\/wp\/v2\/product"}],"about":[{"href":"https:\/\/romfilatelia.ro\/magazin\/wp-json\/wp\/v2\/types\/product"}],"wp:featuredmedia":[{"embeddable":true,"href":"https:\/\/romfilatelia.ro\/magazin\/wp-json\/wp\/v2\/media\/2034978"}],"wp:attachment":[{"href":"https:\/\/romfilatelia.ro\/magazin\/wp-json\/wp\/v2\/media?parent=2034975"}],"wp:term":[{"taxonomy":"product_cat","embeddable":true,"href":"https:\/\/romfilatelia.ro\/magazin\/wp-json\/wp\/v2\/product_cat?post=2034975"},{"taxonomy":"product_tag","embeddable":true,"href":"https:\/\/romfilatelia.ro\/magazin\/wp-json\/wp\/v2\/product_tag?post=2034975"}],"curies":[{"name":"wp","href":"https:\/\/api.w.org\/{rel}","templated":true}]}}