{"id":2034962,"date":"2024-09-19T09:52:18","date_gmt":"2024-09-19T07:52:18","guid":{"rendered":"https:\/\/romfilatelia.ro\/magazin\/?post_type=product&#038;p=2034962"},"modified":"2024-09-19T09:52:19","modified_gmt":"2024-09-19T07:52:19","slug":"medalii-paralimpice-paris-2024","status":"publish","type":"product","link":"https:\/\/romfilatelia.ro\/magazin\/produs\/colectii-anuale\/2024\/medalii-paralimpice-paris-2024\/","title":{"rendered":"MEDALII PARALIMPICE, PARIS 2024"},"content":{"rendered":"<p><a href=\"https:\/\/www.romfilatelia.ro\/wp-content\/uploads\/2024\/09\/SITE_mc_Medalii-paralimpice-2024.jpg\"><img decoding=\"async\" loading=\"lazy\" class=\"alignleft wp-image-2046768\" src=\"https:\/\/www.romfilatelia.ro\/wp-content\/uploads\/2024\/09\/SITE_mc_Medalii-paralimpice-2024.jpg\" alt=\"\" width=\"650\" height=\"293\" \/><\/a>Pentru a onora performan\u021bele ob\u021binute de sportivii rom\u00e2ni la Jocurile Paralimpice din acest an, <strong>Romfilatelia<\/strong> introduce \u00een circula\u021bie <em>joi, 19 septembrie 2024<\/em>, emisiunea de m\u0103rci po\u0219tale <strong><em>Medalii paralimpice, Paris 2024. <\/em><\/strong><\/p>\n<p>Cele dou\u0103 timbre ale emisiunii sunt dedicate sportivilor paralimpici <strong><em>Camelia Ciripan<\/em><\/strong> (valoarea nominal\u0103 de <strong>6 Lei<\/strong>), care a ob\u021binut medalia de bronz \u00een proba de para tenis de mas\u0103, simplu feminin \u015fi lui<strong> <em>Alexandru Bologa<\/em> <\/strong>(valoarea nominal\u0103 de<strong> 13 Lei<\/strong>), c\u00e2\u0219tig\u0103tor al medaliei de aur \u00een proba de judo, \u00een cadrul categoriei 73 kg, nev\u0103z\u0103tori.<\/p>\n<p>Mi\u0219carea paralimpic\u0103 se afirm\u0103 ca activitate pe scar\u0103 larg\u0103 abia dup\u0103 al doilea r\u0103zboi mondial.<\/p>\n<p>Jocurile Stoke Mandeville, organizate ini\u021bial \u00een Regatul Unit, \u00een anul 1944, au devenit mai t\u00e2rziu Jocurile Paralimpice de Var\u0103, care au avut loc pentru prima dat\u0103 la Roma, Italia, \u00een 1960. La acest prim eveniment au participat 400 de sportivi din 23 de \u021b\u0103ri.<\/p>\n<p>Prima participare a Rom\u00e2niei la Jocurile Paralimpice a fost la edi\u021bia din 1972, de la Heidelberg (la tenis de mas\u0103), av\u00e2nd reprezentan\u021bi la Atlanta, \u00een 1996 \u0219i Sydney, \u00een 2000 (la powerlifting). Edi\u021bia de la Atena (2004) a fost prima la care Rom\u00e2nia a avut reprezentan\u021bi la dou\u0103 ramuri sportive: ciclism \u0219i powerlifting.<\/p>\n<p>Sportivii Jocurilor Paralimpice sunt grupa\u021bi \u00een \u015fase categorii majore: persoane cu deficien\u021be de vedere, persoane cu dizabilit\u0103\u021bi fizice, sportivi cu amput\u0103ri, persoane cu paralizie cerebral\u0103, persoane cu leziuni ale m\u0103duvei spin\u0103rii \u015fi ceilal\u021bi. Fiecare dintre aceste categorii are propriul sistem de clasificare, care difer\u0103 \u00een func\u021bie de sport.<\/p>\n<p><em>\u201e\u00centunericul dispare dac\u0103 vezi cu inima \u0219i cu mintea.\u201d<\/em><\/p>\n<p><strong><em>Alexandru Bologa<\/em><\/strong> este singurul judoka din Rom\u00e2nia cu deficien\u021b\u0103 total\u0103 de vedere. \u0218i-a pierdut vederea la v\u00e2rsta de 6 ani, iar \u00een sport a debutat cu \u00eenotul, trec\u00e2nd ulterior la judo. La aceast\u0103 disciplin\u0103, este dublu medaliat paralimpic cu bronz, la Jocurile Paralimpice de la Rio de Janeiro (2016) \u0219i Tokyo (2020).<\/p>\n<p>Medalia de aur c\u00e2\u0219tigat\u0103 la Paris 2024 \u00eencununeaz\u0103 efortul, devotamentul \u0219i ambi\u021bia acestui eminent sportiv pentru a accede \u00een r\u00e2ndul personalit\u0103\u021bilor de frunte ale sportului rom\u00e2nesc, impun\u00e2ndu-se ca emblem\u0103 a mi\u0219c\u0103rii sportive na\u021bionale.<\/p>\n<p>Pe man\u0219eta ilustrat\u0103 a minicolii cu valoarea\u00a0 nominal\u0103 de <strong>13 Lei<\/strong> este scris \u00een relief cu literele alfabetului Braille textul <em>\u201e\u00cen \u00eentuneric inima \u0219i mintea \u00ee\u021bi descoper\u0103 drumul\u201d.<\/em><\/p>\n<p><strong><em>Camelia Ciripan,<\/em><\/strong> port-drapelul Rom\u00e2niei la ceremonia de deschidere a Jocurilor Paralimpice Paris 2024, a c\u00e2\u0219tigat medalia de bronz la proba simplu feminin, fiind prima medalie ob\u021binut\u0103 de Rom\u00e2nia la Jocurile Paralimpice la tenis de mas\u0103.<\/p>\n<p>\u00cen noiembrie 2022 a fost medaliat\u0103 cu bronz la Campionatele Mondiale din Granada, Spania, la proba simplu feminin tenis de mas\u0103, fiind prima medalie c\u00e2\u0219tigat\u0103 de Rom\u00e2nia la un Campionat Mondial Para.<\/p>\n<p><em>Felicit\u0103ri, Alex \u0219i Camelia! Mult respect pentru antrenorii vo\u0219tri \u0219i celor ce v\u0103 sus\u021bin zi de zi pentru a v\u0103 reg\u0103si \u00een r\u00e2ndul \u00eenving\u0103torilor! <\/em><\/p>\n<p><em>Romfilatelia mul\u021bume\u0219te reprezentan\u021bilor Comitetului Na\u021bional Paralimpic pentru sprijinul acordat la realizarea acestei emisiuni de m\u0103rci po\u0219tale.<\/em><\/p>\n<p><a href=\"https:\/\/www.romfilatelia.ro\/wp-content\/uploads\/2024\/09\/caract.png\"><img decoding=\"async\" loading=\"lazy\" class=\"aligncenter wp-image-2046767 size-full\" src=\"https:\/\/www.romfilatelia.ro\/wp-content\/uploads\/2024\/09\/caract.png\" alt=\"\" width=\"1621\" height=\"1125\" \/><\/a><\/p>\n","protected":false},"excerpt":{"rendered":"<p>Pentru a onora performan\u021bele ob\u021binute de sportivii rom\u00e2ni la Jocurile Paralimpice din acest an, Romfilatelia introduce \u00een circula\u021bie joi, 19 septembrie 2024, emisiunea de m\u0103rci po\u0219tale Medalii paralimpice, Paris 2024. Cele dou\u0103 timbre ale emisiunii sunt dedicate sportivilor paralimpici Camelia Ciripan (valoarea nominal\u0103 de 6 Lei), care a ob\u021binut medalia de bronz \u00een proba de&hellip;&nbsp;<a href=\"https:\/\/romfilatelia.ro\/magazin\/produs\/colectii-anuale\/2024\/medalii-paralimpice-paris-2024\/\" class=\"\" rel=\"bookmark\">Cite\u0219te mai mult &raquo;<span class=\"screen-reader-text\">MEDALII PARALIMPICE, PARIS 2024<\/span><\/a><\/p>\n","protected":false},"featured_media":2034967,"template":"","meta":{"neve_meta_sidebar":"","neve_meta_container":"","neve_meta_enable_content_width":"off","neve_meta_content_width":100,"neve_meta_title_alignment":"","neve_meta_author_avatar":"","neve_post_elements_order":"","neve_meta_disable_header":"","neve_meta_disable_footer":"","neve_meta_disable_title":""},"product_cat":[333,6],"product_tag":[],"_links":{"self":[{"href":"https:\/\/romfilatelia.ro\/magazin\/wp-json\/wp\/v2\/product\/2034962"}],"collection":[{"href":"https:\/\/romfilatelia.ro\/magazin\/wp-json\/wp\/v2\/product"}],"about":[{"href":"https:\/\/romfilatelia.ro\/magazin\/wp-json\/wp\/v2\/types\/product"}],"wp:featuredmedia":[{"embeddable":true,"href":"https:\/\/romfilatelia.ro\/magazin\/wp-json\/wp\/v2\/media\/2034967"}],"wp:attachment":[{"href":"https:\/\/romfilatelia.ro\/magazin\/wp-json\/wp\/v2\/media?parent=2034962"}],"wp:term":[{"taxonomy":"product_cat","embeddable":true,"href":"https:\/\/romfilatelia.ro\/magazin\/wp-json\/wp\/v2\/product_cat?post=2034962"},{"taxonomy":"product_tag","embeddable":true,"href":"https:\/\/romfilatelia.ro\/magazin\/wp-json\/wp\/v2\/product_tag?post=2034962"}],"curies":[{"name":"wp","href":"https:\/\/api.w.org\/{rel}","templated":true}]}}