{"id":2034948,"date":"2024-09-17T08:34:56","date_gmt":"2024-09-17T06:34:56","guid":{"rendered":"https:\/\/romfilatelia.ro\/magazin\/?post_type=product&#038;p=2034948"},"modified":"2024-09-17T08:34:57","modified_gmt":"2024-09-17T06:34:57","slug":"curtea-de-conturi-a-romaniei-160-de-ani","status":"publish","type":"product","link":"https:\/\/romfilatelia.ro\/magazin\/produs\/colectii-anuale\/2024\/curtea-de-conturi-a-romaniei-160-de-ani\/","title":{"rendered":"Curtea de Conturi a Rom\u00e2niei, 160 de ani"},"content":{"rendered":"<p><strong><a href=\"https:\/\/www.romfilatelia.ro\/wp-content\/uploads\/2024\/09\/SITE_mc_Curtea-de-conturi-160-ani.jpg\"><img decoding=\"async\" loading=\"lazy\" class=\"alignleft wp-image-2046724\" src=\"https:\/\/www.romfilatelia.ro\/wp-content\/uploads\/2024\/09\/SITE_mc_Curtea-de-conturi-160-ani.jpg\" alt=\"\" width=\"600\" height=\"322\" \/><\/a>Romfilatelia<\/strong> introduce \u00een circula\u021bie, <em>miercuri, 18 septembrie a.c.<\/em><br \/>\no emisiune filatelic\u0103 menit\u0103 s\u0103 marcheze aniversarea a 160 de ani<br \/>\nde la \u00eenfiin\u021barea unei institu\u021bii de prim rang pentru un stat democratic modern, Curtea de Conturi a Rom\u00e2niei.<\/p>\n<p>Cele dou\u0103 m\u0103rci po\u0219tale \u0219i plicul \u201eprima zi\u201d ale emisiunii <strong><em>Curtea de Conturi a Rom\u00e2niei, 160 de ani<\/em><\/strong>, ilustreaz\u0103 \u00een imaginile lor portretul domnitorului Alexandru Ioan Cuza (valoarea nominal\u0103 de <strong>6 Lei<\/strong>) \u0219i al unuia dintre cei mai de seam\u0103 pre\u0219edin\u021bi ai institu\u021biei supreme de audit, George Ioan Lahovary (valoarea nominal\u0103 de <strong>22 Lei<\/strong>). Imaginea plicului \u201eprima zi\u201d prezint\u0103 arhitectura Palatului Cur\u021bii de Conturi inaugurat \u00een anul 1899 \u0219i facsimilul actului de inaugurare.<\/p>\n<p>Promotor al unor reforme menite s\u0103 aduc\u0103 Rom\u00e2nia \u00een r\u00e2ndul statelor moderne ale Europei, Alexandru Ioan Cuza a promulgat la 24 ianuarie 1864 legea de \u00eenfiin\u021bare a Cur\u021bii de Conturi, care avea ca obliga\u021bie principal\u0103 efectuarea controlului gestiunilor finan\u021belor publice, urm\u0103rind cu stricte\u021be cerin\u021bele administr\u0103rii legale, corecte \u0219i sistematice a acestora, cu scopul v\u0103dit de a satisface interesele de ordin general ale statului.<\/p>\n<p>Din dorin\u021ba de a scoate noua institu\u021bie de sub influen\u021ba politicului s-a acreditat ideea numirii pe via\u021b\u0103 a membrilor Cur\u021bii conferind o stabilitate a institu\u021biei menit\u0103 s\u0103-i asigure o activitate dinamic\u0103 \u0219i eficient\u0103.<\/p>\n<p>Importan\u021ba \u0219i prestigiul Cur\u021bii de Conturi au fost statuate \u0219i prin hot\u0103r\u00e2rea de a i se asigura un sediu propriu, corespunz\u0103tor exigen\u021belor \u0219i competen\u021belor profesionale ale angaja\u021bilor s\u0103i. Sub coordonarea arhitec\u021bilor Constantin B\u0103icoianu \u0219i Nicolae Cerchez a fost ridicat\u0103 o cl\u0103dire monumental\u0103, inaugurat\u0103 \u00een prezen\u021ba Regelui Carol I \u0219i a principelui Ferdinand, la 11\/23 mai 1899.<\/p>\n<p>Rolul Cur\u021bii de Conturi \u0219i rangul s\u0103u \u00een ierarhia institu\u021biilor statului<br \/>\nau fost consolidate de prevederile Constitu\u021biilor din 1866 \u0219i 1923, precum \u0219i prin alte legi speciale. \u00cen perioada interbelic\u0103, prin Legea adoptat\u0103 \u00een 1929, Cur\u021bii de Conturi \u00eei sunt \u00eent\u0103rite atribu\u021biile de control \u0219i judec\u0103tore\u0219ti, institu\u021bia primind acela\u0219i rang cu \u00cenalta Curte de Casa\u021bie.<\/p>\n<p>O perioad\u0103 dificil\u0103 a fost traversat\u0103 de Curtea de Conturi \u00een timpul crizei economice \u0219i anilor de r\u0103zboi, p\u00e2n\u0103 \u00een anul 1948 c\u00e2nd regimul totalitar comunist a desfiin\u021bat aceast\u0103 institu\u021bie de tradi\u021bie.<\/p>\n<p>Constitu\u021bia Rom\u00e2niei din 1991 a repus Curtea de Conturi \u00een r\u00e2ndul institu\u021biilor esen\u021biale ale statului democratic<em>. <\/em>Prin voin\u021ba Parlamentului, Legea privind organizarea \u0219i func\u021bionarea Cur\u021bii de Conturi a fost adoptat\u0103 \u0219i promulgat\u0103 \u00een 8 septembrie 1992.<\/p>\n<p>Dup\u0103 re\u00eenfiin\u021bare, Curtea de Conturi a primit multiple atribu\u021bii de control, cu inten\u021bia de a recupera c\u00e2t mai eficient eventualele prejudicii constatate. Tot \u00een acest timp, \u00een calitate de <em>institu\u021bie suprem\u0103 de audit<\/em>, \u0219i-a construit un profil interna\u021bional particip\u00e2nd activ \u00een organisme interna\u021bionale, ca membru al organiza\u021biilor institu\u021biilor supreme de audit INTOSAI (Organiza\u021bia Interna\u021bional\u0103 a Institu\u021biilor Supreme de Audit), EUROSAI (Organiza\u021bia European\u0103 a Institu\u021biilor Supreme de Audit), AISCCUF (Asocia\u021bia Institu\u021biilor Supreme de Audit Francofone).<\/p>\n<p>\u00cen anul 2005, \u00een cadrul Cur\u021bii de Conturi se \u00eenfiin\u021beaz\u0103 Autoritatea de Audit, care are ca principal obiectiv auditarea fondurilor europene acordate \u021b\u0103rii noastre.<\/p>\n<p>La sf\u00e2r\u0219itul anilor 2020, a demarat un amplu proces de reform\u0103, bazat pe standardele interna\u021bionale de audit \u0219i al c\u0103rui principal \u021bel a fost de a eficientiza activitatea de audit astfel \u00eenc\u00e2t Institu\u021bia Suprem\u0103 de Audit a Rom\u00e2niei s\u0103 devin\u0103 un sprijin real \u00een dezvoltarea sectorului public \u0219i gestionarea eficient\u0103 a fondurilor publice.<\/p>\n<p>Asist\u0103m la o schimbare a paradigmei, dorindu-se mai degrab\u0103 evitarea risipei publice printr-un audit constructiv, facilitat de o comunicare deschis\u0103 cu entit\u0103\u021bile auditate \u0219i finalizat cu recomand\u0103ri care s\u0103 contribuie la buna guvernan\u021b\u0103 a acestora.<\/p>\n<p><em>Romfilatelia mul\u021bume\u0219te reprezentan\u021bilor Cur\u021bii de Conturi a Rom\u00e2niei pentru sprijinul documentar acordat la realizarea acestei emisiuni de m\u0103rci po\u0219tale.<\/em><\/p>\n<p><a href=\"https:\/\/www.romfilatelia.ro\/wp-content\/uploads\/2024\/09\/caract_Curtea-de-conturi-a-Romaniei_160-de-ani.jpg\"><img decoding=\"async\" loading=\"lazy\" class=\"aligncenter wp-image-2046725 size-full\" src=\"https:\/\/www.romfilatelia.ro\/wp-content\/uploads\/2024\/09\/caract_Curtea-de-conturi-a-Romaniei_160-de-ani.jpg\" alt=\"\" width=\"1690\" height=\"1077\" \/><\/a><\/p>\n","protected":false},"excerpt":{"rendered":"<p>Romfilatelia introduce \u00een circula\u021bie, miercuri, 18 septembrie a.c. o emisiune filatelic\u0103 menit\u0103 s\u0103 marcheze aniversarea a 160 de ani de la \u00eenfiin\u021barea unei institu\u021bii de prim rang pentru un stat democratic modern, Curtea de Conturi a Rom\u00e2niei. Cele dou\u0103 m\u0103rci po\u0219tale \u0219i plicul \u201eprima zi\u201d ale emisiunii Curtea de Conturi a Rom\u00e2niei, 160 de ani,&hellip;&nbsp;<a href=\"https:\/\/romfilatelia.ro\/magazin\/produs\/colectii-anuale\/2024\/curtea-de-conturi-a-romaniei-160-de-ani\/\" class=\"\" rel=\"bookmark\">Cite\u0219te mai mult &raquo;<span class=\"screen-reader-text\">Curtea de Conturi a Rom\u00e2niei, 160 de ani<\/span><\/a><\/p>\n","protected":false},"featured_media":2034949,"template":"","meta":{"neve_meta_sidebar":"","neve_meta_container":"","neve_meta_enable_content_width":"off","neve_meta_content_width":100,"neve_meta_title_alignment":"","neve_meta_author_avatar":"","neve_post_elements_order":"","neve_meta_disable_header":"","neve_meta_disable_footer":"","neve_meta_disable_title":""},"product_cat":[333,6],"product_tag":[],"_links":{"self":[{"href":"https:\/\/romfilatelia.ro\/magazin\/wp-json\/wp\/v2\/product\/2034948"}],"collection":[{"href":"https:\/\/romfilatelia.ro\/magazin\/wp-json\/wp\/v2\/product"}],"about":[{"href":"https:\/\/romfilatelia.ro\/magazin\/wp-json\/wp\/v2\/types\/product"}],"wp:featuredmedia":[{"embeddable":true,"href":"https:\/\/romfilatelia.ro\/magazin\/wp-json\/wp\/v2\/media\/2034949"}],"wp:attachment":[{"href":"https:\/\/romfilatelia.ro\/magazin\/wp-json\/wp\/v2\/media?parent=2034948"}],"wp:term":[{"taxonomy":"product_cat","embeddable":true,"href":"https:\/\/romfilatelia.ro\/magazin\/wp-json\/wp\/v2\/product_cat?post=2034948"},{"taxonomy":"product_tag","embeddable":true,"href":"https:\/\/romfilatelia.ro\/magazin\/wp-json\/wp\/v2\/product_tag?post=2034948"}],"curies":[{"name":"wp","href":"https:\/\/api.w.org\/{rel}","templated":true}]}}