{"id":2034928,"date":"2024-09-16T09:08:48","date_gmt":"2024-09-16T07:08:48","guid":{"rendered":"https:\/\/romfilatelia.ro\/magazin\/?post_type=product&#038;p=2034928"},"modified":"2024-09-16T14:34:20","modified_gmt":"2024-09-16T12:34:20","slug":"emisiune-comuna-romania-india-costume-populare","status":"publish","type":"product","link":"https:\/\/romfilatelia.ro\/magazin\/produs\/colectii-anuale\/2024\/emisiune-comuna-romania-india-costume-populare\/","title":{"rendered":"Emisiune comun\u0103 Rom\u00e2nia-India Costume populare"},"content":{"rendered":"<p><strong><a href=\"https:\/\/www.romfilatelia.ro\/wp-content\/uploads\/2024\/09\/SITE_mc_Romania-India_costume-populare.jpg\"><img decoding=\"async\" loading=\"lazy\" class=\"alignleft wp-image-2046705\" src=\"https:\/\/www.romfilatelia.ro\/wp-content\/uploads\/2024\/09\/SITE_mc_Romania-India_costume-populare.jpg\" alt=\"\" width=\"550\" height=\"295\" \/><\/a>Romfilatelia<\/strong> introduce \u00een circula\u021bie, <em>mar\u021bi, 17 septembrie a.c. <\/em>emisiunea comun\u0103 de m\u0103rci po\u0219tale <strong>Rom\u00e2nia-India<\/strong> av\u00e2nd ca tem\u0103 <strong>Costume populare<\/strong>. Emisiunea include dou\u0103 m\u0103rci po\u0219tale \u0219i un plic \u201eprima zi\u201d \u00een care sunt prezentate costume populare apar\u021bin\u00e2nd unor cunoscute modele de \u00eembr\u0103c\u0103minte tradi\u021bionale din Rom\u00e2nia \u0219i India.<\/p>\n<p>Emisiunea filatelic\u0103 se \u00eenscrie ca un eveniment cultural remarcabil menit s\u0103 marcheze aniversarea a 75 de ani de rela\u021bii diplomatice rom\u00e2no-indiene.<\/p>\n<p>Rela\u021biile diplomatice au cunoscut o dinamic\u0103 vizibil\u0103, \u00eencep\u00e2nd cu anul 2013, c\u00e2nd a fost semnat\u0103 Declara\u021bia Comun\u0103, la New Delhi, privind Parteneriatul Extins \u00eentre Rom\u00e2nia \u0219i India. \u00cent\u00e2lnirile la nivel guvernamental organizate \u00een special dup\u0103 primele vizite reciproce din anul 2018, au condus la dezvoltarea colabor\u0103rii rom\u00e2no-indiene \u00een domenii importante cum ar fi: economie, comer\u021b, agricultur\u0103, industria petro-chimic\u0103, cultur\u0103, \u0219tiin\u021b\u0103 \u0219i tehnologie, \u00eenv\u0103\u021b\u0103m\u00e2nt superior \u0219i cercetare, turism etc. India ocup\u0103 \u00een prezent locul doi \u00een topul schimburilor comerciale ale Rom\u00e2niei cu zona asiatic\u0103.<\/p>\n<p>\u00cen domeniul cooper\u0103rii culturale merit\u0103 remarcate Lectoratul de limb\u0103, cultur\u0103 \u0219i civiliza\u021bie rom\u00e2neasc\u0103 din cadrul Universit\u0103\u021bii din Delhi, redeschis \u00een anul 2023, Sec\u021bia de Limba Hindi la Universitatea din Bucure\u0219ti \u0219i Centrul Clujan pentru Studii Indiene la Universitatea Babe\u0219-Bolyai din Cluj-Napoca, \u00eencep\u00e2nd cu luna decembrie 2024.<\/p>\n<p>Marca po\u0219tal\u0103 cu valoarea nominal\u0103 de <strong>4 Lei<\/strong> prezint\u0103 un tradi\u021bional ansamblu de costume indiene. Se remarc\u0103 costumul femeiesc <em>Lehenga Choli<\/em>: o fust\u0103 \u0219i o bluz\u0103 care reprezint\u0103 un costum de ceremonie. La fusta lung\u0103, plisat\u0103, de obicei brodat\u0103 se adaug\u0103 o bluz\u0103 croit\u0103 pe corp \u0219i un element reprezent\u00e2nd o \u021bes\u0103tur\u0103 <em>(odhani),<\/em> bogat decorat\u0103 cu elemente florale, care amplific\u0103 elegan\u021ba costumului.<\/p>\n<p>Costumul b\u0103rb\u0103tesc este compus din <em>dhoti <\/em>(asem\u0103n\u0103tor cu pantalonii) \u0219i <em>kurta<\/em>, o c\u0103ma\u0219\u0103 larg\u0103, f\u0103r\u0103 guler, realizat\u0103 \u00een mod tradi\u021bional din bumbac sau m\u0103tase. De men\u021bionat c\u0103 dhoti este realizat din p\u00e2nz\u0103 necusut\u0103, cu o lungime de cca. 4,5 metri, \u00eenf\u0103\u0219urat\u0103 \u00een jurul taliei \u0219i picioarelor \u0219i \u00eennodat\u0103 \u00een fa\u021b\u0103 sau \u00een spate.<\/p>\n<p>Marca po\u0219tal\u0103 cu valoarea nominal\u0103 de <strong>6 Lei<\/strong>, red\u0103 imaginea unui ansamblu de costume din Bihor la care se reg\u0103sesc, la costumul femeiesc c\u0103ma\u0219a <em>(sp\u0103toiul)<\/em> \u0219i poalele \u00eencre\u021bite pe betelie, cu mai multe volane. Basmaua lung\u0103 de ca\u0219mir \u0219i mai apoi sumanul (hain\u0103 lung\u0103 din postav de l\u00e2n\u0103) \u00eentregesc costumul. Costumul b\u0103rb\u0103tesc, cu c\u0103ma\u0219\u0103 scurt\u0103, pantaloni largi \u0219i \u0219or\u021bul de p\u00e2nz\u0103 <em>(zadia)<\/em> mai cuprinde c\u0103ciula de astrahan \u0219i cizmele lungi.<\/p>\n<p>Plicul \u201eprima zi\u201d reproduce \u00een grafica sa un fundal tematic cu cele dou\u0103 steaguri ale Rom\u00e2niei \u0219i Indiei.<\/p>\n<p><em>Romfilatelia mul\u021bume\u0219te reprezentan\u021bilor Departamentului Po\u0219telor din Ministerul Comunica\u021biilor, din cadrul Guvernului Indiei, Ambasadei Indiei la Bucure\u0219ti \u0219i partenerului nostru institu\u021bional, Muzeul Na\u021bional al Satului \u201eDimitrie Gusti\u201d, pentru colaborarea la realizarea acestei emisiuni de m\u0103rci po\u0219tale.<\/em><\/p>\n<p><a href=\"https:\/\/www.romfilatelia.ro\/wp-content\/uploads\/2024\/09\/caract_Romania-India_costume-populare.jpg\"><img decoding=\"async\" loading=\"lazy\" class=\"size-full wp-image-2046696 aligncenter\" src=\"https:\/\/www.romfilatelia.ro\/wp-content\/uploads\/2024\/09\/caract_Romania-India_costume-populare.jpg\" alt=\"\" width=\"1693\" height=\"1158\" \/><\/a><\/p>\n","protected":false},"excerpt":{"rendered":"<p>Romfilatelia introduce \u00een circula\u021bie, mar\u021bi, 17 septembrie a.c. emisiunea comun\u0103 de m\u0103rci po\u0219tale Rom\u00e2nia-India av\u00e2nd ca tem\u0103 Costume populare. Emisiunea include dou\u0103 m\u0103rci po\u0219tale \u0219i un plic \u201eprima zi\u201d \u00een care sunt prezentate costume populare apar\u021bin\u00e2nd unor cunoscute modele de \u00eembr\u0103c\u0103minte tradi\u021bionale din Rom\u00e2nia \u0219i India. Emisiunea filatelic\u0103 se \u00eenscrie ca un eveniment cultural remarcabil&hellip;&nbsp;<a href=\"https:\/\/romfilatelia.ro\/magazin\/produs\/colectii-anuale\/2024\/emisiune-comuna-romania-india-costume-populare\/\" class=\"\" rel=\"bookmark\">Cite\u0219te mai mult &raquo;<span class=\"screen-reader-text\">Emisiune comun\u0103 Rom\u00e2nia-India Costume populare<\/span><\/a><\/p>\n","protected":false},"featured_media":2034929,"template":"","meta":{"neve_meta_sidebar":"","neve_meta_container":"","neve_meta_enable_content_width":"off","neve_meta_content_width":100,"neve_meta_title_alignment":"","neve_meta_author_avatar":"","neve_post_elements_order":"","neve_meta_disable_header":"","neve_meta_disable_footer":"","neve_meta_disable_title":""},"product_cat":[333,6],"product_tag":[],"_links":{"self":[{"href":"https:\/\/romfilatelia.ro\/magazin\/wp-json\/wp\/v2\/product\/2034928"}],"collection":[{"href":"https:\/\/romfilatelia.ro\/magazin\/wp-json\/wp\/v2\/product"}],"about":[{"href":"https:\/\/romfilatelia.ro\/magazin\/wp-json\/wp\/v2\/types\/product"}],"wp:featuredmedia":[{"embeddable":true,"href":"https:\/\/romfilatelia.ro\/magazin\/wp-json\/wp\/v2\/media\/2034929"}],"wp:attachment":[{"href":"https:\/\/romfilatelia.ro\/magazin\/wp-json\/wp\/v2\/media?parent=2034928"}],"wp:term":[{"taxonomy":"product_cat","embeddable":true,"href":"https:\/\/romfilatelia.ro\/magazin\/wp-json\/wp\/v2\/product_cat?post=2034928"},{"taxonomy":"product_tag","embeddable":true,"href":"https:\/\/romfilatelia.ro\/magazin\/wp-json\/wp\/v2\/product_tag?post=2034928"}],"curies":[{"name":"wp","href":"https:\/\/api.w.org\/{rel}","templated":true}]}}