{"id":2034890,"date":"2024-09-02T13:56:38","date_gmt":"2024-09-02T11:56:38","guid":{"rendered":"https:\/\/romfilatelia.ro\/magazin\/?post_type=product&#038;p=2034890"},"modified":"2024-09-02T14:04:12","modified_gmt":"2024-09-02T12:04:12","slug":"vocea-tacerii","status":"publish","type":"product","link":"https:\/\/romfilatelia.ro\/magazin\/produs\/colectii-anuale\/2024\/vocea-tacerii\/","title":{"rendered":"Vocea T\u0103cerii"},"content":{"rendered":"<p><img decoding=\"async\" loading=\"lazy\" class=\"size-medium wp-image-2034891 alignleft\" src=\"https:\/\/romfilatelia.ro\/magazin\/wp-content\/uploads\/2024\/09\/SITE_Minicoli-Vocea-tacerii-300x152.jpg\" alt=\"\" width=\"300\" height=\"152\" srcset=\"https:\/\/romfilatelia.ro\/magazin\/wp-content\/uploads\/2024\/09\/SITE_Minicoli-Vocea-tacerii-300x152.jpg 300w, https:\/\/romfilatelia.ro\/magazin\/wp-content\/uploads\/2024\/09\/SITE_Minicoli-Vocea-tacerii-768x388.jpg 768w, https:\/\/romfilatelia.ro\/magazin\/wp-content\/uploads\/2024\/09\/SITE_Minicoli-Vocea-tacerii-1536x776.jpg 1536w, https:\/\/romfilatelia.ro\/magazin\/wp-content\/uploads\/2024\/09\/SITE_Minicoli-Vocea-tacerii-2048x1035.jpg 2048w, https:\/\/romfilatelia.ro\/magazin\/wp-content\/uploads\/2024\/09\/SITE_Minicoli-Vocea-tacerii-500x253.jpg 500w, https:\/\/romfilatelia.ro\/magazin\/wp-content\/uploads\/2024\/09\/SITE_Minicoli-Vocea-tacerii-64x32.jpg 64w\" sizes=\"(max-width: 300px) 100vw, 300px\" \/><\/p>\n<p align=\"justify\"><span style=\"font-family: Times New Roman, serif;\"><span lang=\"ro-RO\"><i><b>Sentimente de \u00een\u021belegere, grij\u0103 \u0219i sprijin pentru semenii no\u0219tri cu deficien\u021be de auz!<\/b><\/i><\/span><\/span><\/p>\n<p align=\"justify\"><span style=\"font-family: Times New Roman, serif;\"><span lang=\"ro-RO\"><b>Romfilatelia<\/b><\/span><\/span><span style=\"font-family: Times New Roman, serif;\"><span lang=\"ro-RO\"> introduce \u00een circula\u021bie <\/span><\/span><span style=\"font-family: Times New Roman, serif;\"><span lang=\"ro-RO\"><i>miercuri, 4 septembrie a.c.<\/i><\/span><\/span><span style=\"font-family: Times New Roman, serif;\"><span lang=\"ro-RO\"> o emisiune filatelic\u0103 al c\u0103rui subiect abordeaz\u0103 o situa\u021bie social\u0103 deosebit\u0103 care are \u00een vedere persoanele cu deficien\u021be de auz. Realizat\u0103 cu sprijinul nemijlocit al Asocia\u021biei Na\u021bionale a Surzilor din Rom\u00e2nia (ANSR), emisiunea intitulat\u0103 sugestiv <\/span><\/span><span style=\"font-family: Times New Roman, serif;\"><span lang=\"ro-RO\"><i><b>\u201eVocea T\u0103cerii\u201d<\/b><\/i><\/span><\/span><span style=\"font-family: Times New Roman, serif;\"><span lang=\"ro-RO\">, se dore\u0219te a fi un mijloc activ de promovare al \u00een\u021belegerii \u0219i sprijinului pentru semenii no\u0219tri cu dizabilit\u0103\u021bi. <\/span><\/span><\/p>\n<p align=\"justify\"><span style=\"font-family: Times New Roman, serif;\"><span lang=\"ro-RO\">Marca po\u0219tal\u0103 (valoarea nominal\u0103 de <\/span><\/span><span style=\"font-family: Times New Roman, serif;\"><span lang=\"ro-RO\"><b>25 lei<\/b><\/span><\/span><span style=\"font-family: Times New Roman, serif;\"><span lang=\"ro-RO\">) \u0219i plicul \u201eprima zi\u201d, elemente ale emisiunii, ilustreaz\u0103 situa\u021bii concrete de prezentare a ceea ce se cunoa\u0219te sub denumirea de limbaj \u201emimico-gestual\u201d, \u00een care alfabetul m\u00e2inilor, inventat de educatorul \u0219i filantropul francez Charles de l\u2019\u00c9p\u00e9e, este folosit \u00een dialogul cu persoanele care sufer\u0103 de surditate. <\/span><\/span><\/p>\n<p align=\"justify\"><span style=\"font-family: Times New Roman, serif;\"><span lang=\"ro-RO\">Pentru a sugera pe \u00een\u021belesul tuturor \u201ealfabetul m\u00e2inilor\u201d, \u00een grafica plicului \u201eprima zi\u201d, literele titlurilor \u0219i ale siglei ANSR sunt \u00eenso\u021bite de literele alfabetului surzilor, realizate vizual cu ajutorul pozi\u021biilor diverse ale degetelor de la m\u00e2ini. <\/span><\/span><\/p>\n<p align=\"justify\"><span style=\"font-family: Times New Roman, serif;\"><span lang=\"ro-RO\">Asocia\u021bia Na\u021bional\u0103 a Surzilor din Rom\u00e2nia (ANSR) este o organiza\u021bie neguvernamental\u0103, independent\u0103, necondi\u021bionat\u0103 politic \u0219i religios, cu personalitate juridic\u0103, de utilitate public\u0103, care ap\u0103r\u0103 \u0219i promoveaz\u0103 drepturile \u0219i interesele sociale, profesionale, culturale \u0219i educative ale persoanelor cu deficien\u021be de auz pentru incluziunea social\u0103 \u0219i egalizarea \u0219anselor. ANSR are o istorie de 105 ani, fiind continuatoarea \u201eSociet\u0103\u021bii Amicale a Surdo-Mu\u021bilor din Rom\u00e2nia\u201d, \u00eenfiin\u021bate \u00een noiembrie 1919. Este organiza\u021bia reprezentativ\u0103, la nivel na\u021bional \u0219i interna\u021bional, a persoanelor cu deficien\u021be de auz din \u021bara noastr\u0103, membr\u0103 a Federa\u021biei Mondiale a Surzilor \u0219i a Uniunii Europene a Surzilor \u0219i membr\u0103 fondatoare a Consiliului Na\u021bional al Dizabilit\u0103\u021bii din Rom\u00e2nia. <\/span><\/span><\/p>\n<p align=\"justify\"><span style=\"font-family: Times New Roman, serif;\"><span lang=\"ro-RO\">Revista ANSR este \u201eVocea T\u0103cerii\u201d, ap\u0103rut\u0103 pentru prima dat\u0103 \u00een anul 1932 sub denumirea \u201eR\u0103s\u0103ritul nostru\u201d. Ulterior, aceasta s-a mai numit \u201eGazeta Surdo-Mu\u021bilor\u201d \u0219i \u201eVia\u021ba Noastr\u0103\u201d, p\u00e2n\u0103 la stabilirea denumirii actuale, una sugestiv\u0103 pentru efortul continuu al comunit\u0103\u021bii de afirmare \u0219i recunoa\u0219tere \u00een r\u00e2ndul majorit\u0103\u021bii auzitoare.<\/span><\/span><\/p>\n<p align=\"justify\"><span style=\"font-family: Times New Roman, serif;\"><span lang=\"ro-RO\">Pentru atingerea idealului incluziunii depline, ANSR a organizat de-a lungul deceniilor de existen\u021b\u0103 numeroase ac\u021biuni, evenimente, seminarii, conferin\u021be \u0219i a dezvoltat \u0219i implementat proiecte din domenii variate care s\u0103 serveasc\u0103 intereselor tuturor beneficiarilor cu care intr\u0103 \u00een contact. <\/span><\/span><\/p>\n<p align=\"justify\"><span style=\"font-family: Times New Roman, serif;\"><span lang=\"ro-RO\">Prin cele 37 de filiale, ANSR ofer\u0103 servicii pentru mii de beneficiari cu deficien\u021be de auz \u00een fiecare an, de la interpretare \u00een limba semnelor rom\u00e2ne la sprijin pentru integrarea profesional\u0103 \u0219i consiliere pentru dob\u00e2ndirea de facilit\u0103\u021bi \u0219i exercitarea drepturilor.<\/span><\/span><\/p>\n<p align=\"justify\"><span style=\"font-family: Times New Roman, serif;\"><span lang=\"ro-RO\"><i>Romfilatelia mul\u021bume\u0219te reprezentan\u021bilor Asocia\u021biei Na\u021bionale a Surzilor din Rom\u00e2nia (ANSR) pentru colaborarea \u0219i sprijinul documentar acordat la realizarea acestei emisiuni de m\u0103rci po\u0219tale. <\/i><\/span><\/span><\/p>\n<p align=\"justify\"><img decoding=\"async\" loading=\"lazy\" class=\"aligncenter wp-image-2034892 size-full\" src=\"https:\/\/romfilatelia.ro\/magazin\/wp-content\/uploads\/2024\/09\/caract.jpg\" alt=\"\" width=\"1700\" height=\"1116\" srcset=\"https:\/\/romfilatelia.ro\/magazin\/wp-content\/uploads\/2024\/09\/caract.jpg 1700w, https:\/\/romfilatelia.ro\/magazin\/wp-content\/uploads\/2024\/09\/caract-300x197.jpg 300w, https:\/\/romfilatelia.ro\/magazin\/wp-content\/uploads\/2024\/09\/caract-768x504.jpg 768w, https:\/\/romfilatelia.ro\/magazin\/wp-content\/uploads\/2024\/09\/caract-1536x1008.jpg 1536w, https:\/\/romfilatelia.ro\/magazin\/wp-content\/uploads\/2024\/09\/caract-500x328.jpg 500w, https:\/\/romfilatelia.ro\/magazin\/wp-content\/uploads\/2024\/09\/caract-64x42.jpg 64w\" sizes=\"(max-width: 1700px) 100vw, 1700px\" \/><\/p>\n","protected":false},"excerpt":{"rendered":"<p>Sentimente de \u00een\u021belegere, grij\u0103 \u0219i sprijin pentru semenii no\u0219tri cu deficien\u021be de auz! Romfilatelia introduce \u00een circula\u021bie miercuri, 4 septembrie a.c. o emisiune filatelic\u0103 al c\u0103rui subiect abordeaz\u0103 o situa\u021bie social\u0103 deosebit\u0103 care are \u00een vedere persoanele cu deficien\u021be de auz. Realizat\u0103 cu sprijinul nemijlocit al Asocia\u021biei Na\u021bionale a Surzilor din Rom\u00e2nia (ANSR), emisiunea intitulat\u0103&hellip;&nbsp;<a href=\"https:\/\/romfilatelia.ro\/magazin\/produs\/colectii-anuale\/2024\/vocea-tacerii\/\" class=\"\" rel=\"bookmark\">Cite\u0219te mai mult &raquo;<span class=\"screen-reader-text\">Vocea T\u0103cerii<\/span><\/a><\/p>\n","protected":false},"featured_media":2034893,"template":"","meta":{"neve_meta_sidebar":"","neve_meta_container":"","neve_meta_enable_content_width":"off","neve_meta_content_width":100,"neve_meta_title_alignment":"","neve_meta_author_avatar":"","neve_post_elements_order":"","neve_meta_disable_header":"","neve_meta_disable_footer":"","neve_meta_disable_title":""},"product_cat":[333,6],"product_tag":[],"_links":{"self":[{"href":"https:\/\/romfilatelia.ro\/magazin\/wp-json\/wp\/v2\/product\/2034890"}],"collection":[{"href":"https:\/\/romfilatelia.ro\/magazin\/wp-json\/wp\/v2\/product"}],"about":[{"href":"https:\/\/romfilatelia.ro\/magazin\/wp-json\/wp\/v2\/types\/product"}],"wp:featuredmedia":[{"embeddable":true,"href":"https:\/\/romfilatelia.ro\/magazin\/wp-json\/wp\/v2\/media\/2034893"}],"wp:attachment":[{"href":"https:\/\/romfilatelia.ro\/magazin\/wp-json\/wp\/v2\/media?parent=2034890"}],"wp:term":[{"taxonomy":"product_cat","embeddable":true,"href":"https:\/\/romfilatelia.ro\/magazin\/wp-json\/wp\/v2\/product_cat?post=2034890"},{"taxonomy":"product_tag","embeddable":true,"href":"https:\/\/romfilatelia.ro\/magazin\/wp-json\/wp\/v2\/product_tag?post=2034890"}],"curies":[{"name":"wp","href":"https:\/\/api.w.org\/{rel}","templated":true}]}}