{"id":2034867,"date":"2024-08-27T11:58:37","date_gmt":"2024-08-27T09:58:37","guid":{"rendered":"https:\/\/romfilatelia.ro\/magazin\/?post_type=product&#038;p=2034867"},"modified":"2024-08-27T11:58:59","modified_gmt":"2024-08-27T09:58:59","slug":"muzeul-national-de-istorie-a-transilvaniei-colectii","status":"publish","type":"product","link":"https:\/\/romfilatelia.ro\/magazin\/produs\/colectii-anuale\/2024\/muzeul-national-de-istorie-a-transilvaniei-colectii\/","title":{"rendered":"Muzeul Na\u021bional de Istorie a Transilvaniei. Colec\u021bii"},"content":{"rendered":"<p><strong><a href=\"https:\/\/www.romfilatelia.ro\/wp-content\/uploads\/2024\/08\/SITE_mc_Muzeul-de-istorie-a-Transilvaniei.jpg\"><img decoding=\"async\" loading=\"lazy\" class=\"alignleft wp-image-2046630\" src=\"https:\/\/www.romfilatelia.ro\/wp-content\/uploads\/2024\/08\/SITE_mc_Muzeul-de-istorie-a-Transilvaniei.jpg\" alt=\"\" width=\"550\" height=\"580\" \/><\/a>Romfilatelia<\/strong> \u00eentroduce \u00een circula\u021bie, <em>mar\u021bi 27 august a.c.<\/em> o nou\u0103 emisiune filatelic\u0103 sub titlul<strong> <em>Muzeul Na\u021bional de Istorie a Transilvaniei. Colec\u021bii<\/em><\/strong>, alc\u0103tuit\u0103 din 4 m\u0103rci po\u0219tale \u0219i un plic \u201eprima zi\u201d.<\/p>\n<p>&nbsp;<\/p>\n<p>Subiect al istoriei \u021b\u0103rii, colec\u021biile muzeului reflect\u0103 perioade care cuprind domenii ale artei, culturii, me\u0219te\u0219ugarilor \u0219i existen\u021bei civiliza\u021bilor istorice, \u00eencep\u00e2nd cu perioada antichit\u0103\u021bii, p\u00e2n\u0103 \u00een prezent.<\/p>\n<p>&nbsp;<\/p>\n<p>Patrimoniul muzeului cu peste 450.000 de obiecte, ofer\u0103 acestei institu\u021bii a Transilvaniei, un rol de lider \u00een domeniul cultural, al educa\u021biei \u0219i construirii unei noi indentit\u0103\u021bi. Reunind pove\u0219tile sutelor de mii de obiecte din zestrea sa, muzeul contureaz\u0103 istoria \u0219i identitatea Transilvaniei,<br \/>\npe care v\u0103 invit\u0103m s\u0103 o descoperi\u021bi.<\/p>\n<p>&nbsp;<\/p>\n<p>Muzeul Na\u021bional de Istorie a Transilvaniei a fost \u00eenfiin\u021bat ca institu\u021bie de sine st\u0103t\u0103toare \u00een anul 1963, c\u00e2nd a primit numele de Muzeul de Istorie din Cluj. Institu\u021bia muzeal\u0103 mo\u0219tenea colec\u021bii arheologice, numismatice \u0219i istorice valoroase de la Societatea Muzeului Ardelean, \u00eenfiin\u021bat\u0103 \u00een anul 1859, \u0219i Muzeul de Antichit\u0103\u021bi, \u00eenfiin\u021bat \u00een anul 1933. \u00cen actuala loca\u021bie, muzeul a \u00eenceput s\u0103 func\u021bioneze din anul 1912, suferind de-a lungul timpului mai multe etape de transformare \u0219i modernizare. Din anul 1994 institu\u021bia muzeal\u0103 este clasificat\u0103 ca fiind de importan\u021b\u0103 na\u021bional\u0103.<\/p>\n<p>&nbsp;<\/p>\n<p>Din multitudinea de bunuri culturale, m\u0103rcile po\u0219tale reproduc \u00een imaginile lor urm\u0103toarele exponate:<\/p>\n<p>&nbsp;<\/p>\n<p>Timbrul cu valoarea nominal\u0103 de <strong>4 Lei<\/strong> ilustreaz\u0103<strong> <em>un relief cu imaginea Cavalerului Trac<\/em> <\/strong>apar\u021bin\u00e2nd epocii romane din sec. II-III p. Chr. descoperit la Gil\u0103u (jud. Cluj).<\/p>\n<p>&nbsp;<\/p>\n<p>Timbrul cu valoarea nominal\u0103 de <strong>5 Lei<\/strong> reproduce imaginea unui <strong><em>ulcior pentru vin<\/em> <\/strong>(oenochoe \u00een vechea greac\u0103), provenien\u021b\u0103 Magna Grecia (sudul Italiei), 335-325 a. Chr.<\/p>\n<p>&nbsp;<\/p>\n<p>Timbrul cu valoarea nominal\u0103 de <strong>10 Lei<\/strong> prezint\u0103 o <strong><em>geant\u0103 de cavalerie<\/em> <\/strong>(sabreta\u0219) din piele \u0219i velur, decorat\u0103 cu fir de argint, sec. XVII-XVIII.<\/p>\n<p>&nbsp;<\/p>\n<p>Pe timbrul cu valoarea nominal\u0103 de <strong>13 Lei<\/strong> este reprodus\u0103 imaginea unei <strong><em>carafe de sticl\u0103,<\/em> <\/strong>sec. XVII, provenien\u021b\u0103 situl arheologic Porumbacu (Sibiu).<\/p>\n<p>&nbsp;<\/p>\n<p>Plicul \u201eprima zi\u201d reproduce pe fundal imaginea sediului <strong>Muzeului Na\u021bional de Istorie a Transilvaniei<\/strong>. \u00cen prim plan sunt redate imaginile unei m\u0103\u0219ti din bronz purtat\u0103 la par\u0103zile ecvestre, apar\u021bin\u00e2nd epocii romane, sec II p.Chr. (situl arheologic Gil\u0103u, jud. Cluj), respectiv a unui vas ceramic cu patru lobi, sec. XVI-XIV a. Chr. (situl arheologic Cluj-Napoca).<\/p>\n<p>&nbsp;<\/p>\n<p><em>Romfilatelia mul\u021bume\u0219te speciali\u0219tilor din cadrul Muzeului Na\u021bional de Istorie a Transilvaniei, pentru sprijinul documentar oferit la realizarea acestei emisiuni de m\u0103rci po\u0219tale.<\/em><\/p>\n<p><a href=\"https:\/\/www.romfilatelia.ro\/wp-content\/uploads\/2024\/08\/carat_Muzeul-de-istorie-a-Transilvaniei.jpg\"><img decoding=\"async\" loading=\"lazy\" class=\"aligncenter wp-image-2046631 size-full\" src=\"https:\/\/www.romfilatelia.ro\/wp-content\/uploads\/2024\/08\/carat_Muzeul-de-istorie-a-Transilvaniei.jpg\" alt=\"\" width=\"1701\" height=\"1074\" \/><\/a><\/p>\n","protected":false},"excerpt":{"rendered":"<p>Romfilatelia \u00eentroduce \u00een circula\u021bie, mar\u021bi 27 august a.c. o nou\u0103 emisiune filatelic\u0103 sub titlul Muzeul Na\u021bional de Istorie a Transilvaniei. Colec\u021bii, alc\u0103tuit\u0103 din 4 m\u0103rci po\u0219tale \u0219i un plic \u201eprima zi\u201d. &nbsp; Subiect al istoriei \u021b\u0103rii, colec\u021biile muzeului reflect\u0103 perioade care cuprind domenii ale artei, culturii, me\u0219te\u0219ugarilor \u0219i existen\u021bei civiliza\u021bilor istorice, \u00eencep\u00e2nd cu perioada antichit\u0103\u021bii,&hellip;&nbsp;<a href=\"https:\/\/romfilatelia.ro\/magazin\/produs\/colectii-anuale\/2024\/muzeul-national-de-istorie-a-transilvaniei-colectii\/\" class=\"\" rel=\"bookmark\">Cite\u0219te mai mult &raquo;<span class=\"screen-reader-text\">Muzeul Na\u021bional de Istorie a Transilvaniei. Colec\u021bii<\/span><\/a><\/p>\n","protected":false},"featured_media":2034868,"template":"","meta":{"neve_meta_sidebar":"","neve_meta_container":"","neve_meta_enable_content_width":"off","neve_meta_content_width":100,"neve_meta_title_alignment":"","neve_meta_author_avatar":"","neve_post_elements_order":"","neve_meta_disable_header":"","neve_meta_disable_footer":"","neve_meta_disable_title":""},"product_cat":[333,6],"product_tag":[],"_links":{"self":[{"href":"https:\/\/romfilatelia.ro\/magazin\/wp-json\/wp\/v2\/product\/2034867"}],"collection":[{"href":"https:\/\/romfilatelia.ro\/magazin\/wp-json\/wp\/v2\/product"}],"about":[{"href":"https:\/\/romfilatelia.ro\/magazin\/wp-json\/wp\/v2\/types\/product"}],"wp:featuredmedia":[{"embeddable":true,"href":"https:\/\/romfilatelia.ro\/magazin\/wp-json\/wp\/v2\/media\/2034868"}],"wp:attachment":[{"href":"https:\/\/romfilatelia.ro\/magazin\/wp-json\/wp\/v2\/media?parent=2034867"}],"wp:term":[{"taxonomy":"product_cat","embeddable":true,"href":"https:\/\/romfilatelia.ro\/magazin\/wp-json\/wp\/v2\/product_cat?post=2034867"},{"taxonomy":"product_tag","embeddable":true,"href":"https:\/\/romfilatelia.ro\/magazin\/wp-json\/wp\/v2\/product_tag?post=2034867"}],"curies":[{"name":"wp","href":"https:\/\/api.w.org\/{rel}","templated":true}]}}