{"id":2034821,"date":"2024-08-23T10:54:39","date_gmt":"2024-08-23T08:54:39","guid":{"rendered":"https:\/\/romfilatelia.ro\/magazin\/?post_type=product&#038;p=2034821"},"modified":"2024-08-27T09:57:16","modified_gmt":"2024-08-27T07:57:16","slug":"medalii-olimpice-paris-2024","status":"publish","type":"product","link":"https:\/\/romfilatelia.ro\/magazin\/produs\/colectii-anuale\/2024\/medalii-olimpice-paris-2024\/","title":{"rendered":"Medalii Olimpice Paris 2024"},"content":{"rendered":"<p><strong><a href=\"https:\/\/www.romfilatelia.ro\/wp-content\/uploads\/2024\/08\/SITE_mc_MEDALII-OLIMPICE.jpg\"><img decoding=\"async\" loading=\"lazy\" class=\"alignleft wp-image-2046620\" src=\"https:\/\/www.romfilatelia.ro\/wp-content\/uploads\/2024\/08\/SITE_mc_MEDALII-OLIMPICE.jpg\" alt=\"\" width=\"550\" height=\"561\" \/><\/a>Romfilatelia<\/strong> introduce \u00een circula\u021bie <em>vineri, 23 august a.c.<\/em>, emisiunea filatelic\u0103 <strong><em>Medalii Olimpice &#8211; Paris 2024<\/em><\/strong>, alc\u0103tuit\u0103 din \u0219apte m\u0103rci po\u0219tale, o coli\u021b\u0103 nedantelat\u0103 \u0219i un set de trei plicuri \u201eprima zi\u201d, \u00een cadrul c\u0103reia sunt ilustrate imaginile laurea\u021bilor la disciplinele sportive la care \u021bara noastr\u0103 a avut participan\u021bi.<\/p>\n<p>&nbsp;<\/p>\n<p>Nou\u0103 medalii \u2013 trei de aur, patru de argint \u0219i dou\u0103 de bronz \u2013 alc\u0103tuiesc \u201erecolta\u201d cu care s-au \u00eentors acas\u0103 sportivii rom\u00e2ni participan\u021bi la Jocurile Olimpice de Var\u0103 Paris 2024, desf\u0103\u0219urate \u00een perioada 26 iulie \u2013 11 august 2024.<\/p>\n<p>&nbsp;<\/p>\n<p>Sporturile la care au ob\u021binut aceste rezultate remarcabile sunt \u00eenot (100 m liber \u0219i 200 m liber), dublu v\u00e2sle masculin, dublu v\u00e2sle feminin categoria u\u0219oar\u0103, dublu rame feminin, canotaj (8+1), dublu rame feminin, gimnastic\u0103 feminin \u0219i haltere (49 kg).<\/p>\n<p>&nbsp;<\/p>\n<p>Imaginile sportivilor rom\u00e2ni prezen\u021bi pe podiumurile de premiere sunt reprezentate astfel pe m\u0103rcile po\u0219tale ale emisiunii:<\/p>\n<p>&nbsp;<\/p>\n<p>Pe timbrul cu valoarea nominal\u0103 de <strong>25 lei<\/strong> este ilustrat \u00eenot\u0103torul David Popovici, sportiv de mare clas\u0103, c\u00e2\u0219tig\u0103tor al medaliei de aur la proba de 200 m liber \u0219i al medaliei de bronz la proba de 100 m liber. Este cel mai t\u00e2n\u0103r recordman mondial laureat cu aur \u0219i la \u00eentrecerile Campionatelor Mondiale \u0219i Europene din anii 2021 \u0219i 2022.<\/p>\n<p>&nbsp;<\/p>\n<p>Pe timbrul cu valoarea nominal\u0103 de <strong>22 lei<\/strong> sunt reprezentate imaginile sportivilor Florian Enache \u0219i Andrei Cornea, c\u00e2\u0219tig\u0103tori ai medaliei de aur canotaj, proba de dublu v\u00e2sle masculin. Ei sunt c\u00e2\u0219tig\u0103tori ai medaliei de aur \u0219i la Campionatul European de la Szeged din anul 2024.<\/p>\n<p>&nbsp;<\/p>\n<p>Pe timbrul cu valoarea nominal\u0103 de <strong>4 lei<\/strong> sunt reproduse imaginile sportivelor Simona Radi\u0219 \u0219i Ancu\u021ba Bodnar, c\u00e2\u0219tig\u0103toarele medaliei de argint la canotaj, proba de dublu v\u00e2sle feminin. Au urcat, de asemenea, pe podium \u00een calitate de c\u00e2\u0219tig\u0103toare \u0219i a medaliei de aur pentru participarea la proba de opt rame cu c\u00e2rmaci, feminin. Sportivele se \u00eenscriu \u00een elita canotajului mondial prin c\u00e2\u0219tigarea medaliilor de aur la Campionatele Europene \u0219i la Jocurile Olimpice de Var\u0103 de la Tokyo 2020.<\/p>\n<p>&nbsp;<\/p>\n<p>Pe timbrul cu valoarea nominal\u0103 de <strong>3 lei<\/strong> este redat\u0103 imaginea Mihaelei Valentina Cambei, c\u00e2\u0219tig\u0103toare a medaliei de argint, la proba de haltere feminin, 49 kg. Declarat\u0103 cea mai bun\u0103 halterofil\u0103 a Europei \u00een anul 2023, este de\u021bin\u0103toare a mai multor medalii de aur \u0219i argint c\u00e2\u0219tigate la Campionatele Mondiale \u0219i Europene, de\u021bin\u0103toare \u0219i a dou\u0103 recorduri europene.<\/p>\n<p>&nbsp;<\/p>\n<p>Pe timbrul cu valoarea nominal\u0103 de <strong>6 lei<\/strong> sunt ilustrate imaginile sportivelor Ioana Vr\u00eenceanu \u0219i Roxana Anghel, c\u00e2\u0219tig\u0103toare ale medaliei de argint la canotaj, proba de dublu rame feminin. De men\u021bionat c\u0103 medaliile de aur \u0219i argint au fost c\u00e2\u0219tigate la Campionatele Mondiale \u0219i Europene.<\/p>\n<p>&nbsp;<\/p>\n<p>Pe timbrul cu valoarea nominal\u0103 de <strong>13 lei<\/strong> sunt reproduse imaginele canotoarelor Ionela Cozmiuc \u0219i Gianina van Groningen, care au c\u00e2\u0219tigat medalia de argint \u00een proba feminin\u0103 de dublu v\u00e2sle, categoria u\u0219oar\u0103. Al\u0103turi de medalia de argint, Ionela Cozmiuc a ad\u0103ugat medalia de aur c\u00e2\u0219tigat\u0103 la proba de canotaj opt rame cu c\u0103rmaci, feminin. Ambele sportive au \u00een palmares medalii de argint \u0219i aur c\u00e2\u0219tigate la Campionatele Mondiale \u0219i Europene de canotaj.<\/p>\n<p>&nbsp;<\/p>\n<p>Pe timbrul cu valoarea nominal\u0103 de <strong>2 lei<\/strong> este redat\u0103 imaginea gimnastei Ana Maria B\u0103rbosu, c\u00e2\u0219tig\u0103toare a medaliei de bronz la proba de sol. De\u021bin\u0103toare a mai multor titluri r\u0103spl\u0103tite cu aur la s\u0103rituri, paralele \u0219i b\u00e2rn\u0103, la campionatele de la juniori din anul 2020, a c\u00e2\u0219tigat medalia de bronz la Paris, 2024, dup\u0103 repararea unei grave erori de arbitraj \u00een confruntarea cu gimnasta american\u0103 Jordan Chiles.<\/p>\n<p>&nbsp;<\/p>\n<p>Pe timbrul coli\u021bei emisiunii cu valoarea nominal\u0103 de <strong>33 lei<\/strong> sunt ilustrate imaginile canotoarelor Simona Radi\u0219, Ioana Vr\u00eenceanu, Amalia Bere\u0219, Adriana Adam, Maria Lehaci, Ancu\u021ba Bodnar, Roxana Anghel, Maria Magdalena Rusu \u0219i \u0218tefania Victoria Petreanu, reprezentantele Rom\u00e2niei la proba de opt rame cu c\u00e2rmaci, feminin, c\u00e2\u0219tig\u0103toare ale medaliei de aur.<\/p>\n<p>&nbsp;<\/p>\n<p>Canotoarele care au participat \u0219i la alte probe, Amalia Bere\u0219, Adriana Adam, Maria Lehaci, Maria Magdalena Rusu \u0219i \u0218tefania Victoria Petreanu, fac parte din categoria sportivelor de elit\u0103, c\u00e2\u0219tig\u0103toare ale medaliilor de aur la \u00eentrecerile desf\u0103\u0219urate \u00een programele Campionatelor Mondiale \u0219i Europene.<\/p>\n<p>&nbsp;<\/p>\n<p>Setul de 3 plicuri \u201eprima zi\u201d a emisiunii prezint\u0103 \u00een grafic\u0103 echipajul probei de opt rame cu c\u00e2rmaci, feminin.<\/p>\n<p>&nbsp;<\/p>\n<p>Mul\u021bumim, dragi sportivi!<\/p>\n<p>&nbsp;<\/p>\n<p>Respect \u0219i admira\u021bie!<\/p>\n<p>&nbsp;<\/p>\n<p>&nbsp;<\/p>\n<p><em>Romfilatelia mul\u021bume\u0219te Pre\u0219edintelui Comitetului Olimpic \u0219i Sportiv Rom\u00e2n, domnul Mihai Claudiu Covaliu, Secretarului General al Comitetului Olimpic \u0219i Sportiv Rom\u00e2n, domnul George Boroi, Pre\u0219edintelui Federa\u021biei Rom\u00e2ne de Nata\u021bie \u0219i Pentatlon Modern, doamna Camelia Potec, Pre\u0219edintelui Federa\u021biei Rom\u00e2ne de Canotaj, domnul Valentin Gavril, Pre\u015fedintelui Federa\u0163iei Rom\u00e2ne de Haltere, domnul Alexandru P\u0103dure, Pre\u015fedintelui Federa\u0163iei Rom\u00e2ne de Gimnastic\u0103, doamna Carmencita Constantin, fotoreporterului Cristian Nistor \u0219i fotografului Norbert Zerkula pentru sprijinul oferit la realizarea acestei emisiuni de m\u0103rci po\u0219tale. <\/em><\/p>\n<p><img decoding=\"async\" loading=\"lazy\" class=\"alignnone wp-image-2034861 size-full\" src=\"https:\/\/romfilatelia.ro\/magazin\/wp-content\/uploads\/2024\/08\/caract_Medalii-olimpice-Paris-2024_tript-mod.jpg\" alt=\"\" width=\"1741\" height=\"1644\" srcset=\"https:\/\/romfilatelia.ro\/magazin\/wp-content\/uploads\/2024\/08\/caract_Medalii-olimpice-Paris-2024_tript-mod.jpg 1741w, https:\/\/romfilatelia.ro\/magazin\/wp-content\/uploads\/2024\/08\/caract_Medalii-olimpice-Paris-2024_tript-mod-300x283.jpg 300w, https:\/\/romfilatelia.ro\/magazin\/wp-content\/uploads\/2024\/08\/caract_Medalii-olimpice-Paris-2024_tript-mod-768x725.jpg 768w, https:\/\/romfilatelia.ro\/magazin\/wp-content\/uploads\/2024\/08\/caract_Medalii-olimpice-Paris-2024_tript-mod-1536x1450.jpg 1536w, https:\/\/romfilatelia.ro\/magazin\/wp-content\/uploads\/2024\/08\/caract_Medalii-olimpice-Paris-2024_tript-mod-500x472.jpg 500w, https:\/\/romfilatelia.ro\/magazin\/wp-content\/uploads\/2024\/08\/caract_Medalii-olimpice-Paris-2024_tript-mod-64x60.jpg 64w\" sizes=\"(max-width: 1741px) 100vw, 1741px\" \/><\/p>\n","protected":false},"excerpt":{"rendered":"<p>Romfilatelia introduce \u00een circula\u021bie vineri, 23 august a.c., emisiunea filatelic\u0103 Medalii Olimpice &#8211; Paris 2024, alc\u0103tuit\u0103 din \u0219apte m\u0103rci po\u0219tale, o coli\u021b\u0103 nedantelat\u0103 \u0219i un set de trei plicuri \u201eprima zi\u201d, \u00een cadrul c\u0103reia sunt ilustrate imaginile laurea\u021bilor la disciplinele sportive la care \u021bara noastr\u0103 a avut participan\u021bi. &nbsp; Nou\u0103 medalii \u2013 trei de aur,&hellip;&nbsp;<a href=\"https:\/\/romfilatelia.ro\/magazin\/produs\/colectii-anuale\/2024\/medalii-olimpice-paris-2024\/\" class=\"\" rel=\"bookmark\">Cite\u0219te mai mult &raquo;<span class=\"screen-reader-text\">Medalii Olimpice Paris 2024<\/span><\/a><\/p>\n","protected":false},"featured_media":2034822,"template":"","meta":{"neve_meta_sidebar":"","neve_meta_container":"","neve_meta_enable_content_width":"off","neve_meta_content_width":100,"neve_meta_title_alignment":"","neve_meta_author_avatar":"","neve_post_elements_order":"","neve_meta_disable_header":"","neve_meta_disable_footer":"","neve_meta_disable_title":""},"product_cat":[333,6],"product_tag":[],"_links":{"self":[{"href":"https:\/\/romfilatelia.ro\/magazin\/wp-json\/wp\/v2\/product\/2034821"}],"collection":[{"href":"https:\/\/romfilatelia.ro\/magazin\/wp-json\/wp\/v2\/product"}],"about":[{"href":"https:\/\/romfilatelia.ro\/magazin\/wp-json\/wp\/v2\/types\/product"}],"wp:featuredmedia":[{"embeddable":true,"href":"https:\/\/romfilatelia.ro\/magazin\/wp-json\/wp\/v2\/media\/2034822"}],"wp:attachment":[{"href":"https:\/\/romfilatelia.ro\/magazin\/wp-json\/wp\/v2\/media?parent=2034821"}],"wp:term":[{"taxonomy":"product_cat","embeddable":true,"href":"https:\/\/romfilatelia.ro\/magazin\/wp-json\/wp\/v2\/product_cat?post=2034821"},{"taxonomy":"product_tag","embeddable":true,"href":"https:\/\/romfilatelia.ro\/magazin\/wp-json\/wp\/v2\/product_tag?post=2034821"}],"curies":[{"name":"wp","href":"https:\/\/api.w.org\/{rel}","templated":true}]}}