{"id":2034794,"date":"2024-08-20T15:56:02","date_gmt":"2024-08-20T13:56:02","guid":{"rendered":"https:\/\/romfilatelia.ro\/magazin\/?post_type=product&#038;p=2034794"},"modified":"2024-08-20T15:56:03","modified_gmt":"2024-08-20T13:56:03","slug":"caluti-de-mare","status":"publish","type":"product","link":"https:\/\/romfilatelia.ro\/magazin\/produs\/colectii-anuale\/2024\/caluti-de-mare\/","title":{"rendered":"C\u0103lu\u021bi de mare"},"content":{"rendered":"<p><strong><a href=\"https:\/\/www.romfilatelia.ro\/wp-content\/uploads\/2024\/08\/SITE_mc_Caluti-de-mare.jpg\"><img decoding=\"async\" loading=\"lazy\" class=\"alignleft wp-image-2046586\" src=\"https:\/\/www.romfilatelia.ro\/wp-content\/uploads\/2024\/08\/SITE_mc_Caluti-de-mare.jpg\" alt=\"\" width=\"550\" height=\"843\" \/><\/a>Romfilatelia<\/strong> introduce \u00een circula\u021bie <em>miercuri, 21 august a.c<\/em>. o interesant\u0103 emisiune de m\u0103rci po\u0219tale, intitulat\u0103 <strong><em>\u201eC\u0103lu\u021bi de mare\u201d<\/em><\/strong><em>. <\/em><\/p>\n<p>Emisiunea este compus\u0103 din patru m\u0103rci po\u0219tale, un plic \u201eprima zi\u201d, o map\u0103 filatelic\u0103 cu produs special \u00een tiraj limitat \u0219i 1 set de c\u0103r\u021bi po\u0219tale maxime pentru pasiona\u021bii de maximafilie.<\/p>\n<p>\u00cendr\u0103gi\u021bi pentru forma \u0219i coloritul lor, c\u0103lu\u021bii de mare num\u0103r\u0103 53 de specii cunoscute la ora actual\u0103, grupate \u00eentr-un singur gen, <em>Hippocampus<\/em>. \u00centre acestea, dup\u0103 dimensiuni reg\u0103sim cea mai mare specie <em>Hippocampus<\/em> <em>abdominalis<\/em> din apele Australiei \u0219i Noii Zeelande, care atinge 35 cm \u0219i cea mai mic\u0103 <em>Hippocampus satomiae<\/em>, din Marea Celebes \u0219i Marea Molucelor, care ating abia 1,4 cm.<\/p>\n<p>C\u0103lu\u021bii de mare tr\u0103iesc \u00een toate apele calde \u0219i temperate ale m\u0103rilor \u0219i oceanelor. Se reg\u0103sesc \u00eens\u0103 \u0219i \u00een ape salmastre (estuare, lagune) \u0219i \u00een unele fluvii (ex: Tamisa, Anglia).<\/p>\n<p>\u00cen Marea Neagr\u0103 \u0219i chiar \u00een apele teritoriale ale Rom\u00e2niei tr\u0103iesc dou\u0103 specii: <em>Hippocampus guttulatus<\/em> (valoarea nominal\u0103 de <strong>3 Lei<\/strong>), specie comun\u0103, larg r\u0103sp\u00e2ndit\u0103 \u0219i \u00een Atlanticul estic \u0219i \u00een Marea Mediteran\u0103 \u0219i <em>Hippocampus hippocampus<\/em>.<\/p>\n<p>Alte dou\u0103 specii cu r\u0103sp\u00e2ndire larg\u0103 sunt <em>Hippocampus reidi<\/em> (\u00een Atlanticul vestic, Marea Caraibilor) \u0219i <em>Hippocampus histrix<\/em> (valoarea nominal\u0103 de <strong>10 Lei<\/strong>) din apele oceanelor Indian \u0219i Pacific.<\/p>\n<p>Apar\u021bin\u0103tori ai familiilor pe\u0219tilor de mare, c\u0103lu\u021bii \u00eenoat\u0103 \u00een pozi\u021bie vertical\u0103, cu capul \u00een sus. \u00cenot\u0103tori len\u021bi, c\u0103lu\u021bii de mare evit\u0103 pr\u0103d\u0103torii utiliz\u00e2nd camuflajul. Cu ajutorul cozii prehensile (apuc\u0103toare), se aga\u021b\u0103 de diverse plante subacvatice, unele specii imit\u00e2nd chiar textura substratului pe care se a\u0219eaz\u0103, a\u0219a cum este cazul speciei pitice <em>Hippocampus bargibanti<\/em> (valoarea nominal\u0103 <strong>13 Lei<\/strong>) din apele arhipelagului indo-australian.<\/p>\n<p>Hrana c\u0103lu\u021bilor de mare include mici organisme planctonice \u0219i mai ales crustacee. Reproducerea lor are multe curiozit\u0103\u021bi: dup\u0103 un dans de curtare destul de complex, ou\u0103le sunt depuse de c\u0103tre femele, cu ajutorul unui tub ovipozitor, \u00eentr-o pung\u0103 special\u0103 a masculului, unde sunt fecundate \u0219i apoi incubate; dup\u0103 ecloziune (ie\u0219irea din ou\u0103) puii sunt expulza\u021bi de c\u0103tre mascul, \u00een mediul acvatic.<\/p>\n<p>Existen\u021ba c\u0103lu\u021bilor de mare este amenin\u021bat\u0103 de degradarea \u0219i poluarea habitatului marin, de captur\u0103ri accidentale \u00een plasele de pescuit, dar \u0219i de comer\u021bul (mai ales cu exemplare uscate) practicat at\u00e2t pentru \u201ecuriozit\u0103\u021bi\u201d c\u00e2t \u0219i pentru \u201efarmacopeea\u201d supersti\u021bioas\u0103 din diverse \u021b\u0103ri.<\/p>\n<p>Asem\u0103n\u0103tori cu c\u0103lu\u021bii de mare, \u00eencadra\u021bi \u00eentr-o familie care mai include \u0219i acele de mare (<em>Singnathidae<\/em>) sunt a\u0219a-zi\u0219ii dragoni de mare, genurile <em>Phycodurus<\/em>, cu o specie <em>Phycodurus eques<\/em> (valoarea nominal\u0103 <strong>6 Lei<\/strong>) \u0219i Phy<em>llhopteryx,<\/em> ce tr\u0103iesc pe coastele sudice ale Australiei. Au asem\u0103n\u0103ri cu c\u0103lu\u021bii de mare dar au dimensiuni mai mari (p\u00e2n\u0103 la 45 cm) \u0219i practic\u0103 \u00eenotul orizontal. Au o mul\u021bime de apendici, inegal dezvolta\u021bi, care imit\u0103, \u00een scopul camuflajului, algele printre care ei tr\u0103iesc.<\/p>\n<p>Plicul \u201eprima zi\u201d ilustreaz\u0103 un c\u0103lu\u021b de mare, din familia <em>Hippocampus reidi<\/em>, vie\u021buitor \u00een apele regiunilor subtropicale, av\u00e2nd o dimensiune de p\u00e2n\u0103 la 15-18 cm.<\/p>\n<p><em>Romfilatelia mul\u021bume\u0219te muzeografului Dr. Alexandru Iftime de la Muzeul Na\u021bional de Istorie Natural\u0103 \u201eGrigore Antipa\u201d, pentru constultan\u021ba de specialitate acordat\u0103 la realizarea acestei emisiuni de m\u0103rci po\u0219tale.<\/em><\/p>\n<p><a href=\"https:\/\/www.romfilatelia.ro\/wp-content\/uploads\/2024\/08\/caract-Caluti-de-mare.jpg\"><img decoding=\"async\" loading=\"lazy\" class=\"aligncenter wp-image-2046565 size-full\" src=\"https:\/\/www.romfilatelia.ro\/wp-content\/uploads\/2024\/08\/caract-Caluti-de-mare.jpg\" alt=\"\" width=\"1732\" height=\"1476\" \/><\/a><\/p>\n","protected":false},"excerpt":{"rendered":"<p>Romfilatelia introduce \u00een circula\u021bie miercuri, 21 august a.c. o interesant\u0103 emisiune de m\u0103rci po\u0219tale, intitulat\u0103 \u201eC\u0103lu\u021bi de mare\u201d. Emisiunea este compus\u0103 din patru m\u0103rci po\u0219tale, un plic \u201eprima zi\u201d, o map\u0103 filatelic\u0103 cu produs special \u00een tiraj limitat \u0219i 1 set de c\u0103r\u021bi po\u0219tale maxime pentru pasiona\u021bii de maximafilie. \u00cendr\u0103gi\u021bi pentru forma \u0219i coloritul lor,&hellip;&nbsp;<a href=\"https:\/\/romfilatelia.ro\/magazin\/produs\/colectii-anuale\/2024\/caluti-de-mare\/\" class=\"\" rel=\"bookmark\">Cite\u0219te mai mult &raquo;<span class=\"screen-reader-text\">C\u0103lu\u021bi de mare<\/span><\/a><\/p>\n","protected":false},"featured_media":2034795,"template":"","meta":{"neve_meta_sidebar":"","neve_meta_container":"","neve_meta_enable_content_width":"off","neve_meta_content_width":100,"neve_meta_title_alignment":"","neve_meta_author_avatar":"","neve_post_elements_order":"","neve_meta_disable_header":"","neve_meta_disable_footer":"","neve_meta_disable_title":""},"product_cat":[333,6],"product_tag":[],"_links":{"self":[{"href":"https:\/\/romfilatelia.ro\/magazin\/wp-json\/wp\/v2\/product\/2034794"}],"collection":[{"href":"https:\/\/romfilatelia.ro\/magazin\/wp-json\/wp\/v2\/product"}],"about":[{"href":"https:\/\/romfilatelia.ro\/magazin\/wp-json\/wp\/v2\/types\/product"}],"wp:featuredmedia":[{"embeddable":true,"href":"https:\/\/romfilatelia.ro\/magazin\/wp-json\/wp\/v2\/media\/2034795"}],"wp:attachment":[{"href":"https:\/\/romfilatelia.ro\/magazin\/wp-json\/wp\/v2\/media?parent=2034794"}],"wp:term":[{"taxonomy":"product_cat","embeddable":true,"href":"https:\/\/romfilatelia.ro\/magazin\/wp-json\/wp\/v2\/product_cat?post=2034794"},{"taxonomy":"product_tag","embeddable":true,"href":"https:\/\/romfilatelia.ro\/magazin\/wp-json\/wp\/v2\/product_tag?post=2034794"}],"curies":[{"name":"wp","href":"https:\/\/api.w.org\/{rel}","templated":true}]}}