{"id":2034749,"date":"2024-08-09T08:59:24","date_gmt":"2024-08-09T06:59:24","guid":{"rendered":"https:\/\/romfilatelia.ro\/magazin\/?post_type=product&#038;p=2034749"},"modified":"2024-08-09T09:07:37","modified_gmt":"2024-08-09T07:07:37","slug":"muzeele-spiritualitatii-manastirea-putna","status":"publish","type":"product","link":"https:\/\/romfilatelia.ro\/magazin\/produs\/colectii-anuale\/2024\/muzeele-spiritualitatii-manastirea-putna\/","title":{"rendered":"MUZEELE SPIRITUALIT\u0102\u021aII. M\u0102N\u0102STIREA PUTNA"},"content":{"rendered":"<p><a href=\"https:\/\/romfilatelia.ro\/magazin\/wp-content\/uploads\/2024\/08\/SITE_mc_Muzeele-spiritualitatii.jpg\"><img decoding=\"async\" loading=\"lazy\" class=\"wp-image-2034750 size-medium alignleft\" src=\"https:\/\/romfilatelia.ro\/magazin\/wp-content\/uploads\/2024\/08\/SITE_mc_Muzeele-spiritualitatii-281x300.jpg\" alt=\"\" width=\"281\" height=\"300\" srcset=\"https:\/\/romfilatelia.ro\/magazin\/wp-content\/uploads\/2024\/08\/SITE_mc_Muzeele-spiritualitatii-281x300.jpg 281w, https:\/\/romfilatelia.ro\/magazin\/wp-content\/uploads\/2024\/08\/SITE_mc_Muzeele-spiritualitatii-768x821.jpg 768w, https:\/\/romfilatelia.ro\/magazin\/wp-content\/uploads\/2024\/08\/SITE_mc_Muzeele-spiritualitatii-1437x1536.jpg 1437w, https:\/\/romfilatelia.ro\/magazin\/wp-content\/uploads\/2024\/08\/SITE_mc_Muzeele-spiritualitatii-500x534.jpg 500w, https:\/\/romfilatelia.ro\/magazin\/wp-content\/uploads\/2024\/08\/SITE_mc_Muzeele-spiritualitatii-64x68.jpg 64w, https:\/\/romfilatelia.ro\/magazin\/wp-content\/uploads\/2024\/08\/SITE_mc_Muzeele-spiritualitatii.jpg 1459w\" sizes=\"(max-width: 281px) 100vw, 281px\" \/><\/a><strong>Romfilatelia<\/strong> introduce \u00een circula\u021bie, <em>luni 12 august a.c.<\/em>, o emisiune filatelic\u0103 av\u00e2nd ca tematic\u0103 tezaurul spiritual al Ortodoxiei sub titlul <strong><em>Muzeele spiritualit\u0103\u021bii. M\u0103n\u0103stirea Putna<\/em><\/strong>. Emisiunea este compus\u0103 din patru m\u0103rci po\u0219tale \u0219i un plic \u201eprima zi\u201d.<\/p>\n<p>M\u0103n\u0103stirea Putna, prima ctitorie \u0219i locul de ve\u0219nic\u0103 odihn\u0103 al marelui domn \u0218tefan cel Mare \u2013 \u201eap\u0103r\u0103torul cre\u0219tin\u0103t\u0103\u021bii\u201d \u2013 a fost sfin\u021bit\u0103 la 3 septembrie 1469. Cunoscut ca unul dintre cele mai vizitate l\u0103ca\u0219uri de cult ale Ortodoxiei, M\u0103n\u0103stirea Putna are \u0219i unul dintre cele mai bogate \u0219i valoroase muzee ale spiritualit\u0103\u021bii, p\u0103str\u00e2nd multe obiecte din vremea marelui voievod printre care manuscrise, obiecte de cult, broderii \u0219i \u021bes\u0103turi, orfevr\u0103rie \u0219i ceramic\u0103.<\/p>\n<p>M\u0103n\u0103stirea Putna \u00een sine, dar \u0219i muzeul M\u0103n\u0103stirii Putna sunt mai mult dec\u00e2t simple atrac\u021bii turistice. Ele reprezint\u0103 un loc \u00een care istoria, arta \u0219i spiritualitatea se unesc \u00eentr-o experien\u021b\u0103 unic\u0103 \u0219i de neuitat.<\/p>\n<p>La 520 de ani de la trecerea \u00een ve\u0219nicie a Sf\u00e2ntului Voievod \u0218tefan cel Mare, domnul Moldovei (1457\u20131504), emisiunea filatelic\u0103 marcheaz\u0103 acest moment comemorativ important al istoriei \u0219i credin\u021bei neamului rom\u00e2nesc.<\/p>\n<p>M\u0103rcile po\u0219tale ale emisiunii reproduc \u00een imaginile lor patru exponate de mare valoare:<\/p>\n<p><strong><em>Coroana lui \u0218tefan cel Mare<\/em><\/strong> (valoarea nominal\u0103 <strong>2 Lei<\/strong>), reconstituit\u0103 dup\u0103 imaginea din Tetraevanghelul de la Humor (1473) \u0219i dup\u0103 tabloul votiv de la Vorone\u021b (circa 1492), a fost sfin\u021bit\u0103 de Preafericitul P\u0103rinte Daniel la 13 august 2018.<\/p>\n<p><strong><em>Acoper\u0103m\u00e2ntul de morm\u00e2nt al Mariei de Mangop (1477)<\/em><\/strong> (valoarea nominal\u0103 <strong>5 Lei<\/strong>) este o capodoper\u0103 a broderiei de tradi\u021bie bizantin\u0103 \u00een Evul Mediu rom\u00e2nesc, lucrat\u0103 cu fir de argint aurit \u0219i m\u0103tase. Este cel mai vechi portret brodat \u00een m\u0103rime natural\u0103 din Rom\u00e2nia \u0219i singura pies\u0103 cunoscut\u0103 care adun\u0103 laolalt\u0103 toate \u00eensemnele de putere ale Imperiului Bizantin.<\/p>\n<p>Maria de Mangop a fost a doua so\u021bie a lui \u0218tefan cel Mare, \u00eenrudit\u0103 cu familia \u00eemp\u0103r\u0103teasc\u0103 a Paleologilor. Moartea ei, \u00een decembrie 1477, marcheaz\u0103 \u00eenceputul func\u021bion\u0103rii necropolei domne\u0219ti din biserica M\u0103n\u0103stirii Putna, unde vor urma Bogdan (\u20201479) \u0219i Petru (\u20201480), doi fii nev\u00e2rstnici ai lui \u0218tefan cel Mare. \u00cen iulie 1504, \u0218tefan cel Mare s-a al\u0103turat membrilor familiei spre ve\u0219nica odihn\u0103. Spune cronicarul: \u201eat\u00e2ta jeale era, de pl\u00e2ngea to\u0163i, ca dup\u0103 un p\u0103rinte al s\u0103u, cunosc\u00e2nd to\u0163i c\u0103 s-au sc\u0103pat de mult bine \u015fi ap\u0103rare. \u015ei dup\u0103 moartea lui, p\u00e2n-ast\u0103dzi \u00eei dzic Sf\u00e2ntul<br \/>\n\u015etefan vod\u0103\u201d.<\/p>\n<p><strong><em>C\u0103delni\u021ba d\u0103ruit\u0103 de \u0218tefan cel Mare la 12 aprilie 1470<\/em><\/strong> (valoarea nominal\u0103\u00a0 <strong>6 Lei<\/strong>) este cea mai veche pies\u0103 de argint\u0103rie a M\u0103n\u0103stirii Putna, oferit\u0103 drept mul\u021bumire lui Dumnezeu la \u00eemplinirea a 13 ani de domnie, \u00een contextul \u00eenceputurilor l\u0103ca\u0219ului monahal putnean. Dup\u0103 un model r\u0103sp\u00e2ndit \u00een epoc\u0103, ea \u00eenchipuie Ierusalimul Ceresc. Pe piciorul c\u0103delni\u021bei sunt gravate stema Moldovei \u0219i, pentru prima dat\u0103, stema dinastic\u0103 a lui \u0218tefan cel Mare. Pentru importan\u021ba simbolic\u0103 \u0219i documentar\u0103, aceast\u0103 c\u0103delni\u021b\u0103 a fost expus\u0103 la muzee din Paris, Geneva, Stockholm, G\u00f6teborg \u0219i Londra, \u00eentre anii 1925 \u0219i 1971. C\u00e2nt\u0103re\u0219te peste 2,5 kg \u0219i este executat\u0103 din argint aurit.<\/p>\n<p><strong><em>Ferec\u0103tura din 1487 a Tetraevanghelului scris de Nicodim <\/em><\/strong>(valoarea nominal\u0103 <strong>22 Lei<\/strong>), din argint aurit \u0219i pietre semipre\u021bioase, \u00eempodobe\u0219te manuscrisul realizat de ieromonahul Nicodim la Putna, \u00een 1473, pentru M\u0103n\u0103stirea Humor. \u00cen acest manuscris, scena votiv\u0103 cuprinde portretul \u00een miniatur\u0103 al Sf\u00e2ntului \u0218tefan cel Mare, considerat drept\u00a0 cel mai apropiat de chipul real al voievodului. Prezentat \u00een postura unui donator smerit, \u00een genunchi, \u0218tefan cel Mare ofer\u0103 lui Iisus Hristos \u0219i Fecioarei Maria \u00eensu\u0219i Tetraevanghelul. Pe fa\u021ba ferec\u0103turii se afl\u0103 icoana\u00a0 <em>\u00cenvierii<\/em> lui Hristos Care scoate din ad\u00e2ncurile iadului pe Adam \u0219i Eva, iar pe spate este \u00eenf\u0103\u021bi\u0219at\u0103 <em>Adormirea Maicii Domnului<\/em>.<\/p>\n<p>Imaginea plicului \u201eprima zi\u201d reproduce scena votiv\u0103 din Tetraevanghelul din 1473.<\/p>\n<p>&nbsp;<\/p>\n<p><em>Romfilatelia mul\u021bume\u0219te \u00cenaltpreasfin\u021bitului P\u0103rinte Calinic, Arhiepiscop al Sucevei \u0219i R\u0103d\u0103u\u021bilor, pentru binecuv\u00e2ntarea dat\u0103 \u0219i reprezentan\u021bilor M\u0103n\u0103stirii Putna pentru sprijinul documentar \u0219i fotografic acordat la realizarea acestei emisiuni de m\u0103rci po\u0219tale.\u00a0\u00a0 <\/em><\/p>\n<p><em> <a href=\"https:\/\/romfilatelia.ro\/magazin\/wp-content\/uploads\/2024\/08\/Caract_-Muzeele-spiritualitatii.jpg\"><img decoding=\"async\" loading=\"lazy\" class=\"aligncenter size-full wp-image-2034751\" src=\"https:\/\/romfilatelia.ro\/magazin\/wp-content\/uploads\/2024\/08\/Caract_-Muzeele-spiritualitatii.jpg\" alt=\"\" width=\"1660\" height=\"1029\" srcset=\"https:\/\/romfilatelia.ro\/magazin\/wp-content\/uploads\/2024\/08\/Caract_-Muzeele-spiritualitatii.jpg 1660w, https:\/\/romfilatelia.ro\/magazin\/wp-content\/uploads\/2024\/08\/Caract_-Muzeele-spiritualitatii-300x186.jpg 300w, https:\/\/romfilatelia.ro\/magazin\/wp-content\/uploads\/2024\/08\/Caract_-Muzeele-spiritualitatii-768x476.jpg 768w, https:\/\/romfilatelia.ro\/magazin\/wp-content\/uploads\/2024\/08\/Caract_-Muzeele-spiritualitatii-1536x952.jpg 1536w, https:\/\/romfilatelia.ro\/magazin\/wp-content\/uploads\/2024\/08\/Caract_-Muzeele-spiritualitatii-500x310.jpg 500w, https:\/\/romfilatelia.ro\/magazin\/wp-content\/uploads\/2024\/08\/Caract_-Muzeele-spiritualitatii-64x40.jpg 64w\" sizes=\"(max-width: 1660px) 100vw, 1660px\" \/><\/a><\/em><\/p>\n","protected":false},"excerpt":{"rendered":"<p>Romfilatelia introduce \u00een circula\u021bie, luni 12 august a.c., o emisiune filatelic\u0103 av\u00e2nd ca tematic\u0103 tezaurul spiritual al Ortodoxiei sub titlul Muzeele spiritualit\u0103\u021bii. M\u0103n\u0103stirea Putna. Emisiunea este compus\u0103 din patru m\u0103rci po\u0219tale \u0219i un plic \u201eprima zi\u201d. M\u0103n\u0103stirea Putna, prima ctitorie \u0219i locul de ve\u0219nic\u0103 odihn\u0103 al marelui domn \u0218tefan cel Mare \u2013 \u201eap\u0103r\u0103torul cre\u0219tin\u0103t\u0103\u021bii\u201d \u2013&hellip;&nbsp;<a href=\"https:\/\/romfilatelia.ro\/magazin\/produs\/colectii-anuale\/2024\/muzeele-spiritualitatii-manastirea-putna\/\" class=\"\" rel=\"bookmark\">Cite\u0219te mai mult &raquo;<span class=\"screen-reader-text\">MUZEELE SPIRITUALIT\u0102\u021aII. M\u0102N\u0102STIREA PUTNA<\/span><\/a><\/p>\n","protected":false},"featured_media":2034752,"template":"","meta":{"neve_meta_sidebar":"","neve_meta_container":"","neve_meta_enable_content_width":"off","neve_meta_content_width":100,"neve_meta_title_alignment":"","neve_meta_author_avatar":"","neve_post_elements_order":"","neve_meta_disable_header":"","neve_meta_disable_footer":"","neve_meta_disable_title":""},"product_cat":[333,6],"product_tag":[],"_links":{"self":[{"href":"https:\/\/romfilatelia.ro\/magazin\/wp-json\/wp\/v2\/product\/2034749"}],"collection":[{"href":"https:\/\/romfilatelia.ro\/magazin\/wp-json\/wp\/v2\/product"}],"about":[{"href":"https:\/\/romfilatelia.ro\/magazin\/wp-json\/wp\/v2\/types\/product"}],"wp:featuredmedia":[{"embeddable":true,"href":"https:\/\/romfilatelia.ro\/magazin\/wp-json\/wp\/v2\/media\/2034752"}],"wp:attachment":[{"href":"https:\/\/romfilatelia.ro\/magazin\/wp-json\/wp\/v2\/media?parent=2034749"}],"wp:term":[{"taxonomy":"product_cat","embeddable":true,"href":"https:\/\/romfilatelia.ro\/magazin\/wp-json\/wp\/v2\/product_cat?post=2034749"},{"taxonomy":"product_tag","embeddable":true,"href":"https:\/\/romfilatelia.ro\/magazin\/wp-json\/wp\/v2\/product_tag?post=2034749"}],"curies":[{"name":"wp","href":"https:\/\/api.w.org\/{rel}","templated":true}]}}