{"id":2034728,"date":"2024-08-05T11:38:25","date_gmt":"2024-08-05T09:38:25","guid":{"rendered":"https:\/\/romfilatelia.ro\/magazin\/?post_type=product&#038;p=2034728"},"modified":"2024-08-05T11:46:32","modified_gmt":"2024-08-05T09:46:32","slug":"plante-segetale","status":"publish","type":"product","link":"https:\/\/romfilatelia.ro\/magazin\/produs\/colectii-anuale\/2024\/plante-segetale\/","title":{"rendered":"Plante segetale"},"content":{"rendered":"<p><a href=\"https:\/\/romfilatelia.ro\/magazin\/wp-content\/uploads\/2024\/08\/SITE_mc_Plante-segetale.jpg\"><img decoding=\"async\" loading=\"lazy\" class=\"wp-image-2034733 size-medium alignleft\" src=\"https:\/\/romfilatelia.ro\/magazin\/wp-content\/uploads\/2024\/08\/SITE_mc_Plante-segetale-300x250.jpg\" alt=\"\" width=\"300\" height=\"250\" srcset=\"https:\/\/romfilatelia.ro\/magazin\/wp-content\/uploads\/2024\/08\/SITE_mc_Plante-segetale-300x250.jpg 300w, https:\/\/romfilatelia.ro\/magazin\/wp-content\/uploads\/2024\/08\/SITE_mc_Plante-segetale-768x641.jpg 768w, https:\/\/romfilatelia.ro\/magazin\/wp-content\/uploads\/2024\/08\/SITE_mc_Plante-segetale-1536x1281.jpg 1536w, https:\/\/romfilatelia.ro\/magazin\/wp-content\/uploads\/2024\/08\/SITE_mc_Plante-segetale-500x417.jpg 500w, https:\/\/romfilatelia.ro\/magazin\/wp-content\/uploads\/2024\/08\/SITE_mc_Plante-segetale-64x53.jpg 64w, https:\/\/romfilatelia.ro\/magazin\/wp-content\/uploads\/2024\/08\/SITE_mc_Plante-segetale.jpg 1783w\" sizes=\"(max-width: 300px) 100vw, 300px\" \/><\/a>Promov\u00e2nd un subiect din vastul domeniu al <em>Florei,<\/em> <strong>Romfilatelia<\/strong> introduce \u00een circula\u021bie <em>miercuri, 7 august a.c.<\/em> emisiunea filatelic\u0103 intitulat\u0103 <strong><em>Plante segetale<\/em><\/strong>, compus\u0103 din patru m\u0103rci po\u0219tale \u0219i un plic \u201eprima zi\u201d.<\/p>\n<p>Sub denumirea de plante segetale sunt reunite plantele care cresc spontan \u00eentre plantele cultivate organizat pe loturile agricole. Pentru cultivatori ele reprezint\u0103 ceea ce cunoa\u0219tem generic sub numele de buruieni.<\/p>\n<p>Din mul\u021bimea speciilor de plante segetale, m\u0103rcile po\u0219tale ale emisiunii prezint\u0103 imaginile a patru plante foarte cunoscute: macul de c\u00e2mp, piciorul coco\u0219ului, neghina \u0219i alb\u0103streaua.<\/p>\n<p><em>Papaver rhoeas<\/em> L. (macul de c\u00e2mp), ilustrat pe timbrul cu valoarea nominal\u0103 de <strong>2 Lei,<\/strong> este o plant\u0103 erbacee anual\u0103 cu tulpinile \u0219i frunzele setos p\u0103roase. Florile sunt solitare, mari, cel mai adesea de culoare ro\u0219ie. Fructul este o capsul\u0103 aproximativ globuloas\u0103, de 1-2 cm lungime, neacoperit\u0103 de peri. Cu aceea\u0219i denumire, mac de c\u00e2mp, sunt \u0219i speciile <em>Papaver dubium<\/em> L. \u0219i <em>Papaver hybridum<\/em> L.<\/p>\n<p><em>Centaurea cyanus<\/em> L. (Alb\u0103strea), redat\u0103 pe timbrul cu valoarea nominal\u0103 de <strong>3 Lei<\/strong>, este o specie anual\u0103, originar\u0103 din zona mediteraneean\u0103 central\u0103 \u0219i estic\u0103. Tulpina este, de obicei, simpl\u0103, uneori ramificat\u0103 \u00een partea superioar\u0103, \u00eenalt\u0103 de circa 50 cm, uneori chiar mai \u00eenalt\u0103. Frunzele sunt dispuse altern \u0219i acoperite de peri lungi, alipi\u021bi. Florile sunt tubuloase, grupate \u00een inflorescen\u021be numite calatidii. Cele centrale sunt, de obicei, violacee, iar cele marginale sunt albastre.<\/p>\n<p><em>Ranunculus arvensis<\/em> L. (Piciorul coco\u0219ului de sem\u0103n\u0103turi, Cornicei), reprezentat pe timbrul cu valoarea nominal\u0103 de <strong>6 Lei,<\/strong> este o specie anual\u0103 de circa 20-30 cm \u00een\u0103l\u021bime, cu frunze destul de variate, \u00een general trisectate, lung pe\u021biolate cele inferioare \u0219i scurt pe\u021biolate cele superioare. Florile sunt mici, de p\u00e2n\u0103 la un centimetru, galbene, cu cinci sepale, cinci petale, numeroase stamine \u0219i carpele. Fructele sunt nucule cu c\u00e2te un mic rostru, acoperite pe p\u0103r\u021bile laterale \u0219i pe margini cu spini mici, conici, ceea ce \u00eel \u0219i deosebe\u0219te de alte specii de piciorul coco\u0219ului.<\/p>\n<p><em>Agrostemma githago<\/em> L. (neghina), ilustrat\u0103 pe timbrul cu valoarea nominal\u0103 de <strong>25 Lei<\/strong>, este nativ\u0103 \u00een sud-estul \u0219i estul Europei, p\u00e2n\u0103 \u00een Iran. Poate s\u0103 ajung\u0103 p\u00e2n\u0103 la circa 1 m \u00een\u0103l\u021bime, de\u0219i, mai frecvent, are 30-50 cm. Prezint\u0103 tulpini \u0219i frunze m\u0103t\u0103sos p\u0103roase. Florile prezint\u0103 un caliciu tubulos \u00een partea inferioar\u0103, continuat \u00een partea superioar\u0103 cu cinci lacinii liniare, lungi. Petalele, purpurii, mai rar albe, sunt mai scurte dec\u00e2t laciniile caliciului. Fructul este o capsul\u0103 alungit\u0103 ce con\u021bine semin\u021be reniforme, negre.<\/p>\n<p>&nbsp;<\/p>\n<p><em>Romfilatelia mul\u021bume\u0219te<\/em> <em>reprezentan\u021bilor Gr\u0103dinii Botanice \u201eDimitrie Brandza\u201d a Universit\u0103\u021bii din Bucure\u0219ti pentru sprijinul documentar acordat la realizarea acestei emisiuni de m\u0103rci po\u0219tale. <\/em><\/p>\n<p>&nbsp;<\/p>\n<p><a href=\"https:\/\/romfilatelia.ro\/magazin\/wp-content\/uploads\/2024\/08\/caract-Plante-segetale.jpg\"><img decoding=\"async\" loading=\"lazy\" class=\"aligncenter size-full wp-image-2034734\" src=\"https:\/\/romfilatelia.ro\/magazin\/wp-content\/uploads\/2024\/08\/caract-Plante-segetale.jpg\" alt=\"\" width=\"1668\" height=\"1089\" srcset=\"https:\/\/romfilatelia.ro\/magazin\/wp-content\/uploads\/2024\/08\/caract-Plante-segetale.jpg 1668w, https:\/\/romfilatelia.ro\/magazin\/wp-content\/uploads\/2024\/08\/caract-Plante-segetale-300x196.jpg 300w, https:\/\/romfilatelia.ro\/magazin\/wp-content\/uploads\/2024\/08\/caract-Plante-segetale-768x501.jpg 768w, https:\/\/romfilatelia.ro\/magazin\/wp-content\/uploads\/2024\/08\/caract-Plante-segetale-1536x1003.jpg 1536w, https:\/\/romfilatelia.ro\/magazin\/wp-content\/uploads\/2024\/08\/caract-Plante-segetale-500x326.jpg 500w, https:\/\/romfilatelia.ro\/magazin\/wp-content\/uploads\/2024\/08\/caract-Plante-segetale-64x42.jpg 64w\" sizes=\"(max-width: 1668px) 100vw, 1668px\" \/><\/a><\/p>\n","protected":false},"excerpt":{"rendered":"<p>Promov\u00e2nd un subiect din vastul domeniu al Florei, Romfilatelia introduce \u00een circula\u021bie miercuri, 7 august a.c. emisiunea filatelic\u0103 intitulat\u0103 Plante segetale, compus\u0103 din patru m\u0103rci po\u0219tale \u0219i un plic \u201eprima zi\u201d. Sub denumirea de plante segetale sunt reunite plantele care cresc spontan \u00eentre plantele cultivate organizat pe loturile agricole. Pentru cultivatori ele reprezint\u0103 ceea ce&hellip;&nbsp;<a href=\"https:\/\/romfilatelia.ro\/magazin\/produs\/colectii-anuale\/2024\/plante-segetale\/\" class=\"\" rel=\"bookmark\">Cite\u0219te mai mult &raquo;<span class=\"screen-reader-text\">Plante segetale<\/span><\/a><\/p>\n","protected":false},"featured_media":2034735,"template":"","meta":{"neve_meta_sidebar":"","neve_meta_container":"","neve_meta_enable_content_width":"off","neve_meta_content_width":100,"neve_meta_title_alignment":"","neve_meta_author_avatar":"","neve_post_elements_order":"","neve_meta_disable_header":"","neve_meta_disable_footer":"","neve_meta_disable_title":""},"product_cat":[333,6],"product_tag":[],"_links":{"self":[{"href":"https:\/\/romfilatelia.ro\/magazin\/wp-json\/wp\/v2\/product\/2034728"}],"collection":[{"href":"https:\/\/romfilatelia.ro\/magazin\/wp-json\/wp\/v2\/product"}],"about":[{"href":"https:\/\/romfilatelia.ro\/magazin\/wp-json\/wp\/v2\/types\/product"}],"wp:featuredmedia":[{"embeddable":true,"href":"https:\/\/romfilatelia.ro\/magazin\/wp-json\/wp\/v2\/media\/2034735"}],"wp:attachment":[{"href":"https:\/\/romfilatelia.ro\/magazin\/wp-json\/wp\/v2\/media?parent=2034728"}],"wp:term":[{"taxonomy":"product_cat","embeddable":true,"href":"https:\/\/romfilatelia.ro\/magazin\/wp-json\/wp\/v2\/product_cat?post=2034728"},{"taxonomy":"product_tag","embeddable":true,"href":"https:\/\/romfilatelia.ro\/magazin\/wp-json\/wp\/v2\/product_tag?post=2034728"}],"curies":[{"name":"wp","href":"https:\/\/api.w.org\/{rel}","templated":true}]}}