{"id":2034678,"date":"2024-07-25T08:48:39","date_gmt":"2024-07-25T06:48:39","guid":{"rendered":"https:\/\/romfilatelia.ro\/magazin\/?post_type=product&#038;p=2034678"},"modified":"2024-07-25T08:48:39","modified_gmt":"2024-07-25T06:48:39","slug":"paris-2024","status":"publish","type":"product","link":"https:\/\/romfilatelia.ro\/magazin\/produs\/colectii-anuale\/2024\/paris-2024\/","title":{"rendered":"Paris 2024"},"content":{"rendered":"<p><a href=\"https:\/\/www.romfilatelia.ro\/wp-content\/uploads\/2024\/07\/SITE_mc_Paris-2024-scaled.jpg\"><img decoding=\"async\" loading=\"lazy\" class=\"alignleft wp-image-2046468\" src=\"https:\/\/www.romfilatelia.ro\/wp-content\/uploads\/2024\/07\/SITE_mc_Paris-2024-scaled.jpg\" alt=\"\" width=\"550\" height=\"626\" \/><\/a>Cu ocazia deschiderii Jocurilor Olimpice de Var\u0103 Paris 2024, <strong>Romfilatelia<\/strong> ofer\u0103 iubitorilor sportului de mare performan\u021b\u0103 \u0219i colec\u021bionarilor emisiunea filatelic\u0103 <strong><em>PARIS 2024<\/em><\/strong>, care va fi introdus\u0103 \u00een circula\u021bie <em>vineri, 26 iulie a.c<\/em>. Compus\u0103 din \u0219ase m\u0103rci po\u0219tale, o coli\u021b\u0103 dantelat\u0103 \u0219i dou\u0103 plicuri \u201eprima zi\u201d, emisiunea reproduce \u00een imaginile m\u0103rcilor po\u0219tale simboluri a \u0219apte discipline sportive la care \u021bara noastr\u0103 are participan\u021bi.<\/p>\n<p>Jocurile Olimpice g\u0103zduite de capitala Fran\u021bei, Parisul, se \u00eenscriu oficial ca edi\u021bia num\u0103rul treizeici \u0219i trei, a Jocurilor Olimpice de Var\u0103, pe scurt <em>Paris 2024<\/em>, fiind considerat\u0103 ca unul din marile evenimente multi-sportive organizate o dat\u0103 la patru ani.<\/p>\n<p>Dup\u0103 ce a organizat Jocurile Olimpice din 1900 \u0219i 1924, Parisul devine al doilea ora\u0219\u00a0 gazd\u0103 pentru a treia oar\u0103, afl\u00e2ndu-se \u00eentr-o situa\u021bie similar\u0103 cu a Londrei, gazd\u0103 a Jocurilor Olimpice din 1908, 1948 \u0219i 2012. Evenimentul olimpic al acestui an se \u00eenscrie \u0219i ca eveniment aniversar: Centenarul Jocurilor Olimpice de la Paris (1924) \u0219i al primei particip\u0103ri a Rom\u00e2niei la \u00eentrecerile olimpice, \u00een acela\u0219i an 1924.<\/p>\n<p>La Paris, \u021bara noastr\u0103 va participa \u00een acest an la \u00eentrecerile programate pentru 18 discipline sportive cu un num\u0103r de 107 concuren\u021bi. Purt\u0103torii drapelului rom\u00e2nesc, la festivitatea de deschidere, vor fi Ionela \u0219i Marius Cozmiuc (canotori bine cunoscu\u021bi pentru performan\u021bele lor olimpice).<\/p>\n<p>La cele 329 de probe \u00eenscrise \u00een calendarul Jocurilor Olimpice de la Paris vor participa concuren\u021bi, reprezentan\u021bi ai celor 45 de discipline sportive alese pentru \u00eentrecerile din acest an.<\/p>\n<p>Trebuie s\u0103 amintim de faptul c\u0103, p\u00e2n\u0103 \u00een prezent, particip\u0103rile Rom\u00e2niei la Jocurile Olimpice, au avut ca rezultat ob\u021binerea a peste 300 de medalii (cele mai multe la gimnastic\u0103). Particip\u00e2nd la 23 edi\u021bii de Jocuri Olimpice de Var\u0103 \u0219i 22 edi\u021bii Jocuri Olimpice de Iarn\u0103, Rom\u00e2nia s-a aflat pe podiumurile de premiere ob\u021bin\u00e2nd 90 de medalii de aur, 97 de argint \u0219i 122 de bronz.<\/p>\n<p>Prima medalie de aur olimpic\u0103, pentru Rom\u00e2nia, a fost cucerit\u0103 de Iosif S\u00e2rbu, \u00een 1952 la Helsinki, la proba de pistol. \u00cen anul 1976, Nadia Com\u0103neci ob\u021bine la Montreal primul 10 olimpic din istoria gimnasticii. Cea mai bun\u0103 clasare a Rom\u00e2niei \u00een \u00eentrecerile olimpice s-a \u00eenregistrat \u00een 1984 la Los Angeles, c\u00e2nd a ocupat locul doi la clasamentul pe na\u021biuni (dup\u0103 Statele Unite al Americii) cu un total de 53 de medalii: 20 de aur, 16 de argint \u0219i 17 de bronz.<\/p>\n<p>Pentru edi\u021bia din acest an, iubitorii sporturilor olimpice din Rom\u00e2nia \u00ee\u0219i doresc, cum e \u0219i firesc, reconfirmarea celor mai bune \u0219i frumoase tradi\u021bii ale succeselor rom\u00e2ne\u0219ti, care s\u0103 aib\u0103 drept rezultat un loc c\u00e2t mai bun \u00eenscris \u00een topul celor mai performante echipe apar\u021bin\u00e2nd celor 206 \u021b\u0103ri \u00eenscrise \u00een competi\u021bie, care au ca motiva\u021bie ob\u021binerea unui num\u0103r c\u00e2t mai mare de medalii, din totalul de 324, care vor fi \u00eenm\u00e2nate pe podiumurile de premiere.<\/p>\n<p>M\u0103rcile po\u0219tale ale emisiunii ilustreaz\u0103 imagini-simbol al unor discipline sportive la care Rom\u00e2nia are reprezentan\u021bi cu \u0219anse mari la medalii: <strong>gimnastica <\/strong>(val. nominal\u0103 <strong>10 lei<\/strong>),<strong> scrima <\/strong>(val. nominal\u0103 <strong>3 lei<\/strong>),<strong> probele de atletism <\/strong>(val. nominal\u0103 <strong>4 lei<\/strong>),<strong> kaiac-canoe <\/strong>(val. nominal\u0103 <strong>5 lei<\/strong>),<strong> \u00eenot <\/strong>(val. nominal\u0103 <strong>13 lei<\/strong>) \u0219i<strong> tenis de mas\u0103 <\/strong>(val. nominal\u0103 <strong>6 lei<\/strong>).<\/p>\n<p>Marca po\u0219tal\u0103 a coli\u021bei filatelice (val. nominal\u0103 <strong>33 lei<\/strong>), ilustreaz\u0103 o prob\u0103 a canotajului, respectiv, proba de 8 +1 rame.<\/p>\n<p>Cele dou\u0103 plicuri \u201eprima zi\u201d prezint\u0103 \u00een grafica lor design-ul simbolic al amprentei na\u021bionale reprodus\u0103 pe tricourile sportivilor rom\u00e2ni \u0219i respectiv o compozi\u021bie cromatic\u0103 \u00een care se reg\u0103sesc \u0219i simbolurile grafice ale monumentelor reprezentative ale Parisului.<\/p>\n<p><em>Allez, Allez, Paris 2024!<\/em><\/p>\n<p><em>Romfilatelia mul\u021bume\u0219te domnului Mihai Covaliu, Pre\u0219edinte, domnului George Boroi, secretar general \u0219i \u00eentregii echipe a Comitetului Olimpic \u0219i Sportiv Rom\u00e2n pentru sprijinul documentar acordat la realizarea acestei emisiuni de m\u0103rci po\u0219tale.<\/em><\/p>\n<p><a href=\"https:\/\/www.romfilatelia.ro\/wp-content\/uploads\/2024\/07\/caract_PARIS-2024.jpg\"><img decoding=\"async\" loading=\"lazy\" class=\"alignnone size-full wp-image-2046452\" src=\"https:\/\/www.romfilatelia.ro\/wp-content\/uploads\/2024\/07\/caract_PARIS-2024.jpg\" alt=\"\" width=\"1707\" height=\"1233\" \/><\/a><\/p>\n","protected":false},"excerpt":{"rendered":"<p>Cu ocazia deschiderii Jocurilor Olimpice de Var\u0103 Paris 2024, Romfilatelia ofer\u0103 iubitorilor sportului de mare performan\u021b\u0103 \u0219i colec\u021bionarilor emisiunea filatelic\u0103 PARIS 2024, care va fi introdus\u0103 \u00een circula\u021bie vineri, 26 iulie a.c. Compus\u0103 din \u0219ase m\u0103rci po\u0219tale, o coli\u021b\u0103 dantelat\u0103 \u0219i dou\u0103 plicuri \u201eprima zi\u201d, emisiunea reproduce \u00een imaginile m\u0103rcilor po\u0219tale simboluri a \u0219apte discipline&hellip;&nbsp;<a href=\"https:\/\/romfilatelia.ro\/magazin\/produs\/colectii-anuale\/2024\/paris-2024\/\" class=\"\" rel=\"bookmark\">Cite\u0219te mai mult &raquo;<span class=\"screen-reader-text\">Paris 2024<\/span><\/a><\/p>\n","protected":false},"featured_media":2034679,"template":"","meta":{"neve_meta_sidebar":"","neve_meta_container":"","neve_meta_enable_content_width":"off","neve_meta_content_width":100,"neve_meta_title_alignment":"","neve_meta_author_avatar":"","neve_post_elements_order":"","neve_meta_disable_header":"","neve_meta_disable_footer":"","neve_meta_disable_title":""},"product_cat":[333,6],"product_tag":[],"_links":{"self":[{"href":"https:\/\/romfilatelia.ro\/magazin\/wp-json\/wp\/v2\/product\/2034678"}],"collection":[{"href":"https:\/\/romfilatelia.ro\/magazin\/wp-json\/wp\/v2\/product"}],"about":[{"href":"https:\/\/romfilatelia.ro\/magazin\/wp-json\/wp\/v2\/types\/product"}],"wp:featuredmedia":[{"embeddable":true,"href":"https:\/\/romfilatelia.ro\/magazin\/wp-json\/wp\/v2\/media\/2034679"}],"wp:attachment":[{"href":"https:\/\/romfilatelia.ro\/magazin\/wp-json\/wp\/v2\/media?parent=2034678"}],"wp:term":[{"taxonomy":"product_cat","embeddable":true,"href":"https:\/\/romfilatelia.ro\/magazin\/wp-json\/wp\/v2\/product_cat?post=2034678"},{"taxonomy":"product_tag","embeddable":true,"href":"https:\/\/romfilatelia.ro\/magazin\/wp-json\/wp\/v2\/product_tag?post=2034678"}],"curies":[{"name":"wp","href":"https:\/\/api.w.org\/{rel}","templated":true}]}}