{"id":2034619,"date":"2024-07-15T10:09:28","date_gmt":"2024-07-15T08:09:28","guid":{"rendered":"https:\/\/romfilatelia.ro\/magazin\/?post_type=product&#038;p=2034619"},"modified":"2024-07-15T10:09:28","modified_gmt":"2024-07-15T08:09:28","slug":"universitatea-din-bucuresti-160-de-ani","status":"publish","type":"product","link":"https:\/\/romfilatelia.ro\/magazin\/produs\/colectii-anuale\/2024\/universitatea-din-bucuresti-160-de-ani\/","title":{"rendered":"UNIVERSITATEA DIN BUCURE\u0218TI, 160 DE ANI"},"content":{"rendered":"<p><strong><a href=\"https:\/\/www.romfilatelia.ro\/wp-content\/uploads\/2024\/07\/SITE_mc_Univ.-Buc.jpg\"><img decoding=\"async\" loading=\"lazy\" class=\"alignleft wp-image-2046405\" src=\"https:\/\/www.romfilatelia.ro\/wp-content\/uploads\/2024\/07\/SITE_mc_Univ.-Buc.jpg\" alt=\"\" width=\"550\" height=\"809\" \/><\/a>Romfilatelia<\/strong> introduce \u00een circula\u021bie <em>mar\u021bi, 16 iulie a.c.<\/em> emisiunea filatelic\u0103 <strong><em>Universitatea din Bucure\u0219ti, 160 de ani<\/em><\/strong> format\u0103 din o marc\u0103 po\u0219tal\u0103, o coli\u021b\u0103 filatelic\u0103 \u0219i un plic \u201eprima zi\u201d. Emisiunea aniversar\u0103 se dore\u0219te a fi un mod de cinstire a unei institu\u021bii de prim rang \u00een ierarhia structurii \u00eenv\u0103\u021b\u0103m\u00e2ntului superior din Rom\u00e2nia.<\/p>\n<p>Evenimentele aniversare legate de acest moment mai au \u00een vedere \u0219i celebrarea a 330 de ani de tradi\u021bie academic\u0103.<\/p>\n<p>\u00cenfiin\u021bat\u0103 prin Decretul nr. 765 din 4\/16 1864 al domnitorului Alexandru Ioan Cuza \u0219i asum\u00e2ndu-se ca succesoare a structurilor de \u00eenv\u0103\u021b\u0103m\u00e2nt superior inaugurate de Academia Domneasc\u0103 (1694), Universitatea din Bucure\u0219ti este un creuzet pentru viitorul \u021b\u0103rii.<\/p>\n<p>\u00cen anul 1857, se pune piatra fundamental\u0103 a Palatului Universit\u0103\u021bii din Bucure\u0219ti. Aflat \u00een Pia\u021ba Universit\u0103\u021bii, Palatul a fost proiectat de Alexandru Or\u0103scu, pre\u0219edinte al arhitec\u021bilor rom\u00e2ni, dup\u0103 forma \u0219i asem\u0103narea universit\u0103\u021bilor occidentale. Palatul a fost terminat \u00een 1869, r\u0103m\u00e2n\u00e2nd un impun\u0103tor loca\u0219 arhitectural cu \u00eemputerniciri administrative ce a reunit o puternic\u0103 comuniune <em>(Universitas)<\/em> \u00eentre dasc\u0103li \u0219i discipoli. Palatul Universit\u0103\u021bii a g\u0103zduit, pe l\u00e2ng\u0103 facult\u0103\u021bi, Senatul, Academia Rom\u00e2n\u0103, Biblioteca Central\u0103, Muzeul de Antichit\u0103\u021bi \u0219i de Istorie Natural\u0103.<\/p>\n<p>Dintre rectorii care au condus Universitatea din Bucure\u0219ti, mul\u021bi s-au remarcat ca personalit\u0103\u021bi politice de prim rang. \u00cei amintim \u00een acest sens pe: Gheorghe Costaforu, rector al Universit\u0103\u021bii Bucure\u0219ti (1864-1871), profesor de drept civil, de dou\u0103 ori ministru; Vasile Boerescu (1871), cadru didactic la Facultatea de Drept \u0219i ministru de externe; Titu Maiorescu (1892-1897), membru fondator al Academiei Rom\u00e2ne, estet \u0219i critic literar, deputat, ministru, prim-ministru; Nicolae Iorga (1929-1932), istoric, scriitor, academician, ministru \u0219i prim-ministru; Constantin Stoicescu (1936-1940), jurist, deputat, ministru.<\/p>\n<p>Universitatea a fost numit\u0103 metaforic, pretutindeni, cu sintagma <em>Alma mater<\/em> (<em>mama hr\u0103nitoare<\/em>), folosit\u0103 de poe\u0163ii latinit\u0103\u0163ii pentru ideea de <em>patrie<\/em>. Universitatea din Bucure\u015fti s-a remarcat timp de 160 de ani ca un actor central al \u00eenv\u0103\u0163\u0103m\u00e2ntului superior rom\u00e2nesc \u0219i european, o institu\u0163ie aflat\u0103 \u00eentr-un permanent proces de adaptare.<\/p>\n<p>Valoro\u0219i studen\u021bi \u0219i profesori \u0219i-au \u00eenscris prezen\u021ba \u0219i peste hotarele Rom\u00e2niei: Nicolae Iorga la Sorbona, George Usc\u0103tescu \u00een Spania, mari scriitori ca Emil Cioran, Eugen Ionescu la Academia Francez\u0103, Mircea Eliade cu prelegeri la prestigioase universit\u0103\u021bi.<\/p>\n<p>Odat\u0103 cu procesul de re\u00eennoire \u0219i modernizare, \u00eencep\u00e2nd cu anul 1990, Universitatea din Bucure\u015fti are \u00een structura sa 19 facult\u0103\u021bi, \u00eenscriindu-se ca o autoritar\u0103 institu\u021bie \u00een educa\u021bie \u0219i cercetare, unde \u00ee\u0219i desf\u0103\u0219oar\u0103 activitatea peste 34.000 de studen\u021bi, 1.300 de profesori \u0219i 600 de cercet\u0103tori. A dezvoltat parteneriate cu peste 150 de universit\u0103\u021bi din \u00eentreaga lume \u0219i este implicat\u0103 \u00een 468 de acorduri Erasmus+ (programul UE pentru educa\u021bie, formare, tineret \u0219i sport \u00een Europa).<\/p>\n<p>\u00cen anul 2019, Universitatea din Bucure\u0219ti particip\u0103 la formarea alian\u021bei CIVIS al\u0103turi de alte \u0219apte universit\u0103\u021bi europene de prestigiu: Universitatea Aix-Marseille, Universitatea Na\u021bional\u0103 \u0219i Capodistrian\u0103 din Atena, Universitatea Liber\u0103 din Bruxelles, Universitatea Autonom\u0103 din Madrid, Universitatea Sapienza din Roma, Universitatea din Stockholm, Universitatea Eberhard Karls din T\u00fcbingen. \u00cen 2020, li s-a al\u0103turat Universitatea din Glasgow, iar \u00een 2021, Universitatea Paris Lodron din Salzburg. \u00cencep\u00e2nd cu anul 2022, prin aderarea oficial\u0103 a Universit\u0103\u021bii din Lausanne, comunitatea CIVIS se extinde, ajung\u00e2nd s\u0103 numere 11 universit\u0103\u021bi membre.<\/p>\n<p>Marca po\u0219tal\u0103 (valoare nominal\u0103 <strong>13 Lei<\/strong>) reproduce frontonul principal al Palatului Universit\u0103\u021bii al\u0103turi de profilul statuii lui Ion Heliade R\u0103dulescu, amplasat\u0103 \u00een grupul statuar de vis-\u00e0-vis.<\/p>\n<p>Marca po\u0219tal\u0103 a coli\u021bei filatelice (valoare nominal\u0103 <strong>33 Lei<\/strong>) reproduce o compozi\u021bie alegoric\u0103 inclus\u0103 \u00een arhitectura cl\u0103dirii, \u00eentr-o asociere grafic\u0103 cu desenul ansamblului fa\u021badei principale executat de arhitectul Alexandru Or\u0103scu, \u0219i un portret de epoc\u0103 al lui Alexandru Ioan Cuza.<\/p>\n<p>Plicul \u201eprima zi\u201d ilustreaz\u0103 un detaliu de arhitectur\u0103 a fa\u021badei, inscrip\u021bionat cu textul stilizat \u201e160 ani\u201d.<\/p>\n<p>Actor central al \u00eenv\u0103\u0163\u0103m\u00e2ntului superior rom\u00e2nesc \u0219i european, Universitatea din Bucure\u0219ti este o institu\u0163ie aflat\u0103 \u00eentr-un permanent proces de adaptare \u0219i interna\u0163ionalizare, deschis\u0103 spre multiculturalitate \u0219i diversitate.<\/p>\n<p><em>Romfilatelia mul\u021bume\u0219te reprezentan\u021bilor Universit\u0103\u021bii din Bucure\u0219ti pentru sprijinul documentar acordat la realizarea acestei emisiuni de m\u0103rci po\u0219tale.<\/em><\/p>\n<p><a href=\"https:\/\/www.romfilatelia.ro\/wp-content\/uploads\/2024\/07\/caract_Universitatea-din-Bucuresti-160-ani.jpg\"><img decoding=\"async\" loading=\"lazy\" class=\"aligncenter wp-image-2046394 size-full\" src=\"https:\/\/www.romfilatelia.ro\/wp-content\/uploads\/2024\/07\/caract_Universitatea-din-Bucuresti-160-ani.jpg\" alt=\"\" width=\"1717\" height=\"1104\" \/><\/a><\/p>\n","protected":false},"excerpt":{"rendered":"<p>Romfilatelia introduce \u00een circula\u021bie mar\u021bi, 16 iulie a.c. emisiunea filatelic\u0103 Universitatea din Bucure\u0219ti, 160 de ani format\u0103 din o marc\u0103 po\u0219tal\u0103, o coli\u021b\u0103 filatelic\u0103 \u0219i un plic \u201eprima zi\u201d. Emisiunea aniversar\u0103 se dore\u0219te a fi un mod de cinstire a unei institu\u021bii de prim rang \u00een ierarhia structurii \u00eenv\u0103\u021b\u0103m\u00e2ntului superior din Rom\u00e2nia. Evenimentele aniversare legate&hellip;&nbsp;<a href=\"https:\/\/romfilatelia.ro\/magazin\/produs\/colectii-anuale\/2024\/universitatea-din-bucuresti-160-de-ani\/\" class=\"\" rel=\"bookmark\">Cite\u0219te mai mult &raquo;<span class=\"screen-reader-text\">UNIVERSITATEA DIN BUCURE\u0218TI, 160 DE ANI<\/span><\/a><\/p>\n","protected":false},"featured_media":2034621,"template":"","meta":{"neve_meta_sidebar":"","neve_meta_container":"","neve_meta_enable_content_width":"off","neve_meta_content_width":100,"neve_meta_title_alignment":"","neve_meta_author_avatar":"","neve_post_elements_order":"","neve_meta_disable_header":"","neve_meta_disable_footer":"","neve_meta_disable_title":""},"product_cat":[333,6],"product_tag":[],"_links":{"self":[{"href":"https:\/\/romfilatelia.ro\/magazin\/wp-json\/wp\/v2\/product\/2034619"}],"collection":[{"href":"https:\/\/romfilatelia.ro\/magazin\/wp-json\/wp\/v2\/product"}],"about":[{"href":"https:\/\/romfilatelia.ro\/magazin\/wp-json\/wp\/v2\/types\/product"}],"wp:featuredmedia":[{"embeddable":true,"href":"https:\/\/romfilatelia.ro\/magazin\/wp-json\/wp\/v2\/media\/2034621"}],"wp:attachment":[{"href":"https:\/\/romfilatelia.ro\/magazin\/wp-json\/wp\/v2\/media?parent=2034619"}],"wp:term":[{"taxonomy":"product_cat","embeddable":true,"href":"https:\/\/romfilatelia.ro\/magazin\/wp-json\/wp\/v2\/product_cat?post=2034619"},{"taxonomy":"product_tag","embeddable":true,"href":"https:\/\/romfilatelia.ro\/magazin\/wp-json\/wp\/v2\/product_tag?post=2034619"}],"curies":[{"name":"wp","href":"https:\/\/api.w.org\/{rel}","templated":true}]}}