{"id":2034607,"date":"2024-07-15T09:52:34","date_gmt":"2024-07-15T07:52:34","guid":{"rendered":"https:\/\/romfilatelia.ro\/magazin\/?post_type=product&#038;p=2034607"},"modified":"2024-07-18T11:52:33","modified_gmt":"2024-07-18T09:52:33","slug":"ziua-marcii-postale-romanesti-evenimente-aviatie","status":"publish","type":"product","link":"https:\/\/romfilatelia.ro\/magazin\/produs\/colectii-anuale\/2024\/ziua-marcii-postale-romanesti-evenimente-aviatie\/","title":{"rendered":"ZIUA M\u0102RCII PO\u0218TALE ROM\u00c2NE\u0218TI. EVENIMENTE. AVIA\u021aIE"},"content":{"rendered":"<p><strong><a href=\"https:\/\/www.romfilatelia.ro\/wp-content\/uploads\/2024\/07\/SITE_mc_ZMPR_Aviatie.jpg\"><img decoding=\"async\" loading=\"lazy\" class=\"alignleft wp-image-2046374\" src=\"https:\/\/www.romfilatelia.ro\/wp-content\/uploads\/2024\/07\/SITE_mc_ZMPR_Aviatie.jpg\" alt=\"\" width=\"550\" height=\"611\" \/><\/a>Ziua M\u0103rcii Po\u0219tale Rom\u00e2ne\u0219ti<\/strong>, s\u0103rb\u0103torit\u0103 pentru prima dat\u0103 \u00een anul 1932 cu ocazia primei Expozi\u021bii Filatelice Rom\u00e2ne, a fost \u00eenscris\u0103 \u00een lista evenimentelor de importan\u021b\u0103 na\u021bional\u0103 urmare a Legii nr. 62\/2024, stabilindu-se data de 15 iulie a fiec\u0103rui an ca <strong>\u201eZiua M\u0103rcii Po\u0219tale Rom\u00e2ne\u0219ti\u201d.<\/strong><\/p>\n<p>Emisiunea de m\u0103rci po\u0219tale cu tema <strong>Evenimente. Avia\u021bie<\/strong> este alc\u0103tuit\u0103 din patru timbre, o coli\u021b\u0103 filatelic\u0103 dantelat\u0103, un plic \u201eprima zi\u201d \u0219i un album filatelic special realizat \u00een tiraj limitat, va fi introdus\u0103 \u00een circula\u021bie pe <em>15 iulie a.c<\/em>. \u0219i este dedicat\u0103 Avia\u021biei Rom\u00e2ne \u0219i For\u021belor Aeriene Rom\u00e2ne.<\/p>\n<p>Primul avion militar rom\u00e2nesc, conceput \u0219i pilotat de Aurel Vlaicu, construit la Arsenalul Armatei, a zburat pe data de 17 iunie 1910. Prima \u0219coal\u0103 militar\u0103 pentru instruirea pilo\u021bilor a fost \u00eenfiin\u021bat\u0103 \u00een anul 1912, iar un an mai t\u00e2rziu a fost adoptat\u0103 Legea de organizare a Aeronauticii<strong>, <\/strong>prin care a fost \u00eenfiin\u021bat\u0103 \u00een mod oficial avia\u021bia militar\u0103 rom\u00e2n\u0103.<\/p>\n<p>De men\u021bionat c\u0103 Avia\u021bia Rom\u00e2n\u0103 \u0219i For\u021bele Aeriene au stabilit\u0103 \u0219i o zi de s\u0103rb\u0103toare la data de 20 iulie.<\/p>\n<p>La aceea\u0219i dat\u0103 este pr\u0103znuit Sf\u00e2ntul Proroc Ilie Tesviteanul, socotit ocrotitorul spriritual al aviatorilor. Ziua Sf\u00e2ntului a devenit s\u0103rb\u0103toare oficial\u0103 a avia\u021biei militare <strong>prin \u00cenaltul Decret Regal nr. 1343 din 17 aprilie 1931 semnat de Regele Carol al II-lea<\/strong>.<\/p>\n<p>\u00cen imaginile m\u0103rcilor po\u0219tale, coli\u021bei filatelice \u0219i plicului \u201eprima zi\u201d sunt ilustrate c\u00e2teva momente-eveniment din istoria aviaticii rom\u00e2ne\u0219ti \u00een care sunt incluse \u0219i portretele a trei personalit\u0103\u021bi ale domeniului, respectiv Traian Vuia, Aurel Vlaicu \u0219i Henri Coand\u0103. De asemenea este prezentat \u0219i un moment-premier\u0103 realizat de Compania TAROM, primul zbor \u00een jurul lumii, \u00een urm\u0103 cu 55 de ani. Constructorii de avioane rom\u00e2ne\u0219ti sunt omagia\u021bi cu dou\u0103 realiz\u0103ri importante: primul avion de v\u00e2n\u0103toare (1939) \u0219i primul avion cu reac\u021bie fabricat \u00een Rom\u00e2nia (1974).<\/p>\n<p><strong><em>Traian Vuia,<\/em><\/strong> pionier al avia\u021biei mondiale (marca po\u0219tal\u0103 cu valoarea nominal\u0103 de <strong>4 Lei<\/strong>) a realizat \u0219i a pilotat primul avion de zbor cu decolare autonom\u0103. Zborul demonstrativ a avut loc \u00een ziua de 18 martie 1906 la Montesson (l\u00e2ng\u0103 Paris).<\/p>\n<p><strong><em>Aurel Vlaicu,<\/em><\/strong> inginer, constructor \u0219i pilot al primului avion conceput <strong>\u0219i fabricat \u00een Rom\u00e2nia<\/strong> (marca po\u0219tal\u0103 cu valoarea nominal\u0103 de<strong> 5 Lei<\/strong>) al c\u0103rui zbor inaugural a avut loc la 17 iunie 1910, este recunoscut ca un reprezentant de frunte al avia\u021biei na\u021bionale \u0219i mondiale. Ultimul s\u0103u proiect, avionul <strong><em>Vlaicu III<\/em><\/strong>, primul avion din lume\u00a0 construit din metal, a fost<strong> finalizat <\/strong>dup\u0103 moartea sa (1913) de prietenii s\u0103i Constantin Sili\u0219teanu \u0219i Giovanni\u00a0 Magnani, \u00een anul 1914.<\/p>\n<p><strong><em>Henri Coand\u0103<\/em><\/strong>, inventator de talie mondial\u0103, specialist \u00een aerodinamic\u0103, este prezent \u00een istoria avia\u021biei ca fiind constructorul primului avion cu reac\u021bie, realizat \u00een anul 1910 (marca po\u0219tal\u0103 cu valoarea nominal\u0103 <strong>de 33 Lei <\/strong>din coli\u021ba filatelic\u0103). Avionul <strong><em>IAR-93<\/em><\/strong> a c\u0103rei imagine este reprodus\u0103 l\u00e2ng\u0103 portretul lui Henri Coand\u0103 este cunoscut ca primul avion cu reac\u021bie fabricat <strong>\u00een Rom\u00e2nia<\/strong>, av\u00e2nd ca ghid \u0219i programul INCREST (al c\u0103rui director \u00eencep\u00e2nd cu anul 1969 a fost Henri Coand\u0103) \u0219i care a avut primul zbor \u00een anul 1974.<\/p>\n<p>Avionul de v\u00e2n\u0103toare <strong><em>IAR-80<\/em><\/strong> (marca po\u0219tal\u0103 cu valoarea nominal\u0103 <strong>6 Lei<\/strong>) a fost conceput \u0219i construit la I.A.R. Bra\u0219ov, iar zborul inaugural a avut loc pe 12 aprilie 1939. Avioanele de serie au participat la ac\u021biunile de lupt\u0103 din timpul celui de-al Doilea R\u0103zboi Mondial.<\/p>\n<p>Compania TAROM, \u00eenscrie un eveniment important \u00een existen\u021ba sa, \u00een anul 1969 prin realizarea primului zbor \u00een jurul lumii, cu un avion IL-18D (marca po\u0219tal\u0103 cu valoarea nominal\u0103 de<strong> 13 Lei<\/strong>). Zborul desf\u0103\u0219urat \u00eentre 11 decembrie 1969 \u0219i 7 ianuarie 1970, a \u00eensumat peste 50.000 kilometri, parcur\u0219i \u00een aproape 80 de ore de zbor efectiv.<\/p>\n<p><em>Romfilatelia mul<\/em><em>\u021b<\/em><em>ume<\/em><em>\u0219<\/em><em>te reprezentan<\/em><em>\u021b<\/em><em>ilor<\/em><em> Muzeului Na\u021bional al Avia\u021biei Rom\u00e2ne pentru sprijinul documentar acordat la realizarea acestei emisiuni de m\u0103rci po\u0219tale.<\/em><\/p>\n<p><a href=\"https:\/\/www.romfilatelia.ro\/wp-content\/uploads\/2024\/07\/caract_ZMPR_EVENIMENTE.jpg\"><img decoding=\"async\" loading=\"lazy\" class=\"aligncenter wp-image-2046353 size-full\" src=\"https:\/\/www.romfilatelia.ro\/wp-content\/uploads\/2024\/07\/caract_ZMPR_EVENIMENTE.jpg\" alt=\"\" width=\"1776\" height=\"1776\" \/><\/a><\/p>\n","protected":false},"excerpt":{"rendered":"<p>Ziua M\u0103rcii Po\u0219tale Rom\u00e2ne\u0219ti, s\u0103rb\u0103torit\u0103 pentru prima dat\u0103 \u00een anul 1932 cu ocazia primei Expozi\u021bii Filatelice Rom\u00e2ne, a fost \u00eenscris\u0103 \u00een lista evenimentelor de importan\u021b\u0103 na\u021bional\u0103 urmare a Legii nr. 62\/2024, stabilindu-se data de 15 iulie a fiec\u0103rui an ca \u201eZiua M\u0103rcii Po\u0219tale Rom\u00e2ne\u0219ti\u201d. Emisiunea de m\u0103rci po\u0219tale cu tema Evenimente. Avia\u021bie este alc\u0103tuit\u0103 din&hellip;&nbsp;<a href=\"https:\/\/romfilatelia.ro\/magazin\/produs\/colectii-anuale\/2024\/ziua-marcii-postale-romanesti-evenimente-aviatie\/\" class=\"\" rel=\"bookmark\">Cite\u0219te mai mult &raquo;<span class=\"screen-reader-text\">ZIUA M\u0102RCII PO\u0218TALE ROM\u00c2NE\u0218TI. EVENIMENTE. AVIA\u021aIE<\/span><\/a><\/p>\n","protected":false},"featured_media":2034608,"template":"","meta":{"neve_meta_sidebar":"","neve_meta_container":"","neve_meta_enable_content_width":"off","neve_meta_content_width":100,"neve_meta_title_alignment":"","neve_meta_author_avatar":"","neve_post_elements_order":"","neve_meta_disable_header":"","neve_meta_disable_footer":"","neve_meta_disable_title":""},"product_cat":[333,6],"product_tag":[],"_links":{"self":[{"href":"https:\/\/romfilatelia.ro\/magazin\/wp-json\/wp\/v2\/product\/2034607"}],"collection":[{"href":"https:\/\/romfilatelia.ro\/magazin\/wp-json\/wp\/v2\/product"}],"about":[{"href":"https:\/\/romfilatelia.ro\/magazin\/wp-json\/wp\/v2\/types\/product"}],"wp:featuredmedia":[{"embeddable":true,"href":"https:\/\/romfilatelia.ro\/magazin\/wp-json\/wp\/v2\/media\/2034608"}],"wp:attachment":[{"href":"https:\/\/romfilatelia.ro\/magazin\/wp-json\/wp\/v2\/media?parent=2034607"}],"wp:term":[{"taxonomy":"product_cat","embeddable":true,"href":"https:\/\/romfilatelia.ro\/magazin\/wp-json\/wp\/v2\/product_cat?post=2034607"},{"taxonomy":"product_tag","embeddable":true,"href":"https:\/\/romfilatelia.ro\/magazin\/wp-json\/wp\/v2\/product_tag?post=2034607"}],"curies":[{"name":"wp","href":"https:\/\/api.w.org\/{rel}","templated":true}]}}