{"id":2034575,"date":"2024-07-03T12:09:09","date_gmt":"2024-07-03T10:09:09","guid":{"rendered":"https:\/\/romfilatelia.ro\/magazin\/?post_type=product&#038;p=2034575"},"modified":"2024-07-03T12:09:09","modified_gmt":"2024-07-03T10:09:09","slug":"trofee-de-vanatoare","status":"publish","type":"product","link":"https:\/\/romfilatelia.ro\/magazin\/produs\/colectii-anuale\/2024\/trofee-de-vanatoare\/","title":{"rendered":"TROFEE DE V\u00c2N\u0102TOARE"},"content":{"rendered":"<p><strong><a href=\"https:\/\/www.romfilatelia.ro\/wp-content\/uploads\/2024\/07\/SITE_mc_Trofee-vanatoresti-1.jpg\"><img decoding=\"async\" loading=\"lazy\" class=\"alignleft wp-image-2046304\" src=\"https:\/\/www.romfilatelia.ro\/wp-content\/uploads\/2024\/07\/SITE_mc_Trofee-vanatoresti-1.jpg\" alt=\"\" width=\"550\" height=\"526\" \/><\/a><\/strong><strong>Romfilatelia <\/strong>introduce \u00een circula\u021bie <em>miercuri, 3 iulie a.c.<\/em> o emisiune filatelic\u0103 destinat\u0103 colec\u021bionarilor de subiecte cinegetice, intitulat\u0103 <strong><em>Trofee de v\u00e2n\u0103toare<\/em><\/strong>, compus\u0103 din 4 m\u0103rci po\u0219tale, un plic \u201eprima zi\u201d, o map\u0103 filatelic\u0103 cu bloc special \u00een tiraj limitat \u0219i un set de 4 c\u0103r\u021bi po\u0219tale maxime pentru pasiona\u021bii de maximafilie.<\/p>\n<p>Trofeele de v\u00e2n\u0103toare sunt suveniruri care r\u0103m\u00e2n ca un simbol al priceperii v\u00e2n\u0103torului \u0219i a valorii animalului capturat. Cunoa\u0219terea istoriei trofeului, contextul \u00een care a fost dobor\u00e2t, adaug\u0103 o semnifica\u021bie cultural\u0103 \u0219i educa\u021bional\u0103. Pe l\u00e2ng\u0103 acestea, trofeul ob\u021binut dup\u0103 \u00eenfruntarea greut\u0103\u021bilor v\u00e2n\u0103torii, devine un veritabil subiect al amintirilor \u0219i pove\u0219tilor v\u00e2n\u0103tore\u0219ti.<\/p>\n<p>Cinegetica modern\u0103 acord\u0103 o mare importan\u021b\u0103 \u0219tiin\u021bific\u0103 trofeelor de v\u00e2nat ob\u021binute din mediul s\u0103lbatic, acestea constituind o baz\u0103 de date valoroas\u0103 pentru analizarea pe intervale mari de timp a stadiului conserv\u0103rii \u0219i evolu\u021biei caracterelor exprimate somatic \u00een popula\u021biile speciilor de interes cinegetic, vigurozitatea \u0219i schimburile de caractere genetice \u00eentre diferite popula\u021bii, etc. informa\u021bii foarte utile pentru cultura v\u00e2natului.<\/p>\n<p>Ob\u021binerea trofeelor se face dup\u0103 reguli stricte, dictate de ra\u021biuni \u0219tiin\u021bifice, av\u00e2ndu-se \u00een vedere \u00een principal r\u0103sp\u00e2ndirea caracterelor favorabile pentru men\u021binerea nucleelor de reproduc\u021bie viguroase, s\u0103n\u0103toase \u0219i cu comportament normal, caracteristic speciei \u0219i eliminarea celor nedorite, prin ac\u021biuni specifice managementului cinegetic. Sub acest ultim aspect \u0219i trofeele de selec\u021bie, ob\u021binute \u00een general de la exemplarele tarate, ofer\u0103 informa\u021bii la fel de utile.<\/p>\n<p>Pentru sistematizarea \u0219i \u00eencadrarea valoric\u0103 a trofeelor conven\u021bionale (reprezentate, \u00een func\u021bie de specie, de cranii, din\u021bi, bl\u0103nuri), au fost adoptate la nivel interna\u021bional criterii de apreciere \u0219i punctare, bazate \u00een principal pe m\u0103sur\u0103tori \u0219i complementar, pe aspectul general.<\/p>\n<p>Valoarea trofeelor rom\u00e2ne\u0219ti, prezentate la expozi\u021biile interna\u021bionale \u00eenc\u0103 din perioada interbelic\u0103, a situat Rom\u00e2nia \u00eentre primele \u021b\u0103ri ce pot demonstra calitatea managementului cinegetic, \u021bara noastr\u0103 de\u021bin\u00e2nd frecvent <strong>recorduri mondiale<\/strong>, unele neegalate \u00eenc\u0103, a\u0219a cum este cel pentru blana de urs omologat \u00een anul 1983, sau cel de <strong>capr\u0103 neagr\u0103<\/strong> prezentat \u00een aceast\u0103 emisiune filatelic\u0103, (marca po\u0219tal\u0103 cu valoarea nominal\u0103 de <strong>6 Lei<\/strong>), dob\u00e2ndit \u00een F\u0103g\u0103ra\u0219 \u0219i omologat cu 141,10 puncte \u00een anul 1934.<\/p>\n<p><strong>Trofeul de cerb carpatin<\/strong> (marca po\u0219tal\u0103 cu valoarea nominal\u0103 de <strong>13 Lei),<\/strong> care a de\u021binut mul\u021bi ani titlul de record mondial cu 261,25 puncte C.I.C., provenit din Soveja \u2013 Vrancea, a fost omologat \u00een anul 1980.<\/p>\n<p><strong>Trofeul de c\u0103prior,<\/strong> (marca po\u0219tal\u0103 cu valoarea nominal\u0103 de <strong>5 Lei),<\/strong> provenit din Dr\u0103g\u0103ne\u0219ti-Prahova \u00een anul 1976, a de\u021binut titlul de record na\u021bional cu 211,67 puncte C.I.C., iar cel de <strong>mistre\u021b<\/strong>, (marca po\u0219tal\u0103 cu valoarea nominal\u0103 de <strong>12 Lei), <\/strong>omologat cu144,0 puncte C.I.C. provine din fondul cinegetic Cornuleasa \u2013 Ilfov.<\/p>\n<p>Toate aceste trofee au fost prezentate \u0219i evaluate la expozi\u021biile interna\u021bionale, al\u0103turi de alte trofee rom\u00e2ne\u0219ti medaliate.<\/p>\n<p>Pe blocul special de 4 timbre nedantelate s-a folosit ca surs\u0103 foto o imagine din patrimoniul Arhivelor Na\u021bionale ale Rom\u00e2niei.<\/p>\n<p><strong><em>Romfilatelia mul\u021bume\u0219te domnului dr. ing. Vladimir Horia Talpe\u0219, director \u00een cadrul Asocia\u021biei Generale a V\u00e2n\u0103torilor \u0219i Pescarilor Sportivi din Rom\u00e2nia pentru sprijinul documentar acordat la realizarea acestei emisiuni de m\u0103rci po\u0219tale.<\/em><\/strong><\/p>\n<p><a href=\"https:\/\/www.romfilatelia.ro\/wp-content\/uploads\/2024\/07\/caract_Trofee-de-vanatoare-1.jpg\"><img decoding=\"async\" loading=\"lazy\" class=\"size-full wp-image-2046320 aligncenter\" src=\"https:\/\/www.romfilatelia.ro\/wp-content\/uploads\/2024\/07\/caract_Trofee-de-vanatoare-1.jpg\" alt=\"\" width=\"1761\" height=\"1546\" \/><\/a><\/p>\n","protected":false},"excerpt":{"rendered":"<p>Romfilatelia introduce \u00een circula\u021bie miercuri, 3 iulie a.c. o emisiune filatelic\u0103 destinat\u0103 colec\u021bionarilor de subiecte cinegetice, intitulat\u0103 Trofee de v\u00e2n\u0103toare, compus\u0103 din 4 m\u0103rci po\u0219tale, un plic \u201eprima zi\u201d, o map\u0103 filatelic\u0103 cu bloc special \u00een tiraj limitat \u0219i un set de 4 c\u0103r\u021bi po\u0219tale maxime pentru pasiona\u021bii de maximafilie. Trofeele de v\u00e2n\u0103toare sunt suveniruri&hellip;&nbsp;<a href=\"https:\/\/romfilatelia.ro\/magazin\/produs\/colectii-anuale\/2024\/trofee-de-vanatoare\/\" class=\"\" rel=\"bookmark\">Cite\u0219te mai mult &raquo;<span class=\"screen-reader-text\">TROFEE DE V\u00c2N\u0102TOARE<\/span><\/a><\/p>\n","protected":false},"featured_media":2034576,"template":"","meta":{"neve_meta_sidebar":"","neve_meta_container":"","neve_meta_enable_content_width":"off","neve_meta_content_width":100,"neve_meta_title_alignment":"","neve_meta_author_avatar":"","neve_post_elements_order":"","neve_meta_disable_header":"","neve_meta_disable_footer":"","neve_meta_disable_title":""},"product_cat":[333,6],"product_tag":[],"_links":{"self":[{"href":"https:\/\/romfilatelia.ro\/magazin\/wp-json\/wp\/v2\/product\/2034575"}],"collection":[{"href":"https:\/\/romfilatelia.ro\/magazin\/wp-json\/wp\/v2\/product"}],"about":[{"href":"https:\/\/romfilatelia.ro\/magazin\/wp-json\/wp\/v2\/types\/product"}],"wp:featuredmedia":[{"embeddable":true,"href":"https:\/\/romfilatelia.ro\/magazin\/wp-json\/wp\/v2\/media\/2034576"}],"wp:attachment":[{"href":"https:\/\/romfilatelia.ro\/magazin\/wp-json\/wp\/v2\/media?parent=2034575"}],"wp:term":[{"taxonomy":"product_cat","embeddable":true,"href":"https:\/\/romfilatelia.ro\/magazin\/wp-json\/wp\/v2\/product_cat?post=2034575"},{"taxonomy":"product_tag","embeddable":true,"href":"https:\/\/romfilatelia.ro\/magazin\/wp-json\/wp\/v2\/product_tag?post=2034575"}],"curies":[{"name":"wp","href":"https:\/\/api.w.org\/{rel}","templated":true}]}}