{"id":2034530,"date":"2024-06-25T15:00:21","date_gmt":"2024-06-25T13:00:21","guid":{"rendered":"https:\/\/romfilatelia.ro\/magazin\/?post_type=product&#038;p=2034530"},"modified":"2024-06-26T13:06:54","modified_gmt":"2024-06-26T11:06:54","slug":"municipiul-cluj-napoca-1900-de-ani-de-atestare-documentara","status":"publish","type":"product","link":"https:\/\/romfilatelia.ro\/magazin\/produs\/uncategorized\/municipiul-cluj-napoca-1900-de-ani-de-atestare-documentara\/","title":{"rendered":"MUNICIPIUL CLUJ-NAPOCA, 1900 DE ANI DE ATESTARE DOCUMENTAR\u0102"},"content":{"rendered":"<p><strong><a href=\"https:\/\/www.romfilatelia.ro\/wp-content\/uploads\/2024\/06\/SITE_mc_Mun.jpg\"><img decoding=\"async\" loading=\"lazy\" class=\"alignleft wp-image-2046176\" src=\"https:\/\/www.romfilatelia.ro\/wp-content\/uploads\/2024\/06\/SITE_mc_Mun.jpg\" alt=\"\" width=\"500\" height=\"213\" \/><\/a>Romfilatelia<\/strong> introduce \u00een circula\u021bie, <em>miercuri, 26 iunie a.c.,<\/em> emisiunea de m\u0103rci po\u0219tale <strong><em>\u201eMunicipiul Cluj-Napoca, 1900 de ani de atestare documentar\u0103\u201d<\/em><\/strong>.<\/p>\n<p>Cele dou\u0103 m\u0103rci po\u0219tale ale emisiunii se prezint\u0103 ca o autentic\u0103 \u0219i valoroas\u0103 recunoa\u0219tere istoric\u0103 a unei localit\u0103\u021bi care este atestat\u0103 ca fiind unul dintre primele ora\u0219e declarate municipiu pe teritoriul Rom\u00e2niei de azi \u00een urm\u0103 cu 19 secole.<\/p>\n<p>Numele antic Napoca apare \u00een izvoare cartografice latine \u0219i grece\u0219ti. Localitatea este pozi\u021bionat\u0103 pe <em>itinerarium pictum<\/em> (o hart\u0103) numit Tabula Pentingeriana.<\/p>\n<p>\u00cen geografia lui Ptolemeu este men\u021bionat\u0103 forma <em>Napouka<\/em>. O localitate cu numele Napoca este prima dat\u0103 atestat\u0103 \u00een Dacia nordic\u0103 \u00eentre 10 decembrie 107 \u0219i 10 decembrie 108 \u00een \u00eenscrisul unei borne militare descoperit\u0103 la Aiton.<\/p>\n<p>Napoca a fost ridicat\u0103 la rang de municipiu \u00een timpul \u00eemp\u0103ratului Hadrian (<em>municipium<\/em> <em>Aelium Hadrianum Napoca<\/em>). Constantin Daicoviciu a indicat \u00een scrierile sale ca an al \u00eentemeierii municipiului anul 124. Acela\u0219i an este \u00eenscris \u0219i \u00een lucrarea<em> Histoire de la Roumanie des origines \u00e0 nos jours <\/em>Editura<br \/>\nHorvath-Paris, 1970. (autori Constantin Daicoviciu, \u0218tefan Pascu, Miron Constantinescu).<\/p>\n<p>Re\u0219edin\u021ba provinciei romane Dacia Porolissensis a fost stabilit\u0103 definitiv la Napoca, localitate ridicat\u0103 de Marcus Aurelius la rangul de <em>colonie<\/em> (ora\u0219 roman). Septimius Sever \u00eei confer\u0103 mai apoi drepturi cet\u0103\u021bene\u0219ti speciale prin atribuirea calificativului de <em>lus italicum.<\/em><\/p>\n<p>Dup\u0103 retragerea roman\u0103, centrele urbane, inclusiv <em>colonia<\/em> Napoca, sunt abandonate, iar izvoarele istorice despre a\u0219ezare sunt pu\u021bine \u0219i incomplete. Referitor la continuitatea locuirii zonei, pentru prima dat\u0103 \u00een anul 1173 g\u0103sim men\u021bionat numele a\u0219ez\u0103rii <em>Clus<\/em> \u0219i mai apoi <em>Castrum Clus<\/em> (1175).<\/p>\n<p>Dup\u0103 aproape trei secole, a\u0219ezarea se transform\u0103 vizibil odat\u0103 cu dezvoltarea me\u0219te\u0219ugurilor \u0219i a numeroaselor construc\u021bii \u00een stil gotic. La anul 1541 c\u00e2nd turcii transform\u0103 Ungaria \u00een pa\u0219al\u00e2c, Clujul r\u0103m\u00e2ne cel mai important centru economic, politic \u0219i cultural al Transilvaniei, devenit\u0103 principat autonom sub suzeranitatea Imperiului Otoman. A\u0219ezarea, devenit\u0103 ora\u0219 \u00ee\u0219i va p\u0103stra numele de Cluj.<\/p>\n<p>Anul 124, amintit mai sus a folosit \u00een anul 1974 ca fundamentare a anivers\u0103rii a 1850 de ani de la ridicarea a\u0219ez\u0103rii Napoca la rang de municipiu \u0219i a schimb\u0103rii numelui municipiului Cluj \u00een Cluj-Napoca. Evenimentul a fost marcat \u0219i \u00een filatelie printr-o emisiune dedicat\u0103, \u00een luna aprilie 1974.<\/p>\n<p>Men\u021bion\u0103m c\u0103 ipoteza lui Constantin Daicoviciu privind anul 124, a fost supus\u0103 unui proces de reanaliz\u0103 av\u00e2nd ca rezultat argumente care presupun atestarea ridic\u0103rii la rang de <em>municipium <\/em>a a\u0219ez\u0103rii Napoca \u00eentre anii 117-123 \u0219i o concluzie formulat\u0103<br \/>\ncu pruden\u021b\u0103 \u201enu exist\u0103 surse \u00een momentul de fa\u021b\u0103 care s\u0103 permit\u0103 stabilirea datei precise \u00een care localit\u0103\u021bii Napoca i s-a acordat statutul de <em>municipium\u201d.<\/em><\/p>\n<p>De men\u021bionat c\u0103 \u00een mediul on-line, \u00een <strong>Enciclopedia Rom\u00e2niei<\/strong> \u0219i \u00een publica\u021bii editate la Cluj-Napoca, toate informa\u021biile \u00eenscriu anul 124 ca an al <em>municipiumului Napoca,<\/em> (vezi \u0219i <strong>Actual de Cluj<\/strong>: <em>\u201eCluj-Napoca face 1900 de ani &#8230;\u201d<\/em> 5 ianuarie 2024).<\/p>\n<p>Marca po\u0219tal\u0103 cu valoarea nominal\u0103 de <strong>5 Lei<\/strong> reproduce imaginea unei pietre de altar cu inscrip\u021bia NAPOCA (sec. II p. Chr.) al\u0103turi de reproducerea unei gravuri prezent\u00e2nd o imagine de ansamblu a Clujului la anul 1617.<\/p>\n<p>Marca po\u0219tal\u0103 cu valoarea nominal\u0103 de <strong>10 Lei<\/strong> reproduce imaginea Pie\u021bei centrale din Cluj la anul 1830.<\/p>\n<p>Plicul \u201eprima zi\u201d prezint\u0103 \u00een grafica sa imaginea unei fotografii panoramice a <em>Pie\u021bei Unirii<\/em> din Cluj-Napoca.<\/p>\n<p><em>Romfilatelia mul\u021bume\u0219te domnului dr. George Cristian Cupcea director al Muzeului Na\u021bional de Istorie a Transilvaniei, domnilor profesori universitari dr. Sorin Nemeti \u0219i dr. Ioan Bolovan de la Universitatea Babes-Bolyai din Cluj-Napoca \u0219i fotografului \u0218tefan Socaciu, pentru colaborarea \u0219i sprijinul documentar acordat la realizarea acestei emisiuni de m\u0103rci po\u0219tale.<\/em><\/p>\n<p><a href=\"https:\/\/www.romfilatelia.ro\/wp-content\/uploads\/2024\/06\/caractt.png\"><img decoding=\"async\" loading=\"lazy\" class=\"alignnone size-full wp-image-2046177\" src=\"https:\/\/www.romfilatelia.ro\/wp-content\/uploads\/2024\/06\/caractt.png\" alt=\"\" width=\"1424\" height=\"845\" \/><\/a><\/p>\n","protected":false},"excerpt":{"rendered":"<p>Romfilatelia introduce \u00een circula\u021bie, miercuri, 26 iunie a.c., emisiunea de m\u0103rci po\u0219tale \u201eMunicipiul Cluj-Napoca, 1900 de ani de atestare documentar\u0103\u201d. Cele dou\u0103 m\u0103rci po\u0219tale ale emisiunii se prezint\u0103 ca o autentic\u0103 \u0219i valoroas\u0103 recunoa\u0219tere istoric\u0103 a unei localit\u0103\u021bi care este atestat\u0103 ca fiind unul dintre primele ora\u0219e declarate municipiu pe teritoriul Rom\u00e2niei de azi \u00een&hellip;&nbsp;<a href=\"https:\/\/romfilatelia.ro\/magazin\/produs\/uncategorized\/municipiul-cluj-napoca-1900-de-ani-de-atestare-documentara\/\" class=\"\" rel=\"bookmark\">Cite\u0219te mai mult &raquo;<span class=\"screen-reader-text\">MUNICIPIUL CLUJ-NAPOCA, 1900 DE ANI DE ATESTARE DOCUMENTAR\u0102<\/span><\/a><\/p>\n","protected":false},"featured_media":2034535,"template":"","meta":{"neve_meta_sidebar":"","neve_meta_container":"","neve_meta_enable_content_width":"off","neve_meta_content_width":100,"neve_meta_title_alignment":"","neve_meta_author_avatar":"","neve_post_elements_order":"","neve_meta_disable_header":"","neve_meta_disable_footer":"","neve_meta_disable_title":""},"product_cat":[171],"product_tag":[],"_links":{"self":[{"href":"https:\/\/romfilatelia.ro\/magazin\/wp-json\/wp\/v2\/product\/2034530"}],"collection":[{"href":"https:\/\/romfilatelia.ro\/magazin\/wp-json\/wp\/v2\/product"}],"about":[{"href":"https:\/\/romfilatelia.ro\/magazin\/wp-json\/wp\/v2\/types\/product"}],"wp:featuredmedia":[{"embeddable":true,"href":"https:\/\/romfilatelia.ro\/magazin\/wp-json\/wp\/v2\/media\/2034535"}],"wp:attachment":[{"href":"https:\/\/romfilatelia.ro\/magazin\/wp-json\/wp\/v2\/media?parent=2034530"}],"wp:term":[{"taxonomy":"product_cat","embeddable":true,"href":"https:\/\/romfilatelia.ro\/magazin\/wp-json\/wp\/v2\/product_cat?post=2034530"},{"taxonomy":"product_tag","embeddable":true,"href":"https:\/\/romfilatelia.ro\/magazin\/wp-json\/wp\/v2\/product_tag?post=2034530"}],"curies":[{"name":"wp","href":"https:\/\/api.w.org\/{rel}","templated":true}]}}