{"id":2034481,"date":"2024-06-14T15:47:08","date_gmt":"2024-06-14T13:47:08","guid":{"rendered":"https:\/\/romfilatelia.ro\/magazin\/?post_type=product&#038;p=2034481"},"modified":"2024-06-14T15:47:08","modified_gmt":"2024-06-14T13:47:08","slug":"senatul-romaniei-160-de-ani","status":"publish","type":"product","link":"https:\/\/romfilatelia.ro\/magazin\/produs\/colectii-anuale\/2024\/senatul-romaniei-160-de-ani\/","title":{"rendered":"SENATUL ROM\u00c2NIEI, 160 DE ANI"},"content":{"rendered":"<p><a href=\"https:\/\/www.romfilatelia.ro\/wp-content\/uploads\/2024\/06\/SITE_mc_Senatul-Romaniei-160-ani.jpg\"><img decoding=\"async\" loading=\"lazy\" class=\"alignleft wp-image-2046148\" src=\"https:\/\/www.romfilatelia.ro\/wp-content\/uploads\/2024\/06\/SITE_mc_Senatul-Romaniei-160-ani.jpg\" alt=\"\" width=\"550\" height=\"274\" \/><\/a>Cu prilejul \u00eemplinirii celor 160 de ani de c\u00e2nd institu\u0163ia fundamental\u0103 a Rom\u00e2niei moderne, Senatul, s-a afirmat ca un forum autoritar de dezbatere parlamentar\u0103, contribuind vizibil la men\u0163inerea echilibrului \u00eentre structurile politice, la ap\u0103rarea drepturilor \u015fi libert\u0103\u0163ilor democratice, la promovarea idealurilor na\u0163ionale, <strong>Romfilatelia<\/strong> introduce \u00een circula\u0163ie <em>luni, 17 iunie a.c.<\/em> emisiunea de m\u0103rci po\u015ftale dedicat\u0103 av\u00e2nd titlul <strong><em>\u201eSenatul Rom\u00e2niei, 160 de ani\u201d<\/em><\/strong>.<\/p>\n<p>Unirea Principatelor Rom\u00e2ne la anul 1859, a ini\u021biat primele ac\u021biuni care aveu drept scop reorganizarea pe baze democratice a structurilor de ordin politic \u0219i administrativ \u00een interiorul unui stat care se dorea a se \u00eenscrie \u00een r\u00e2ndul statelor moderne ale Europei.<\/p>\n<p>Alexandru Ioan Cuza \u0219i Mihail Kog\u0103lniceanu au oferit statului na\u021bional rom\u00e2n un proiect de legi, norme \u0219i structuri politice similare cu \u021b\u0103rile democratice, care se constituiau ca exemple ale unor democra\u021bii autentice.<\/p>\n<p>Printr-un document cu valoare constitu\u021bional\u0103 numit \u201eStatutul dezvoltator al Conven\u021biei de la Paris din 7\/19 august 1858\u201d, Alexandru Ioan Cuza prevedea instituirea unei noi Camere parlamentare, al\u0103turi de Camera Deputa\u021bilor. \u00cen cadrul acestui sistem bicameral, primului Senat al Rom\u00e2niei \u00eei reveneau atribu\u021bii privind controlul constitu\u021bionalit\u0103\u021bii legilor, func\u021bion\u00e2nd ca un \u201ecorp ponderator\u201d \u0219i ca un factor de echilibru \u00eentre puterile statului. Prin Constitu\u021bia din 1866, Senatul a devenit organ ales, pe baz\u0103 de vot cenzitar (aleg\u0103torii trebuiau s\u0103 aib\u0103 un anumit venit anual pentru care pl\u0103teau un anumit cuantum al impozitului).\u00a0 Se reg\u0103seau \u0219i c\u00e2\u021biva membri de drept: mo\u0219tenitorul tronului \u0219i frunta\u0219ii bisericii. Membrii Senatului erau ale\u0219i c\u00e2te doi din fiecare jude\u021b, pe o durat\u0103 de 8 ani, iar jum\u0103tate din num\u0103rul lor era re\u00eennoit la 4 ani.<\/p>\n<p>Dup\u0103 realizarea Marii Uniri, prevederile Constitu\u021biei din 1923 au facilitat afirmarea pe scena politic\u0103 a unor noi for\u021be sociale \u0219i politice. Senatul interbelic era alc\u0103tuit din senatori de drept (reprezentan\u021bi ai cultelor, persoane care au \u00eendeplinit importante func\u021bii politice) \u0219i senatori ale\u0219i pe o durat\u0103 de patru ani.<\/p>\n<p>Dup\u0103 o perioad\u0103 a monarhiei autoritare (anii 1938 \u0219i 1939) \u0219i perioada comunist\u0103 c\u00e2nd Senatul a fost desfiin\u021bat (\u00eenlocuit cu o institu\u021bie comunist\u0103 Marea Adunare Na\u021bional\u0103), Revolu\u021bia din decembrie 1989 a redeschis calea revenirii Rom\u00e2niei a unui regim democratic autentic, bazat pe alegeri libere \u0219i pluralism politic. Re\u00eenfiin\u021bat \u00een anul 1990 ca institu\u021bie legislativ\u0103 \u0219i reprezentativ\u0103, Senatul Rom\u00e2niei a devenit exponent de prim ordin al tradi\u021biilor democratice \u0219i parlamentare. Prin m\u0103surile luate \u00een anul 2003 privind instituirea unui nou mecanism de func\u021bionare a sistemului bicameral s-a asigurat o fluidizare a activit\u0103\u021bii legislative \u0219i eliminarea etapelor de mediere.<\/p>\n<p>Emisiunea filatelic\u0103 aniversar\u0103 reflect\u0103 \u00een grafica componentelor sale esen\u021ba temei. Marca po\u0219tal\u0103 cu valoarea nominal\u0103 de <strong>4,60 Lei<\/strong> reproduce portretul lui Alexandru Ioan Cuza \u0219i a stemei oficiale a institu\u021biei.<\/p>\n<p>Marca po\u0219tal\u0103 cu valoarea nominal\u0103 de <strong>25 Lei<\/strong> reproduce o imagine panoramic\u0103 a S\u0103lii de plen a Senatului al\u0103turi de stema oficial\u0103 a institu\u021biei. Coli\u021ba filatelic\u0103 dantelat\u0103, a c\u0103rei marc\u0103 po\u0219tal\u0103 are valoarea nominal\u0103 de <strong>33 Lei,<\/strong> red\u0103 sub imaginea cupolei S\u0103lii de plen, panorama vast\u0103 a fa\u021badei sediului Senatului Rom\u00e2niei. Plicul \u201eprima zi\u201d a emisiunii reune\u0219te \u00eentr-un tot, spa\u021biul S\u0103lii de plen, stema Senatului Rom\u00e2niei \u0219i textul explicativ, pentru promovarea anivers\u0103rii celei mai \u00eenalte intitu\u021bii cu atribu\u021bii legislative, Senatul Rom\u00e2niei.<\/p>\n<p><em>Romfilatelia mul\u021bume\u0219te reprezentan\u021bilor Senatului Rom\u00e2niei pentru colaborarea la realizarea acestei emisiuni de m\u0103rci po\u0219tale.<\/em><\/p>\n<p><a href=\"https:\/\/www.romfilatelia.ro\/wp-content\/uploads\/2024\/06\/caract_Senatul-Romaniei-160-ani.jpg\"><img decoding=\"async\" loading=\"lazy\" class=\"aligncenter wp-image-2046149 size-full\" src=\"https:\/\/www.romfilatelia.ro\/wp-content\/uploads\/2024\/06\/caract_Senatul-Romaniei-160-ani.jpg\" alt=\"\" width=\"1701\" height=\"1134\" \/><\/a><\/p>\n","protected":false},"excerpt":{"rendered":"<p>Cu prilejul \u00eemplinirii celor 160 de ani de c\u00e2nd institu\u0163ia fundamental\u0103 a Rom\u00e2niei moderne, Senatul, s-a afirmat ca un forum autoritar de dezbatere parlamentar\u0103, contribuind vizibil la men\u0163inerea echilibrului \u00eentre structurile politice, la ap\u0103rarea drepturilor \u015fi libert\u0103\u0163ilor democratice, la promovarea idealurilor na\u0163ionale, Romfilatelia introduce \u00een circula\u0163ie luni, 17 iunie a.c. emisiunea de m\u0103rci po\u015ftale dedicat\u0103&hellip;&nbsp;<a href=\"https:\/\/romfilatelia.ro\/magazin\/produs\/colectii-anuale\/2024\/senatul-romaniei-160-de-ani\/\" class=\"\" rel=\"bookmark\">Cite\u0219te mai mult &raquo;<span class=\"screen-reader-text\">SENATUL ROM\u00c2NIEI, 160 DE ANI<\/span><\/a><\/p>\n","protected":false},"featured_media":2034487,"template":"","meta":{"neve_meta_sidebar":"","neve_meta_container":"","neve_meta_enable_content_width":"off","neve_meta_content_width":100,"neve_meta_title_alignment":"","neve_meta_author_avatar":"","neve_post_elements_order":"","neve_meta_disable_header":"","neve_meta_disable_footer":"","neve_meta_disable_title":""},"product_cat":[333,6],"product_tag":[],"_links":{"self":[{"href":"https:\/\/romfilatelia.ro\/magazin\/wp-json\/wp\/v2\/product\/2034481"}],"collection":[{"href":"https:\/\/romfilatelia.ro\/magazin\/wp-json\/wp\/v2\/product"}],"about":[{"href":"https:\/\/romfilatelia.ro\/magazin\/wp-json\/wp\/v2\/types\/product"}],"wp:featuredmedia":[{"embeddable":true,"href":"https:\/\/romfilatelia.ro\/magazin\/wp-json\/wp\/v2\/media\/2034487"}],"wp:attachment":[{"href":"https:\/\/romfilatelia.ro\/magazin\/wp-json\/wp\/v2\/media?parent=2034481"}],"wp:term":[{"taxonomy":"product_cat","embeddable":true,"href":"https:\/\/romfilatelia.ro\/magazin\/wp-json\/wp\/v2\/product_cat?post=2034481"},{"taxonomy":"product_tag","embeddable":true,"href":"https:\/\/romfilatelia.ro\/magazin\/wp-json\/wp\/v2\/product_tag?post=2034481"}],"curies":[{"name":"wp","href":"https:\/\/api.w.org\/{rel}","templated":true}]}}