{"id":2034474,"date":"2024-06-14T15:32:18","date_gmt":"2024-06-14T13:32:18","guid":{"rendered":"https:\/\/romfilatelia.ro\/magazin\/?post_type=product&#038;p=2034474"},"modified":"2025-11-22T12:36:22","modified_gmt":"2025-11-22T10:36:22","slug":"minicoala-de-4-timbre-2-serii-cu-manseta-diferita-mii-romania-la-campionatul-european-de-fotbal-din-germania-2024","status":"publish","type":"product","link":"https:\/\/romfilatelia.ro\/magazin\/produs\/minicoala\/minicoala-de-4-timbre-2-serii-cu-manseta-diferita-mii-romania-la-campionatul-european-de-fotbal-din-germania-2024\/","title":{"rendered":"Minicoal\u0103 de 4 timbre (2 serii) cu manseta diferit\u0103 MII ROM\u00c2NIA LA CAMPIONATUL EUROPEAN DE FOTBAL DIN GERMANIA 2024"},"content":{"rendered":"","protected":false},"excerpt":{"rendered":"","protected":false},"featured_media":2034475,"template":"","meta":{"neve_meta_sidebar":"","neve_meta_container":"","neve_meta_enable_content_width":"off","neve_meta_content_width":100,"neve_meta_title_alignment":"","neve_meta_author_avatar":"","neve_post_elements_order":"","neve_meta_disable_header":"","neve_meta_disable_footer":"","neve_meta_disable_title":""},"product_cat":[335],"product_tag":[],"_links":{"self":[{"href":"https:\/\/romfilatelia.ro\/magazin\/wp-json\/wp\/v2\/product\/2034474"}],"collection":[{"href":"https:\/\/romfilatelia.ro\/magazin\/wp-json\/wp\/v2\/product"}],"about":[{"href":"https:\/\/romfilatelia.ro\/magazin\/wp-json\/wp\/v2\/types\/product"}],"wp:featuredmedia":[{"embeddable":true,"href":"https:\/\/romfilatelia.ro\/magazin\/wp-json\/wp\/v2\/media\/2034475"}],"wp:attachment":[{"href":"https:\/\/romfilatelia.ro\/magazin\/wp-json\/wp\/v2\/media?parent=2034474"}],"wp:term":[{"taxonomy":"product_cat","embeddable":true,"href":"https:\/\/romfilatelia.ro\/magazin\/wp-json\/wp\/v2\/product_cat?post=2034474"},{"taxonomy":"product_tag","embeddable":true,"href":"https:\/\/romfilatelia.ro\/magazin\/wp-json\/wp\/v2\/product_tag?post=2034474"}],"curies":[{"name":"wp","href":"https:\/\/api.w.org\/{rel}","templated":true}]}}