{"id":2034467,"date":"2024-06-14T15:37:41","date_gmt":"2024-06-14T13:37:41","guid":{"rendered":"https:\/\/romfilatelia.ro\/magazin\/?post_type=product&#038;p=2034467"},"modified":"2024-06-14T15:37:41","modified_gmt":"2024-06-14T13:37:41","slug":"romania-la-campionatul-european-de-fotbal-din-germania-2024","status":"publish","type":"product","link":"https:\/\/romfilatelia.ro\/magazin\/produs\/colectii-anuale\/2024\/romania-la-campionatul-european-de-fotbal-din-germania-2024\/","title":{"rendered":"ROM\u00c2NIA LA CAMPIONATUL EUROPEAN DE FOTBAL DIN GERMANIA 2024"},"content":{"rendered":"<p><a href=\"https:\/\/www.romfilatelia.ro\/wp-content\/uploads\/2024\/06\/SITE_mc_Campionat-European-Fotbal-Germania-2024.jpg\"><img decoding=\"async\" loading=\"lazy\" class=\"alignleft wp-image-2046134\" src=\"https:\/\/www.romfilatelia.ro\/wp-content\/uploads\/2024\/06\/SITE_mc_Campionat-European-Fotbal-Germania-2024.jpg\" alt=\"\" width=\"550\" height=\"373\" \/><\/a>Cu ocazia unui important eveniment sportiv european, organizat \u00een Germania, <strong>Romfilatelia<\/strong> introduce \u00een circula\u021bie <em>vineri, 14 iunie<\/em>, emisiunea filatelic\u0103 <strong><em>Rom\u00e2nia la Campionatul European de Fotbal din Germania 2024<\/em><\/strong>, compus\u0103 din dou\u0103 m\u0103rci po\u0219tale, un bloc filatelic de dou\u0103 timbre nedantelate \u0219i un plic \u201eprima zi\u201d.<\/p>\n<p>Marca po\u0219tal\u0103 cu valoarea nominal\u0103 de <strong>4,60 lei<\/strong> prezint\u0103 o faz\u0103 des \u00eent\u00e2lnit\u0103, \u00een care un portar prinde cu siguran\u021b\u0103 o minge trimis\u0103 \u00een spa\u021biul lui ap\u0103r\u0103tor al por\u021bii.<\/p>\n<p>Marca po\u0219tal\u0103 cu valoarea nominal\u0103 de <strong>13 lei<\/strong> ilustreaz\u0103 o secven\u021b\u0103 dinamic\u0103 de preluare din aer a unui balon \u0219i de execu\u021bie a unei lovituri spre poart\u0103 sau de pas\u0103 la distan\u021b\u0103.<\/p>\n<p>Ideea de sport al tuturor continentelor, a\u0219a cum este considerat fotbalul, este simbolizat\u0103 de o minge a c\u0103rei suprafa\u021b\u0103 este desenat\u0103 \u0219i colorat\u0103 cu un planiglob.<\/p>\n<p>Imaginea plicului \u201eprima zi\u201d sugerez\u0103 efortul \u0219i siguran\u021ba cu care un portar prinde mingea \u00eentr-o compozi\u021bie \u00een care globul p\u0103m\u00e2ntesc apare ca o prezen\u021b\u0103 care aminte\u0219te de competi\u021biile continentale \u0219i mondiale care au drept obiect: <strong>fotbalul. <\/strong><\/p>\n<p>Campionatul European de Fotbal este principalul turneu al sportului cu balonul rotund, organizat de Uniunea Asocia\u021biilor Europene de Fotbal (UEFA). Competi\u021bia disputat\u0103 de echipele na\u021bionale ale \u021b\u0103rilor membre UEFA, desemneaz\u0103 campioana continental\u0103 a Europei. Este al doilea cel mai urm\u0103rit turneu de fotbal din lume dup\u0103 Campionatul Mondial de Fotbal.<\/p>\n<p>Pentru prima dat\u0103 competi\u021bia a fost inaugurat\u0103 \u00een anul 1960, cu prezen\u021ba a 4 echipe, din cele 17 \u00eenscrise.<\/p>\n<p>\u00cen anul 1980, participarea la turneul final a fost extins\u0103 la 8 echipe, gazd\u0103 a competi\u021biei fiind Italia. Finala, arbitrat\u0103 de rom\u00e2nul Nicolae Rainea, a fost c\u00e2\u0219tigat\u0103 de RFG cu 2-1 (adversar\u0103 echipa Belgiei).<\/p>\n<p>\u00cen istoria desf\u0103\u0219ur\u0103rii competi\u021biilor UEFA, Germania \u0219i Spania au fost c\u00e2\u0219tig\u0103toare a c\u00e2te 3 edi\u021bii, urmate de Italia \u0219i Fran\u021ba, cu c\u00e2te dou\u0103 edi\u021bii. Spania are meritul de a fi c\u00e2\u0219tig\u0103toarea a dou\u0103 edi\u021bii consecutive, 2008 \u0219i 2012.<\/p>\n<p>Echipa na\u0163ional\u0103 de fotbal a Rom\u00e2niei este prezent\u0103 pentru prima oar\u0103 la Campionatul European de Fotbal \u00een anul 1984 (ob\u021bin\u00e2nd calificarea sub conducerea lui Mircea Lucescu), reu\u015find s\u0103 c\u00e2\u015ftige \u015fefia grupei preliminare din care au f\u0103cut parte Suedia, Cehoslovacia, Italia \u015fi Cipru. Turneul final la care Rom\u00e2nia a participat al\u0103turi de echipele Spaniei, RFG \u015fi Portugaliei a avut drept c\u00e2\u015ftig\u0103toare a trofeului echipa Spaniei, care a \u00eenvins \u00een meciul final echipa Fran\u0163ei.<\/p>\n<p>Rom\u00e2nia a \u00eenregistrat 6 prezen\u021be la turneul final al Campionatului Mondial de Fotbal, ob\u021bin\u00e2nd cel mai bun rezultat \u00een anul 2000 c\u00e2nd a fost prezent\u0103 \u00een sferturile de final\u0103, pierz\u00e2nd partida \u00een confruntarea cu Italia.<\/p>\n<p>EURO 2024 se va desf\u0103\u0219ura \u00een Gerrmania, \u00een perioada 14 iunie \u2013 14 iulie. Este pentru a treia oar\u0103 c\u00e2nd Germania este gazd\u0103 a competi\u021biei (prima oar\u0103 \u00een anul 1988 \u0219i a doua oar\u0103 \u00een anul 2020, c\u00e2nd patru partide s-au disputat la M\u00fcnchen).<\/p>\n<p>Competi\u021bia din acest an \u00eenscrie Rom\u00e2nia \u00een grupa E, al\u0103turi de echipele Belgiei, Slovaciei \u0219i Ucrainei. Meciul de debut se va desf\u0103\u0219ura la 17 iunie a.c., c\u00e2nd echipa noastr\u0103 \u00eent\u00e2lne\u0219te na\u021bionala Ucrainei, pe stadionul din M\u00fcnchen. Meciul cu Belgia este programat pe 22 iulie, la K\u00f6ln, iar ultimul meci cu selec\u021bionata Slovaciei se va disputa pe stadionul din Frankfurt.<\/p>\n<p>Inaugurarea competi\u021biei va avea loc la M\u00fcnchen cu meciul Germania-Sco\u021bia.<\/p>\n<p>Participant\u0103 la EURO 2024, dup\u0103 o absen\u021b\u0103 de opt ani, dup\u0103 unele analize ale speciali\u0219tilor \u00een domeniu, Rom\u00e2nia este cotat\u0103 cu \u0219anse reale de a trece mai departe de grupa E.<\/p>\n<p>Pornind de la g\u00e2ndirea \u00een\u021beleapt\u0103 c\u0103 nicio grup\u0103 nu este u\u0219oar\u0103, av\u00e2nd \u00een vedere c\u0103 un moment deosebit de important pentru fotbalul rom\u00e2nesc \u0219i echipa na\u021bional\u0103, o reprezint\u0103 calificarea la EURO 2024, nutrim speran\u021ba c\u0103 tinere\u021bea \u0219i ambi\u021bia juc\u0103torilor no\u0219tri vor contribui la ob\u021binerea unor rezultate care s\u0103 aduc\u0103 momente de fericire \u0219i satisfac\u021bie \u00een r\u00e2ndul tuturor iubitorilor fotbalului rom\u00e2nesc.<\/p>\n<p>Hai, ROM\u00c2NIA!<\/p>\n<p><em>Romfilatelia mul\u021bume\u0219te reprezentan\u021bilor Federa\u021biei Rom\u00e2ne de Fotbal pentru colaborarea \u00een cadrul acestei emisiuni de m\u0103rci po\u0219tale.<\/em><\/p>\n<p><a href=\"https:\/\/www.romfilatelia.ro\/wp-content\/uploads\/2024\/06\/caract_Campionatul-European-de-fotbal-2024-1.jpg\"><img decoding=\"async\" loading=\"lazy\" class=\"aligncenter wp-image-2046139 size-full\" src=\"https:\/\/www.romfilatelia.ro\/wp-content\/uploads\/2024\/06\/caract_Campionatul-European-de-fotbal-2024-1.jpg\" alt=\"\" width=\"1725\" height=\"1146\" \/><\/a><\/p>\n","protected":false},"excerpt":{"rendered":"<p>Cu ocazia unui important eveniment sportiv european, organizat \u00een Germania, Romfilatelia introduce \u00een circula\u021bie vineri, 14 iunie, emisiunea filatelic\u0103 Rom\u00e2nia la Campionatul European de Fotbal din Germania 2024, compus\u0103 din dou\u0103 m\u0103rci po\u0219tale, un bloc filatelic de dou\u0103 timbre nedantelate \u0219i un plic \u201eprima zi\u201d. Marca po\u0219tal\u0103 cu valoarea nominal\u0103 de 4,60 lei prezint\u0103 o&hellip;&nbsp;<a href=\"https:\/\/romfilatelia.ro\/magazin\/produs\/colectii-anuale\/2024\/romania-la-campionatul-european-de-fotbal-din-germania-2024\/\" class=\"\" rel=\"bookmark\">Cite\u0219te mai mult &raquo;<span class=\"screen-reader-text\">ROM\u00c2NIA LA CAMPIONATUL EUROPEAN DE FOTBAL DIN GERMANIA 2024<\/span><\/a><\/p>\n","protected":false},"featured_media":2034470,"template":"","meta":{"neve_meta_sidebar":"","neve_meta_container":"","neve_meta_enable_content_width":"off","neve_meta_content_width":100,"neve_meta_title_alignment":"","neve_meta_author_avatar":"","neve_post_elements_order":"","neve_meta_disable_header":"","neve_meta_disable_footer":"","neve_meta_disable_title":""},"product_cat":[333,6],"product_tag":[],"_links":{"self":[{"href":"https:\/\/romfilatelia.ro\/magazin\/wp-json\/wp\/v2\/product\/2034467"}],"collection":[{"href":"https:\/\/romfilatelia.ro\/magazin\/wp-json\/wp\/v2\/product"}],"about":[{"href":"https:\/\/romfilatelia.ro\/magazin\/wp-json\/wp\/v2\/types\/product"}],"wp:featuredmedia":[{"embeddable":true,"href":"https:\/\/romfilatelia.ro\/magazin\/wp-json\/wp\/v2\/media\/2034470"}],"wp:attachment":[{"href":"https:\/\/romfilatelia.ro\/magazin\/wp-json\/wp\/v2\/media?parent=2034467"}],"wp:term":[{"taxonomy":"product_cat","embeddable":true,"href":"https:\/\/romfilatelia.ro\/magazin\/wp-json\/wp\/v2\/product_cat?post=2034467"},{"taxonomy":"product_tag","embeddable":true,"href":"https:\/\/romfilatelia.ro\/magazin\/wp-json\/wp\/v2\/product_tag?post=2034467"}],"curies":[{"name":"wp","href":"https:\/\/api.w.org\/{rel}","templated":true}]}}