{"id":2034432,"date":"2024-06-11T09:40:39","date_gmt":"2024-06-11T07:40:39","guid":{"rendered":"https:\/\/romfilatelia.ro\/magazin\/?post_type=product&#038;p=2034432"},"modified":"2024-06-11T09:41:11","modified_gmt":"2024-06-11T07:41:11","slug":"buburuze","status":"publish","type":"product","link":"https:\/\/romfilatelia.ro\/magazin\/produs\/uncategorized\/buburuze\/","title":{"rendered":"BUBURUZE"},"content":{"rendered":"<p><a href=\"https:\/\/www.romfilatelia.ro\/wp-content\/uploads\/2024\/06\/SITE_mc_Buburuze.jpg\"><img decoding=\"async\" loading=\"lazy\" class=\"alignleft wp-image-2046073\" src=\"https:\/\/www.romfilatelia.ro\/wp-content\/uploads\/2024\/06\/SITE_mc_Buburuze.jpg\" alt=\"\" width=\"550\" height=\"728\" \/><\/a><strong>Romfilatelia <\/strong>introduce \u00een circula\u021bie <em>mar\u021bi, 11 iunie<\/em> a.c., o emisiune de m\u0103rci po\u0219tale \u00eenscris\u0103 \u00eentr-o apreciat\u0103 tematic\u0103 de colec\u021bie, cea a Faunei, cu titlul <strong><em>Buburuze.<\/em><\/strong> Aceasta con\u021bine 4 timbre, 1 plic \u201eprima zi\u201d, o map\u0103 filatelic\u0103 cu produs special \u00een tiraj limitat \u0219i un set de 4 c\u0103r\u021bi po\u0219tale maxime pentru pasiona\u021bii de maximafilie.<\/p>\n<p>Cele patru m\u0103rci po\u0219tale reproduc imagini ale unor insecte ale c\u0103ror caracteristici le fac remarcate ca apari\u021bii surprinz\u0103toare prin colorit \u0219i forme: <em>Cheilomenes sexmaculata septempunctata<\/em> (val. nominal\u0103 de <strong>4,60<\/strong> <strong>lei<\/strong>), <em>Psyllobora vigintiduopunctata<\/em> (val. nominal\u0103 de <strong>5 lei<\/strong>), <em>Sospita vigintiguttata<\/em> (val. nominal\u0103 de <strong>13 lei<\/strong>), <em>Harmonia axyridis<\/em> var. <em>axyridis<\/em> (val. nominal\u0103 de <strong>22 lei<\/strong><em>). <\/em><\/p>\n<p>Buburuzele, unele dintre cele mai cunoscute \u0219i \u00eendr\u0103gite insecte din lume, apar\u021bin familiei <em>Coccinellidae<\/em>. \u00cen unele \u021b\u0103ri au denumiri asociate Fecioarei Maria: <em>m\u0103riu\u021b\u0103<\/em> \u00een rom\u00e2n\u0103, <em>Marienk\u00e4fer<\/em>, \u00een german\u0103, <em>ladybug<\/em>, \u00een englez\u0103. \u00cen limba francez\u0103 buburuza este cunoscut\u0103 sub denumirea <em>la b\u00eate \u00e0 bon Dieu <\/em>(animalul lui Dumnezeu), iar \u00een limba rus\u0103 exist\u0103 denumirea <em>Bojia korovka<\/em> (v\u0103cu\u021ba lui Dumnezeu)<em>. <\/em>Leg\u0103tura cu Fecioara Maria provine din asocierea culorii insectelor cu mantia ro\u0219ie purtat\u0103 \u00een foarte multe reprezent\u0103ri ale Fecioarei.<\/p>\n<p>Popularitatea de care se bucur\u0103 buburuzele \u00een r\u00e2ndul copiilor \u0219i majorit\u0103\u021bii popula\u021biei, este dovedit\u0103 \u0219i de faptul c\u0103 statele americane Delaware, Massachusetts, New Hampshire, New York, Ohio \u0219i Tennesse, au ales buburuza (singur\u0103 sau al\u0103turi de alte specii) ca insect\u0103 oficial\u0103 a statului. (Restul statelor americane au ales \u00een majoritate albina \u0219i specii de fluturi, iar ca o informa\u021bie interesant\u0103, preciz\u0103m c\u0103 simbolul ales de Japonia este libelula.)<\/p>\n<p>Se cunosc peste 6000 specii de buburuze \u00eent\u00e2lnite pe toate continentele, except\u00e2nd Antarctida. \u00cen Rom\u00e2nia ar putea exista aproximativ 100 specii.<\/p>\n<p>Dimensiunile buburuzelor sunt cuprinse \u00eentre 0,8 \u0219i 28 mm.<\/p>\n<p>Speciile de buburuze au colora\u021bii diverse, multe dintre ele viu colorate, cu varia\u021biuni ale cunoscutului model cu \u201ebuline\u201d. Exist\u0103 \u0219i specii care nu au un singur model ci numeroase variante, uneori extrem de diferite. Mai frecvente \u00een \u021bara noastr\u0103 sunt buburuzele ro\u0219ii cu dou\u0103 sau \u0219apte pete negre.<\/p>\n<p>Al\u0103turi de aprecierea pentru aspectul lor optimist, buburuzele reprezint\u0103 un ajutor nepre\u021buit pentru agricultur\u0103 \u0219i horticultur\u0103, pentru c\u0103 se hr\u0103nesc adesea cu unii dintre cei mai voraci d\u0103un\u0103tori: afidele sau p\u0103duchii de plante. Buburuzele mai consum\u0103 \u0219i acarieni, p\u0103duchi \u021besto\u0219i, mici omizi etc. Sunt considerate astfel un ajutor pentru agricultura ecologic\u0103, suplinind utilizarea insecticidelor.<\/p>\n<p>Pot fi atrase \u00een zonele care trebuie protejate de d\u0103un\u0103tori de prezen\u021ba plantelor preferate: angelica, cr\u0103i\u021ba, lev\u0103n\u021bica de mare, coada \u0219oricelului, chimenul, alb\u0103strelele, p\u0103p\u0103diile \u0219i menta.<\/p>\n<p>Aceste insecte au ca inamici unele p\u0103s\u0103ri (\u00eentre care vr\u0103biile), p\u0103ianjenii, furnicile etc.<\/p>\n<p>Majoritatea speciilor de buburuze tr\u0103iesc p\u00e2n\u0103 la un an; unele pot tr\u0103i ca adult circa doi ani, \u00een anumite condi\u021bii de mediu. Tr\u0103iesc \u00een habitate diverse: p\u0103duri, paji\u0219ti, zone cu buruieni, gr\u0103dini etc. Pot hiberna \u0219i chiar estiva (intra \u00een inactivitate \u00een perioada secetoas\u0103 a verii).<\/p>\n<p>Tradi\u021bia popular\u0103 le consider\u0103 un simbol al norocului (sunt reproduse ca m\u0103r\u021bi\u0219oare), al protec\u021biei \u0219i al unei ambian\u021be de calm \u0219i lini\u0219te. Prezen\u021ba lor \u00een apropierea oamenilor ar constitui o pav\u0103z\u0103 \u00eempotriva relelor.<\/p>\n<p><em>Romfilatelia mul\u021bume\u0219te biologilor \u0219i muzeografilor Dr. Alexandru Iftime \u0219i Drd. Andreea Dr\u0103ghici de la Muzeul Na\u021bional de Istorie Natural\u0103 \u201eGrigore Antipa\u201d, pentru constultan\u021ba de specialitate acordat\u0103 la realizarea acestei emisiuni de m\u0103rci po\u0219tale.<\/em><\/p>\n<p><a href=\"https:\/\/www.romfilatelia.ro\/wp-content\/uploads\/2024\/06\/caract_Buburuze.jpg\"><img decoding=\"async\" loading=\"lazy\" class=\"alignnone size-full wp-image-2046058\" src=\"https:\/\/www.romfilatelia.ro\/wp-content\/uploads\/2024\/06\/caract_Buburuze.jpg\" alt=\"\" width=\"1731\" height=\"1518\" \/><\/a><\/p>\n","protected":false},"excerpt":{"rendered":"<p>Romfilatelia introduce \u00een circula\u021bie mar\u021bi, 11 iunie a.c., o emisiune de m\u0103rci po\u0219tale \u00eenscris\u0103 \u00eentr-o apreciat\u0103 tematic\u0103 de colec\u021bie, cea a Faunei, cu titlul Buburuze. Aceasta con\u021bine 4 timbre, 1 plic \u201eprima zi\u201d, o map\u0103 filatelic\u0103 cu produs special \u00een tiraj limitat \u0219i un set de 4 c\u0103r\u021bi po\u0219tale maxime pentru pasiona\u021bii de maximafilie. Cele&hellip;&nbsp;<a href=\"https:\/\/romfilatelia.ro\/magazin\/produs\/uncategorized\/buburuze\/\" class=\"\" rel=\"bookmark\">Cite\u0219te mai mult &raquo;<span class=\"screen-reader-text\">BUBURUZE<\/span><\/a><\/p>\n","protected":false},"featured_media":2034439,"template":"","meta":{"neve_meta_sidebar":"","neve_meta_container":"","neve_meta_enable_content_width":"off","neve_meta_content_width":100,"neve_meta_title_alignment":"","neve_meta_author_avatar":"","neve_post_elements_order":"","neve_meta_disable_header":"","neve_meta_disable_footer":"","neve_meta_disable_title":""},"product_cat":[171],"product_tag":[],"_links":{"self":[{"href":"https:\/\/romfilatelia.ro\/magazin\/wp-json\/wp\/v2\/product\/2034432"}],"collection":[{"href":"https:\/\/romfilatelia.ro\/magazin\/wp-json\/wp\/v2\/product"}],"about":[{"href":"https:\/\/romfilatelia.ro\/magazin\/wp-json\/wp\/v2\/types\/product"}],"wp:featuredmedia":[{"embeddable":true,"href":"https:\/\/romfilatelia.ro\/magazin\/wp-json\/wp\/v2\/media\/2034439"}],"wp:attachment":[{"href":"https:\/\/romfilatelia.ro\/magazin\/wp-json\/wp\/v2\/media?parent=2034432"}],"wp:term":[{"taxonomy":"product_cat","embeddable":true,"href":"https:\/\/romfilatelia.ro\/magazin\/wp-json\/wp\/v2\/product_cat?post=2034432"},{"taxonomy":"product_tag","embeddable":true,"href":"https:\/\/romfilatelia.ro\/magazin\/wp-json\/wp\/v2\/product_tag?post=2034432"}],"curies":[{"name":"wp","href":"https:\/\/api.w.org\/{rel}","templated":true}]}}