{"id":2034408,"date":"2024-06-03T11:17:58","date_gmt":"2024-06-03T09:17:58","guid":{"rendered":"https:\/\/romfilatelia.ro\/magazin\/?post_type=product&#038;p=2034408"},"modified":"2024-06-03T11:17:58","modified_gmt":"2024-06-03T09:17:58","slug":"unicef-sanatatea-mintala-a-copiilor-dreptul-la-sanatate","status":"publish","type":"product","link":"https:\/\/romfilatelia.ro\/magazin\/produs\/colectii-anuale\/2024\/unicef-sanatatea-mintala-a-copiilor-dreptul-la-sanatate\/","title":{"rendered":"UNICEF. S\u0103n\u0103tatea mintal\u0103 a copiilor. Dreptul la s\u0103n\u0103tate"},"content":{"rendered":"<p><strong><a href=\"https:\/\/www.romfilatelia.ro\/wp-content\/uploads\/2024\/05\/SITE_Minicoala_Unicef-scaled.jpg\"><img decoding=\"async\" loading=\"lazy\" class=\"alignleft wp-image-2045983\" src=\"https:\/\/www.romfilatelia.ro\/wp-content\/uploads\/2024\/05\/SITE_Minicoala_Unicef-scaled.jpg\" alt=\"\" width=\"550\" height=\"688\" \/><\/a>Romfilatelia<\/strong> introduce \u00een circula\u021bie la data de <em>luni<\/em>, <em>3 iunie a.c<\/em>. emisiunea de m\u0103rci po\u0219tale intitulat\u0103 <strong><em>UNICEF. S\u0103n\u0103tatea mintal\u0103 a copiilor. Dreptul la s\u0103n\u0103tate<\/em><\/strong>, av\u00e2nd onorabila misiune de a sus\u021bine ini\u021biativa lansat\u0103 de aceast\u0103 prestigioas\u0103 organiza\u021bie, <em>Rom\u00e2nia pentru fiecare copil<\/em>.<\/p>\n<p>S\u0103n\u0103tatea mintal\u0103 a fiec\u0103rui copil \u0219i adolescent trebuie s\u0103 fie o prioritate pentru factorii de decizie \u0219i p\u0103r\u021bile interesate din fiecare comunitate.<\/p>\n<p>UNICEF reafirm\u0103 dreptul fiec\u0103rui copil la o bun\u0103 s\u0103n\u0103tate mintal\u0103 \u0219i la stare de bine, precum \u0219i necesitatea de a investi \u00een fiecare comunitate pentru a face din acest drept o realitate pentru copii \u0219i tineri.<\/p>\n<p>S\u0103n\u0103tatea mintal\u0103 a copiilor \u0219i adolescen\u021bilor are un impact asupra multor aspecte ale vie\u021bii lor. Copiii \u0219i adolescen\u021bii care tr\u0103iesc \u00een s\u0103r\u0103cie, sunt expu\u0219i la violen\u021b\u0103, sunt neglija\u021bi sau se afl\u0103 \u00een mijlocul crizelor umanitare, au cel mai mare risc de a avea probleme de s\u0103n\u0103tate mintal\u0103. Expunerea prelungit\u0103 la stres poate avea un impact neuro-biologic grav asupra s\u0103n\u0103t\u0103\u021bii, dezvolt\u0103rii \u0219i st\u0103rii de bine imediate \u0219i pe termen lung a copiilor. Cauzele unei s\u0103n\u0103t\u0103\u021bi mintale precare pe parcursul vie\u021bii apar \u00een copil\u0103rie, dar nu sunt inevitabile. Printre factorii ce reduc riscul de apari\u021bie a tulbur\u0103rilor mintale se num\u0103r\u0103: afec\u021biunea p\u0103rin\u021bilor \u0219i a celor care-i \u00eengrijesc pe copii, un mediu educa\u021bional sigur \u0219i rela\u021biile pozitive \u00een cadrul comunit\u0103\u021bii.<\/p>\n<p>Ac\u021biunea timpurie de sprijinire a copiilor \u0219i a celor care \u00eei \u00eengrijesc este cea mai bun\u0103 investi\u021bie pe care o putem face pentru a promova o bun\u0103 s\u0103n\u0103tate mintal\u0103 \u0219i pentru a r\u0103spunde problemelor complexe de s\u0103n\u0103tate mintal\u0103 cu care se confrunt\u0103 copiii \u00een prezent.<\/p>\n<p>UNICEF \u0219i partenerii s\u0103i ac\u021bioneaz\u0103 pentru a schimba conversa\u021bia public\u0103 cu privire la s\u0103n\u0103tatea mintal\u0103, a combate stigmatizarea referitoare la s\u0103n\u0103tate mintal\u0103 \u0219i a aduce serviciile esen\u021biale acolo unde copiii \u0219i familiile acestora \u2013 mai ales cele vulnerabile \u2013 se afl\u0103.<\/p>\n<p>Trebuie s\u0103 avem \u00een vedere c\u0103 to\u021bi copiii trebuie s\u0103 aib\u0103 asigurat cel mai bun start \u00een via\u021b\u0103. Na\u021biunile din care fac parte \u0219i \u00eentreaga lume depind de acesta.<\/p>\n<p>Prezent \u00een 190 de \u021b\u0103ri \u0219i teritorii din \u00eentreaga lume, UNICEF lucreaz\u0103 \u00een Rom\u00e2nia \u00eempreun\u0103 cu actori cheie precum Guvernul, Parlamentul, autorit\u0103\u021bi locale, societatea civil\u0103, sectorul privat, parteneri na\u021bionali \u0219i interna\u021bionali \u0219i mass media pentru a asigura accesul tuturor copiilor la educa\u021bie timpurie de calitate, la \u0219coal\u0103, la o bun\u0103 s\u0103n\u0103tate mintal\u0103, pentru protejarea adolescen\u021bilor \u0219i monitorizarea drepturilor copilului, pentru protec\u021bie social\u0103 \u0219i pentru mobilizarea de resurse \u00een beneficiul copiilor.<\/p>\n<p>\u00cempreun\u0103 putem construi cu adev\u0103rat o Rom\u00e2nie pentru fiecare copil!<\/p>\n<p>Marca po\u0219tal\u0103 a emisiunii filatelice prezint\u0103 o imagine optimist\u0103 \u0219i empatic\u0103 \u00een care bucuria este prezent\u0103 \u00eentr-o \u00eembr\u0103\u021bi\u0219are a doi copii sprijini\u021bi de UNICEF.<\/p>\n<p>Imaginea plicului \u201eprima zi\u201d reflect\u0103 atmosfera de consultare a opiniilor copiilor \u0219i de participare a acestora, fiind \u00eendemna\u021bi s\u0103 explice \u00een func\u021bie de tr\u0103irile lor semnifica\u021bia unor cuvinte care definesc situa\u021bii din realit\u0103\u021bile \u00een care ace\u0219tia tr\u0103iesc.<\/p>\n<p><em>Romfilatelia mul\u021bume\u0219te Reprezentan\u021bei UNICEF \u00een Rom\u00e2nia pentru colaborarea \u0219i sprijinul documentar acordat la realizarea acestei emisiuni de m\u0103rci po\u0219tale. Fotografiile au fost realizate de doamna Ioana Moldovan \u0219i de domnul Adrian Holerga.<\/em><\/p>\n<p><a href=\"https:\/\/www.romfilatelia.ro\/wp-content\/uploads\/2024\/05\/caract_UNICEF.-Sanatatea-mintala-a-copiilor.jpg\"><img decoding=\"async\" loading=\"lazy\" class=\"size-full wp-image-2045974 aligncenter\" src=\"https:\/\/www.romfilatelia.ro\/wp-content\/uploads\/2024\/05\/caract_UNICEF.-Sanatatea-mintala-a-copiilor.jpg\" alt=\"\" width=\"1696\" height=\"1122\" \/><\/a><\/p>\n","protected":false},"excerpt":{"rendered":"<p>Romfilatelia introduce \u00een circula\u021bie la data de luni, 3 iunie a.c. emisiunea de m\u0103rci po\u0219tale intitulat\u0103 UNICEF. S\u0103n\u0103tatea mintal\u0103 a copiilor. Dreptul la s\u0103n\u0103tate, av\u00e2nd onorabila misiune de a sus\u021bine ini\u021biativa lansat\u0103 de aceast\u0103 prestigioas\u0103 organiza\u021bie, Rom\u00e2nia pentru fiecare copil. S\u0103n\u0103tatea mintal\u0103 a fiec\u0103rui copil \u0219i adolescent trebuie s\u0103 fie o prioritate pentru factorii de&hellip;&nbsp;<a href=\"https:\/\/romfilatelia.ro\/magazin\/produs\/colectii-anuale\/2024\/unicef-sanatatea-mintala-a-copiilor-dreptul-la-sanatate\/\" class=\"\" rel=\"bookmark\">Cite\u0219te mai mult &raquo;<span class=\"screen-reader-text\">UNICEF. S\u0103n\u0103tatea mintal\u0103 a copiilor. Dreptul la s\u0103n\u0103tate<\/span><\/a><\/p>\n","protected":false},"featured_media":2034413,"template":"","meta":{"neve_meta_sidebar":"","neve_meta_container":"","neve_meta_enable_content_width":"off","neve_meta_content_width":100,"neve_meta_title_alignment":"","neve_meta_author_avatar":"","neve_post_elements_order":"","neve_meta_disable_header":"","neve_meta_disable_footer":"","neve_meta_disable_title":""},"product_cat":[333,6],"product_tag":[],"_links":{"self":[{"href":"https:\/\/romfilatelia.ro\/magazin\/wp-json\/wp\/v2\/product\/2034408"}],"collection":[{"href":"https:\/\/romfilatelia.ro\/magazin\/wp-json\/wp\/v2\/product"}],"about":[{"href":"https:\/\/romfilatelia.ro\/magazin\/wp-json\/wp\/v2\/types\/product"}],"wp:featuredmedia":[{"embeddable":true,"href":"https:\/\/romfilatelia.ro\/magazin\/wp-json\/wp\/v2\/media\/2034413"}],"wp:attachment":[{"href":"https:\/\/romfilatelia.ro\/magazin\/wp-json\/wp\/v2\/media?parent=2034408"}],"wp:term":[{"taxonomy":"product_cat","embeddable":true,"href":"https:\/\/romfilatelia.ro\/magazin\/wp-json\/wp\/v2\/product_cat?post=2034408"},{"taxonomy":"product_tag","embeddable":true,"href":"https:\/\/romfilatelia.ro\/magazin\/wp-json\/wp\/v2\/product_tag?post=2034408"}],"curies":[{"name":"wp","href":"https:\/\/api.w.org\/{rel}","templated":true}]}}