{"id":2034387,"date":"2024-05-29T12:38:04","date_gmt":"2024-05-29T10:38:04","guid":{"rendered":"https:\/\/romfilatelia.ro\/magazin\/?post_type=product&#038;p=2034387"},"modified":"2024-05-29T12:38:04","modified_gmt":"2024-05-29T10:38:04","slug":"promotori-ai-scolii-romanesti-familia-golescu","status":"publish","type":"product","link":"https:\/\/romfilatelia.ro\/magazin\/produs\/colectii-anuale\/2024\/promotori-ai-scolii-romanesti-familia-golescu\/","title":{"rendered":"Promotori ai \u0219colii rom\u00e2ne\u0219ti. Familia Golescu"},"content":{"rendered":"<p><strong><a href=\"https:\/\/www.romfilatelia.ro\/wp-content\/uploads\/2024\/05\/SITE_mc_Promotori-ai-scolii-romanesti.jpg\"><img decoding=\"async\" loading=\"lazy\" class=\"alignleft wp-image-2045819\" src=\"https:\/\/www.romfilatelia.ro\/wp-content\/uploads\/2024\/05\/SITE_mc_Promotori-ai-scolii-romanesti.jpg\" alt=\"\" width=\"550\" height=\"309\" \/><\/a>Romfilatelia<\/strong> introduce \u00een circula\u021bie, la data de <em>miercuri, 29 mai a.c<\/em>. o emisiune de m\u0103rci po\u0219tale sub titlul <strong><em>Promotori ai \u0219colii rom\u00e2ne\u0219ti. Familia Golescu<\/em><\/strong>. Emisiunea filatelic\u0103 este compus\u0103 din dou\u0103 m\u0103rci po\u0219tale, o coli\u021b\u0103 dantelat\u0103 \u0219i un plic \u201eprima zi\u201d.<\/p>\n<p>Veche familie de boieri rom\u00e2ni, av\u00e2nd ascenden\u021b\u0103 p\u00e2n\u0103 la familiile primilor domnitori ai \u021a\u0103rii Rom\u00e2ne\u0219ti, Gole\u0219tii au fost prezen\u021bi de-a lungul celui de al XIX-lea secol, ca politicieni, oameni de stat \u0219i c\u0103rturari, participan\u021bi activi la Revolu\u021bia de la 1848.<\/p>\n<p>Marca po\u0219tal\u0103, cu valoarea nominal\u0103 de <strong>6 Lei<\/strong>, red\u0103 portretul c\u0103rturarului <strong><em>Dinicu Golescu<\/em><\/strong> (1777-1830), cunoscut \u00eendeosebi pentru scrierea sa <em>\u00censemnare a c\u0103l\u0103toriei mele f\u0103cut\u0103 \u00een anul 1824, 1825, 1826<\/em>, tip\u0103rit\u0103 \u00een 1826, la Buda, pe cheltuiala autorului. Promotor fervent al \u00eenv\u0103\u021b\u0103m\u00e2ntului \u00een limba rom\u00e2n\u0103, a \u00eenfiin\u021bat a\u0219a numita \u201e\u0218coal\u0103 slobod\u0103 ob\u0219teasc\u0103 de la Gole\u0219ti\u201d, la care cursurile \u0219i manualele erau gratuite \u0219i unde aveau acces b\u0103ie\u021bi \u0219i fete, indiferent de rangul pe care \u00eel aveau. La aceast\u0103 \u0219coal\u0103 o scurt\u0103 perioad\u0103 a fost profesor Ion Heliade R\u0103dulescu.<\/p>\n<p>Marca po\u0219tal\u0103 cu valoarea nominal\u0103 de <strong>25 Lei<\/strong>, ilustreaz\u0103 portretul fratelui mai mare al lui Dinicu Golescu,<br \/>\n<strong><em>Iordache Golescu<\/em><\/strong> (1768-1848), unul dintre cei mai activi c\u0103rturari \u0219i oameni de stat ai \u021a\u0103rii Rom\u00e2ne\u0219ti din prima jum\u0103tate a secolului al XIX-lea. Protector devotat al \u00eenv\u0103\u021b\u0103m\u00e2ntului \u00een limba rom\u00e2n\u0103, a \u00eentemeiat \u0219coli, elabor\u00e2nd \u0219i instrumente fundamentale pentru procesul de \u00eenv\u0103\u021b\u0103m\u00e2nt (gramatici, dic\u021bionare). A fost un factor de decizie pentru \u00eenfiin\u021barea \u0218colii superioare de la Sf. Sava \u0219i l-a adus la conducerea acesteia pe Gheorghe Laz\u0103r. A alc\u0103tuit un planiglob (o hart\u0103 a lumii) tip\u0103rit la Viena. \u00cen componen\u021ba acestui pre\u021bios element geografic este inclus\u0103 \u0219i o hart\u0103 a Valahiei.<\/p>\n<p>Marca po\u0219tal\u0103 a coli\u021bei filatelice, cu valoarea nominal\u0103 de <strong>33 Lei,<\/strong> reproduce portretul marelui <strong><em>ban Radu Golescu<\/em><\/strong> (1746-1818), tat\u0103l lui Dinicu \u0219i Iordache. Iluminist de seam\u0103, avea ca principal\u0103 dorin\u021b\u0103 \u201eridicarea poporului prin cultur\u0103 \u0219i bun\u0103 chiversiveal\u0103\u201d. A \u00eenfiin\u021bat pe mo\u0219ia sa de la Gole\u0219ti<br \/>\no a\u0219a zis\u0103 \u201e\u0219coal\u0103 \u00eencep\u0103toare\u201d care a func\u021bionat p\u00e2n\u0103 \u00een anul 1821, fiind redeschis\u0103 mai apoi \u00een anul 1826 de fiul s\u0103u Dinicu sub denumirea amintit\u0103, de \u201e\u0218coala slobod\u0103 ob\u0219teasc\u0103 de la Gole\u0219ti\u201d. Radu Golescu a fost un mare filantrop, fondator al <em>Spitalului Filantropia<\/em> din Bucure\u0219ti \u0219i ctitor al \u201eCasei s\u0103racilor\u201d din Gole\u0219ti, cunoscut\u0103 \u0219i sub denumirea de bolni\u021b\u0103 (unde erau trata\u021bi oamenii s\u0103raci).<\/p>\n<p>Plicul \u201eprima zi\u201d reproduce imaginea intr\u0103rii principale \u00een spa\u021biul Muzeului Gole\u0219ti (\u00eenfiin\u021bat prin decretul semnat la 7 iunie 1939, de regele Carol I, sub denumirea de <em>Muzeul Dinicu Golescu<\/em>.<\/p>\n<p>Deasupra intr\u0103rii se afl\u0103 un turn cunoscut sub denumirea de \u201eTurnul lui Tudor Vladimirescu\u201d, amintind de popasul s\u0103u la Gole\u0219ti la anul 1821. Bustul lui Dinicu Golescu \u0219i facsimilul <em>Apelului lui Dinicu Golescu din anul 1826 pentru \u0218coala din Gole\u0219ti<\/em> \u00eentregesc ansamblul grafic reprodus pe plic.<\/p>\n<p><em>Romfilatelia mul\u021bume\u0219te reprezentan\u021bilor Muzeului Gole\u0219ti \u0219i ai Consiliului Jude\u021bean Arge\u0219 pentru sprijinul documentar \u0219i fotografic acordat la realizarea acestei emisiuni de m\u0103rci po\u0219tale.<\/em><\/p>\n<p><a href=\"https:\/\/www.romfilatelia.ro\/wp-content\/uploads\/2024\/05\/caractt.png\"><img decoding=\"async\" loading=\"lazy\" class=\"aligncenter wp-image-2045825 size-full\" src=\"https:\/\/www.romfilatelia.ro\/wp-content\/uploads\/2024\/05\/caractt.png\" alt=\"\" width=\"1416\" height=\"916\" \/><\/a><\/p>\n","protected":false},"excerpt":{"rendered":"<p>Romfilatelia introduce \u00een circula\u021bie, la data de miercuri, 29 mai a.c. o emisiune de m\u0103rci po\u0219tale sub titlul Promotori ai \u0219colii rom\u00e2ne\u0219ti. Familia Golescu. Emisiunea filatelic\u0103 este compus\u0103 din dou\u0103 m\u0103rci po\u0219tale, o coli\u021b\u0103 dantelat\u0103 \u0219i un plic \u201eprima zi\u201d. Veche familie de boieri rom\u00e2ni, av\u00e2nd ascenden\u021b\u0103 p\u00e2n\u0103 la familiile primilor domnitori ai \u021a\u0103rii Rom\u00e2ne\u0219ti,&hellip;&nbsp;<a href=\"https:\/\/romfilatelia.ro\/magazin\/produs\/colectii-anuale\/2024\/promotori-ai-scolii-romanesti-familia-golescu\/\" class=\"\" rel=\"bookmark\">Cite\u0219te mai mult &raquo;<span class=\"screen-reader-text\">Promotori ai \u0219colii rom\u00e2ne\u0219ti. Familia Golescu<\/span><\/a><\/p>\n","protected":false},"featured_media":2034388,"template":"","meta":{"neve_meta_sidebar":"","neve_meta_container":"","neve_meta_enable_content_width":"off","neve_meta_content_width":100,"neve_meta_title_alignment":"","neve_meta_author_avatar":"","neve_post_elements_order":"","neve_meta_disable_header":"","neve_meta_disable_footer":"","neve_meta_disable_title":""},"product_cat":[333,6],"product_tag":[],"_links":{"self":[{"href":"https:\/\/romfilatelia.ro\/magazin\/wp-json\/wp\/v2\/product\/2034387"}],"collection":[{"href":"https:\/\/romfilatelia.ro\/magazin\/wp-json\/wp\/v2\/product"}],"about":[{"href":"https:\/\/romfilatelia.ro\/magazin\/wp-json\/wp\/v2\/types\/product"}],"wp:featuredmedia":[{"embeddable":true,"href":"https:\/\/romfilatelia.ro\/magazin\/wp-json\/wp\/v2\/media\/2034388"}],"wp:attachment":[{"href":"https:\/\/romfilatelia.ro\/magazin\/wp-json\/wp\/v2\/media?parent=2034387"}],"wp:term":[{"taxonomy":"product_cat","embeddable":true,"href":"https:\/\/romfilatelia.ro\/magazin\/wp-json\/wp\/v2\/product_cat?post=2034387"},{"taxonomy":"product_tag","embeddable":true,"href":"https:\/\/romfilatelia.ro\/magazin\/wp-json\/wp\/v2\/product_tag?post=2034387"}],"curies":[{"name":"wp","href":"https:\/\/api.w.org\/{rel}","templated":true}]}}