{"id":2034356,"date":"2024-05-23T10:07:42","date_gmt":"2024-05-23T08:07:42","guid":{"rendered":"https:\/\/romfilatelia.ro\/magazin\/?post_type=product&#038;p=2034356"},"modified":"2024-05-23T10:07:42","modified_gmt":"2024-05-23T08:07:42","slug":"muzeul-ivan-patzaichin-mila-23","status":"publish","type":"product","link":"https:\/\/romfilatelia.ro\/magazin\/produs\/colectii-anuale\/2024\/muzeul-ivan-patzaichin-mila-23\/","title":{"rendered":"MUZEUL IVAN PATZAICHIN. MILA 23"},"content":{"rendered":"<p><a href=\"https:\/\/www.romfilatelia.ro\/wp-content\/uploads\/2024\/05\/SITE_mc_Ivan-Patzaichin.jpg\"><img decoding=\"async\" loading=\"lazy\" class=\"alignleft wp-image-2045595\" src=\"https:\/\/www.romfilatelia.ro\/wp-content\/uploads\/2024\/05\/SITE_mc_Ivan-Patzaichin.jpg\" alt=\"\" width=\"550\" height=\"451\" \/><\/a>Pentru iubitorii marilor performan\u021be sportive \u0219i pentru colec\u021bionarii m\u0103rcilor po\u0219tale cu \u201esportivii de aur\u201d ai Rom\u00e2niei, <strong>Romfilatelia <\/strong>introduce \u00een circula\u021bie, <em>vineri, 24 mai a.c.<\/em> emisiunea filatelic\u0103 <strong><em>\u201eMuzeul Ivan Patzaichin. Mila 23\u201d.<\/em><\/strong><\/p>\n<p>O marc\u0103 po\u0219tal\u0103, o coli\u021b\u0103 dantelat\u0103, un plic \u201eprima zi\u201d \u0219i o carte po\u0219tal\u0103 maxim\u0103, readuc \u00een memoria rom\u00e2nilor o personalitate de prim rang al sportului na\u021bional \u0219i mondial, canoistul Ivan Patzaichin. Un fenomen al \u00eentrecerilor olimpice (4 medalii de aur \u0219i 3 de argint), un sportiv de o modestie exemplar\u0103 \u0219i un militant activ pentru p\u0103strarea celei mai valoroase arii naturale a Rom\u00e2niei, Delta Dun\u0103rii, Ivan Patzaichin este \u00eenscris \u00een cartea de aur a marilor personalit\u0103\u021bi, la loc de cinste.<\/p>\n<p>Muzeul Ivan Patzaichin se construie\u0219te ca un centru de inovare comunitar\u0103 amplasat \u00een mijlocul Deltei, la Mila 23 (comuna Cri\u0219an), locul de na\u0219tere a marelui canoist care \u00eei d\u0103 numele.<\/p>\n<p>Realizat pe locul casei p\u0103rin\u021bilor s\u0103i, Muzeul func\u021bioneaz\u0103 ca un pol de dezvoltare local\u0103, pentru a dovedi c\u0103 pentru construirea unei comunit\u0103\u021bi \u00eenchegate, responsabile \u0219i prospere pe termen lung este nevoie de implicarea autentic\u0103 a oamenilor din localitate. Astfel, institu\u021bia promoveaz\u0103 colaborarea, \u00eenv\u0103\u021barea \u0219i participarea, oferind un spa\u021biu de socializare \u0219i exprimare pentru membrii comunit\u0103\u021bii.<\/p>\n<p>Activit\u0103\u021bile derulate aici demonstreaz\u0103 c\u0103 revalorificarea istoriei zonei, a culturii acesteia, a biodiversit\u0103\u021bii, \u00eempreun\u0103 cu aducerea \u00een contemporaneitate a tradi\u021biilor pot constitui piloni de sustenabilitate replicabili \u00een orice alt\u0103 zon\u0103 cu poten\u021bial natural.<\/p>\n<p>Muzeul include \u0219i o dimensiune de recuperare memorial\u0103 a mo\u0219tenirii complexe l\u0103sate de Ivan Patzaichin, prin prezentarea parcursului vie\u021bii sale \u0219i expunerea tezaurului s\u0103u de medalii \u0219i distinc\u021bii.<\/p>\n<p>Din punct de vedere arhitectural, construit din materiale sustenabile, muzeul este un model de practici \u00een domeniul construc\u021biilor verzi, aliniat cu specificul local din Delt\u0103. Este alc\u0103tuit din 4 corpuri cu func\u021bionalit\u0103\u021bi distincte: Observator-muzeu, centrul cultural, zona administrativ\u0103 \u0219i de reziden\u021be, ponton-debarcader.<\/p>\n<p>Turnul-observator, \u00eenalt de 18 m, are patru etaje. La parter se afl\u0103 \u201eTezaurul\u201d; la primul etaj sunt prezentate momente din copil\u0103ria lui Ivan \u00een satul Mila 23; la cel de-al doilea este \u00eenf\u0103\u021bi\u0219at\u0103 cariera sa de sportiv, \u00eentre anii 1968 \u0219i 1984. Mai sus, vizitatorii Muzeului pot afla care au fost realiz\u0103rile sale ca antrenor, iar la cel de-al patrulea etaj sunt expuse proiectele sale din perioada de antreprenor social, dup\u0103 anii 2010, atunci c\u00e2nd \u0219i-a dedicat energia sus\u021binerii comunit\u0103\u021bilor Deltei, promov\u0103rii unui mod de via\u021b\u0103 responsabil \u0219i \u00een armonie cu natura, protej\u0103rii mediului \u0219i valorific\u0103rii patrimoniului hidrografic rom\u00e2nesc.<\/p>\n<p>Nivelul cel mai \u00eenalt al Observatorului \u2013 terasa \u2013 deschide vizitatorului o perspectiv\u0103 nou\u0103 asupra frumuse\u021bii \u0219i fragilit\u0103\u021bii Deltei.<\/p>\n<p>Muzeul din Mila 23 reprezint\u0103 \u201ecap\u0103tul dinspre Delt\u0103\u201d al tripticului \u201eDelta lui Ivan\u201d, format din: Ansamblul memorial &#8211; Tulcea, Muzeul Ivan Patzaichin &#8211; Mila 23 \u0219i traseul de turism lent care le une\u0219te. Turismul lent, turismul cultural \u0219i ecoturismul, ca solu\u021bii adaptate zonei, pot valorifica o viziune echilibrat\u0103 a dezvolt\u0103rii acesteia, pentru o Delt\u0103 s\u0103n\u0103toas\u0103, cu oameni prosperi, cu turi\u0219ti interesa\u021bi de varietatea locului. Delta lui Ivan omagiaz\u0103, pe de o parte, via\u021ba \u0219i mo\u0219tenirea spiritual\u0103 l\u0103sat\u0103 de Ivan, iar pe de alt\u0103 parte \u00eei continu\u0103 munca, prin consolidarea patrimoniului de performan\u021b\u0103, perseveren\u021b\u0103 \u0219i autenticitate al acestuia.<\/p>\n<p>Marca po\u0219tal\u0103, cu valoarea nominal\u0103 de <strong>13 lei<\/strong>, prezint\u0103 imaginea lui Ivan Patzaichin \u00eentr-o postur\u0103 de repaus a unui canoist optimist, \u00een decorul spa\u021biului muzeal de la Mila 23.<\/p>\n<p>Coli\u021ba filatelic\u0103 cu dou\u0103 portrete cunoscute ale marelui sportiv, are ca imagine a timbrului (valoarea nominal\u0103 de <strong>33 Lei<\/strong>), nivelul terminal al construc\u021biei muzeului memorial. Textele explicative rezum\u0103 \u00een cifrele medaliilor ob\u021binute, valoarea \u201esportivului de aur\u201d Ivan Patzaichin.<\/p>\n<p>Plicul \u201eprima zi\u201d, pe un fundal specific luciului de ap\u0103 al Deltei Dun\u0103rii, prezint\u0103 arhitectura original\u0103 a muzeului memorial, ca un simbol conving\u0103tor al p\u0103str\u0103rii armoniei om-natur\u0103.<\/p>\n<p>O carte maxim\u0103 se adaug\u0103 ca un produs special de colec\u021bie.<\/p>\n<p><em>Romfilatelia mul\u021bume\u0219te conducerii Asocia\u021biei Ivan Patzaichin &#8211; Mila 23, domnului Teodor Frolu \u0219i fotografului Mani Gut\u0103u, pentru colaborarea\u00a0 \u0219i sprijinul documentar acordat la realizarea acestei emisiuni de m\u0103rci po\u0219tale. <\/em><\/p>\n<p><a href=\"https:\/\/www.romfilatelia.ro\/wp-content\/uploads\/2024\/05\/caract_Muzeul-Ivan-patzaichin.jpg\"><img decoding=\"async\" loading=\"lazy\" class=\"size-full wp-image-2045586 aligncenter\" src=\"https:\/\/www.romfilatelia.ro\/wp-content\/uploads\/2024\/05\/caract_Muzeul-Ivan-patzaichin.jpg\" alt=\"\" width=\"1687\" height=\"1177\" \/><\/a><\/p>\n","protected":false},"excerpt":{"rendered":"<p>Pentru iubitorii marilor performan\u021be sportive \u0219i pentru colec\u021bionarii m\u0103rcilor po\u0219tale cu \u201esportivii de aur\u201d ai Rom\u00e2niei, Romfilatelia introduce \u00een circula\u021bie, vineri, 24 mai a.c. emisiunea filatelic\u0103 \u201eMuzeul Ivan Patzaichin. Mila 23\u201d. O marc\u0103 po\u0219tal\u0103, o coli\u021b\u0103 dantelat\u0103, un plic \u201eprima zi\u201d \u0219i o carte po\u0219tal\u0103 maxim\u0103, readuc \u00een memoria rom\u00e2nilor o personalitate de prim rang&hellip;&nbsp;<a href=\"https:\/\/romfilatelia.ro\/magazin\/produs\/colectii-anuale\/2024\/muzeul-ivan-patzaichin-mila-23\/\" class=\"\" rel=\"bookmark\">Cite\u0219te mai mult &raquo;<span class=\"screen-reader-text\">MUZEUL IVAN PATZAICHIN. MILA 23<\/span><\/a><\/p>\n","protected":false},"featured_media":2034357,"template":"","meta":{"neve_meta_sidebar":"","neve_meta_container":"","neve_meta_enable_content_width":"off","neve_meta_content_width":100,"neve_meta_title_alignment":"","neve_meta_author_avatar":"","neve_post_elements_order":"","neve_meta_disable_header":"","neve_meta_disable_footer":"","neve_meta_disable_title":""},"product_cat":[333,6],"product_tag":[],"_links":{"self":[{"href":"https:\/\/romfilatelia.ro\/magazin\/wp-json\/wp\/v2\/product\/2034356"}],"collection":[{"href":"https:\/\/romfilatelia.ro\/magazin\/wp-json\/wp\/v2\/product"}],"about":[{"href":"https:\/\/romfilatelia.ro\/magazin\/wp-json\/wp\/v2\/types\/product"}],"wp:featuredmedia":[{"embeddable":true,"href":"https:\/\/romfilatelia.ro\/magazin\/wp-json\/wp\/v2\/media\/2034357"}],"wp:attachment":[{"href":"https:\/\/romfilatelia.ro\/magazin\/wp-json\/wp\/v2\/media?parent=2034356"}],"wp:term":[{"taxonomy":"product_cat","embeddable":true,"href":"https:\/\/romfilatelia.ro\/magazin\/wp-json\/wp\/v2\/product_cat?post=2034356"},{"taxonomy":"product_tag","embeddable":true,"href":"https:\/\/romfilatelia.ro\/magazin\/wp-json\/wp\/v2\/product_tag?post=2034356"}],"curies":[{"name":"wp","href":"https:\/\/api.w.org\/{rel}","templated":true}]}}