{"id":2034256,"date":"2024-04-23T12:44:52","date_gmt":"2024-04-23T10:44:52","guid":{"rendered":"https:\/\/romfilatelia.ro\/magazin\/?post_type=product&#038;p=2034256"},"modified":"2024-04-25T06:57:58","modified_gmt":"2024-04-25T04:57:58","slug":"europa-2024-fauna-si-flora-subacvatica","status":"publish","type":"product","link":"https:\/\/romfilatelia.ro\/magazin\/produs\/colectii-anuale\/2024\/europa-2024-fauna-si-flora-subacvatica\/","title":{"rendered":"Europa 2024 FAUN\u0102 \u0218I FLORA SUBACVATIC\u0102"},"content":{"rendered":"<p><a href=\"https:\/\/www.romfilatelia.ro\/wp-content\/uploads\/2024\/04\/SITE_mc_Europa-2024.jpg\"><img decoding=\"async\" loading=\"lazy\" class=\"alignleft wp-image-2045424\" src=\"https:\/\/www.romfilatelia.ro\/wp-content\/uploads\/2024\/04\/SITE_mc_Europa-2024.jpg\" alt=\"\" width=\"500\" height=\"302\" \/><\/a>\u00cen acest an, sub genericul <strong>Europa 2024<\/strong>, PostEurop, organism al Uniunii Po\u0219tale Universale, agen\u021bie specializat\u0103 a Organiza\u021biei Na\u021biunilor Unite, a ales o tematic\u0103 inedit\u0103: <strong>Faun\u0103 \u0219i flor\u0103 subacvatic\u0103<\/strong>.<\/p>\n<p><strong>Romfilatelia<\/strong> introduce\u00a0 \u00een circula\u021bie <em>miercuri, 24 aprilie<\/em>, emisiunea de m\u0103rci po\u0219tale <strong><em>Europa 2024<\/em><\/strong><em>. <\/em><strong><em>Faun\u0103 \u0219i flor\u0103 subacvatic\u0103<\/em><\/strong>, alc\u0103tuit\u0103 din dou\u0103 m\u0103rci po\u0219tale, un plic \u201eprima zi\u201d, 2 blocuri filatelice dantelate \u0219i 1 map\u0103 filatelic\u0103 special\u0103 \u00een tiraj limitat.<\/p>\n<p>Cele dou\u0103 m\u0103rci po\u0219tale ale emisiunii (cu valorile nominale de <strong>4 lei<\/strong> \u0219i <strong>25 lei<\/strong>) prezint\u0103 imagini inedite ale unor pe\u0219ti, repectiv \u0219al\u0103ul \u0219i somnul, surprinse \u00een mediul lor de via\u021b\u0103 natural de un scafandru fotograf pasionat. Farmecul imaginilor este amplificat \u0219i de prezen\u021ba plantelor, vizibile doar sub oglinda apelor. Apa se prezint\u0103 astfel ca un mediu al simbiozei dintre fauna \u0219i flora subacvatic\u0103.<\/p>\n<p><strong>Fauna subacvatic\u0103 <\/strong>reprezint\u0103 ansamblul de organisme vii care tr\u0103iesc \u00een ap\u0103. Aceste organisme pot include pe\u0219ti, nevertebrate acvatice (cum ar fi crustacee, molu\u0219te, viermi \u0219i echinoderme), mamifere marine (cum ar fi balenele \u0219i delfinii), reptile acvatice (cum ar fi broa\u0219tele \u021bestoase \u0219i \u0219erpii de ap\u0103) \u0219i multe altele.<\/p>\n<p><strong>\u0218<\/strong><strong>al<\/strong><strong>\u0103<\/strong><strong>ul<\/strong> <em>(Sander lucioperca<\/em>) este o specie de pe\u0219te din familia Percidae, originar din Europa \u0219i Asia \u0219i \u00eent\u00e2lnit \u00een r\u00e2uri, lacuri \u0219i chiar \u00een ape salmastre (u\u0219or s\u0103rate).<\/p>\n<p>\u0218al\u0103ul are culoarea predominant cenu\u0219ie sau verzui pe spate, cu dungi verticale \u00eentunecate \u0219i burta alb\u0103. Forma corpului este alungit\u0103 \u0219i poate ajunge p\u00e2n\u0103 la 1 metru \u00een lungime. Recordul de greutate \u00eenregistrat pentru aceast\u0103 specie este de 20 kg. Ca toate speciile din aceast\u0103 familie, \u0219al\u0103ul are dou\u0103 \u00eenot\u0103toare dorsale, din care prima este prev\u0103zut\u0103 cu \u021bepi. Aceast\u0103 specie de pe\u0219te prefer\u0103 apele mai ad\u00e2nci, cu fund nisipos sau pietros \u0219i se hr\u0103ne\u0219te \u00een principal cu pe\u0219ti.<\/p>\n<p>\u0218al\u0103ul este o specie apreciat\u0103 \u00een pescuitul sportiv datorit\u0103 dimensiunilor mari pe care le poate atinge \u0219i a luptei puternice pe care o ofer\u0103 la prindere. De asemenea, este considerat un pe\u0219te gustos \u0219i este pescuit \u0219i pentru consumul alimentar.<\/p>\n<p><strong>Somnul<\/strong> (<em>Silurus glanis<\/em>) este un pe\u0219te de ap\u0103 dulce din familia Siluridae, fiind r\u0103sp\u00e2ndit \u00een Europa \u0219i Asia Mic\u0103, unde tr\u0103ie\u0219te mai ales \u00een ape curg\u0103toare, dar \u0219i \u00een ape st\u0103t\u0103toare curate, cu fund nisipos. Este un pe\u0219te de talie mare, cu un corp alungit, de obicei de culoare cenu\u0219ie, cu pete sau marmora\u021bii mai deschise. Specia poate atinge dimensiuni impresionante, unele exemplare cresc\u00e2nd p\u00e2n\u0103 la 5-6 metri lungime \u0219i ajung\u00e2nd la greut\u0103\u021bi de 300-400 kg.<\/p>\n<p>Somnul este pescuit pentru alimenta\u021bie sau c\u0103utat \u00een pescuitul sportiv. \u00cen unele \u021b\u0103ri este crescut \u00een captivitate pentru carne. Carnea este alb\u0103, gustoas\u0103, lipsit\u0103 de oase.<\/p>\n<p><strong>Flora subacvatic\u0103<\/strong> reune\u0219te plantele acvatice care tr\u0103iesc \u0219i se dezvolt\u0103 sub ap\u0103. Acestea pot fi reprezentate de alge \u0219i\u00a0 plante cu flori precum peni\u021ba apei, s\u00e2rmuli\u021ba, cosorul \u0219i altele.). Flora subacvatic\u0103 este esen\u021bial\u0103 pentru ecosistemele acvatice, deoarece furnizeaz\u0103 habitat \u0219i hran\u0103 pentru alte organisme, ajut\u0103 la oxigenarea apei prin fotosintez\u0103 \u0219i contribuie la filtrarea \u0219i purificarea apei.<\/p>\n<p><em>Myriophyllum spicatum<\/em> este o plant\u0103 acvatic\u0103 submers\u0103 cu frunze grupate c\u00e2te 4 \u00een verticile, penat-sectate, av\u00e2nd segmente sub\u021biri. Este cunoscut\u0103 sub numele comun de br\u0103di\u0219, peni\u021b\u0103 sau pr\u00e2snel. \u00cen Rom\u00e2nia, aceast\u0103 plant\u0103 poate fi g\u0103sit\u0103 \u00een lacuri, b\u0103l\u021bi, r\u00e2uri \u0219i alte corpuri de ap\u0103 dulce.<\/p>\n<p><em>Myriophyllum spicatum<\/em> este considerat\u0103 o plant\u0103 invaziv\u0103 \u00een multe zone din lume, deoarece poate cre\u0219te dens \u0219i poate perturba ecosistemele acvatice native.<\/p>\n<p>At\u00e2t fauna, c\u00e2t \u0219i flora subacvatic\u0103 sunt interdependente \u0219i joac\u0103 roluri vitale \u00een men\u021binerea echilibrului \u0219i s\u0103n\u0103t\u0103\u021bii ecosistemelor acvatice.<\/p>\n<p><em>Romfilatelia mul\u021bume\u0219te scafandrului-fotograf Aurel Cristian Mitrofan, <\/em><em>Cercet. \u0218t. Gr. I Luis Popa, Directorul Muzeului Na\u021bional de Istorie Natural\u0103 \u201eGrigore Antipa\u201d \u0219i Prof. dr. Paulina Anastasiu, Directorul Gr\u0103dinii Botanice \u201eDimitrie Brandza\u201d a Universit\u0103\u021bii din Bucure\u0219ti, pentru colaborarea la realizarea acestei emisiuni de m\u0103rci po\u0219tale. <\/em><\/p>\n<p><a href=\"https:\/\/www.romfilatelia.ro\/wp-content\/uploads\/2024\/04\/caract_Europa-2024.jpg\"><img decoding=\"async\" loading=\"lazy\" class=\"aligncenter wp-image-2045415 size-full\" src=\"https:\/\/www.romfilatelia.ro\/wp-content\/uploads\/2024\/04\/caract_Europa-2024.jpg\" alt=\"\" width=\"1748\" height=\"1758\" \/><\/a><\/p>\n","protected":false},"excerpt":{"rendered":"<p>\u00cen acest an, sub genericul Europa 2024, PostEurop, organism al Uniunii Po\u0219tale Universale, agen\u021bie specializat\u0103 a Organiza\u021biei Na\u021biunilor Unite, a ales o tematic\u0103 inedit\u0103: Faun\u0103 \u0219i flor\u0103 subacvatic\u0103. Romfilatelia introduce\u00a0 \u00een circula\u021bie miercuri, 24 aprilie, emisiunea de m\u0103rci po\u0219tale Europa 2024. Faun\u0103 \u0219i flor\u0103 subacvatic\u0103, alc\u0103tuit\u0103 din dou\u0103 m\u0103rci po\u0219tale, un plic \u201eprima zi\u201d, 2&hellip;&nbsp;<a href=\"https:\/\/romfilatelia.ro\/magazin\/produs\/colectii-anuale\/2024\/europa-2024-fauna-si-flora-subacvatica\/\" class=\"\" rel=\"bookmark\">Cite\u0219te mai mult &raquo;<span class=\"screen-reader-text\">Europa 2024 FAUN\u0102 \u0218I FLORA SUBACVATIC\u0102<\/span><\/a><\/p>\n","protected":false},"featured_media":2034257,"template":"","meta":{"neve_meta_sidebar":"","neve_meta_container":"","neve_meta_enable_content_width":"off","neve_meta_content_width":100,"neve_meta_title_alignment":"","neve_meta_author_avatar":"","neve_post_elements_order":"","neve_meta_disable_header":"","neve_meta_disable_footer":"","neve_meta_disable_title":""},"product_cat":[333,6],"product_tag":[],"_links":{"self":[{"href":"https:\/\/romfilatelia.ro\/magazin\/wp-json\/wp\/v2\/product\/2034256"}],"collection":[{"href":"https:\/\/romfilatelia.ro\/magazin\/wp-json\/wp\/v2\/product"}],"about":[{"href":"https:\/\/romfilatelia.ro\/magazin\/wp-json\/wp\/v2\/types\/product"}],"wp:featuredmedia":[{"embeddable":true,"href":"https:\/\/romfilatelia.ro\/magazin\/wp-json\/wp\/v2\/media\/2034257"}],"wp:attachment":[{"href":"https:\/\/romfilatelia.ro\/magazin\/wp-json\/wp\/v2\/media?parent=2034256"}],"wp:term":[{"taxonomy":"product_cat","embeddable":true,"href":"https:\/\/romfilatelia.ro\/magazin\/wp-json\/wp\/v2\/product_cat?post=2034256"},{"taxonomy":"product_tag","embeddable":true,"href":"https:\/\/romfilatelia.ro\/magazin\/wp-json\/wp\/v2\/product_tag?post=2034256"}],"curies":[{"name":"wp","href":"https:\/\/api.w.org\/{rel}","templated":true}]}}