{"id":2034229,"date":"2024-04-16T09:54:49","date_gmt":"2024-04-16T07:54:49","guid":{"rendered":"https:\/\/romfilatelia.ro\/magazin\/?post_type=product&#038;p=2034229"},"modified":"2024-04-16T09:54:50","modified_gmt":"2024-04-16T07:54:50","slug":"emisiune-comuna-romania-israel-hora-punte-culturala-intre-romania-si-israel","status":"publish","type":"product","link":"https:\/\/romfilatelia.ro\/magazin\/produs\/colectii-anuale\/2024\/emisiune-comuna-romania-israel-hora-punte-culturala-intre-romania-si-israel\/","title":{"rendered":"Emisiune comun\u0103  ROM\u00c2NIA-ISRAEL  HORA, PUNTE CULTURAL\u0102 \u00ceNTRE ROM\u00c2NIA \u0218I ISRAEL"},"content":{"rendered":"<p><strong><a href=\"https:\/\/www.romfilatelia.ro\/wp-content\/uploads\/2024\/04\/SITE_mc_Em-Com-RO-Israel_Hora.jpg\"><img decoding=\"async\" loading=\"lazy\" class=\"alignleft wp-image-2045340\" src=\"https:\/\/www.romfilatelia.ro\/wp-content\/uploads\/2024\/04\/SITE_mc_Em-Com-RO-Israel_Hora.jpg\" alt=\"\" width=\"500\" height=\"592\" \/><\/a>Romfilatelia<\/strong> va introduce \u00een circula\u021bie <em>miercuri, 17 aprilie a.c.<\/em> o emisiune comun\u0103 realizat\u0103 \u00eempreun\u0103 cu Statul Israel av\u00e2nd un subiect inedit: <strong><em>Hora, punte cultural\u0103 \u00eentre Rom\u00e2nia \u0219i Israel<\/em><\/strong><em>. <\/em>Este vorba de un dans tradi\u021bional existent de secole pe p\u0103m\u00e2nturile locuite majoritar de rom\u00e2ni.<\/p>\n<p>Statul Israel \u0219i-a proclamat independen\u021ba \u00een luna mai a anului 1948. Rom\u00e2nia s-a aflat printre primele \u021b\u0103ri care au recunoscut Statul Israel iar rela\u021biile diplomatice s-au stabilit, oficial, \u00een luna iunie a aceluia\u0219i an. \u00cen afara domeniului politic, la baza rela\u021biilor rom\u00e2no-israeliene stau leg\u0103turi culturale \u0219i istorice. Imnul na\u021bional al Statului Israel, Hatikva (Speran\u021ba), are recognoscibile \u201einfluen\u021be\u201d rom\u00e2ne\u0219ti. Cuvintele imnului au \u00eenceput s\u0103 se cristalizeze la Ia\u0219i, \u00eenc\u0103 din anii 1876-1878, c\u00e2nd Naphtali Herz Imber a \u00eenceput s\u0103 compun\u0103 versurile.<\/p>\n<p>Rela\u021bia special\u0103 dintre Rom\u00e2nia \u0219i Israel trece dincolo de ra\u021biunile de stat, fiind o rela\u021bie bazat\u0103 pe tradi\u021bie \u0219i pe un profund sentiment de prietenie \u0219i respect reciproc.<\/p>\n<p>Societatea israelian\u0103 este una divers\u0103, cu r\u0103d\u0103cini multiculturale. \u00centr-o reuniune de graiuri \u0219i culturi se remarc\u0103 pregnant influen\u021ba imigran\u021bilor de origine rom\u00e2n\u0103. Comunitatea de evrei originar\u0103 din Rom\u00e2nia num\u0103r\u0103 peste 400.000 de persoane care reprezint\u0103, practic, o punte trainic\u0103 \u00eentre Rom\u00e2nia \u0219i Israel. Firesc este c\u0103 aceast\u0103 comunitate a dus odat\u0103 cu ea \u0219i o manifestare tradi\u021bional\u0103 a celui mai cunoscut dans rom\u00e2nesc: <em>Hora<\/em>.<\/p>\n<p>Hora nu este un simplu dans. Ea este inspirat\u0103 dintr-un simbolism cosmic, prin forma circular\u0103 de desf\u0103\u0219urare, prin dispunerea dansatorilor, prin mi\u0219carea ritmic\u0103 \u0219i prin rolul ei de solidarizare care define\u0219te o lume aparte.<\/p>\n<p>Hora confirm\u0103, perpetuu, actul emo\u021bionant de comunicare ca mijloc vizibil de activitate \u0219i solidaritate social\u0103, iar distribu\u021bia dansatorilor \u00een cerc \u00eenchis exprim\u0103 un ritual de consolidare, o reg\u0103sire a colectivit\u0103\u021bii. Hora se \u00eentrevede, la r\u00e2ndul ei, \u0219i ca un simbol magic de protec\u021bie (cet\u0103\u021bile aveau ziduri de ap\u0103rare circulare). De men\u021bionat c\u0103 hora este un cerc \u00eenchis \u00een care sunt primi\u021bi numai oameni cura\u021bi suflete\u0219te, anima\u021bi de acelea\u0219i g\u00e2nduri bune \u0219i dispu\u0219i s\u0103 ac\u021bioneze \u00eempreun\u0103, f\u0103r\u0103 inten\u021bia de dezertare. \u201eAi intrat \u00een hor\u0103, trebuie s\u0103 joci!\u201d spune o veche zical\u0103 rom\u00e2neasc\u0103.<\/p>\n<p>\u00cen anul 1859, Hora Unirii, a c\u0103rei muzic\u0103 era \u00eenso\u021bit\u0103 de versurile poetului Vasile Alecsandri, a constituit un factor determinant de mobilizare a muntenilor \u0219i moldovenilor, \u00eendemna\u021bi s\u0103 \u201e\u00eenv\u00e2rt\u0103 Hora fr\u0103\u021biei \/ Pe p\u0103m\u00e2ntul Rom\u00e2niei\u201d \u0219i s\u0103 \u00eenf\u0103ptuiasc\u0103 un vis de veacuri, acela de a tr\u0103i \u00eentr-o singur\u0103 \u021bar\u0103.<\/p>\n<p>Cele dou\u0103 m\u0103rci po\u0219tale ale emisiunii comune Rom\u00e2nia-Israel se doresc a fi un simbol al energiei dansului, al reuniunii umane, \u00een care inexisten\u021ba costumelor na\u021bionale, sugereaz\u0103 diversitatea etnic\u0103 sau confesional\u0103 a dansatorilor, iar cromatica ve\u0219mintelor sugerate grafic, scoate \u00een eviden\u021b\u0103 culorile apar\u021bin\u00e2nd drapelelor celor dou\u0103 \u021b\u0103ri.<\/p>\n<p><em>Romfilatelia mul\u021bume\u0219te partenerilor de la Administra\u021bia Po\u0219tal\u0103 a Statului Israel, Ambasadei Statului Israel la Bucure\u0219ti \u0219i Federa\u021biei Comunit\u0103\u021bilor Evreie\u0219ti din Rom\u00e2nia pentru frumoasa colaborare la realizarea acestei emisiuni comune de m\u0103rci po\u0219tale.<\/em><\/p>\n<p><a href=\"https:\/\/www.romfilatelia.ro\/wp-content\/uploads\/2024\/04\/caract_em-com-RO-Israel.jpg\"><img decoding=\"async\" loading=\"lazy\" class=\"aligncenter wp-image-2045332 size-full\" src=\"https:\/\/www.romfilatelia.ro\/wp-content\/uploads\/2024\/04\/caract_em-com-RO-Israel.jpg\" alt=\"\" width=\"1714\" height=\"1122\" \/><\/a><\/p>\n","protected":false},"excerpt":{"rendered":"<p>Romfilatelia va introduce \u00een circula\u021bie miercuri, 17 aprilie a.c. o emisiune comun\u0103 realizat\u0103 \u00eempreun\u0103 cu Statul Israel av\u00e2nd un subiect inedit: Hora, punte cultural\u0103 \u00eentre Rom\u00e2nia \u0219i Israel. Este vorba de un dans tradi\u021bional existent de secole pe p\u0103m\u00e2nturile locuite majoritar de rom\u00e2ni. Statul Israel \u0219i-a proclamat independen\u021ba \u00een luna mai a anului 1948. Rom\u00e2nia&hellip;&nbsp;<a href=\"https:\/\/romfilatelia.ro\/magazin\/produs\/colectii-anuale\/2024\/emisiune-comuna-romania-israel-hora-punte-culturala-intre-romania-si-israel\/\" class=\"\" rel=\"bookmark\">Cite\u0219te mai mult &raquo;<span class=\"screen-reader-text\">Emisiune comun\u0103  ROM\u00c2NIA-ISRAEL  HORA, PUNTE CULTURAL\u0102 \u00ceNTRE ROM\u00c2NIA \u0218I ISRAEL<\/span><\/a><\/p>\n","protected":false},"featured_media":2034230,"template":"","meta":{"neve_meta_sidebar":"","neve_meta_container":"","neve_meta_enable_content_width":"off","neve_meta_content_width":100,"neve_meta_title_alignment":"","neve_meta_author_avatar":"","neve_post_elements_order":"","neve_meta_disable_header":"","neve_meta_disable_footer":"","neve_meta_disable_title":""},"product_cat":[333,6],"product_tag":[],"_links":{"self":[{"href":"https:\/\/romfilatelia.ro\/magazin\/wp-json\/wp\/v2\/product\/2034229"}],"collection":[{"href":"https:\/\/romfilatelia.ro\/magazin\/wp-json\/wp\/v2\/product"}],"about":[{"href":"https:\/\/romfilatelia.ro\/magazin\/wp-json\/wp\/v2\/types\/product"}],"wp:featuredmedia":[{"embeddable":true,"href":"https:\/\/romfilatelia.ro\/magazin\/wp-json\/wp\/v2\/media\/2034230"}],"wp:attachment":[{"href":"https:\/\/romfilatelia.ro\/magazin\/wp-json\/wp\/v2\/media?parent=2034229"}],"wp:term":[{"taxonomy":"product_cat","embeddable":true,"href":"https:\/\/romfilatelia.ro\/magazin\/wp-json\/wp\/v2\/product_cat?post=2034229"},{"taxonomy":"product_tag","embeddable":true,"href":"https:\/\/romfilatelia.ro\/magazin\/wp-json\/wp\/v2\/product_tag?post=2034229"}],"curies":[{"name":"wp","href":"https:\/\/api.w.org\/{rel}","templated":true}]}}