{"id":2034226,"date":"2024-04-16T09:52:29","date_gmt":"2024-04-16T07:52:29","guid":{"rendered":"https:\/\/romfilatelia.ro\/magazin\/?post_type=product&#038;p=2034226"},"modified":"2024-06-14T10:46:41","modified_gmt":"2024-06-14T08:46:41","slug":"set-minicoli-de-6-timbre-2-tabsuri-emisiune-comuna-romania-israel-hora-punte-culturala-intre-romania-si-israel","status":"publish","type":"product","link":"https:\/\/romfilatelia.ro\/magazin\/produs\/set-minicoli\/set-minicoli-de-6-timbre-2-tabsuri-emisiune-comuna-romania-israel-hora-punte-culturala-intre-romania-si-israel\/","title":{"rendered":"Set minicoli de 6 timbre + 2 tabsuri Emisiune comun\u0103  ROM\u00c2NIA-ISRAEL  HORA, PUNTE CULTURAL\u0102 \u00ceNTRE ROM\u00c2NIA \u0218I ISRAEL"},"content":{"rendered":"","protected":false},"excerpt":{"rendered":"","protected":false},"featured_media":2034231,"template":"","meta":{"neve_meta_sidebar":"","neve_meta_container":"","neve_meta_enable_content_width":"off","neve_meta_content_width":100,"neve_meta_title_alignment":"","neve_meta_author_avatar":"","neve_post_elements_order":"","neve_meta_disable_header":"","neve_meta_disable_footer":"","neve_meta_disable_title":""},"product_cat":[18],"product_tag":[],"_links":{"self":[{"href":"https:\/\/romfilatelia.ro\/magazin\/wp-json\/wp\/v2\/product\/2034226"}],"collection":[{"href":"https:\/\/romfilatelia.ro\/magazin\/wp-json\/wp\/v2\/product"}],"about":[{"href":"https:\/\/romfilatelia.ro\/magazin\/wp-json\/wp\/v2\/types\/product"}],"wp:featuredmedia":[{"embeddable":true,"href":"https:\/\/romfilatelia.ro\/magazin\/wp-json\/wp\/v2\/media\/2034231"}],"wp:attachment":[{"href":"https:\/\/romfilatelia.ro\/magazin\/wp-json\/wp\/v2\/media?parent=2034226"}],"wp:term":[{"taxonomy":"product_cat","embeddable":true,"href":"https:\/\/romfilatelia.ro\/magazin\/wp-json\/wp\/v2\/product_cat?post=2034226"},{"taxonomy":"product_tag","embeddable":true,"href":"https:\/\/romfilatelia.ro\/magazin\/wp-json\/wp\/v2\/product_tag?post=2034226"}],"curies":[{"name":"wp","href":"https:\/\/api.w.org\/{rel}","templated":true}]}}