{"id":2034201,"date":"2024-04-15T13:17:10","date_gmt":"2024-04-15T11:17:10","guid":{"rendered":"https:\/\/romfilatelia.ro\/magazin\/?post_type=product&#038;p=2034201"},"modified":"2024-04-18T14:07:38","modified_gmt":"2024-04-18T12:07:38","slug":"set-minicoli-de-8-timbre-vinieta-6-tabsuri-expozitia-filatelica-mondiala-specializata-efiro-2024","status":"publish","type":"product","link":"https:\/\/romfilatelia.ro\/magazin\/produs\/set-minicoli\/set-minicoli-de-8-timbre-vinieta-6-tabsuri-expozitia-filatelica-mondiala-specializata-efiro-2024\/","title":{"rendered":"Set minicoli de 8 timbre viniet\u0103 + 6 tabsuri EXPOZI\u021aIA FILATELIC\u0102 MONDIAL\u0102 SPECIALIZAT\u0102 EFIRO 2024"},"content":{"rendered":"","protected":false},"excerpt":{"rendered":"","protected":false},"featured_media":2034205,"template":"","meta":{"neve_meta_sidebar":"","neve_meta_container":"","neve_meta_enable_content_width":"off","neve_meta_content_width":100,"neve_meta_title_alignment":"","neve_meta_author_avatar":"","neve_post_elements_order":"","neve_meta_disable_header":"","neve_meta_disable_footer":"","neve_meta_disable_title":""},"product_cat":[18],"product_tag":[],"_links":{"self":[{"href":"https:\/\/romfilatelia.ro\/magazin\/wp-json\/wp\/v2\/product\/2034201"}],"collection":[{"href":"https:\/\/romfilatelia.ro\/magazin\/wp-json\/wp\/v2\/product"}],"about":[{"href":"https:\/\/romfilatelia.ro\/magazin\/wp-json\/wp\/v2\/types\/product"}],"wp:featuredmedia":[{"embeddable":true,"href":"https:\/\/romfilatelia.ro\/magazin\/wp-json\/wp\/v2\/media\/2034205"}],"wp:attachment":[{"href":"https:\/\/romfilatelia.ro\/magazin\/wp-json\/wp\/v2\/media?parent=2034201"}],"wp:term":[{"taxonomy":"product_cat","embeddable":true,"href":"https:\/\/romfilatelia.ro\/magazin\/wp-json\/wp\/v2\/product_cat?post=2034201"},{"taxonomy":"product_tag","embeddable":true,"href":"https:\/\/romfilatelia.ro\/magazin\/wp-json\/wp\/v2\/product_tag?post=2034201"}],"curies":[{"name":"wp","href":"https:\/\/api.w.org\/{rel}","templated":true}]}}