{"id":2034151,"date":"2024-04-08T08:39:57","date_gmt":"2024-04-08T06:39:57","guid":{"rendered":"https:\/\/romfilatelia.ro\/magazin\/?post_type=product&#038;p=2034151"},"modified":"2024-04-08T08:47:40","modified_gmt":"2024-04-08T06:47:40","slug":"astronomie-evenimente","status":"publish","type":"product","link":"https:\/\/romfilatelia.ro\/magazin\/produs\/colectii-anuale\/2024\/astronomie-evenimente\/","title":{"rendered":"ASTRONOMIE. EVENIMENTE"},"content":{"rendered":"<p><a href=\"https:\/\/romfilatelia.ro\/magazin\/wp-content\/uploads\/2024\/04\/SITE_mc_Astronomie.jpg\"><img decoding=\"async\" loading=\"lazy\" class=\"wp-image-2034152 size-medium alignleft\" src=\"https:\/\/romfilatelia.ro\/magazin\/wp-content\/uploads\/2024\/04\/SITE_mc_Astronomie-300x141.jpg\" alt=\"\" width=\"300\" height=\"141\" srcset=\"https:\/\/romfilatelia.ro\/magazin\/wp-content\/uploads\/2024\/04\/SITE_mc_Astronomie-300x141.jpg 300w, https:\/\/romfilatelia.ro\/magazin\/wp-content\/uploads\/2024\/04\/SITE_mc_Astronomie-800x377.jpg 800w, https:\/\/romfilatelia.ro\/magazin\/wp-content\/uploads\/2024\/04\/SITE_mc_Astronomie-768x362.jpg 768w, https:\/\/romfilatelia.ro\/magazin\/wp-content\/uploads\/2024\/04\/SITE_mc_Astronomie-500x236.jpg 500w, https:\/\/romfilatelia.ro\/magazin\/wp-content\/uploads\/2024\/04\/SITE_mc_Astronomie-64x30.jpg 64w, https:\/\/romfilatelia.ro\/magazin\/wp-content\/uploads\/2024\/04\/SITE_mc_Astronomie.jpg 1126w\" sizes=\"(max-width: 300px) 100vw, 300px\" \/><\/a><strong>Romfilatelia<\/strong> introduce \u00een circula\u021bie o nou\u0103 emisiune de m\u0103rci po\u0219tale av\u00e2nd ca subiect fenomenele astronomice. Sub titlul <strong><em>Astronomie. Evenimente<\/em><\/strong>, emisiunea alc\u0103tuit\u0103 din dou\u0103 m\u0103rci po\u0219tale \u0219i 1 plic \u201eprima zi\u201d, va fi pus\u0103 la dispozi\u021bia marelui public \u0219i a colec\u021bionarilor la data de <em>luni, 8 aprilie a.c.<\/em><\/p>\n<p>Anul acesta se \u00eemplinesc 25 de ani de la Marea Eclips\u0103 European\u0103, cu punctul central al benzii de totalitate \u00een Rom\u00e2nia, l\u00e2ng\u0103 ora\u0219ul R\u00e2mnicu V\u00e2lcea, din 11 august 1999. O eclips\u0103 total\u0103 de Soare nu e chiar at\u00e2t de rar\u0103 precum se crede. Condi\u021bia este s\u0103 c\u0103l\u0103torim acolo unde se produce.<\/p>\n<p>Undeva pe glob, vedem o eclips\u0103 total\u0103 de Soare la fiecare un an \u0219i patru luni! Din 1999 \u0219i p\u00e2n\u0103 \u00een 2023 s-au produs 18 eclipse totale, din care trei au fost hibride, adic\u0103 pe o parte a benzii au fost eclipse inelare, iar pe alta eclipse totale. Dac\u0103 am a\u0219tepta o eclips\u0103 total\u0103 de Soare \u00eentr-un punct fix de pe planet\u0103, s\u0103 zicem \u00een centrul Bucure\u0219tiului, \u00een medie, am avea o eclips\u0103 o dat\u0103 la 375 de ani! Cu toate acestea, Bucure\u0219tiul a fost locul \u00een care s-au manifestat dou\u0103 astfel de fenomene \u00een secolul XX. \u00cen aceast\u0103 parte a \u021b\u0103rii, cei mai noroco\u0219i dintre noi am v\u0103zut o eclips\u0103 \u00een februarie 1961 \u0219i o a doua \u00een august 1999. Dar ultima, care s-a v\u0103zut de aici, \u00eenaintea celor dou\u0103, a fost \u00een anul 1100, c\u00e2nd Bucure\u0219tiul nu exista. Urm\u0103toarea, vizibil\u0103 din capitala Rom\u00e2niei, sau mai exact din suburbiile din sud ale Bucure\u0219tiului, se va produce \u00een septembrie 2081.<\/p>\n<p>A 19-a eclips\u0103 de la cea din Rom\u00e2nia se va vedea numai de pe continentul nord-american, va avea o durat\u0103 maxim\u0103 dubl\u0103 fa\u021b\u0103 de cea din 1999, adic\u0103 4 minute \u0219i 28 de secunde, fa\u021b\u0103 de 2 minute 23 de secunde, maximul celei din 1999. Aceast\u0103 eclips\u0103 se va produce \u00een ziua de 8 aprilie 2024 \u0219i va fi cel mai mediatizat fenomen astronomic din toate timpurile, cu o audien\u021b\u0103 care va dep\u0103\u0219i audien\u021ba aseleniz\u0103rii americanilor din 1969.<\/p>\n<p>O eclips\u0103 total\u0103 de Soare se produce atunci c\u00e2nd exist\u0103 un aliniament perfect \u00eentre Soare, Lun\u0103 \u0219i P\u0103m\u00e2nt, \u00een aceast\u0103 ordine, cu Luna \u00eentre P\u0103m\u00e2nt \u0219i Soare. De fapt, Luna, \u00een mi\u0219carea ei pe orbit\u0103, intr\u0103 \u00een fa\u021ba Soarelui, ocult\u00e2ndu-l \u0219i l\u0103s\u00e2nd s\u0103 se vad\u0103, pentru c\u0103teva minute ceea ce e invizibil \u00een zilele obi\u0219nuite \u0219i anume, coroana solar\u0103 \u0219i fenomenele din cromosfera Soarelui. Acest fenomen a fost deosebit de important \u00een istoria \u0219tiin\u021bei, a fizicii, chimiei \u0219i astronomiei \u00een mod special, iar acum, \u00een epoca internetului \u0219i a deplas\u0103rilor cu avionul pe toat\u0103 planeta, a devenit unul din cele mai r\u00e2vnite locuri pentru expedi\u021bii \u0219tiin\u021bifice \u0219i excursii exotice.<\/p>\n<p><em>Romfilatelia mul<\/em><em>\u021b<\/em><em>ume<\/em><em>\u0219<\/em><em>te fotografilor C<\/em><em>\u0103<\/em><em>t<\/em><em>\u0103<\/em><em>lin Beldea, Alson Wong<\/em><em> \u0219i <\/em><em>C<\/em><em>\u0103<\/em><em>t<\/em><em>\u0103<\/em><em>lin Fus<\/em><em> pentru sprijinul documentar acordat la realizarea acestei emisiuni de m\u0103rci po\u0219tale.<\/em><\/p>\n<p><a href=\"https:\/\/romfilatelia.ro\/magazin\/wp-content\/uploads\/2024\/04\/caract_Astronomie.jpg\"><img decoding=\"async\" loading=\"lazy\" class=\"aligncenter size-full wp-image-2034153\" src=\"https:\/\/romfilatelia.ro\/magazin\/wp-content\/uploads\/2024\/04\/caract_Astronomie.jpg\" alt=\"\" width=\"1702\" height=\"1179\" srcset=\"https:\/\/romfilatelia.ro\/magazin\/wp-content\/uploads\/2024\/04\/caract_Astronomie.jpg 1702w, https:\/\/romfilatelia.ro\/magazin\/wp-content\/uploads\/2024\/04\/caract_Astronomie-300x208.jpg 300w, https:\/\/romfilatelia.ro\/magazin\/wp-content\/uploads\/2024\/04\/caract_Astronomie-800x554.jpg 800w, https:\/\/romfilatelia.ro\/magazin\/wp-content\/uploads\/2024\/04\/caract_Astronomie-768x532.jpg 768w, https:\/\/romfilatelia.ro\/magazin\/wp-content\/uploads\/2024\/04\/caract_Astronomie-1536x1064.jpg 1536w, https:\/\/romfilatelia.ro\/magazin\/wp-content\/uploads\/2024\/04\/caract_Astronomie-500x346.jpg 500w, https:\/\/romfilatelia.ro\/magazin\/wp-content\/uploads\/2024\/04\/caract_Astronomie-64x44.jpg 64w\" sizes=\"(max-width: 1702px) 100vw, 1702px\" \/><\/a><\/p>\n","protected":false},"excerpt":{"rendered":"<p>Romfilatelia introduce \u00een circula\u021bie o nou\u0103 emisiune de m\u0103rci po\u0219tale av\u00e2nd ca subiect fenomenele astronomice. Sub titlul Astronomie. Evenimente, emisiunea alc\u0103tuit\u0103 din dou\u0103 m\u0103rci po\u0219tale \u0219i 1 plic \u201eprima zi\u201d, va fi pus\u0103 la dispozi\u021bia marelui public \u0219i a colec\u021bionarilor la data de luni, 8 aprilie a.c. Anul acesta se \u00eemplinesc 25 de ani de&hellip;&nbsp;<a href=\"https:\/\/romfilatelia.ro\/magazin\/produs\/colectii-anuale\/2024\/astronomie-evenimente\/\" class=\"\" rel=\"bookmark\">Cite\u0219te mai mult &raquo;<span class=\"screen-reader-text\">ASTRONOMIE. EVENIMENTE<\/span><\/a><\/p>\n","protected":false},"featured_media":2034154,"template":"","meta":{"neve_meta_sidebar":"","neve_meta_container":"","neve_meta_enable_content_width":"off","neve_meta_content_width":100,"neve_meta_title_alignment":"","neve_meta_author_avatar":"","neve_post_elements_order":"","neve_meta_disable_header":"","neve_meta_disable_footer":"","neve_meta_disable_title":""},"product_cat":[333,6],"product_tag":[],"_links":{"self":[{"href":"https:\/\/romfilatelia.ro\/magazin\/wp-json\/wp\/v2\/product\/2034151"}],"collection":[{"href":"https:\/\/romfilatelia.ro\/magazin\/wp-json\/wp\/v2\/product"}],"about":[{"href":"https:\/\/romfilatelia.ro\/magazin\/wp-json\/wp\/v2\/types\/product"}],"wp:featuredmedia":[{"embeddable":true,"href":"https:\/\/romfilatelia.ro\/magazin\/wp-json\/wp\/v2\/media\/2034154"}],"wp:attachment":[{"href":"https:\/\/romfilatelia.ro\/magazin\/wp-json\/wp\/v2\/media?parent=2034151"}],"wp:term":[{"taxonomy":"product_cat","embeddable":true,"href":"https:\/\/romfilatelia.ro\/magazin\/wp-json\/wp\/v2\/product_cat?post=2034151"},{"taxonomy":"product_tag","embeddable":true,"href":"https:\/\/romfilatelia.ro\/magazin\/wp-json\/wp\/v2\/product_tag?post=2034151"}],"curies":[{"name":"wp","href":"https:\/\/api.w.org\/{rel}","templated":true}]}}