{"id":2034129,"date":"2024-04-04T11:37:16","date_gmt":"2024-04-04T09:37:16","guid":{"rendered":"https:\/\/romfilatelia.ro\/magazin\/?post_type=product&#038;p=2034129"},"modified":"2024-04-15T12:40:57","modified_gmt":"2024-04-15T10:40:57","slug":"sfintele-pasti-2024","status":"publish","type":"product","link":"https:\/\/romfilatelia.ro\/magazin\/produs\/colectii-anuale\/2024\/sfintele-pasti-2024\/","title":{"rendered":"SFINTELE PA\u0218TI 2024"},"content":{"rendered":"<p><a href=\"https:\/\/www.romfilatelia.ro\/wp-content\/uploads\/2024\/04\/SITE_mc_Paste-2024-jpg.webp\"><img decoding=\"async\" loading=\"lazy\" class=\"alignleft wp-image-2045199\" src=\"https:\/\/www.romfilatelia.ro\/wp-content\/uploads\/2024\/04\/SITE_mc_Paste-2024-jpg.webp\" alt=\"\" width=\"500\" height=\"262\" \/><\/a>Cu ocazia celei mai mari s\u0103rb\u0103tori a cre\u0219tin\u0103t\u0103\u021bii, <em>\u00cenvierea Domnului Iisus Hristos<\/em>, <strong>Romfilatelia<\/strong> introduce \u00een circula\u021bie <em>vineri, 5 aprilie a.c.<\/em> emisiunea <strong>Sfintele Pa\u0219ti 2024<\/strong>, compus\u0103 din dou\u0103 m\u0103rci po\u0219tale, o coli\u021b\u0103 dantelat\u0103, un plic \u201eprima zi\u201d \u0219i un album filatelic special.<\/p>\n<p>\u201eS\u0103rb\u0103toarea s\u0103rb\u0103torilor\u201d aduce omenirii speran\u021ba m\u00e2ntuirii \u0219i a vie\u021bii ve\u0219nice, prin sacrificiul lui Iisus. <em>\u00cenvierea<\/em>, dup\u0103 afirma\u021biile P\u0103rintelui Arsenie Boca, \u201eeste singura minune care se arat\u0103 tuturor, credincio\u0219i \u0219i necredincio\u0219i\u201d.<\/p>\n<p>\u00centr-o medita\u021bie pe tema postului, Preafericitul P\u0103rinte Patriarh Daniel spunea: \u201ePentru a putea purta Crucea multor \u00eencerc\u0103ri \u0219i a sfin\u021bi ajutorul lui Hristos cel R\u0103stignit \u0219i \u00cenviat este necesar s\u0103 ne \u00eent\u0103rim \u00een credin\u021b\u0103, s\u0103 sporim rug\u0103ciunea, s\u0103 fim \u0219i noi pentru al\u021bii un Simon din Cirene, care a ajutat pe Iisus s\u0103 poarte Crucea Sa pe drumul Golgotei. A\u0219a dup\u0103 cum credincio\u0219ii care au purtat de bun\u0103voie crucea postului primesc lumina, bucuria \u0219i binecuv\u00e2ntarea Sfintelor Pa\u0219ti, tot a\u0219a \u0219i cei care alin\u0103 suferin\u021ba semenilor lor, prin rug\u0103ciune \u0219i cuv\u00e2nt de \u00eencurajare, prin fapt\u0103 bun\u0103 \u0219i d\u0103ruire, vor sim\u021bi lumina \u0219i bucuria \u00cenvierii lui Hristos \u00een inimile lor \u0219i binecuv\u00e2ntarea Lui \u00een via\u021ba \u0219i casele lor\u201d.<\/p>\n<p>Icoanele reproduse pe m\u0103rcile po\u0219tale \u0219i pe coli\u021ba filatelic\u0103 prezint\u0103 trei secven\u021be importante ale perioadei numit\u0103 \u201es\u0103pt\u0103m\u00e2na patimilor\u201d: <em>Intrarea \u00een Ierusalim<\/em> (pe timbrul cu valoarea nominal\u0103 de <strong>4 lei<\/strong>), icoan\u0103 a Duminicii Floriilor, \u00een care este prezentat\u0103 primirea lui Iisus cu onoruri de Rege purt\u00e2nd \u00een m\u00e2ini ramuri de finic. Domnul intr\u0103 \u00een Cetate a\u0219ezat pe un asin; <em>R\u0103stignirea <\/em>(pe timbrul cu valoarea nominal\u0103 de <strong>33 lei<\/strong>), icoan\u0103 a jertfei supreme, \u00een care se concentreaz\u0103 tot tragismul P\u0103timirilor M\u00e2ntuitorului.<\/p>\n<p><em>\u00cenvierea <\/em>(pe timbrul cu valoarea nominal\u0103 de <strong>13 lei<\/strong>), icoan\u0103 a S\u0103rb\u0103torii Pa\u0219tilor, red\u0103 imaginea biruin\u021bei asupra mor\u021bii prin reprezentarea lui Iisus \u00een <em>mandorl\u0103<\/em> (aureol\u0103 \u00een form\u0103 de migdal\u0103), c\u0103lc\u00e2nd por\u021bile iadului \u0219i ridic\u00e2nd din morm\u00e2nt pe Adam \u0219i Eva.<\/p>\n<p>Icoanele apar\u021bin patrimoniului M\u0103n\u0103stirii tricentenare Stavropoleos, ctitorie a arhimandritului Ioanichie, la anul 1724, \u00eenchinat\u0103 Sfin\u021bilor Arhangheli \u0219i Sf\u00e2ntului Atanasie cel Mare.<\/p>\n<p>M\u0103n\u0103stirea Stavropoleos a cunoscut o perioad\u0103 de \u00eenflorire de peste un secol \u0219i a ajuns, dup\u0103 plecarea monahilor greci, \u00een grija Comisiei Monumentelor Istorice, intr\u00e2nd \u00eentr-un amplu proces de restaurare. Biserica a fost consolidat\u0103, fresca restaurat\u0103, a fost rezidit\u0103 turla \u0219i ridicat\u0103 o nou\u0103 incint\u0103, dup\u0103 proiectul arhitectului Ion Mincu. A fost redeschis\u0103, ca biseric\u0103 de mir, la 6 decembrie 1940, \u0219i \u00een s\u0103lile din incint\u0103 a fost amenajat un atelier de restaurare a obiectelor biserice\u0219ti.<\/p>\n<p>Dup\u0103 1989, noile lucr\u0103ri de restaurare, desf\u0103\u0219urate \u00eentre 1996 \u0219i 2003, au redat bisericii \u0219i incintei frumuse\u021bea \u0219i originalitatea care o \u00eenscriu \u00een r\u00e2ndul reperelor de pe harta cultural\u0103 \u0219i spiritual\u0103 a Capitalei. Prin grija P\u0103rintelui Iustin Marchi\u0219, monumentul a fost restaurat, iar via\u021ba liturgic\u0103 \u0219i comunitar\u0103 a ren\u0103scut, dup\u0103 anii grei ai comunismului. \u00cen 2008 a fost redeschis\u0103 m\u0103n\u0103stirea, cu ob\u0219te de monahii. Acum, \u00een s\u0103lile din incint\u0103, sunt amenajate o colec\u021bie, o bibliotec\u0103 \u0219i o sal\u0103 comunitar\u0103, cu icoane, c\u0103r\u021bi vechi \u0219i obiecte de art\u0103, care valorific\u0103 trecutul \u0219i istoria de 300 de ani a ctitoriei bucure\u0219tene.<\/p>\n<p>Echipa <strong>Romfilatelia<\/strong> v\u0103 dore\u0219te s\u0103 ave\u021bi parte de S\u0103rb\u0103tori Luminate, al\u0103turi de cei dragi!<\/p>\n<p><strong><em>Hristos a \u00cenviat!<\/em><\/strong><\/p>\n<p><strong><em>\u00a0<\/em><\/strong><em>Romfilatelia mul\u021bume\u0219te Preafericitului P\u0103rinte Patriarh Daniel, pentru binecuv\u00e2ntarea acordat\u0103 \u0219i Preacuvioasei stare\u021be a M\u0103n\u0103stirii Stavropoleos, Stavrofora Mihaela Luchian, pentru sprijinul dat la documentarea \u0219i realizarea acestei emisiuni de m\u0103rci po\u0219tale.<\/em><\/p>\n<p><a href=\"https:\/\/www.romfilatelia.ro\/wp-content\/uploads\/2024\/04\/caract_Sfintele-Pasti-2024-2-jpg.webp\"><img decoding=\"async\" loading=\"lazy\" class=\"aligncenter wp-image-2045204 size-full\" src=\"https:\/\/www.romfilatelia.ro\/wp-content\/uploads\/2024\/04\/caract_Sfintele-Pasti-2024-2-jpg.webp\" alt=\"\" width=\"1731\" height=\"1979\" \/><\/a><\/p>\n","protected":false},"excerpt":{"rendered":"<p>Cu ocazia celei mai mari s\u0103rb\u0103tori a cre\u0219tin\u0103t\u0103\u021bii, \u00cenvierea Domnului Iisus Hristos, Romfilatelia introduce \u00een circula\u021bie vineri, 5 aprilie a.c. emisiunea Sfintele Pa\u0219ti 2024, compus\u0103 din dou\u0103 m\u0103rci po\u0219tale, o coli\u021b\u0103 dantelat\u0103, un plic \u201eprima zi\u201d \u0219i un album filatelic special. \u201eS\u0103rb\u0103toarea s\u0103rb\u0103torilor\u201d aduce omenirii speran\u021ba m\u00e2ntuirii \u0219i a vie\u021bii ve\u0219nice, prin sacrificiul lui Iisus.&hellip;&nbsp;<a href=\"https:\/\/romfilatelia.ro\/magazin\/produs\/colectii-anuale\/2024\/sfintele-pasti-2024\/\" class=\"\" rel=\"bookmark\">Cite\u0219te mai mult &raquo;<span class=\"screen-reader-text\">SFINTELE PA\u0218TI 2024<\/span><\/a><\/p>\n","protected":false},"featured_media":2034130,"template":"","meta":{"neve_meta_sidebar":"","neve_meta_container":"","neve_meta_enable_content_width":"off","neve_meta_content_width":100,"neve_meta_title_alignment":"","neve_meta_author_avatar":"","neve_post_elements_order":"","neve_meta_disable_header":"","neve_meta_disable_footer":"","neve_meta_disable_title":""},"product_cat":[333,6],"product_tag":[],"_links":{"self":[{"href":"https:\/\/romfilatelia.ro\/magazin\/wp-json\/wp\/v2\/product\/2034129"}],"collection":[{"href":"https:\/\/romfilatelia.ro\/magazin\/wp-json\/wp\/v2\/product"}],"about":[{"href":"https:\/\/romfilatelia.ro\/magazin\/wp-json\/wp\/v2\/types\/product"}],"wp:featuredmedia":[{"embeddable":true,"href":"https:\/\/romfilatelia.ro\/magazin\/wp-json\/wp\/v2\/media\/2034130"}],"wp:attachment":[{"href":"https:\/\/romfilatelia.ro\/magazin\/wp-json\/wp\/v2\/media?parent=2034129"}],"wp:term":[{"taxonomy":"product_cat","embeddable":true,"href":"https:\/\/romfilatelia.ro\/magazin\/wp-json\/wp\/v2\/product_cat?post=2034129"},{"taxonomy":"product_tag","embeddable":true,"href":"https:\/\/romfilatelia.ro\/magazin\/wp-json\/wp\/v2\/product_tag?post=2034129"}],"curies":[{"name":"wp","href":"https:\/\/api.w.org\/{rel}","templated":true}]}}