{"id":2034056,"date":"2024-03-19T12:01:34","date_gmt":"2024-03-19T10:01:34","guid":{"rendered":"https:\/\/romfilatelia.ro\/magazin\/?post_type=product&#038;p=2034056"},"modified":"2024-03-19T12:01:34","modified_gmt":"2024-03-19T10:01:34","slug":"inovare-pasi-spre-viitor","status":"publish","type":"product","link":"https:\/\/romfilatelia.ro\/magazin\/produs\/colectii-anuale\/2024\/inovare-pasi-spre-viitor\/","title":{"rendered":"INOVARE, PA\u0218I SPRE VIITOR"},"content":{"rendered":"<p><strong><a href=\"https:\/\/www.romfilatelia.ro\/wp-content\/uploads\/2024\/03\/SITE_mc_Inovare-pasi-spre-viitor-jpg.webp\"><img decoding=\"async\" loading=\"lazy\" class=\"alignleft wp-image-2044970\" src=\"https:\/\/www.romfilatelia.ro\/wp-content\/uploads\/2024\/03\/SITE_mc_Inovare-pasi-spre-viitor-jpg.webp\" alt=\"\" width=\"500\" height=\"556\" \/><\/a>Romfilatelia<\/strong> introduce \u00een circula\u021bie <em>mar\u021bi, 19 martie a.c.<\/em> o emisiune cu un atribut de unicitate, care ilustreaz\u0103 \u00een imaginile m\u0103rcii po\u0219tale, coli\u021bei dantelate \u0219i plicului \u201eprima zi\u201d, \u201eo nou\u0103 lume a timbrelor\u201d \u00een care tradi\u021bionalul clasor este \u00eenlocuit de colec\u021bia digital\u0103.<\/p>\n<p>Titlul generic <strong><em>Inovare, pa\u0219i spre viitor<\/em><\/strong> define\u0219te o Inovare care deschide o nou\u0103 epoc\u0103 \u00een filatelie, imaginile timbrelor NFT, timbre po\u0219tale emise sub form\u0103 de tokenuri (jetoane simbol) non-fungibile (care nu pot fi \u00eenlocuite cu altele de acela\u0219i fel).<\/p>\n<p>Un NFT este un tip de activ digital care utilizeaz\u0103 tehnologia blockchain pentru a autentifica unicitatea \u0219i proprietatea unui element digital, cum ar fi o imagine, un fi\u0219ier audio sau orice alt con\u021binut digital. \u00cen cazul timbrelor NFT, acestea sunt versiuni digitale ale timbrelor po\u0219tale tradi\u021bionale. Ele sunt create \u0219i stocate pe blockchain, ceea ce le confer\u0103 propriet\u0103\u021bi de\u021binute \u0219i verificate digital. De obicei, aceste timbre NFT-uri pot fi colec\u021bionate, tranzac\u021bionate \u0219i comercializate pe pie\u021bele online dedicate pentru NFT-uri.<\/p>\n<p>Romfilatelia a lansat, \u00een data de 26 aprilie 2023, pe platforma guvernamental\u0103 a Institutului Na\u021bional de Cercetare-Dezvoltare \u00een Informatic\u0103 \u2013 ICI Bucure\u0219ti colec\u0163ia unic\u0103 de 15 NFT-uri intitulat\u0103 \u201eO Lume \u00eentr-un Timbru\u201d.<\/p>\n<p>Timbrele cu realitate augmentat\u0103 sunt timbre po\u0219tale tradi\u021bionale care, atunci c\u00e2nd sunt scanate folosind tehnologia realit\u0103\u021bii augmentate (RA) pe un dispozitiv mobil sau pe un computer, ofer\u0103 o experien\u021b\u0103 interactiv\u0103 suplimentar\u0103. Acest lucru se realizeaz\u0103 prin integrarea unui cod vizibil sau invizibil pe timbru care poate fi citit de dispozitivul care ruleaz\u0103 aplica\u021bia RA corespunz\u0103toare.<\/p>\n<p>Odat\u0103 ce timbrul este scanat, aplica\u021bia RA poate ad\u0103uga elemente suplimentare pe ecran, cum ar fi anima\u021bii 3D, videoclipuri, sunete sau informa\u021bii suplimentare despre subiectul timbrului. Aceste elemente adi\u021bionale pot oferi o experien\u021b\u0103 mai interactiv\u0103 \u0219i educativ\u0103 pentru colec\u021bionarii de timbre sau pentru cei interesa\u021bi de subiectul reprezentat de timbru.<\/p>\n<p>Aceast\u0103 tehnologie poate fi folosit\u0103 pentru a ad\u0103uga valoare colec\u021biilor de timbre, pentru a educa \u0219i a atrage mai mult aten\u021bia asupra subiectelor reprezentate pe timbre sau pentru a oferi o experien\u021b\u0103 de coresponden\u021b\u0103 mai interesant\u0103 \u0219i interactiv\u0103.<\/p>\n<p>Marca po\u0219tal\u0103 a emisiunii cu valoarea nominal\u0103 de <strong>13 lei<\/strong> reproduce un timbru tradi\u021bional recunoscut, <em>Cap de bour<\/em> transpus \u00eentr-o realitate virtual\u0103, ca \u00eentr-un portal. Pentru c\u0103 timbrul \u00eenseamn\u0103 \u0219i c\u0103l\u0103torie, s-a imaginat o poveste \u00een care apare un element comun &#8211; VR headset (caschet\u0103 virtual\u0103) &#8211; prin care sunt vizualizate, \u00een 3 D, timbrul tradi\u021bional transpus \u00een realitate augmentat\u0103.<\/p>\n<p>Timbrul \u00eenseamn\u0103 \u0219i imagina\u021bie, de aceea, viitorul poate semnifica \u0219i c\u0103l\u0103toria timbrului \u00een spa\u021biu, portaluri, colec\u021bionari virtuali. Dac\u0103 exist\u0103 plicuri \u201ezburate\u201d, viitorul poate aduce frumoase pove\u0219ti virtuale prin timbre.<\/p>\n<p>Grafica timbrului din coli\u021ba cu valoarea nominal\u0103 de <strong>33 lei<\/strong> \u0219i a plicului \u201eprima zi\u201d redau \u00eentocmai aceste idei.<\/p>\n<p>\u00cen cadrul parteneriatului existent, Romfilatelia \u0219i ICI Bucure\u0219ti, vor colabora pentru a inova lumea colec\u021bion\u0103rii de timbre prin NFT-uri, timbre \u00een realitate augmentate \u0219i crypto.<\/p>\n<p>ICI Bucure\u0219ti \u0219i Romfilatelia investigheaz\u0103 aspectele tehnologiilor Web3 cu utilitate, aplicate \u00een domeniul timbrelor cripto (crypto stamps) &#8211; obiecte colectabile fizice \u00eenso\u021bite de un echivalent digital (Digital Twins) sub form\u0103 de NFT-uri.<\/p>\n<p>\u00cen cadrul Conferin\u021bei din perioada 16-18 aprilie 2024, Romfilatelia \u0219i ICI Bucure\u0219ti vor promova at\u00e2t emisiunea de m\u0103rci po\u0219tale <strong><em>Inovare, pa\u0219i spre viitor<\/em><\/strong>, c\u00e2t \u0219i o colec\u021bie de NFT-uri dedicate.<\/p>\n<p>Romfilatelia reinventeaz\u0103 tradi\u021bia \u0219i \u00ee\u0219i aduce experien\u021ba pentru a p\u0103stra farmecul colec\u021bion\u0103rii, aduc\u00e2nd aceast\u0103 pasiune \u0219i \u00een era nativilor digitali.<\/p>\n<p><a href=\"https:\/\/www.romfilatelia.ro\/wp-content\/uploads\/2024\/03\/caract_Inovare-pasi-spre-viitor-jpg.webp\"><img decoding=\"async\" loading=\"lazy\" class=\"size-full wp-image-2044959 aligncenter\" src=\"https:\/\/www.romfilatelia.ro\/wp-content\/uploads\/2024\/03\/caract_Inovare-pasi-spre-viitor-jpg.webp\" alt=\"\" width=\"1714\" height=\"1098\" \/><\/a><\/p>\n","protected":false},"excerpt":{"rendered":"<p>Romfilatelia introduce \u00een circula\u021bie mar\u021bi, 19 martie a.c. o emisiune cu un atribut de unicitate, care ilustreaz\u0103 \u00een imaginile m\u0103rcii po\u0219tale, coli\u021bei dantelate \u0219i plicului \u201eprima zi\u201d, \u201eo nou\u0103 lume a timbrelor\u201d \u00een care tradi\u021bionalul clasor este \u00eenlocuit de colec\u021bia digital\u0103. Titlul generic Inovare, pa\u0219i spre viitor define\u0219te o Inovare care deschide o nou\u0103 epoc\u0103&hellip;&nbsp;<a href=\"https:\/\/romfilatelia.ro\/magazin\/produs\/colectii-anuale\/2024\/inovare-pasi-spre-viitor\/\" class=\"\" rel=\"bookmark\">Cite\u0219te mai mult &raquo;<span class=\"screen-reader-text\">INOVARE, PA\u0218I SPRE VIITOR<\/span><\/a><\/p>\n","protected":false},"featured_media":2034062,"template":"","meta":{"neve_meta_sidebar":"","neve_meta_container":"","neve_meta_enable_content_width":"off","neve_meta_content_width":100,"neve_meta_title_alignment":"","neve_meta_author_avatar":"","neve_post_elements_order":"","neve_meta_disable_header":"","neve_meta_disable_footer":"","neve_meta_disable_title":""},"product_cat":[333,6],"product_tag":[],"_links":{"self":[{"href":"https:\/\/romfilatelia.ro\/magazin\/wp-json\/wp\/v2\/product\/2034056"}],"collection":[{"href":"https:\/\/romfilatelia.ro\/magazin\/wp-json\/wp\/v2\/product"}],"about":[{"href":"https:\/\/romfilatelia.ro\/magazin\/wp-json\/wp\/v2\/types\/product"}],"wp:featuredmedia":[{"embeddable":true,"href":"https:\/\/romfilatelia.ro\/magazin\/wp-json\/wp\/v2\/media\/2034062"}],"wp:attachment":[{"href":"https:\/\/romfilatelia.ro\/magazin\/wp-json\/wp\/v2\/media?parent=2034056"}],"wp:term":[{"taxonomy":"product_cat","embeddable":true,"href":"https:\/\/romfilatelia.ro\/magazin\/wp-json\/wp\/v2\/product_cat?post=2034056"},{"taxonomy":"product_tag","embeddable":true,"href":"https:\/\/romfilatelia.ro\/magazin\/wp-json\/wp\/v2\/product_tag?post=2034056"}],"curies":[{"name":"wp","href":"https:\/\/api.w.org\/{rel}","templated":true}]}}