{"id":2034015,"date":"2024-03-12T09:39:43","date_gmt":"2024-03-12T07:39:43","guid":{"rendered":"https:\/\/romfilatelia.ro\/magazin\/?post_type=product&#038;p=2034015"},"modified":"2024-03-15T10:38:22","modified_gmt":"2024-03-15T08:38:22","slug":"coala-32-timbre-cu-tete-beche-100-de-ani-asociatia-generala-a-vanatorilor-si-pescarilor-sportivi-caini-de-vanatoare","status":"publish","type":"product","link":"https:\/\/romfilatelia.ro\/magazin\/produs\/set-coala-32-timbre\/coala-32-timbre-cu-tete-beche-100-de-ani-asociatia-generala-a-vanatorilor-si-pescarilor-sportivi-caini-de-vanatoare\/","title":{"rendered":"Coala 32 timbre cu tete beche 100 DE ANI ASOCIA\u021aIA GENERAL\u0102 A V\u00c2N\u0102TORILOR \u0218I PESCARILOR SPORTIVI. C\u00c2INI DE V\u00c2N\u0102TOARE"},"content":{"rendered":"","protected":false},"excerpt":{"rendered":"","protected":false},"featured_media":2034024,"template":"","meta":{"neve_meta_sidebar":"","neve_meta_container":"","neve_meta_enable_content_width":"off","neve_meta_content_width":100,"neve_meta_title_alignment":"","neve_meta_author_avatar":"","neve_post_elements_order":"","neve_meta_disable_header":"","neve_meta_disable_footer":"","neve_meta_disable_title":""},"product_cat":[334],"product_tag":[],"_links":{"self":[{"href":"https:\/\/romfilatelia.ro\/magazin\/wp-json\/wp\/v2\/product\/2034015"}],"collection":[{"href":"https:\/\/romfilatelia.ro\/magazin\/wp-json\/wp\/v2\/product"}],"about":[{"href":"https:\/\/romfilatelia.ro\/magazin\/wp-json\/wp\/v2\/types\/product"}],"wp:featuredmedia":[{"embeddable":true,"href":"https:\/\/romfilatelia.ro\/magazin\/wp-json\/wp\/v2\/media\/2034024"}],"wp:attachment":[{"href":"https:\/\/romfilatelia.ro\/magazin\/wp-json\/wp\/v2\/media?parent=2034015"}],"wp:term":[{"taxonomy":"product_cat","embeddable":true,"href":"https:\/\/romfilatelia.ro\/magazin\/wp-json\/wp\/v2\/product_cat?post=2034015"},{"taxonomy":"product_tag","embeddable":true,"href":"https:\/\/romfilatelia.ro\/magazin\/wp-json\/wp\/v2\/product_tag?post=2034015"}],"curies":[{"name":"wp","href":"https:\/\/api.w.org\/{rel}","templated":true}]}}