{"id":2034013,"date":"2024-03-12T09:44:35","date_gmt":"2024-03-12T07:44:35","guid":{"rendered":"https:\/\/romfilatelia.ro\/magazin\/?post_type=product&#038;p=2034013"},"modified":"2024-03-12T09:44:35","modified_gmt":"2024-03-12T07:44:35","slug":"100-de-ani-asociatia-generala-a-vanatorilor-si-pescarilor-sportivi-caini-de-vanatoare","status":"publish","type":"product","link":"https:\/\/romfilatelia.ro\/magazin\/produs\/colectii-anuale\/2024\/100-de-ani-asociatia-generala-a-vanatorilor-si-pescarilor-sportivi-caini-de-vanatoare\/","title":{"rendered":"100 DE ANI ASOCIA\u021aIA GENERAL\u0102 A V\u00c2N\u0102TORILOR \u0218I PESCARILOR SPORTIVI. C\u00c2INI DE V\u00c2N\u0102TOARE"},"content":{"rendered":"<p><strong><a href=\"https:\/\/www.romfilatelia.ro\/wp-content\/uploads\/2024\/03\/SITE_mc_AGVPS_Caini-de-vanatoare-jpg.webp\"><img decoding=\"async\" loading=\"lazy\" class=\"alignleft wp-image-2044940\" src=\"https:\/\/www.romfilatelia.ro\/wp-content\/uploads\/2024\/03\/SITE_mc_AGVPS_Caini-de-vanatoare-jpg.webp\" alt=\"\" width=\"500\" height=\"534\" \/><\/a>Romfilatelia<\/strong> abordeaz\u0103 tematica <em>V\u0103n\u0103toarea<\/em> \u00eentr-o nou\u0103 emisiune de m\u0103rci po\u0219tale cu subiectul generic <strong><em>100 de ani Asocia\u021bia General\u0103 a V\u00e2n\u0103torilor \u0219i Pescarilor Sportivi din Rom\u00e2nia. C\u00e2ini de v\u00e2n\u0103toare. <\/em><\/strong>Emisiunea, alc\u0103tuit\u0103 din 4 timbre, 1 coli\u021b\u0103 dantelat\u0103, 1 plic prima zi, un produs special \u00een tiraj limitat \u0219i un set de 4 c\u0103r\u021bi po\u0219tale maxime pentru pasiona\u021bii de maximafilie, va intra \u00een circula\u021bie <em>mar\u021bi, 12 martie a.c.<\/em><\/p>\n<p>V\u00e2n\u0103toarea este o activitate de interes na\u021bional \u0219i interna\u021bional, menit\u0103 s\u0103 men\u021bin\u0103 biodiversitatea \u0219i echilibrul \u00een natur\u0103 \u0219i s\u0103 exploateze durabil o resurs\u0103 natural\u0103 regenerabil\u0103, pe principii \u0219tiin\u021bifice \u0219i reglement\u0103ri legislative \u00een domeniul cinegetic. \u00cen Rom\u00e2nia, \u0219i ca reprezentant al \u021b\u0103rii la nivel mondial, partenerul competent de dialog \u00een probleme de v\u00e2n\u0103toare \u0219i pescuit recreativ este Asocia\u021bia General\u0103 a V\u00e2n\u0103torilor \u0219i Pescarilor Sportivi din Rom\u00e2nia.<\/p>\n<p>\u00cen anul 1870 s-a \u00eenregistrat o prim\u0103 societate de profil, urmat\u0103 de asocieri v\u00e2n\u0103tore\u0219ti la Sibiu, Bucure\u0219ti \u0219i Cern\u0103u\u021bi care, \u00een consens unanim, au fuzionat \u00eentr-o singur\u0103 \u0219i mare asociere, instituit\u0103 la 26 mai 1922 ca \u201eUniunea General\u0103 a V\u00e2n\u0103torilor din Rom\u00e2nia\u201d. Legea de recunoa\u0219tere a personalit\u0103\u021bii juridice a Uniunii, votat\u0103 la 5 martie 1923 \u00een Adunarea Deputa\u021bilor \u0219i la 8 martie 1923 \u00een Senat, a fost promulgat\u0103 la 29 martie 1923.<\/p>\n<p>Dup\u0103 schimb\u0103rile sociale politice \u0219i administrative ulterioare anului 1947 Uniunea s-a reorganizat, dup\u0103 anul 1953, activitatea desf\u0103\u0219ur\u00e2ndu-se sub denumirea Asocia\u021bia General\u0103 a V\u00e2n\u0103torilor \u0219i Pescarilor Sportivi din Rom\u00e2nia (A.G.V.P.S. din Rom\u00e2nia), cu filiale jude\u021bene, care, dup\u0103 anul 1990, \u0219i-au constituit personalitatea juridic\u0103. \u00cen prezent la A.G.V.P.S. este recunoscut\u0103 prin H.G. nr. 259\/2001 ca fiind de utilitate public\u0103, cu peste 140 de asocia\u021bii afiliate din Bucure\u0219ti \u0219i multe alte municipii \u0219i localit\u0103\u021bi. Peste 80% din num\u0103rul v\u00e2n\u0103torilor \u0219i pescarilor recreativi se reg\u0103sesc \u00een asocia\u021biile afiliate la A.G.V.P.S. La un secol de existen\u021b\u0103 a Institu\u021biei, le dorim un c\u0103lduros \u201eLa mul\u021bi ani!\u201d.<\/p>\n<p>Cum era \u0219i firesc, emisiunea filatelic\u0103 destinat\u0103 evenimentului a abordat o tem\u0103 \u00eendr\u0103git\u0103 de colec\u021bionari \u0219i de marele public: <strong><em>C\u00e2ini de v\u00e2n\u0103toare<\/em><\/strong><em>. <\/em><\/p>\n<p>Imaginile c\u00e2inilor prezenta\u021bi pe cele patru m\u0103rci po\u0219tale \u0219i pe marca po\u0219tal\u0103 a coli\u021bei filatelice apar\u021bin urm\u0103toarelor rase:<\/p>\n<p><strong><em>Setterii<\/em><\/strong><strong> &#8211; <\/strong>fac parte din grupul raselor britanice de mari pontatori, create \u00een special pentru v\u00e2narea p\u0103s\u0103rilor. Pe l\u00e2ng\u0103 aspectul deosebit de elegant, sunt renumi\u021bi pentru sim\u021bul mirosului deosebit de fin, cheta larg\u0103 (c\u0103utarea v\u00e2natului) \u00een vitez\u0103 mare, acoperind suprafe\u021be \u00eentinse de teren.<\/p>\n<p>Caracteristic robei setterilor este p\u0103rul lung, culoarea fiind specific\u0103 rasei. Pentru setterul englez, culorile pot fi: alb-negru (blue belton), alb-portocaliu (orange belton), alb-galben (lemon belton), sau alb, negru \u0219i portocaliu (tricolour). Culoarea robei setterului irlandez ro\u0219u este un amestec de ro\u0219u-acaju, \u00eenchis p\u00e2n\u0103 la nuan\u021ba mahonului; castaniu str\u0103lucitor.<\/p>\n<p>Pe timbrul cu valoarea nominal\u0103 de <strong>4,60 lei<\/strong> este redat un <strong><em>setter englez<\/em><\/strong> iar pe timbrul cu valoarea nominal\u0103 de <strong>5 lei<\/strong>, un <strong><em>setter irlandez ro\u0219u<\/em><\/strong>.<\/p>\n<p><strong><em>Copoiul ardelenesc<\/em><\/strong> este ilustrat pe timbrul cu valoarea nominal\u0103 de<strong> 2 lei<\/strong>.<\/p>\n<p>Copoii sunt printre cele mai vechi rase de c\u00e2ini folosi\u021bi la v\u00e2n\u0103toare, \u00eenc\u0103 \u00eenainte de perioada Evului Mediu, \u00een spa\u021biul euro-asiatic. Rasa de copoi ardelenesc a fost omologat\u0103 \u00een 1966, \u00een Ungaria. Copoiul ardelenesc este utilizat ast\u0103zi \u00een zonele \u00eemp\u0103durite, greu accesibile, singur sau \u00een hait\u0103, pentru c\u0103utarea, urm\u0103rirea \u0219i m\u00e2narea mistre\u021bilor spre v\u00e2n\u0103tor. Av\u00e2nd sim\u021bul mirosului bine dezvoltat, este folosit \u0219i la lucru pe urm\u0103, pentru recuperarea v\u00e2natului.<\/p>\n<p><strong><em>Teckelul s\u00e2rmos<\/em><\/strong> este redat pe timbrul cu valoarea nominal\u0103 de <strong>25 lei<\/strong>. Variet\u0103\u021bile de teckeli sunt originare din Germania, denumirea Dachshund (\u201ec\u00e2ine-bursuc\u201d) indic\u00e2nd f\u0103r\u0103 echivoc principala \u00eentrebuin\u021bare v\u00e2n\u0103toreasc\u0103 a acestei rase, adic\u0103 v\u00e2n\u0103toarea la vizuin\u0103 a vulpilor, bursucilor, dar \u0219i a mistre\u021bilor la goan\u0103 sau pentru pentru recuperarea v\u00e2natului.<\/p>\n<p>Teckelii se prezint\u0103 sub trei variet\u0103\u021bi: cu p\u0103rul lung, scurt sau s\u00e2rmos \u0219i c\u00e2te trei tipuri de talie: standard, mediu, \u0219i pitic. Cu toate c\u0103 are picioarele scurte comparativ cu lungimea corpului, este un c\u00e2ine foarte mobil \u015fi agil. Este \u0219i un excelent c\u00e2ine de companie, necesit\u00e2nd totu\u0219i mi\u0219care zilnic\u0103 \u00een aer liber.<\/p>\n<p>Marca po\u0219tal\u0103 a coli\u021bei filatelice, (valoare nominal\u0103 de <strong>33 lei<\/strong>) \u00eencadrat\u0103 \u00eentr-un fundal adecvat, ilustreaz\u0103 \u00eentr-o compozi\u021bie grafic\u0103<br \/>\nelemente-document \u0219i medalie tematic\u0103 care marcheaz\u0103 momentul aniversar al AGVPS.<\/p>\n<p><em>Romfilatelia mul\u021bume\u0219te reprezentan\u021bilor Asocia\u021biei Generale a V\u00e2n\u0103torilor \u0219i Pescarilor Sportivi din Rom\u00e2nia pentru sprijinul documentar acordat la realizarea acestei emisiuni de m\u0103rci po\u0219tale.<\/em><\/p>\n<p><a href=\"https:\/\/www.romfilatelia.ro\/wp-content\/uploads\/2024\/03\/caract_100-ani-Asoc-Gen-a-Vanatorilor-si-Pescarilor-Sportivi_Caini-de-vanatoare-jpg.webp\"><img decoding=\"async\" loading=\"lazy\" class=\"aligncenter wp-image-2044922 size-full\" src=\"https:\/\/www.romfilatelia.ro\/wp-content\/uploads\/2024\/03\/caract_100-ani-Asoc-Gen-a-Vanatorilor-si-Pescarilor-Sportivi_Caini-de-vanatoare-jpg.webp\" alt=\"\" width=\"1749\" height=\"1657\" \/><\/a><\/p>\n","protected":false},"excerpt":{"rendered":"<p>Romfilatelia abordeaz\u0103 tematica V\u0103n\u0103toarea \u00eentr-o nou\u0103 emisiune de m\u0103rci po\u0219tale cu subiectul generic 100 de ani Asocia\u021bia General\u0103 a V\u00e2n\u0103torilor \u0219i Pescarilor Sportivi din Rom\u00e2nia. C\u00e2ini de v\u00e2n\u0103toare. Emisiunea, alc\u0103tuit\u0103 din 4 timbre, 1 coli\u021b\u0103 dantelat\u0103, 1 plic prima zi, un produs special \u00een tiraj limitat \u0219i un set de 4 c\u0103r\u021bi po\u0219tale maxime pentru&hellip;&nbsp;<a href=\"https:\/\/romfilatelia.ro\/magazin\/produs\/colectii-anuale\/2024\/100-de-ani-asociatia-generala-a-vanatorilor-si-pescarilor-sportivi-caini-de-vanatoare\/\" class=\"\" rel=\"bookmark\">Cite\u0219te mai mult &raquo;<span class=\"screen-reader-text\">100 DE ANI ASOCIA\u021aIA GENERAL\u0102 A V\u00c2N\u0102TORILOR \u0218I PESCARILOR SPORTIVI. C\u00c2INI DE V\u00c2N\u0102TOARE<\/span><\/a><\/p>\n","protected":false},"featured_media":2034021,"template":"","meta":{"neve_meta_sidebar":"","neve_meta_container":"","neve_meta_enable_content_width":"off","neve_meta_content_width":100,"neve_meta_title_alignment":"","neve_meta_author_avatar":"","neve_post_elements_order":"","neve_meta_disable_header":"","neve_meta_disable_footer":"","neve_meta_disable_title":""},"product_cat":[333,6],"product_tag":[],"_links":{"self":[{"href":"https:\/\/romfilatelia.ro\/magazin\/wp-json\/wp\/v2\/product\/2034013"}],"collection":[{"href":"https:\/\/romfilatelia.ro\/magazin\/wp-json\/wp\/v2\/product"}],"about":[{"href":"https:\/\/romfilatelia.ro\/magazin\/wp-json\/wp\/v2\/types\/product"}],"wp:featuredmedia":[{"embeddable":true,"href":"https:\/\/romfilatelia.ro\/magazin\/wp-json\/wp\/v2\/media\/2034021"}],"wp:attachment":[{"href":"https:\/\/romfilatelia.ro\/magazin\/wp-json\/wp\/v2\/media?parent=2034013"}],"wp:term":[{"taxonomy":"product_cat","embeddable":true,"href":"https:\/\/romfilatelia.ro\/magazin\/wp-json\/wp\/v2\/product_cat?post=2034013"},{"taxonomy":"product_tag","embeddable":true,"href":"https:\/\/romfilatelia.ro\/magazin\/wp-json\/wp\/v2\/product_tag?post=2034013"}],"curies":[{"name":"wp","href":"https:\/\/api.w.org\/{rel}","templated":true}]}}