{"id":2033973,"date":"2024-02-29T11:35:19","date_gmt":"2024-02-29T09:35:19","guid":{"rendered":"https:\/\/romfilatelia.ro\/magazin\/?post_type=product&#038;p=2033973"},"modified":"2024-02-29T11:35:20","modified_gmt":"2024-02-29T09:35:20","slug":"ziua-martisorului","status":"publish","type":"product","link":"https:\/\/romfilatelia.ro\/magazin\/produs\/colectii-anuale\/2024\/ziua-martisorului\/","title":{"rendered":"ZIUA M\u0102R\u021aI\u0218ORULUI"},"content":{"rendered":"<p><a href=\"https:\/\/www.romfilatelia.ro\/wp-content\/uploads\/2024\/02\/SITE_mc_Ziua-martisorului-jpg.webp\"><img decoding=\"async\" loading=\"lazy\" class=\"alignleft wp-image-2044887\" src=\"https:\/\/www.romfilatelia.ro\/wp-content\/uploads\/2024\/02\/SITE_mc_Ziua-martisorului-jpg.webp\" alt=\"\" width=\"500\" height=\"603\" \/><\/a>\u00cen urm\u0103 cu 20 de ani, \u00een ziua de 1 Martie, de M\u0103r\u021bi\u0219or, se \u00eenfiin\u021ba <strong>Romfilatelia<\/strong>, unica societate desemnat\u0103 de Guvernul Rom\u00e2niei \u00een emiterea m\u0103rcilor po\u0219tale rom\u00e2ne\u0219ti.<\/p>\n<p>\u00cen acest an, \u00een ziua de <em>vineri, 1 Martie,<\/em> <strong>Romfilatelia<\/strong> va introduce \u00een circula\u021bie emisiunea de m\u0103rci po\u0219tale <strong><em>Ziua M\u0103r\u021bi\u0219orului<\/em><\/strong>, alc\u0103tuit\u0103 din 4 timbre (cu valorile nominale de <strong>4 lei, 5 lei, 6 lei<\/strong> \u0219i <strong>13 lei<\/strong>), 1 plic \u201eprima zi\u201d \u0219i un produs special \u00een tiraj limitat, inedite m\u0103r\u021bi\u0219oare filatelice pentru to\u021bi prietenii timbrului rom\u00e2nesc.<\/p>\n<p>Ca simbol al prim\u0103verii, m\u0103r\u021bi\u0219orul se prezint\u0103 ca un semn al revenirii la via\u021b\u0103 a naturii cu tot universul ei. Este oferit \u00een fiecare an pe data de 1 Martie, ca un talisman al pre\u021buirii, norocului \u0219i bun\u0103st\u0103rii. B\u0103rba\u021bii \u00eel d\u0103ruiesc doamnelor \u0219i domni\u0219oarelor \u00een semn de admira\u021bie \u0219i respect.<\/p>\n<p>O legend\u0103 explic\u0103 asocierea a dou\u0103 culori &#8211; albul pur cu ro\u0219u &#8211; \u00een \u00eempletirea \u0219nururilor m\u0103r\u021bi\u0219oarelor, pornind de la o \u00eent\u00e2mplare \u00een care un ghiocel, r\u0103s\u0103rit timpuriu, a fost surprins de vitregia vremii, cu ger \u0219i z\u0103pad\u0103. Z\u00e2na Prim\u0103verii, iubitoare \u0219i grijulie, a \u00eendep\u0103rtat z\u0103pada \u0219i l-a \u00eenc\u0103lzit \u00een m\u00e2inile ei dar s-a r\u0103nit la un deget \u0219i c\u00e2teva pic\u0103turi de s\u00e2nge au picat peste ghiocel \u0219i z\u0103pada din vecin\u0103tate. Ca prin minune, ghiocelul \u0219i-a revenit, iar iarna s-a declarat \u00eenvins\u0103.<\/p>\n<p>Ca prezen\u021b\u0103 vizibil\u0103, m\u0103r\u021bi\u0219orul este un mic obiect de podoab\u0103 legat cu \u0219nur \u00eempletit dintr-un fir alb \u0219i unul ro\u0219u, care apare \u00een tradi\u021bia rom\u00e2nilor \u0219i a unor \u021b\u0103ri \u00eenvecinate (vezi Republica Moldova, Bulgaria). \u00cempreun\u0103 cu m\u0103r\u021bi\u0219orul se ofer\u0103 flori timpurii de prim\u0103var\u0103, printre ele cea mai reprezentativ\u0103 fiind ghiocelul.<\/p>\n<p>\u00cen vremea c\u00e2nd m\u0103r\u021bi\u0219orul era prezent sub forma unei monede, de obicei, din argint, poetul George Co\u0219buc explica:<\/p>\n<p>,,Scopul purt\u0103rii lui este s\u0103-\u021bi apropii soarele, purt\u00e2ndu-i cu tine chipul. Printr-asta te faci prieten cu soarele&#8230; s\u0103-\u021bi dea ce-i st\u0103 \u00een putere, mai \u00eent\u00e2i frumuse\u021be, apoi veselie \u0219i s\u0103n\u0103tate, cinste, \u00een bine \u0219i cur\u0103\u021bie de suflet\u201d.<\/p>\n<p>\u00cen vremurile \u00een care tr\u0103im, valoarea m\u0103r\u021bi\u0219orului \u00eencepe s\u0103 fie dat\u0103 doar de crea\u021bia artistic\u0103. Se poate confec\u021biona din orice material \u0219i poate s\u0103 semnifice orice dore\u0219te artizanul s\u0103 transmit\u0103 ca mesaj perceptibil.<\/p>\n<p>Obiceiul de m\u0103r\u021bi\u0219or a fost inclus \u00een Lista Reprezentativ\u0103 a Patrimoniului Cultural Imaterial al Umanit\u0103\u0163ii UNESCO<br \/>\n\u00een anul 2017, ca ,,evenimente culturale asociate cu s\u0103rb\u0103torirea zilei de 1 martie\u201d, propunerea fiind f\u0103cut\u0103 \u00eentr-un dosar colectiv de c\u0103tre Bulgaria, Macedonia de Nord, Moldova \u0219i Rom\u00e2nia.<\/p>\n<p>Emisiunea de m\u0103rci po\u0219tale dedicat\u0103 ,,S\u0103rb\u0103toririi Prim\u0103verii\u201d prezint\u0103 patru imagini stilizate ale unor p\u0103s\u0103ri exotice, metamorfozate \u00een m\u0103r\u021bi\u0219oare. Elementele de simbol ata\u0219ate imaginii p\u0103s\u0103rilor cripteaz\u0103 mesaje care vor s\u0103 transmit\u0103 iubire, ur\u0103ri de s\u0103n\u0103tate \u0219i fericire, dragoste, noroc etc. \u0218nururile alb-ro\u0219u definesc cu claritate no\u021biunea de m\u0103r\u021bi\u0219or, amintind tuturor b\u0103rba\u021bilor momentul s\u0103rb\u0103toresc de a fi al\u0103turi de mamele, so\u021biile, prietenele \u0219i colegele lor, \u00een ziua de 1 martie, cu ,,un z\u00e2mbet, o floare\u201d \u0219i bine\u00een\u021beles, cu un m\u0103r\u021bi\u0219or tradi\u021bional.<\/p>\n<p>\u00cen prima zi a lunii martie, \u00eempreun\u0103 cu mesajul simbolului iubirii \u0219i devotamentului transmis prin m\u0103rcile po\u0219tale ale emisiunii introduse \u00een circula\u021bie, dorim s\u0103 al\u0103tur\u0103m ur\u0103rile:<\/p>\n<p><em>O prim\u0103var\u0103 frumoas\u0103, dragi prieteni ai timbrului rom\u00e2nesc!<\/em><\/p>\n<p><em>La mul\u021bi ani, Romfilatelia! <\/em><\/p>\n<p><a href=\"https:\/\/www.romfilatelia.ro\/wp-content\/uploads\/2024\/02\/caract_Ziua-martisorului-jpg.webp\"><img decoding=\"async\" loading=\"lazy\" class=\"aligncenter wp-image-2044874 size-full\" src=\"https:\/\/www.romfilatelia.ro\/wp-content\/uploads\/2024\/02\/caract_Ziua-martisorului-jpg.webp\" alt=\"\" width=\"1743\" height=\"1559\" \/><\/a><\/p>\n","protected":false},"excerpt":{"rendered":"<p>\u00cen urm\u0103 cu 20 de ani, \u00een ziua de 1 Martie, de M\u0103r\u021bi\u0219or, se \u00eenfiin\u021ba Romfilatelia, unica societate desemnat\u0103 de Guvernul Rom\u00e2niei \u00een emiterea m\u0103rcilor po\u0219tale rom\u00e2ne\u0219ti. \u00cen acest an, \u00een ziua de vineri, 1 Martie, Romfilatelia va introduce \u00een circula\u021bie emisiunea de m\u0103rci po\u0219tale Ziua M\u0103r\u021bi\u0219orului, alc\u0103tuit\u0103 din 4 timbre (cu valorile nominale de&hellip;&nbsp;<a href=\"https:\/\/romfilatelia.ro\/magazin\/produs\/colectii-anuale\/2024\/ziua-martisorului\/\" class=\"\" rel=\"bookmark\">Cite\u0219te mai mult &raquo;<span class=\"screen-reader-text\">ZIUA M\u0102R\u021aI\u0218ORULUI<\/span><\/a><\/p>\n","protected":false},"featured_media":2033974,"template":"","meta":{"neve_meta_sidebar":"","neve_meta_container":"","neve_meta_enable_content_width":"off","neve_meta_content_width":100,"neve_meta_title_alignment":"","neve_meta_author_avatar":"","neve_post_elements_order":"","neve_meta_disable_header":"","neve_meta_disable_footer":"","neve_meta_disable_title":""},"product_cat":[333,6],"product_tag":[],"_links":{"self":[{"href":"https:\/\/romfilatelia.ro\/magazin\/wp-json\/wp\/v2\/product\/2033973"}],"collection":[{"href":"https:\/\/romfilatelia.ro\/magazin\/wp-json\/wp\/v2\/product"}],"about":[{"href":"https:\/\/romfilatelia.ro\/magazin\/wp-json\/wp\/v2\/types\/product"}],"wp:featuredmedia":[{"embeddable":true,"href":"https:\/\/romfilatelia.ro\/magazin\/wp-json\/wp\/v2\/media\/2033974"}],"wp:attachment":[{"href":"https:\/\/romfilatelia.ro\/magazin\/wp-json\/wp\/v2\/media?parent=2033973"}],"wp:term":[{"taxonomy":"product_cat","embeddable":true,"href":"https:\/\/romfilatelia.ro\/magazin\/wp-json\/wp\/v2\/product_cat?post=2033973"},{"taxonomy":"product_tag","embeddable":true,"href":"https:\/\/romfilatelia.ro\/magazin\/wp-json\/wp\/v2\/product_tag?post=2033973"}],"curies":[{"name":"wp","href":"https:\/\/api.w.org\/{rel}","templated":true}]}}