{"id":2033942,"date":"2024-02-27T16:04:12","date_gmt":"2024-02-27T14:04:12","guid":{"rendered":"https:\/\/romfilatelia.ro\/magazin\/?post_type=product&#038;p=2033942"},"modified":"2024-02-27T16:09:29","modified_gmt":"2024-02-27T14:09:29","slug":"patrimoniu-cultural-buzau-palatul-comunal","status":"publish","type":"product","link":"https:\/\/romfilatelia.ro\/magazin\/produs\/colectii-anuale\/2024\/patrimoniu-cultural-buzau-palatul-comunal\/","title":{"rendered":"PATRIMONIU CULTURAL, BUZ\u0102U, PALATUL COMUNAL"},"content":{"rendered":"<p><strong><a href=\"https:\/\/www.romfilatelia.ro\/wp-content\/uploads\/2024\/02\/SITE_mc_Specii-disparute-din-Romania-1-jpg.webp\"><img decoding=\"async\" loading=\"lazy\" class=\"alignleft wp-image-2044848\" src=\"https:\/\/www.romfilatelia.ro\/wp-content\/uploads\/2024\/02\/SITE_mc_Specii-disparute-din-Romania-1-jpg.webp\" alt=\"\" width=\"500\" height=\"607\" \/><\/a>Romfilatelia<\/strong> introduce \u00een circula\u021bie <em>miercuri, 28 februarie a.c.<\/em>, emisiunea de m\u0103rci po\u0219tale <strong><em>Patrimoniu cultural, Buz\u0103u, Palatul Comunal<\/em><\/strong>, alc\u0103tuit\u0103 din 2 timbre \u0219i 1 plic \u201eprima zi\u201d, ce marcheaz\u0103 aniversarea a 120 de ani de la finalizarea construc\u021biei acestui emblematic edificiu rom\u00e2nesc.<\/p>\n<p>Istoria scris\u0103 a ora\u0219ului Buz\u0103u \u00eencepe odat\u0103 cu cea a \u021a\u0103rii Rom\u00e2ne\u0219ti, statutul s\u0103u de t\u00e2rg \u0219i punct de vam\u0103 fiind certificat de un document din timpul voevodului Dan al II-lea. R\u00e2ul Buz\u0103u, de la care a preluat numele, apare \u00eentr-o scriere din anul 376, sub numele de <em>Mousaios<\/em>. \u00cen evul mediu a existat \u0219i o cetate a Buz\u0103ului semnalat\u0103 \u00een unele texte str\u0103ine. Statutul s\u0103u de t\u00e2rg este atestat la anul 1431. A devenit mai apoi sediu episcopal ortodox la anul 1525.<\/p>\n<p>De-a lungul a trei secole (XVI-XIX), invaziile \u0219i dezastrele au condus la distrugeri \u0219i depopularea ora\u0219ului-t\u00e2rg. Lega\u021bi puternic de locul lor de ba\u0219tin\u0103, localnicii l-au reconstruit de fiecare dat\u0103.<\/p>\n<p>Secolul al XIX-lea inaugureaz\u0103 o perioad\u0103 de \u00eenflorire economic\u0103 \u0219i cultural\u0103 a Buz\u0103ului, \u00een care se \u00eenscrie \u0219i construirea <strong>Palatului Comunal<\/strong>, devenit cl\u0103dire-simbol a ora\u0219ului. Edificat \u00eentre 1899-1903, acesta a reprezentat cea mai impun\u0103toare construc\u021bie comunal\u0103 din Regatul Rom\u00e2niei, \u00een timpul Regelui Carol I.<\/p>\n<p>Cel care a dispus contruirea Palatului Comunal (sediu al Prim\u0103riei) a fost \u201ectitorul modern al Buz\u0103ului\u201d, primarul liberal Nicu I. Constantinescu. Proiectul de arhitectur\u0103 a fost elaborat de unul din \u00eentemeietorii \u0218colii de Arhitectur\u0103 din Bucure\u0219ti, arhitectul Alexandru S\u0103vulescu.<\/p>\n<p>Nicu I. Constantinescu, parlamentar \u00een mai multe legislaturi, a fost membru al Consiliului Comunal al ora\u0219ului \u00eencep\u00e2nd din anul 1876, iar din 1883 p\u00e2n\u0103 \u00een 1905 a de\u021binut func\u021bia de Primar al Buz\u0103ului.<\/p>\n<p>Frumoasa construc\u021bie a <strong>Palatului Comunal<\/strong> prezentat\u0103 \u00een imaginea m\u0103rcii po\u0219tale cu valoarea nominal\u0103 de <strong>4 Lei<\/strong>, reprezint\u0103 o crea\u021bie de referin\u021b\u0103 \u00een domeniu, combin\u00e2nd elemente rom\u00e2ne\u0219ti cu motive arhitecturale locale (reg\u0103site la casele boiere\u0219ti), la care se adaug\u0103 elementele decorative ce fac trimitere la vi\u021ba de vie (prezen\u021b\u0103 major\u0103 pe plaiurile buzoiene).<\/p>\n<p>\u00cen afara acestui monument arhitectural de o deosebit\u0103 valoare, numele lui Nicu I. Constantinescu este str\u00e2ns legat de sistematizarea ora\u0219ului (\u00een special modernizarea str\u0103zilor) \u0219i de construirea mai multor sedii pentru \u0219coli. Un edificiu de cultur\u0103 cu care buzoienii se m\u00e2ndresc este eviden\u021biat de cl\u0103direa Colegiului Na\u021bional \u201eBogdan Petriceicu Ha\u0219deu\u201d, edificat \u00een anul 1893.<\/p>\n<p>Dup\u0103 mai bine de un secol de existen\u021b\u0103 a <strong>Palatului Comunal,<\/strong> busturile apar\u021bin\u00e2nd lui Nicu I. Constantinescu<br \/>\ndin Bulevardul Nicolae B\u0103lcescu \u0219i respectiv de pe platforma sc\u0103rii principale a Palatului Comunal amintesc buzoienilor locul \u0219i rolul acestui primar \u00een istoria ora\u0219ului lor. O strad\u0103 \u00eei poart\u0103 numele, iar din anul 2016 Sala de Festivit\u0103\u021bi a Palatului Comunal (Prim\u0103ria Municipiului Buz\u0103u) este cunoscut\u0103 sub denumirea <strong>Sala I. Constantinescu<\/strong>.<\/p>\n<p>Marca po\u0219tal\u0103 cu valoarea nominal\u0103 de <strong>22 Lei<\/strong>, prezint\u0103 \u00een imaginea sa portretul lui Nicu I. Constantinescu asociat unui detaliu de arhitectur\u0103 a <strong>Palatului Comunal<\/strong>, obiectiv de valoare deosebit\u0103 a patrimoniului cultural \u0219i arhitectonic al Municipiului Buz\u0103u.<\/p>\n<p>Plicul \u201eprima zi\u201d \u00eenscrie \u00een grafica sa brandul ora\u0219ului Buz\u0103u (Buz\u0103u, ora\u0219 deschis), care a\u00a0 c\u00e2\u0219tigat \u00een anul 2021, la Londra, medalia de aur la un concurs \u00een care s-au \u00eenscris principalele ora\u0219e ale Europei, inclusiv Parisul \u0219i Londra.<\/p>\n<p><em>Romfilatelia mul\u021bume\u0219te reprezentan\u021bilor Prim\u0103riei Municipiului Buz\u0103u pentru sprijinul documentar acordat la realizarea acestei emisiuni de m\u0103rci po\u0219tale.<\/em><\/p>\n<p><a href=\"https:\/\/www.romfilatelia.ro\/wp-content\/uploads\/2024\/02\/caract_Patrimoniul-Cultural-Buzau-palatul-Comunal-jpg.webp\"><img decoding=\"async\" loading=\"lazy\" class=\"alignnone size-full wp-image-2044839\" src=\"https:\/\/www.romfilatelia.ro\/wp-content\/uploads\/2024\/02\/caract_Patrimoniul-Cultural-Buzau-palatul-Comunal-jpg.webp\" alt=\"\" width=\"1675\" height=\"1044\" \/><\/a><\/p>\n","protected":false},"excerpt":{"rendered":"<p>Romfilatelia introduce \u00een circula\u021bie miercuri, 28 februarie a.c., emisiunea de m\u0103rci po\u0219tale Patrimoniu cultural, Buz\u0103u, Palatul Comunal, alc\u0103tuit\u0103 din 2 timbre \u0219i 1 plic \u201eprima zi\u201d, ce marcheaz\u0103 aniversarea a 120 de ani de la finalizarea construc\u021biei acestui emblematic edificiu rom\u00e2nesc. Istoria scris\u0103 a ora\u0219ului Buz\u0103u \u00eencepe odat\u0103 cu cea a \u021a\u0103rii Rom\u00e2ne\u0219ti, statutul s\u0103u&hellip;&nbsp;<a href=\"https:\/\/romfilatelia.ro\/magazin\/produs\/colectii-anuale\/2024\/patrimoniu-cultural-buzau-palatul-comunal\/\" class=\"\" rel=\"bookmark\">Cite\u0219te mai mult &raquo;<span class=\"screen-reader-text\">PATRIMONIU CULTURAL, BUZ\u0102U, PALATUL COMUNAL<\/span><\/a><\/p>\n","protected":false},"featured_media":2033947,"template":"","meta":{"neve_meta_sidebar":"","neve_meta_container":"","neve_meta_enable_content_width":"off","neve_meta_content_width":100,"neve_meta_title_alignment":"","neve_meta_author_avatar":"","neve_post_elements_order":"","neve_meta_disable_header":"","neve_meta_disable_footer":"","neve_meta_disable_title":""},"product_cat":[333,6],"product_tag":[],"_links":{"self":[{"href":"https:\/\/romfilatelia.ro\/magazin\/wp-json\/wp\/v2\/product\/2033942"}],"collection":[{"href":"https:\/\/romfilatelia.ro\/magazin\/wp-json\/wp\/v2\/product"}],"about":[{"href":"https:\/\/romfilatelia.ro\/magazin\/wp-json\/wp\/v2\/types\/product"}],"wp:featuredmedia":[{"embeddable":true,"href":"https:\/\/romfilatelia.ro\/magazin\/wp-json\/wp\/v2\/media\/2033947"}],"wp:attachment":[{"href":"https:\/\/romfilatelia.ro\/magazin\/wp-json\/wp\/v2\/media?parent=2033942"}],"wp:term":[{"taxonomy":"product_cat","embeddable":true,"href":"https:\/\/romfilatelia.ro\/magazin\/wp-json\/wp\/v2\/product_cat?post=2033942"},{"taxonomy":"product_tag","embeddable":true,"href":"https:\/\/romfilatelia.ro\/magazin\/wp-json\/wp\/v2\/product_tag?post=2033942"}],"curies":[{"name":"wp","href":"https:\/\/api.w.org\/{rel}","templated":true}]}}