{"id":2033920,"date":"2024-02-26T11:41:52","date_gmt":"2024-02-26T09:41:52","guid":{"rendered":"https:\/\/romfilatelia.ro\/magazin\/?post_type=product&#038;p=2033920"},"modified":"2024-02-26T11:41:52","modified_gmt":"2024-02-26T09:41:52","slug":"anul-avram-iancu-200-de-ani-de-la-nastere","status":"publish","type":"product","link":"https:\/\/romfilatelia.ro\/magazin\/produs\/colectii-anuale\/2024\/anul-avram-iancu-200-de-ani-de-la-nastere\/","title":{"rendered":"ANUL AVRAM IANCU, 200 DE ANI DE LA NA\u0218TERE"},"content":{"rendered":"<p><a href=\"https:\/\/www.romfilatelia.ro\/wp-content\/uploads\/2024\/02\/SITE_mc_Anul-Avram-Iancu-200-ani-de-la-nastere-jpg.webp\"><img decoding=\"async\" loading=\"lazy\" class=\"alignleft wp-image-2044803\" src=\"https:\/\/www.romfilatelia.ro\/wp-content\/uploads\/2024\/02\/SITE_mc_Anul-Avram-Iancu-200-ani-de-la-nastere-jpg.webp\" alt=\"\" width=\"500\" height=\"387\" \/><\/a>Ca semn de omagiu \u0219i pre\u021buire pentru \u201ecr\u0103i\u0219orul mun\u021bilor\u201d, Parlamentul Rom\u00e2niei a adoptat legea nr. 223 din 2023 prin care se instituie anul 2024 ca \u201eAnul Avram Iancu\u201d, pentru aniversarea a <strong>200 de ani de la na\u015fterea revolu\u0163ionarului Avram Iancu<\/strong>.<\/p>\n<p>Pentru a marca acest eveniment istoric,<strong> Romfilatelia<\/strong> introduce \u00een circula\u021bie <em>mar\u021bi, 27 februarie a.c.<\/em> o emisiune aniversar\u0103 cu titlul generic <strong><em>Avram Iancu, 200 de ani de la na\u0219tere<\/em><\/strong><em>, <\/em>alc\u0103tuit\u0103 dintr-o marc\u0103 po\u0219tal\u0103 \u0219i o coli\u021b\u0103 dantelat\u0103, care au \u00eenscrise valorile nominale de <strong>13 lei<\/strong> \u0219i respectiv <strong>33 lei<\/strong>.<\/p>\n<p>Desenul reprodus pe marca po\u0219tal\u0103 a emisiunii reprezint\u0103 chipul lui Avram Iancu, \u00eentr-o concep\u021bie apar\u021bin\u00e2nd lui Octavian Beu. \u00cen grafica coli\u021bei, al\u0103turi de portretul, reprodus dup\u0103 o pictur\u0103 a lui Mi\u0219u Popp, marca po\u0219tal\u0103 asociaz\u0103 imaginea casei memoriale \u201eAvram Iancu\u201d cu un portret reprodus dup\u0103 o litografie a lui Ion Costande.<\/p>\n<p>Avram Iancu se individualizeaz\u0103 \u00een istoria Transilvaniei. La numai 24 de ani devenise, \u00een acceptul unanim al ardelenilor, \u201eCraiul mun\u021bilor\u201d. Cu el dialogau intelectuali precum Simion B\u0103rnu\u021biu, Gheorghe Bari\u021biu sau Alexandru Papiu Laurian, care \u00ee\u0219i f\u0103ceau cunoscut\u0103 speran\u021ba: \u201eAcest t\u00e2n\u0103r va duce na\u021biunea mai departe\u201d.<\/p>\n<p>Dup\u0103 ce satele din Mun\u021bii Apuseni au fost atacate, Avram Iancu a intervenit \u0219i a reu\u0219it ca din toamna anului 1848, p\u00e2n\u0103 \u00een anul 1849, s\u0103 fac\u0103 din \u021binutul Mun\u021bilor Apuseni o \u201e\u021aar\u0103 Rom\u00e2neasc\u0103\u201d. A organizat o rezisten\u021b\u0103 \u00eempotriva atacurilor maghiare, \u00eens\u0103 dup\u0103 interven\u021bia trupelor austriece \u0219i \u021bariste a fost nevoit s\u0103 cedeze.<\/p>\n<p>Dezam\u0103git, s-a retras \u00een lini\u0219tea mun\u021bilor ca un r\u0103t\u0103citor prin lume. \u0218i-a g\u0103sit ob\u0219tescul sf\u00e2r\u0219it la Baia de Cri\u0219. A fost \u00eenmorm\u00e2ntat cu funeralii na\u021bionale la 13 septembrie 1872 \u00een Panteonul Mo\u021bilor de la \u021aebea, l\u00e2ng\u0103 \u201eGorunul lui Horea\u201d. Sute de mo\u021bi au sosit c\u0103l\u0103ri, din Vidra de Sus (locul unde Avram Iancu v\u0103zuse lumina zilei), \u00eenc\u0103 din data de 11 septembrie pentru a-l priveghea. Publica\u021bia <em>Telegraful rom\u00e2n<\/em> prezenta textul: \u201eVia\u021ba lui \u00een totalitatea ei va r\u0103m\u00e2ne o oglind\u0103 sincer\u0103 a vie\u021bii noastre na\u021bionale\u201d.<\/p>\n<p>\u201eNumele lui Avram Iancu a devenit \u00een cur\u00e2nd un simbol puternic al libert\u0103\u021bii na\u021bionale, \u00eenc\u00e2t declararea sa oficial\u0103 drept <strong>Erou al Na\u021biunii Rom\u00e2ne<\/strong>, \u00een 17 noiembrie 2016, a reprezentat doar validarea unui adev\u0103r incontestabil\u201d spune Preafericirea Sa, Patriarhul Daniel.<\/p>\n<p><em>Romfilatelia mul\u021bume\u0219te reprezentan\u021bilor Bibliotecii Academiei Rom\u00e2ne, ai Muzeului Na\u021bional de Istorie a Rom\u00e2niei, ai Muzeului Na\u021bional al Unirii din Alba Iulia \u0219i ai Muzeului Civiliza\u021biei Dacice \u0219i Romane Deva, pentru sprijinul documentar acordat la realizarea acestei emisiuni de m\u0103rci po\u0219tale.<\/em><\/p>\n<p><a href=\"https:\/\/www.romfilatelia.ro\/wp-content\/uploads\/2024\/02\/caract_Anul-Avram-Iancu-200-ani-de-la-nastere-jpg.webp\"><img decoding=\"async\" loading=\"lazy\" class=\"aligncenter wp-image-2044775 size-full\" src=\"https:\/\/www.romfilatelia.ro\/wp-content\/uploads\/2024\/02\/caract_Anul-Avram-Iancu-200-ani-de-la-nastere-jpg.webp\" alt=\"\" width=\"1699\" height=\"1161\" \/><\/a><\/p>\n","protected":false},"excerpt":{"rendered":"<p>Ca semn de omagiu \u0219i pre\u021buire pentru \u201ecr\u0103i\u0219orul mun\u021bilor\u201d, Parlamentul Rom\u00e2niei a adoptat legea nr. 223 din 2023 prin care se instituie anul 2024 ca \u201eAnul Avram Iancu\u201d, pentru aniversarea a 200 de ani de la na\u015fterea revolu\u0163ionarului Avram Iancu. Pentru a marca acest eveniment istoric, Romfilatelia introduce \u00een circula\u021bie mar\u021bi, 27 februarie a.c. o&hellip;&nbsp;<a href=\"https:\/\/romfilatelia.ro\/magazin\/produs\/colectii-anuale\/2024\/anul-avram-iancu-200-de-ani-de-la-nastere\/\" class=\"\" rel=\"bookmark\">Cite\u0219te mai mult &raquo;<span class=\"screen-reader-text\">ANUL AVRAM IANCU, 200 DE ANI DE LA NA\u0218TERE<\/span><\/a><\/p>\n","protected":false},"featured_media":2033921,"template":"","meta":{"neve_meta_sidebar":"","neve_meta_container":"","neve_meta_enable_content_width":"off","neve_meta_content_width":100,"neve_meta_title_alignment":"","neve_meta_author_avatar":"","neve_post_elements_order":"","neve_meta_disable_header":"","neve_meta_disable_footer":"","neve_meta_disable_title":""},"product_cat":[333,6],"product_tag":[],"_links":{"self":[{"href":"https:\/\/romfilatelia.ro\/magazin\/wp-json\/wp\/v2\/product\/2033920"}],"collection":[{"href":"https:\/\/romfilatelia.ro\/magazin\/wp-json\/wp\/v2\/product"}],"about":[{"href":"https:\/\/romfilatelia.ro\/magazin\/wp-json\/wp\/v2\/types\/product"}],"wp:featuredmedia":[{"embeddable":true,"href":"https:\/\/romfilatelia.ro\/magazin\/wp-json\/wp\/v2\/media\/2033921"}],"wp:attachment":[{"href":"https:\/\/romfilatelia.ro\/magazin\/wp-json\/wp\/v2\/media?parent=2033920"}],"wp:term":[{"taxonomy":"product_cat","embeddable":true,"href":"https:\/\/romfilatelia.ro\/magazin\/wp-json\/wp\/v2\/product_cat?post=2033920"},{"taxonomy":"product_tag","embeddable":true,"href":"https:\/\/romfilatelia.ro\/magazin\/wp-json\/wp\/v2\/product_tag?post=2033920"}],"curies":[{"name":"wp","href":"https:\/\/api.w.org\/{rel}","templated":true}]}}