{"id":2033848,"date":"2024-02-14T12:36:41","date_gmt":"2024-02-14T10:36:41","guid":{"rendered":"https:\/\/romfilatelia.ro\/magazin\/?post_type=product&#038;p=2033848"},"modified":"2024-02-14T12:36:42","modified_gmt":"2024-02-14T10:36:42","slug":"orasele-romaniei-giurgiu","status":"publish","type":"product","link":"https:\/\/romfilatelia.ro\/magazin\/produs\/colectii-anuale\/2024\/orasele-romaniei-giurgiu\/","title":{"rendered":"ORA\u0218ELE ROM\u00c2NIEI, GIURGIU"},"content":{"rendered":"<p><a href=\"https:\/\/www.romfilatelia.ro\/wp-content\/uploads\/2024\/02\/SITE_mc_Orasele-Romaniei-Giurgiu-jpg.webp\"><img decoding=\"async\" loading=\"lazy\" class=\"alignleft wp-image-2044285\" src=\"https:\/\/www.romfilatelia.ro\/wp-content\/uploads\/2024\/02\/SITE_mc_Orasele-Romaniei-Giurgiu-jpg.webp\" alt=\"\" width=\"450\" height=\"543\" \/><\/a>Din dorin\u021ba de a ad\u0103uga la bogata colec\u021bie cu tematica <em>\u201eOra\u0219ele Rom\u00e2niei\u201d<\/em> noi m\u0103rci po\u0219tale,<strong> Romfilatelia<\/strong> introduce \u00een circula\u021bie o nou\u0103 emisiune av\u00e2nd ca subiect prezentarea unei cet\u0103\u021bi istorice, devenit\u0103 mai apoi ora\u0219ul Giurgiu.<\/p>\n<p>Sub titlul generic <strong><em>Ora\u0219ele Rom\u00e2niei, Giurgiu<\/em><\/strong>, emisiunea este compus\u0103 din patru m\u0103rci po\u0219tale, o coli\u021b\u0103 filatelic\u0103 dantelat\u0103 \u0219i un plic \u201eprima zi\u201d. Produsele emisiunii vor putea fi achizi\u021bionate din magazinele <strong>Romfilatelia<\/strong>, \u00eencep\u00e2nd cu data de <em>joi, 15 februarie a.c. <\/em><\/p>\n<p>Monumentele reprezentative apar\u021bin\u00e2nd ora\u0219ului Giurgiu, ale c\u0103ror imagini se reg\u0103sesc pe m\u0103rcile po\u0219tale ale emisiunii, sunt: <em>Ateneul <\/em><em>\u201e<\/em><em>Nicolae B\u0103l\u0103nescu\u201d, Gara fluvial\u0103, Colegiul Na\u021bional\u00a0 \u201eIon Maiorescu\u201d, Gara Giurgiu <\/em>\u0219i<em> Turnul cu ceas. <\/em><\/p>\n<p><strong><em>Ateneul <\/em><\/strong><strong><em>\u201e<\/em><\/strong><strong><em>Nicolae B\u0103l\u0103nescu\u201d<\/em><\/strong><em>, <\/em>imagine a m\u0103rcii po\u0219tale cu valoarea nominal\u0103 de <strong>4,60 lei<\/strong>, reprezint\u0103 un l\u0103ca\u0219 de cultur\u0103,\u00a0 construit \u00een anul 1940 din ini\u021biativa \u0219i cu sprijinul financiar al avocatului Nicolae B\u0103l\u0103nescu. Fa\u021bada inspirat\u0103 de modelul unui templu grecesc, ofer\u0103 un plus de pre\u021biozitate arhitectonic\u0103 pentru cl\u0103direa care ad\u0103poste\u0219te un spa\u021biu destinat activit\u0103\u021bilor culturale, care ofer\u0103 o sal\u0103 de spectacole cu peste 300 de locuri \u0219i o sal\u0103 de conferin\u021be cu 90 de locuri.<\/p>\n<p><strong><em>Gara fluvial\u0103<\/em><\/strong><em>, <\/em>imagine a m\u0103rcii po\u0219tale cu valoarea nominal\u0103 de <strong>5 lei<\/strong>, reprezint\u0103 o amenajare portuar\u0103 \u00eenceput\u0103 \u00eenc\u0103 din secolul al XVI-lea, fiin\u021b\u00e2nd\u00a0 ca un port destinat \u00een principal exportului de cereale \u00een Imperiul Austro-Ungar \u0219i Otoman. \u00cen anul 1870, odat\u0103 cu calea ferat\u0103, av\u00e2nd cap-terminus portul Giurgiu, se asigur\u0103 o leg\u0103tur\u0103 direct\u0103 cu capitala Bucure\u0219ti.<\/p>\n<p>Actuala Gar\u0103 fluvial\u0103 (Palatul Fluvial Ramadan) a fost construit\u0103 dup\u0103 proiectul arhitectului Petre Antonescu, c\u0103ruia \u00eei apar\u021bin \u0219i alte proiecte de construc\u021bii de interes public: Arcul de Triumf, actualul sediu al Prim\u0103riei Capitalei, Palatul Kretzulescu din Bucure\u015fti, Palatul Administrativ din Craiova etc.<\/p>\n<p><strong><em>Colegiul Na\u021bional \u201eIon Maiorescu\u201d<\/em><\/strong>, imagine a m\u0103rcii po\u0219tale cu valoarea nominal\u0103 de <strong>12 lei<\/strong>, prezint\u0103 fa\u021bada cl\u0103dirii celui mai vechi liceu din ora\u0219, institu\u021bie de \u00eenv\u0103\u021b\u0103m\u00e2nt ce poart\u0103 numele reformatorului \u0219i revolu\u021bionarului de la 1848. \u0218coala, \u00eenfiin\u021bat\u0103 \u00een anul 1869, a devenit liceu \u00een anul 1919. Ion Barbu (Dan Barbilian) a predat Matematica la acest liceu, iar dintre absolven\u021bi merit\u0103 men\u021biona\u021bi dirijorul George Georgescu, filosoful \u0219i istoricul Tudor Vianu, Nicolae Cartojan, pictorul Nicolae D\u0103r\u0103scu.<\/p>\n<p><strong><em>Gara Giurgiu<\/em><\/strong>, imagine a m\u0103rcii po\u0219tale cu valoarea nominal\u0103 de <strong>13 lei<\/strong>, a fost prima gar\u0103 rom\u00e2neasc\u0103 inaugurat\u0103 \u00een prezen\u021ba Principelui Carol I, la 7 septembrie 1869, marc\u00e2nd finalizarea unui proiect ini\u021biat \u00een anul 1865 de domnitorul Alexandru Ioan Cuza. Locomotiva \u201eC\u0103lug\u0103reni\u201d, folosit\u0103 la prima curs\u0103, r\u0103mas\u0103 \u00een exploatare p\u00e2n\u0103 \u00een anul 1900, se afl\u0103 la Muzeul C\u0103ilor Ferate din Bucure\u0219ti.<\/p>\n<p>De men\u021bionat faptul c\u0103 institu\u021bia de \u00eenv\u0103\u021b\u0103m\u00e2nt Colegiul Na\u021bional \u201eIon Maiorescu\u201d \u0219i Gara Giurgiu \u00eenscriu \u0219i un eveniment aniversar, 155 de ani de la inaugurare.<\/p>\n<p><strong><em>Turnul cu ceas<\/em><\/strong>, reprodus pe imaginea m\u0103rcii po\u0219tale a coli\u021bei filatelice dantelate (valoarea nominal\u0103 de <strong>33 lei<\/strong>) \u0219i pe plicul \u201eprima zi\u201d a emisiunii, reprezint\u0103 un simbol reg\u0103sit \u0219i pe stema ora\u0219ului. Aflat \u00een centrul ora\u0219ului Giurgiu, a fost construit din piatr\u0103, ca foi\u0219or de observare, de c\u0103tre turci, \u00een secolul al XVIII-lea. Modific\u0103rile efectuate dup\u0103 sf\u00e2r\u0219itul ocupa\u021biei otomane au ad\u0103ugat turnului \u0219i un ceasornic. Amplasamentul turnului reprezint\u0103 punctul principal \u00een jurul c\u0103ruia s-a construit cu timpul ora\u0219ul-port Giurgiu.<\/p>\n<p><em>Romfilatelia mul\u021bume\u0219te domnului Marius-Robert Cazanciuc, Vicepre\u0219edintele Senatului Rom\u00e2niei, reprezentan\u021bilor Episcopiei Giurgiului, ai C.N. Administra\u021bia Porturilor Dun\u0103rii Fluviale SA Giurgiu, ai Muzeului de Istorie \u201eTeohari Antonescu\u201d, doamnei profesor M\u0103d\u0103lina Laz\u0103r \u0219i fotografilor Andrei Sfetcu \u0219i Emil P\u0103l\u0103ngean, pentru colaborarea la realizarea acestei emisiuni de m\u0103rci po\u0219tale. <\/em><\/p>\n<p><a href=\"https:\/\/www.romfilatelia.ro\/wp-content\/uploads\/2024\/02\/caract_Orasele-Romaniei-Giurgiu-jpg.webp\"><img decoding=\"async\" loading=\"lazy\" class=\"alignnone size-full wp-image-2044286\" src=\"https:\/\/www.romfilatelia.ro\/wp-content\/uploads\/2024\/02\/caract_Orasele-Romaniei-Giurgiu-jpg.webp\" alt=\"\" width=\"1683\" height=\"1086\" \/><\/a><\/p>\n","protected":false},"excerpt":{"rendered":"<p>Din dorin\u021ba de a ad\u0103uga la bogata colec\u021bie cu tematica \u201eOra\u0219ele Rom\u00e2niei\u201d noi m\u0103rci po\u0219tale, Romfilatelia introduce \u00een circula\u021bie o nou\u0103 emisiune av\u00e2nd ca subiect prezentarea unei cet\u0103\u021bi istorice, devenit\u0103 mai apoi ora\u0219ul Giurgiu. Sub titlul generic Ora\u0219ele Rom\u00e2niei, Giurgiu, emisiunea este compus\u0103 din patru m\u0103rci po\u0219tale, o coli\u021b\u0103 filatelic\u0103 dantelat\u0103 \u0219i un plic \u201eprima&hellip;&nbsp;<a href=\"https:\/\/romfilatelia.ro\/magazin\/produs\/colectii-anuale\/2024\/orasele-romaniei-giurgiu\/\" class=\"\" rel=\"bookmark\">Cite\u0219te mai mult &raquo;<span class=\"screen-reader-text\">ORA\u0218ELE ROM\u00c2NIEI, GIURGIU<\/span><\/a><\/p>\n","protected":false},"featured_media":2033854,"template":"","meta":{"neve_meta_sidebar":"","neve_meta_container":"","neve_meta_enable_content_width":"off","neve_meta_content_width":100,"neve_meta_title_alignment":"","neve_meta_author_avatar":"","neve_post_elements_order":"","neve_meta_disable_header":"","neve_meta_disable_footer":"","neve_meta_disable_title":""},"product_cat":[333,6],"product_tag":[],"_links":{"self":[{"href":"https:\/\/romfilatelia.ro\/magazin\/wp-json\/wp\/v2\/product\/2033848"}],"collection":[{"href":"https:\/\/romfilatelia.ro\/magazin\/wp-json\/wp\/v2\/product"}],"about":[{"href":"https:\/\/romfilatelia.ro\/magazin\/wp-json\/wp\/v2\/types\/product"}],"wp:featuredmedia":[{"embeddable":true,"href":"https:\/\/romfilatelia.ro\/magazin\/wp-json\/wp\/v2\/media\/2033854"}],"wp:attachment":[{"href":"https:\/\/romfilatelia.ro\/magazin\/wp-json\/wp\/v2\/media?parent=2033848"}],"wp:term":[{"taxonomy":"product_cat","embeddable":true,"href":"https:\/\/romfilatelia.ro\/magazin\/wp-json\/wp\/v2\/product_cat?post=2033848"},{"taxonomy":"product_tag","embeddable":true,"href":"https:\/\/romfilatelia.ro\/magazin\/wp-json\/wp\/v2\/product_tag?post=2033848"}],"curies":[{"name":"wp","href":"https:\/\/api.w.org\/{rel}","templated":true}]}}